{"id":2275,"date":"2023-08-25T12:47:12","date_gmt":"2023-08-25T10:47:12","guid":{"rendered":"http:\/\/2024.nord-bb.de\/?page_id=2275"},"modified":"2024-10-02T13:41:59","modified_gmt":"2024-10-02T11:41:59","slug":"brunnenbau-dradenau","status":"publish","type":"page","link":"https:\/\/nord-bb.de\/de\/leistungen\/we-drill\/projekte-brunnenbaubrunnenbohrung\/brunnenbau-dradenau\/","title":{"rendered":"Brunnenbau Speyer"},"content":{"rendered":"\t\t<div data-elementor-type=\"wp-page\" data-elementor-id=\"2275\" class=\"elementor elementor-2275\" data-elementor-post-type=\"page\">\n\t\t\t\t<div class=\"elementor-element elementor-element-e7e485e e-flex e-con-boxed e-con e-parent\" data-id=\"e7e485e\" data-element_type=\"container\" data-e-type=\"container\">\n\t\t\t\t\t<div class=\"e-con-inner\">\n\t\t<div class=\"elementor-element elementor-element-54fce09 e-con-full e-flex e-con e-child\" data-id=\"54fce09\" data-element_type=\"container\" data-e-type=\"container\">\n\t\t\t\t<div class=\"elementor-element elementor-element-9bb7496 elementor-widget__width-initial elementor-widget-mobile__width-inherit elementor-widget elementor-widget-image\" data-id=\"9bb7496\" data-element_type=\"widget\" data-e-type=\"widget\" data-widget_type=\"image.default\">\n\t\t\t\t<div class=\"elementor-widget-container\">\n\t\t\t\t\t\t\t\t\t\t\t\t\t\t\t\t<a href=\"https:\/\/nord-bb.de\/leistungen\/we-drill\/projekte-brunnenbaubrunnenbohrung\/\">\n\t\t\t\t\t\t\t<img fetchpriority=\"high\" decoding=\"async\" width=\"990\" height=\"1771\" src=\"https:\/\/nord-bb.de\/wp-content\/uploads\/2023\/09\/Brunnenbau-Speyer.jpg\" class=\"attachment-full size-full wp-image-2740\" alt=\"\" srcset=\"https:\/\/nord-bb.de\/wp-content\/uploads\/2023\/09\/Brunnenbau-Speyer.jpg 990w, https:\/\/nord-bb.de\/wp-content\/uploads\/2023\/09\/Brunnenbau-Speyer-168x300.jpg 168w, https:\/\/nord-bb.de\/wp-content\/uploads\/2023\/09\/Brunnenbau-Speyer-572x1024.jpg 572w, https:\/\/nord-bb.de\/wp-content\/uploads\/2023\/09\/Brunnenbau-Speyer-768x1374.jpg 768w, https:\/\/nord-bb.de\/wp-content\/uploads\/2023\/09\/Brunnenbau-Speyer-859x1536.jpg 859w, https:\/\/nord-bb.de\/wp-content\/uploads\/2023\/09\/Brunnenbau-Speyer-7x12.jpg 7w\" sizes=\"(max-width: 990px) 100vw, 990px\" \/>\t\t\t\t\t\t\t\t<\/a>\n\t\t\t\t\t\t\t\t\t\t\t\t\t\t\t<\/div>\n\t\t\t\t<\/div>\n\t\t<div class=\"elementor-element elementor-element-73baed2 e-con-full e-flex e-con e-child\" data-id=\"73baed2\" data-element_type=\"container\" data-e-type=\"container\">\n\t\t<div class=\"elementor-element elementor-element-92bc8af e-con-full e-flex e-con e-child\" data-id=\"92bc8af\" data-element_type=\"container\" data-e-type=\"container\">\n\t\t<div class=\"elementor-element elementor-element-a9a3799 e-con-full e-flex e-con e-child\" data-id=\"a9a3799\" data-element_type=\"container\" data-e-type=\"container\">\n\t\t\t\t<div class=\"elementor-element elementor-element-68892d8 elementor-widget__width-auto elementor-widget elementor-widget-heading\" data-id=\"68892d8\" data-element_type=\"widget\" data-e-type=\"widget\" data-widget_type=\"heading.default\">\n\t\t\t\t<div class=\"elementor-widget-container\">\n\t\t\t\t\t<h2 class=\"elementor-heading-title elementor-size-default\">Speyer | Brunnen TB7<\/h2>\t\t\t\t<\/div>\n\t\t\t\t<\/div>\n\t\t\t\t<div class=\"elementor-element elementor-element-a5db1b0 elementor-widget elementor-widget-text-editor\" data-id=\"a5db1b0\" data-element_type=\"widget\" data-e-type=\"widget\" data-widget_type=\"text-editor.default\">\n\t\t\t\t<div class=\"elementor-widget-container\">\n\t\t\t\t\t\t\t\t\t<p><strong>Bauherr:<\/strong> Stadtwerke Speyer GmbH<\/p><p><strong>Ort:<\/strong> Speyer<\/p><p><strong>Gebirgsformation:<\/strong>Lockerformation<\/p><p><strong>Bohrverfahren: <\/strong>Lufthebebohrung<\/p><p>Anzahl Bohrungen: 1<\/p><p>Bohrtiefe in m: 138<\/p><p>Bohrmeter gesamt: 138<\/p><p>Bohr-\u00d8 in mm: 1200\/1100\/760<\/p><p>Ausbaudaten: 813\/St.\/DN 400\/K\/VA doppelte Kiessch\u00fcttung<\/p><p>Zweck der Bohrung:<\/p><div class=\"page\" title=\"Page 1\"><div class=\"layoutArea\"><div class=\"column\"><p>Kampfmittelerkundung, Erkundungsbohrung mit Kerngewinnung, teufengerechte Verf\u00fcllung mit Tonpellets und Filterkies, Niederbringung Brunnenbohrung TB 7, Sch\u00fctten der Fundamentplatte f.Br.Haus, Einbau der F\u00f6rderanlage mit Armaturen.<\/p><\/div><\/div><\/div><div class=\"page\" title=\"Page 1\"><div class=\"layoutArea\"><div class=\"column\"><p>Nach Abteufen der Erkundungsbohrung mit durchgehender Kerngewinnung u.teufengerechter R\u00fcckverf\u00fcllung mit Tonpellets u.Filterkies wurde die Brunnenbohrung TB 7 als Lufthebebohrung niedergebracht. Die Bohrung wurde bis 60 munter GOK mit 1200 mm \u00d8 abgeteuft,mit Stahlrohren 813 x 10 mm verbaut u.der Ringraum mit einer Tonmehl-Zement-Suspension verpresst. Anschlie\u00dfend wurde die Bohrung bis zur Endteufe von 138 m mit 760 mm \u00d8 vertieft, auf 1100 mm \u00d8 aufgebohrt u.mit Filter-u.Vollrohren aus Edelstahl sowie ab 76 m bis GOK mit Vollrohren aus PVC\/Noresta u.zwei Peilfiltern DN 65\/Norip in unterschiedlichen Tiefen ausgebaut. Nach Einbringen des Filterkieses u. Durchf\u00fchrung des Entsandungs-u.Leistungspumpversuches wurde die Armaturenstrecke aufgebaut unddie Bodenplatte betoniert. Der Brunnenkopf wurde auf das 813&#215;10 mm Sperrohr aufgeschwei\u00dft. Die Schwei\u00dfnaht wurde anschlie\u00dfend ger\u00f6ntgt.<\/p><\/div><\/div><\/div>\t\t\t\t\t\t\t\t<\/div>\n\t\t\t\t<\/div>\n\t\t\t\t<\/div>\n\t\t\t\t<div class=\"elementor-element elementor-element-1317229 elementor-widget elementor-widget-image\" data-id=\"1317229\" data-element_type=\"widget\" data-e-type=\"widget\" data-widget_type=\"image.default\">\n\t\t\t\t<div class=\"elementor-widget-container\">\n\t\t\t\t\t\t\t\t\t\t\t\t\t\t\t\t<a href=\"https:\/\/nord-bb.de\/wp-content\/uploads\/2024\/09\/Speyer-AB-TB-7-N-Bohrprofil-Schlagzahlen-Verf\ufffdllung-A3H.jpg\" target=\"_blank\">\n\t\t\t\t\t\t\t<img decoding=\"async\" src=\"https:\/\/nord-bb.de\/wp-content\/uploads\/elementor\/thumbs\/Speyer-AB-TB-7-N-Bohrprofil-Schlagzahlen-Verf\ufffdllung-A3H-qvjz6rfiswa3agw91xti7lajtnirrrurnwzxaqzy5o.jpg\" title=\"Speyer AB TB 7-N Bohrprofil Schlagzahlen Verf\ufffdllung A3H\" alt=\"Speyer AB TB 7-N Bohrprofil Schlagzahlen Verf\ufffdllung A3H\" loading=\"lazy\" \/>\t\t\t\t\t\t\t\t<\/a>\n\t\t\t\t\t\t\t\t\t\t\t\t\t\t\t<\/div>\n\t\t\t\t<\/div>\n\t\t\t\t<\/div>\n\t\t\t\t<\/div>\n\t\t\t\t<\/div>\n\t\t\t\t\t<\/div>\n\t\t\t\t<\/div>\n\t\t\t\t<\/div>\n\t\t","protected":false},"excerpt":{"rendered":"<p>Speyer | Brunnen TB7 Bauherr: Stadtwerke Speyer GmbH Ort: Speyer Gebirgsformation:Lockerformation Bohrverfahren: Lufthebebohrung Anzahl Bohrungen: 1 Bohrtiefe in m: 138 Bohrmeter gesamt: 138 Bohr-\u00d8 in mm: 1200\/1100\/760 Ausbaudaten: 813\/St.\/DN 400\/K\/VA doppelte Kiessch\u00fcttung Zweck der Bohrung: Kampfmittelerkundung, Erkundungsbohrung mit Kerngewinnung, teufengerechte Verf\u00fcllung mit Tonpellets und Filterkies, Niederbringung Brunnenbohrung TB 7, Sch\u00fctten der Fundamentplatte f.Br.Haus, Einbau der [&hellip;]<\/p>\n","protected":false},"author":2,"featured_media":0,"parent":2233,"menu_order":0,"comment_status":"closed","ping_status":"closed","template":"elementor_header_footer","meta":{"footnotes":"","_links_to":"","_links_to_target":""},"class_list":["post-2275","page","type-page","status-publish","hentry"],"yoast_head":"<!-- This site is optimized with the Yoast SEO plugin v27.5 - https:\/\/yoast.com\/product\/yoast-seo-wordpress\/ -->\n<title>Brunnenbau Speyer - NORD Bohr und Brunnenbau GmbH<\/title>\n<meta name=\"robots\" content=\"index, follow, max-snippet:-1, max-image-preview:large, max-video-preview:-1\" \/>\n<link rel=\"canonical\" href=\"https:\/\/nord-bb.de\/de\/leistungen\/we-drill\/projekte-brunnenbaubrunnenbohrung\/brunnenbau-dradenau\/\" \/>\n<meta property=\"og:locale\" content=\"de_DE\" \/>\n<meta property=\"og:type\" content=\"article\" \/>\n<meta property=\"og:title\" content=\"Brunnenbau Speyer - NORD Bohr und Brunnenbau GmbH\" \/>\n<meta property=\"og:description\" content=\"Speyer | Brunnen TB7 Bauherr: Stadtwerke Speyer GmbH Ort: Speyer Gebirgsformation:Lockerformation Bohrverfahren: Lufthebebohrung Anzahl Bohrungen: 1 Bohrtiefe in m: 138 Bohrmeter gesamt: 138 Bohr-\u00d8 in mm: 1200\/1100\/760 Ausbaudaten: 813\/St.\/DN 400\/K\/VA doppelte Kiessch\u00fcttung Zweck der Bohrung: Kampfmittelerkundung, Erkundungsbohrung mit Kerngewinnung, teufengerechte Verf\u00fcllung mit Tonpellets und Filterkies, Niederbringung Brunnenbohrung TB 7, Sch\u00fctten der Fundamentplatte f.Br.Haus, Einbau der [&hellip;]\" \/>\n<meta property=\"og:url\" content=\"https:\/\/nord-bb.de\/de\/leistungen\/we-drill\/projekte-brunnenbaubrunnenbohrung\/brunnenbau-dradenau\/\" \/>\n<meta property=\"og:site_name\" content=\"NORD Bohr und Brunnenbau GmbH\" \/>\n<meta property=\"article:modified_time\" content=\"2024-10-02T11:41:59+00:00\" \/>\n<meta property=\"og:image\" content=\"https:\/\/nord-bb.de\/wp-content\/uploads\/2023\/09\/Brunnenbau-Speyer.jpg\" \/>\n<meta name=\"twitter:card\" content=\"summary_large_image\" \/>\n<meta name=\"twitter:label1\" content=\"Gesch\u00e4tzte Lesezeit\" \/>\n\t<meta name=\"twitter:data1\" content=\"2\u00a0Minuten\" \/>\n<script type=\"application\/ld+json\" class=\"yoast-schema-graph\">{\"@context\":\"https:\\\/\\\/schema.org\",\"@graph\":[{\"@type\":\"WebPage\",\"@id\":\"https:\\\/\\\/nord-bb.de\\\/leistungen\\\/we-drill\\\/projekte-brunnenbaubrunnenbohrung\\\/brunnenbau-dradenau\\\/\",\"url\":\"https:\\\/\\\/nord-bb.de\\\/leistungen\\\/we-drill\\\/projekte-brunnenbaubrunnenbohrung\\\/brunnenbau-dradenau\\\/\",\"name\":\"Brunnenbau Speyer - NORD Bohr und Brunnenbau GmbH\",\"isPartOf\":{\"@id\":\"https:\\\/\\\/nord-bb.de\\\/de\\\/#website\"},\"primaryImageOfPage\":{\"@id\":\"https:\\\/\\\/nord-bb.de\\\/leistungen\\\/we-drill\\\/projekte-brunnenbaubrunnenbohrung\\\/brunnenbau-dradenau\\\/#primaryimage\"},\"image\":{\"@id\":\"https:\\\/\\\/nord-bb.de\\\/leistungen\\\/we-drill\\\/projekte-brunnenbaubrunnenbohrung\\\/brunnenbau-dradenau\\\/#primaryimage\"},\"thumbnailUrl\":\"https:\\\/\\\/nord-bb.de\\\/wp-content\\\/uploads\\\/2023\\\/09\\\/Brunnenbau-Speyer.jpg\",\"datePublished\":\"2023-08-25T10:47:12+00:00\",\"dateModified\":\"2024-10-02T11:41:59+00:00\",\"breadcrumb\":{\"@id\":\"https:\\\/\\\/nord-bb.de\\\/leistungen\\\/we-drill\\\/projekte-brunnenbaubrunnenbohrung\\\/brunnenbau-dradenau\\\/#breadcrumb\"},\"inLanguage\":\"de\",\"potentialAction\":[{\"@type\":\"ReadAction\",\"target\":[\"https:\\\/\\\/nord-bb.de\\\/leistungen\\\/we-drill\\\/projekte-brunnenbaubrunnenbohrung\\\/brunnenbau-dradenau\\\/\"]}]},{\"@type\":\"ImageObject\",\"inLanguage\":\"de\",\"@id\":\"https:\\\/\\\/nord-bb.de\\\/leistungen\\\/we-drill\\\/projekte-brunnenbaubrunnenbohrung\\\/brunnenbau-dradenau\\\/#primaryimage\",\"url\":\"https:\\\/\\\/nord-bb.de\\\/wp-content\\\/uploads\\\/2023\\\/09\\\/Brunnenbau-Speyer.jpg\",\"contentUrl\":\"https:\\\/\\\/nord-bb.de\\\/wp-content\\\/uploads\\\/2023\\\/09\\\/Brunnenbau-Speyer.jpg\"},{\"@type\":\"BreadcrumbList\",\"@id\":\"https:\\\/\\\/nord-bb.de\\\/leistungen\\\/we-drill\\\/projekte-brunnenbaubrunnenbohrung\\\/brunnenbau-dradenau\\\/#breadcrumb\",\"itemListElement\":[{\"@type\":\"ListItem\",\"position\":1,\"name\":\"Startseite\",\"item\":\"https:\\\/\\\/nord-bb.de\\\/\"},{\"@type\":\"ListItem\",\"position\":2,\"name\":\"Leistungen\",\"item\":\"https:\\\/\\\/nord-bb.de\\\/leistungen\\\/\"},{\"@type\":\"ListItem\",\"position\":3,\"name\":\"WE DRILL.\",\"item\":\"https:\\\/\\\/nord-bb.de\\\/leistungen\\\/we-drill\\\/\"},{\"@type\":\"ListItem\",\"position\":4,\"name\":\"Projekte Brunnenbau+Brunnenbohrung\",\"item\":\"https:\\\/\\\/nord-bb.de\\\/leistungen\\\/we-drill\\\/projekte-brunnenbaubrunnenbohrung\\\/\"},{\"@type\":\"ListItem\",\"position\":5,\"name\":\"Brunnenbau Speyer\"}]},{\"@type\":\"WebSite\",\"@id\":\"https:\\\/\\\/nord-bb.de\\\/de\\\/#website\",\"url\":\"https:\\\/\\\/nord-bb.de\\\/de\\\/\",\"name\":\"NORD Bohr und Brunnenbau GmbH\",\"description\":\"Die Spezialisten f\u00fcr Bohr- und Brunnenbau-Technologien\",\"potentialAction\":[{\"@type\":\"SearchAction\",\"target\":{\"@type\":\"EntryPoint\",\"urlTemplate\":\"https:\\\/\\\/nord-bb.de\\\/de\\\/?s={search_term_string}\"},\"query-input\":{\"@type\":\"PropertyValueSpecification\",\"valueRequired\":true,\"valueName\":\"search_term_string\"}}],\"inLanguage\":\"de\"}]}<\/script>\n<!-- \/ Yoast SEO plugin. -->","yoast_head_json":{"title":"Brunnenbau Speyer - NORD Bohr und Brunnenbau GmbH","robots":{"index":"index","follow":"follow","max-snippet":"max-snippet:-1","max-image-preview":"max-image-preview:large","max-video-preview":"max-video-preview:-1"},"canonical":"https:\/\/nord-bb.de\/de\/leistungen\/we-drill\/projekte-brunnenbaubrunnenbohrung\/brunnenbau-dradenau\/","og_locale":"de_DE","og_type":"article","og_title":"Brunnenbau Speyer - NORD Bohr und Brunnenbau GmbH","og_description":"Speyer | Brunnen TB7 Bauherr: Stadtwerke Speyer GmbH Ort: Speyer Gebirgsformation:Lockerformation Bohrverfahren: Lufthebebohrung Anzahl Bohrungen: 1 Bohrtiefe in m: 138 Bohrmeter gesamt: 138 Bohr-\u00d8 in mm: 1200\/1100\/760 Ausbaudaten: 813\/St.\/DN 400\/K\/VA doppelte Kiessch\u00fcttung Zweck der Bohrung: Kampfmittelerkundung, Erkundungsbohrung mit Kerngewinnung, teufengerechte Verf\u00fcllung mit Tonpellets und Filterkies, Niederbringung Brunnenbohrung TB 7, Sch\u00fctten der Fundamentplatte f.Br.Haus, Einbau der [&hellip;]","og_url":"https:\/\/nord-bb.de\/de\/leistungen\/we-drill\/projekte-brunnenbaubrunnenbohrung\/brunnenbau-dradenau\/","og_site_name":"NORD Bohr und Brunnenbau GmbH","article_modified_time":"2024-10-02T11:41:59+00:00","og_image":[{"url":"https:\/\/nord-bb.de\/wp-content\/uploads\/2023\/09\/Brunnenbau-Speyer.jpg","type":"","width":"","height":""}],"twitter_card":"summary_large_image","twitter_misc":{"Gesch\u00e4tzte Lesezeit":"2\u00a0Minuten"},"schema":{"@context":"https:\/\/schema.org","@graph":[{"@type":"WebPage","@id":"https:\/\/nord-bb.de\/leistungen\/we-drill\/projekte-brunnenbaubrunnenbohrung\/brunnenbau-dradenau\/","url":"https:\/\/nord-bb.de\/leistungen\/we-drill\/projekte-brunnenbaubrunnenbohrung\/brunnenbau-dradenau\/","name":"Brunnenbau Speyer - NORD Bohr und Brunnenbau GmbH","isPartOf":{"@id":"https:\/\/nord-bb.de\/de\/#website"},"primaryImageOfPage":{"@id":"https:\/\/nord-bb.de\/leistungen\/we-drill\/projekte-brunnenbaubrunnenbohrung\/brunnenbau-dradenau\/#primaryimage"},"image":{"@id":"https:\/\/nord-bb.de\/leistungen\/we-drill\/projekte-brunnenbaubrunnenbohrung\/brunnenbau-dradenau\/#primaryimage"},"thumbnailUrl":"https:\/\/nord-bb.de\/wp-content\/uploads\/2023\/09\/Brunnenbau-Speyer.jpg","datePublished":"2023-08-25T10:47:12+00:00","dateModified":"2024-10-02T11:41:59+00:00","breadcrumb":{"@id":"https:\/\/nord-bb.de\/leistungen\/we-drill\/projekte-brunnenbaubrunnenbohrung\/brunnenbau-dradenau\/#breadcrumb"},"inLanguage":"de","potentialAction":[{"@type":"ReadAction","target":["https:\/\/nord-bb.de\/leistungen\/we-drill\/projekte-brunnenbaubrunnenbohrung\/brunnenbau-dradenau\/"]}]},{"@type":"ImageObject","inLanguage":"de","@id":"https:\/\/nord-bb.de\/leistungen\/we-drill\/projekte-brunnenbaubrunnenbohrung\/brunnenbau-dradenau\/#primaryimage","url":"https:\/\/nord-bb.de\/wp-content\/uploads\/2023\/09\/Brunnenbau-Speyer.jpg","contentUrl":"https:\/\/nord-bb.de\/wp-content\/uploads\/2023\/09\/Brunnenbau-Speyer.jpg"},{"@type":"BreadcrumbList","@id":"https:\/\/nord-bb.de\/leistungen\/we-drill\/projekte-brunnenbaubrunnenbohrung\/brunnenbau-dradenau\/#breadcrumb","itemListElement":[{"@type":"ListItem","position":1,"name":"Startseite","item":"https:\/\/nord-bb.de\/"},{"@type":"ListItem","position":2,"name":"Leistungen","item":"https:\/\/nord-bb.de\/leistungen\/"},{"@type":"ListItem","position":3,"name":"WE DRILL.","item":"https:\/\/nord-bb.de\/leistungen\/we-drill\/"},{"@type":"ListItem","position":4,"name":"Projekte Brunnenbau+Brunnenbohrung","item":"https:\/\/nord-bb.de\/leistungen\/we-drill\/projekte-brunnenbaubrunnenbohrung\/"},{"@type":"ListItem","position":5,"name":"Brunnenbau Speyer"}]},{"@type":"WebSite","@id":"https:\/\/nord-bb.de\/de\/#website","url":"https:\/\/nord-bb.de\/de\/","name":"NORD Bohr und Brunnenbau GmbH","description":"Die Spezialisten f\u00fcr Bohr- und Brunnenbau-Technologien","potentialAction":[{"@type":"SearchAction","target":{"@type":"EntryPoint","urlTemplate":"https:\/\/nord-bb.de\/de\/?s={search_term_string}"},"query-input":{"@type":"PropertyValueSpecification","valueRequired":true,"valueName":"search_term_string"}}],"inLanguage":"de"}]}},"_links":{"self":[{"href":"https:\/\/nord-bb.de\/de\/wp-json\/wp\/v2\/pages\/2275","targetHints":{"allow":["GET"]}}],"collection":[{"href":"https:\/\/nord-bb.de\/de\/wp-json\/wp\/v2\/pages"}],"about":[{"href":"https:\/\/nord-bb.de\/de\/wp-json\/wp\/v2\/types\/page"}],"author":[{"embeddable":true,"href":"https:\/\/nord-bb.de\/de\/wp-json\/wp\/v2\/users\/2"}],"replies":[{"embeddable":true,"href":"https:\/\/nord-bb.de\/de\/wp-json\/wp\/v2\/comments?post=2275"}],"version-history":[{"count":57,"href":"https:\/\/nord-bb.de\/de\/wp-json\/wp\/v2\/pages\/2275\/revisions"}],"predecessor-version":[{"id":3682,"href":"https:\/\/nord-bb.de\/de\/wp-json\/wp\/v2\/pages\/2275\/revisions\/3682"}],"up":[{"embeddable":true,"href":"https:\/\/nord-bb.de\/de\/wp-json\/wp\/v2\/pages\/2233"}],"wp:attachment":[{"href":"https:\/\/nord-bb.de\/de\/wp-json\/wp\/v2\/media?parent=2275"}],"curies":[{"name":"wp","href":"https:\/\/api.w.org\/{rel}","templated":true}]}}