{"id":2473,"date":"2023-09-21T11:48:29","date_gmt":"2023-09-21T09:48:29","guid":{"rendered":"http:\/\/2024.nord-bb.de\/?page_id=2473"},"modified":"2024-10-02T13:49:59","modified_gmt":"2024-10-02T11:49:59","slug":"endlager-schweiz","status":"publish","type":"page","link":"https:\/\/nord-bb.de\/de\/leistungen\/we-look\/projekt-endlager\/endlager-schweiz\/","title":{"rendered":"Endlager Schweiz"},"content":{"rendered":"\t\t<div data-elementor-type=\"wp-page\" data-elementor-id=\"2473\" class=\"elementor elementor-2473\" data-elementor-post-type=\"page\">\n\t\t\t\t<div class=\"elementor-element elementor-element-20c2e3a e-flex e-con-boxed e-con e-parent\" data-id=\"20c2e3a\" data-element_type=\"container\" data-e-type=\"container\">\n\t\t\t\t\t<div class=\"e-con-inner\">\n\t\t<div class=\"elementor-element elementor-element-4cdcbaf e-con-full e-flex e-con e-child\" data-id=\"4cdcbaf\" data-element_type=\"container\" data-e-type=\"container\">\n\t\t\t\t<div class=\"elementor-element elementor-element-02d8302 elementor-widget__width-initial elementor-widget-mobile__width-inherit elementor-widget elementor-widget-image\" data-id=\"02d8302\" data-element_type=\"widget\" data-e-type=\"widget\" data-widget_type=\"image.default\">\n\t\t\t\t<div class=\"elementor-widget-container\">\n\t\t\t\t\t\t\t\t\t\t\t\t\t\t\t\t<a href=\"https:\/\/nord-bb.de\/leistungen\/we-look\/projekt-endlager\/\">\n\t\t\t\t\t\t\t<img fetchpriority=\"high\" decoding=\"async\" width=\"990\" height=\"1771\" src=\"https:\/\/nord-bb.de\/wp-content\/uploads\/2023\/09\/EL-Schweiz-1.jpg\" class=\"attachment-full size-full wp-image-2475\" alt=\"\" srcset=\"https:\/\/nord-bb.de\/wp-content\/uploads\/2023\/09\/EL-Schweiz-1.jpg 990w, https:\/\/nord-bb.de\/wp-content\/uploads\/2023\/09\/EL-Schweiz-1-168x300.jpg 168w, https:\/\/nord-bb.de\/wp-content\/uploads\/2023\/09\/EL-Schweiz-1-572x1024.jpg 572w, https:\/\/nord-bb.de\/wp-content\/uploads\/2023\/09\/EL-Schweiz-1-768x1374.jpg 768w, https:\/\/nord-bb.de\/wp-content\/uploads\/2023\/09\/EL-Schweiz-1-859x1536.jpg 859w, https:\/\/nord-bb.de\/wp-content\/uploads\/2023\/09\/EL-Schweiz-1-7x12.jpg 7w\" sizes=\"(max-width: 990px) 100vw, 990px\" \/>\t\t\t\t\t\t\t\t<\/a>\n\t\t\t\t\t\t\t\t\t\t\t\t\t\t\t<\/div>\n\t\t\t\t<\/div>\n\t\t<div class=\"elementor-element elementor-element-eac7e5c e-con-full e-flex e-con e-child\" data-id=\"eac7e5c\" data-element_type=\"container\" data-e-type=\"container\">\n\t\t<div class=\"elementor-element elementor-element-edc18fb e-con-full e-flex e-con e-child\" data-id=\"edc18fb\" data-element_type=\"container\" data-e-type=\"container\">\n\t\t<div class=\"elementor-element elementor-element-d5b255a e-con-full e-flex e-con e-child\" data-id=\"d5b255a\" data-element_type=\"container\" data-e-type=\"container\">\n\t\t\t\t<div class=\"elementor-element elementor-element-c028795 elementor-widget__width-auto elementor-widget elementor-widget-heading\" data-id=\"c028795\" data-element_type=\"widget\" data-e-type=\"widget\" data-widget_type=\"heading.default\">\n\t\t\t\t<div class=\"elementor-widget-container\">\n\t\t\t\t\t<h2 class=\"elementor-heading-title elementor-size-default\">Schweiz | Endlager<\/h2>\t\t\t\t<\/div>\n\t\t\t\t<\/div>\n\t\t\t\t<div class=\"elementor-element elementor-element-3badebd elementor-widget elementor-widget-text-editor\" data-id=\"3badebd\" data-element_type=\"widget\" data-e-type=\"widget\" data-widget_type=\"text-editor.default\">\n\t\t\t\t<div class=\"elementor-widget-container\">\n\t\t\t\t\t\t\t\t\t<p><strong>Bauherr:<\/strong> NARGA<\/p><p><strong>Ort:<\/strong> Schweiz<\/p><p><strong>Gebirgsformation: <\/strong>Locker &#8211; \/ Festgestein<\/p><p><strong>Bohrverfahren: <\/strong>Trocken- \/Lufthebebohrverfahren<\/p><p>Anzahl Bohrungen: 5<\/p><p>Bohrtiefe in m: 260<\/p><p>Bohrmeter gesamt: 640<\/p><p>Bohr-\u00d8 in mm: 419\/244<\/p><p>Ausbaudaten: DN 80 \/ PVC<\/p><p>Zweck der Bohrung:<\/p><div class=\"page\" title=\"Page 1\"><div class=\"layoutArea\"><div class=\"column\"><p>5 Stck. Aufschlu\u00dfbohrungen im Trocken &#8211; und Lufthebebohrverfahren , Messstellenausbau DN 80 Kunststoff f\u00fcr seismische Kontrolluntersuchungen sowie R\u00fcckbau aller Messstellen.<\/p><\/div><\/div><\/div><div class=\"page\" title=\"Page 1\"><div class=\"layoutArea\"><div class=\"column\"><p>Niederbringung von 5 St\u00fcck Aufschlu\u00dfbohrungen im Trocken &#8211; und Lufthebe &#8211; Bohrverfahren. Im Bereich der Ger\u00f6llschichten wurde die Bohrung im Trockenbohrverfahren abgeteuft und bis 12,90 m unter GOK mit Bohrrohren 419 mm \u00d8 , bis 36 m unter GOK mit Bohrrohren 13 3\/4&#8243; verrohrt. Bis 191 m wurde die Bohrung im Lufthebebohrverfahren abgeteuft, mit PVC Vollrohren DN 80 ausgebaut und mit einer Tonmehl &#8211; Zement &#8211; Suspension verpresst. Nach Durchf\u00fchrung seismischer Kontrollmessungen wurden alle Messstellen zur\u00fcckgebaut.<\/p><\/div><\/div><\/div>\t\t\t\t\t\t\t\t<\/div>\n\t\t\t\t<\/div>\n\t\t\t\t<\/div>\n\t\t\t\t<div class=\"elementor-element elementor-element-159d9f2 elementor-widget elementor-widget-image\" data-id=\"159d9f2\" data-element_type=\"widget\" data-e-type=\"widget\" data-widget_type=\"image.default\">\n\t\t\t\t<div class=\"elementor-widget-container\">\n\t\t\t\t\t\t\t\t\t\t\t\t\t\t\t\t<a href=\"https:\/\/nord-bb.de\/wp-content\/uploads\/2024\/09\/Nagra-CH-AZ-3D-16_08.jpg\" target=\"_blank\">\n\t\t\t\t\t\t\t<img decoding=\"async\" src=\"https:\/\/nord-bb.de\/wp-content\/uploads\/elementor\/thumbs\/Nagra-CH-AZ-3D-16_08-qvjz6rfiswa3agw91xti7lajtnirrrurnwzxaqzy5o.jpg\" title=\"Nagra CH AZ 3D 16_08\" alt=\"Nagra CH AZ 3D 16_08\" loading=\"lazy\" \/>\t\t\t\t\t\t\t\t<\/a>\n\t\t\t\t\t\t\t\t\t\t\t\t\t\t\t<\/div>\n\t\t\t\t<\/div>\n\t\t\t\t<\/div>\n\t\t\t\t<\/div>\n\t\t\t\t<\/div>\n\t\t\t\t\t<\/div>\n\t\t\t\t<\/div>\n\t\t\t\t<\/div>\n\t\t","protected":false},"excerpt":{"rendered":"<p>Schweiz | Endlager Bauherr: NARGA Ort: Schweiz Gebirgsformation: Locker &#8211; \/ Festgestein Bohrverfahren: Trocken- \/Lufthebebohrverfahren Anzahl Bohrungen: 5 Bohrtiefe in m: 260 Bohrmeter gesamt: 640 Bohr-\u00d8 in mm: 419\/244 Ausbaudaten: DN 80 \/ PVC Zweck der Bohrung: 5 Stck. Aufschlu\u00dfbohrungen im Trocken &#8211; und Lufthebebohrverfahren , Messstellenausbau DN 80 Kunststoff f\u00fcr seismische Kontrolluntersuchungen sowie R\u00fcckbau [&hellip;]<\/p>\n","protected":false},"author":2,"featured_media":0,"parent":2465,"menu_order":0,"comment_status":"closed","ping_status":"closed","template":"elementor_header_footer","meta":{"footnotes":"","_links_to":"","_links_to_target":""},"class_list":["post-2473","page","type-page","status-publish","hentry"],"yoast_head":"<!-- This site is optimized with the Yoast SEO plugin v27.4 - https:\/\/yoast.com\/product\/yoast-seo-wordpress\/ -->\n<title>Endlager Schweiz - NORD Bohr und Brunnenbau GmbH<\/title>\n<meta name=\"robots\" content=\"index, follow, max-snippet:-1, max-image-preview:large, max-video-preview:-1\" \/>\n<link rel=\"canonical\" href=\"https:\/\/nord-bb.de\/de\/leistungen\/we-look\/projekt-endlager\/endlager-schweiz\/\" \/>\n<meta property=\"og:locale\" content=\"de_DE\" \/>\n<meta property=\"og:type\" content=\"article\" \/>\n<meta property=\"og:title\" content=\"Endlager Schweiz - NORD Bohr und Brunnenbau GmbH\" \/>\n<meta property=\"og:description\" content=\"Schweiz | Endlager Bauherr: NARGA Ort: Schweiz Gebirgsformation: Locker &#8211; \/ Festgestein Bohrverfahren: Trocken- \/Lufthebebohrverfahren Anzahl Bohrungen: 5 Bohrtiefe in m: 260 Bohrmeter gesamt: 640 Bohr-\u00d8 in mm: 419\/244 Ausbaudaten: DN 80 \/ PVC Zweck der Bohrung: 5 Stck. Aufschlu\u00dfbohrungen im Trocken &#8211; und Lufthebebohrverfahren , Messstellenausbau DN 80 Kunststoff f\u00fcr seismische Kontrolluntersuchungen sowie R\u00fcckbau [&hellip;]\" \/>\n<meta property=\"og:url\" content=\"https:\/\/nord-bb.de\/de\/leistungen\/we-look\/projekt-endlager\/endlager-schweiz\/\" \/>\n<meta property=\"og:site_name\" content=\"NORD Bohr und Brunnenbau GmbH\" \/>\n<meta property=\"article:modified_time\" content=\"2024-10-02T11:49:59+00:00\" \/>\n<meta property=\"og:image\" content=\"https:\/\/nord-bb.de\/wp-content\/uploads\/2023\/09\/EL-Schweiz-1.jpg\" \/>\n<meta name=\"twitter:card\" content=\"summary_large_image\" \/>\n<meta name=\"twitter:label1\" content=\"Gesch\u00e4tzte Lesezeit\" \/>\n\t<meta name=\"twitter:data1\" content=\"2\u00a0Minuten\" \/>\n<script type=\"application\/ld+json\" class=\"yoast-schema-graph\">{\"@context\":\"https:\\\/\\\/schema.org\",\"@graph\":[{\"@type\":\"WebPage\",\"@id\":\"https:\\\/\\\/nord-bb.de\\\/leistungen\\\/we-look\\\/projekt-endlager\\\/endlager-schweiz\\\/\",\"url\":\"https:\\\/\\\/nord-bb.de\\\/leistungen\\\/we-look\\\/projekt-endlager\\\/endlager-schweiz\\\/\",\"name\":\"Endlager Schweiz - NORD Bohr und Brunnenbau GmbH\",\"isPartOf\":{\"@id\":\"https:\\\/\\\/nord-bb.de\\\/de\\\/#website\"},\"primaryImageOfPage\":{\"@id\":\"https:\\\/\\\/nord-bb.de\\\/leistungen\\\/we-look\\\/projekt-endlager\\\/endlager-schweiz\\\/#primaryimage\"},\"image\":{\"@id\":\"https:\\\/\\\/nord-bb.de\\\/leistungen\\\/we-look\\\/projekt-endlager\\\/endlager-schweiz\\\/#primaryimage\"},\"thumbnailUrl\":\"https:\\\/\\\/nord-bb.de\\\/wp-content\\\/uploads\\\/2023\\\/09\\\/EL-Schweiz-1.jpg\",\"datePublished\":\"2023-09-21T09:48:29+00:00\",\"dateModified\":\"2024-10-02T11:49:59+00:00\",\"breadcrumb\":{\"@id\":\"https:\\\/\\\/nord-bb.de\\\/leistungen\\\/we-look\\\/projekt-endlager\\\/endlager-schweiz\\\/#breadcrumb\"},\"inLanguage\":\"de\",\"potentialAction\":[{\"@type\":\"ReadAction\",\"target\":[\"https:\\\/\\\/nord-bb.de\\\/leistungen\\\/we-look\\\/projekt-endlager\\\/endlager-schweiz\\\/\"]}]},{\"@type\":\"ImageObject\",\"inLanguage\":\"de\",\"@id\":\"https:\\\/\\\/nord-bb.de\\\/leistungen\\\/we-look\\\/projekt-endlager\\\/endlager-schweiz\\\/#primaryimage\",\"url\":\"https:\\\/\\\/nord-bb.de\\\/wp-content\\\/uploads\\\/2023\\\/09\\\/EL-Schweiz-1.jpg\",\"contentUrl\":\"https:\\\/\\\/nord-bb.de\\\/wp-content\\\/uploads\\\/2023\\\/09\\\/EL-Schweiz-1.jpg\"},{\"@type\":\"BreadcrumbList\",\"@id\":\"https:\\\/\\\/nord-bb.de\\\/leistungen\\\/we-look\\\/projekt-endlager\\\/endlager-schweiz\\\/#breadcrumb\",\"itemListElement\":[{\"@type\":\"ListItem\",\"position\":1,\"name\":\"Startseite\",\"item\":\"https:\\\/\\\/nord-bb.de\\\/\"},{\"@type\":\"ListItem\",\"position\":2,\"name\":\"Leistungen\",\"item\":\"https:\\\/\\\/nord-bb.de\\\/leistungen\\\/\"},{\"@type\":\"ListItem\",\"position\":3,\"name\":\"WE LOOK.\",\"item\":\"https:\\\/\\\/nord-bb.de\\\/leistungen\\\/we-look\\\/\"},{\"@type\":\"ListItem\",\"position\":4,\"name\":\"Projekt Endlager\",\"item\":\"https:\\\/\\\/nord-bb.de\\\/leistungen\\\/we-look\\\/projekt-endlager\\\/\"},{\"@type\":\"ListItem\",\"position\":5,\"name\":\"Endlager Schweiz\"}]},{\"@type\":\"WebSite\",\"@id\":\"https:\\\/\\\/nord-bb.de\\\/de\\\/#website\",\"url\":\"https:\\\/\\\/nord-bb.de\\\/de\\\/\",\"name\":\"NORD Bohr und Brunnenbau GmbH\",\"description\":\"Die Spezialisten f\u00fcr Bohr- und Brunnenbau-Technologien\",\"potentialAction\":[{\"@type\":\"SearchAction\",\"target\":{\"@type\":\"EntryPoint\",\"urlTemplate\":\"https:\\\/\\\/nord-bb.de\\\/de\\\/?s={search_term_string}\"},\"query-input\":{\"@type\":\"PropertyValueSpecification\",\"valueRequired\":true,\"valueName\":\"search_term_string\"}}],\"inLanguage\":\"de\"}]}<\/script>\n<!-- \/ Yoast SEO plugin. -->","yoast_head_json":{"title":"Endlager Schweiz - NORD Bohr und Brunnenbau GmbH","robots":{"index":"index","follow":"follow","max-snippet":"max-snippet:-1","max-image-preview":"max-image-preview:large","max-video-preview":"max-video-preview:-1"},"canonical":"https:\/\/nord-bb.de\/de\/leistungen\/we-look\/projekt-endlager\/endlager-schweiz\/","og_locale":"de_DE","og_type":"article","og_title":"Endlager Schweiz - NORD Bohr und Brunnenbau GmbH","og_description":"Schweiz | Endlager Bauherr: NARGA Ort: Schweiz Gebirgsformation: Locker &#8211; \/ Festgestein Bohrverfahren: Trocken- \/Lufthebebohrverfahren Anzahl Bohrungen: 5 Bohrtiefe in m: 260 Bohrmeter gesamt: 640 Bohr-\u00d8 in mm: 419\/244 Ausbaudaten: DN 80 \/ PVC Zweck der Bohrung: 5 Stck. Aufschlu\u00dfbohrungen im Trocken &#8211; und Lufthebebohrverfahren , Messstellenausbau DN 80 Kunststoff f\u00fcr seismische Kontrolluntersuchungen sowie R\u00fcckbau [&hellip;]","og_url":"https:\/\/nord-bb.de\/de\/leistungen\/we-look\/projekt-endlager\/endlager-schweiz\/","og_site_name":"NORD Bohr und Brunnenbau GmbH","article_modified_time":"2024-10-02T11:49:59+00:00","og_image":[{"url":"https:\/\/nord-bb.de\/wp-content\/uploads\/2023\/09\/EL-Schweiz-1.jpg","type":"","width":"","height":""}],"twitter_card":"summary_large_image","twitter_misc":{"Gesch\u00e4tzte Lesezeit":"2\u00a0Minuten"},"schema":{"@context":"https:\/\/schema.org","@graph":[{"@type":"WebPage","@id":"https:\/\/nord-bb.de\/leistungen\/we-look\/projekt-endlager\/endlager-schweiz\/","url":"https:\/\/nord-bb.de\/leistungen\/we-look\/projekt-endlager\/endlager-schweiz\/","name":"Endlager Schweiz - NORD Bohr und Brunnenbau GmbH","isPartOf":{"@id":"https:\/\/nord-bb.de\/de\/#website"},"primaryImageOfPage":{"@id":"https:\/\/nord-bb.de\/leistungen\/we-look\/projekt-endlager\/endlager-schweiz\/#primaryimage"},"image":{"@id":"https:\/\/nord-bb.de\/leistungen\/we-look\/projekt-endlager\/endlager-schweiz\/#primaryimage"},"thumbnailUrl":"https:\/\/nord-bb.de\/wp-content\/uploads\/2023\/09\/EL-Schweiz-1.jpg","datePublished":"2023-09-21T09:48:29+00:00","dateModified":"2024-10-02T11:49:59+00:00","breadcrumb":{"@id":"https:\/\/nord-bb.de\/leistungen\/we-look\/projekt-endlager\/endlager-schweiz\/#breadcrumb"},"inLanguage":"de","potentialAction":[{"@type":"ReadAction","target":["https:\/\/nord-bb.de\/leistungen\/we-look\/projekt-endlager\/endlager-schweiz\/"]}]},{"@type":"ImageObject","inLanguage":"de","@id":"https:\/\/nord-bb.de\/leistungen\/we-look\/projekt-endlager\/endlager-schweiz\/#primaryimage","url":"https:\/\/nord-bb.de\/wp-content\/uploads\/2023\/09\/EL-Schweiz-1.jpg","contentUrl":"https:\/\/nord-bb.de\/wp-content\/uploads\/2023\/09\/EL-Schweiz-1.jpg"},{"@type":"BreadcrumbList","@id":"https:\/\/nord-bb.de\/leistungen\/we-look\/projekt-endlager\/endlager-schweiz\/#breadcrumb","itemListElement":[{"@type":"ListItem","position":1,"name":"Startseite","item":"https:\/\/nord-bb.de\/"},{"@type":"ListItem","position":2,"name":"Leistungen","item":"https:\/\/nord-bb.de\/leistungen\/"},{"@type":"ListItem","position":3,"name":"WE LOOK.","item":"https:\/\/nord-bb.de\/leistungen\/we-look\/"},{"@type":"ListItem","position":4,"name":"Projekt Endlager","item":"https:\/\/nord-bb.de\/leistungen\/we-look\/projekt-endlager\/"},{"@type":"ListItem","position":5,"name":"Endlager Schweiz"}]},{"@type":"WebSite","@id":"https:\/\/nord-bb.de\/de\/#website","url":"https:\/\/nord-bb.de\/de\/","name":"NORD Bohr und Brunnenbau GmbH","description":"Die Spezialisten f\u00fcr Bohr- und Brunnenbau-Technologien","potentialAction":[{"@type":"SearchAction","target":{"@type":"EntryPoint","urlTemplate":"https:\/\/nord-bb.de\/de\/?s={search_term_string}"},"query-input":{"@type":"PropertyValueSpecification","valueRequired":true,"valueName":"search_term_string"}}],"inLanguage":"de"}]}},"_links":{"self":[{"href":"https:\/\/nord-bb.de\/de\/wp-json\/wp\/v2\/pages\/2473","targetHints":{"allow":["GET"]}}],"collection":[{"href":"https:\/\/nord-bb.de\/de\/wp-json\/wp\/v2\/pages"}],"about":[{"href":"https:\/\/nord-bb.de\/de\/wp-json\/wp\/v2\/types\/page"}],"author":[{"embeddable":true,"href":"https:\/\/nord-bb.de\/de\/wp-json\/wp\/v2\/users\/2"}],"replies":[{"embeddable":true,"href":"https:\/\/nord-bb.de\/de\/wp-json\/wp\/v2\/comments?post=2473"}],"version-history":[{"count":25,"href":"https:\/\/nord-bb.de\/de\/wp-json\/wp\/v2\/pages\/2473\/revisions"}],"predecessor-version":[{"id":3697,"href":"https:\/\/nord-bb.de\/de\/wp-json\/wp\/v2\/pages\/2473\/revisions\/3697"}],"up":[{"embeddable":true,"href":"https:\/\/nord-bb.de\/de\/wp-json\/wp\/v2\/pages\/2465"}],"wp:attachment":[{"href":"https:\/\/nord-bb.de\/de\/wp-json\/wp\/v2\/media?parent=2473"}],"curies":[{"name":"wp","href":"https:\/\/api.w.org\/{rel}","templated":true}]}}