{"id":2549,"date":"2023-09-21T13:15:01","date_gmt":"2023-09-21T11:15:01","guid":{"rendered":"http:\/\/2024.nord-bb.de\/?page_id=2549"},"modified":"2024-10-02T13:46:10","modified_gmt":"2024-10-02T11:46:10","slug":"service-hww","status":"publish","type":"page","link":"https:\/\/nord-bb.de\/de\/leistungen\/we-drill\/projekte-service\/service-hww\/","title":{"rendered":"Service HWW"},"content":{"rendered":"\t\t<div data-elementor-type=\"wp-page\" data-elementor-id=\"2549\" class=\"elementor elementor-2549\" data-elementor-post-type=\"page\">\n\t\t\t\t<div class=\"elementor-element elementor-element-f6f1ee6 e-flex e-con-boxed e-con e-parent\" data-id=\"f6f1ee6\" data-element_type=\"container\" data-e-type=\"container\">\n\t\t\t\t\t<div class=\"e-con-inner\">\n\t\t<div class=\"elementor-element elementor-element-124c63d e-con-full e-flex e-con e-child\" data-id=\"124c63d\" data-element_type=\"container\" data-e-type=\"container\">\n\t\t\t\t<div class=\"elementor-element elementor-element-32fb63f elementor-widget__width-initial elementor-widget-mobile__width-inherit elementor-widget elementor-widget-image\" data-id=\"32fb63f\" data-element_type=\"widget\" data-e-type=\"widget\" data-widget_type=\"image.default\">\n\t\t\t\t<div class=\"elementor-widget-container\">\n\t\t\t\t\t\t\t\t\t\t\t\t\t\t\t\t<a href=\"https:\/\/nord-bb.de\/leistungen\/we-drill\/projekte-service\/\">\n\t\t\t\t\t\t\t<img fetchpriority=\"high\" decoding=\"async\" width=\"990\" height=\"1771\" src=\"https:\/\/nord-bb.de\/wp-content\/uploads\/2023\/09\/Service-HWW-Hamburg.jpg\" class=\"attachment-full size-full wp-image-2551\" alt=\"\" srcset=\"https:\/\/nord-bb.de\/wp-content\/uploads\/2023\/09\/Service-HWW-Hamburg.jpg 990w, https:\/\/nord-bb.de\/wp-content\/uploads\/2023\/09\/Service-HWW-Hamburg-168x300.jpg 168w, https:\/\/nord-bb.de\/wp-content\/uploads\/2023\/09\/Service-HWW-Hamburg-572x1024.jpg 572w, https:\/\/nord-bb.de\/wp-content\/uploads\/2023\/09\/Service-HWW-Hamburg-768x1374.jpg 768w, https:\/\/nord-bb.de\/wp-content\/uploads\/2023\/09\/Service-HWW-Hamburg-859x1536.jpg 859w, https:\/\/nord-bb.de\/wp-content\/uploads\/2023\/09\/Service-HWW-Hamburg-7x12.jpg 7w\" sizes=\"(max-width: 990px) 100vw, 990px\" \/>\t\t\t\t\t\t\t\t<\/a>\n\t\t\t\t\t\t\t\t\t\t\t\t\t\t\t<\/div>\n\t\t\t\t<\/div>\n\t\t<div class=\"elementor-element elementor-element-784d2e0 e-con-full e-flex e-con e-child\" data-id=\"784d2e0\" data-element_type=\"container\" data-e-type=\"container\">\n\t\t<div class=\"elementor-element elementor-element-ee5ee7c e-con-full e-flex e-con e-child\" data-id=\"ee5ee7c\" data-element_type=\"container\" data-e-type=\"container\">\n\t\t<div class=\"elementor-element elementor-element-37448a8 e-con-full e-flex e-con e-child\" data-id=\"37448a8\" data-element_type=\"container\" data-e-type=\"container\">\n\t\t\t\t<div class=\"elementor-element elementor-element-9263c65 elementor-widget__width-auto elementor-widget elementor-widget-heading\" data-id=\"9263c65\" data-element_type=\"widget\" data-e-type=\"widget\" data-widget_type=\"heading.default\">\n\t\t\t\t<div class=\"elementor-widget-container\">\n\t\t\t\t\t<h2 class=\"elementor-heading-title elementor-size-default\">HWW Rahmenvertrag Hamburg<\/h2>\t\t\t\t<\/div>\n\t\t\t\t<\/div>\n\t\t\t\t<div class=\"elementor-element elementor-element-1e9d45d elementor-widget elementor-widget-text-editor\" data-id=\"1e9d45d\" data-element_type=\"widget\" data-e-type=\"widget\" data-widget_type=\"text-editor.default\">\n\t\t\t\t<div class=\"elementor-widget-container\">\n\t\t\t\t\t\t\t\t\t<p><strong>Bauherr: <\/strong>Hamburg Wasser<\/p><p><strong>Ort:<\/strong> Hamburg<\/p><p><strong>Gebirgsformation: <\/strong>Quart\u00e4r &#8211; Terti\u00e4r<\/p><p><strong>Bohrverfahren: <\/strong>Pegelpflege \/ Reparatur<\/p><p>Anzahl Bohrungen: ca. 250 \/ Jahr<\/p><p>Bohrtiefe in m: 5-500<\/p><p>Bohrmeter gesamt:\u00a0<\/p><p>Bohr-\u00d8 in mm:\u00a0<\/p><p>Ausbaudaten: Stahl\/PVC<\/p><p>Zweck der Bohrung:<\/p><div class=\"page\" title=\"Page 1\"><div class=\"layoutArea\"><div class=\"column\"><p>Rahmenauftrag &#8211; Pegelpflege Umbau von Br. zur GWM, Entsandungen, S\u00e4ubern mit B\u00fcrsten , HD-Technik, Absaugen von Auflandungen, Einsch\u00fcbe, Abdichtung mit Manschetten, Durchf\u00fchrung von Pumpversuchen, Abdichten von Artesern, Umbau von Messstellenabschl\u00fcssen, Geophysikalische Untersuchungen.<\/p><div class=\"page\" title=\"Page 1\"><div class=\"layoutArea\"><div class=\"column\"><p>Der Rahmenauftrag wird seit von NBB abgearbeitet und beinhaltet die Reparatur, Pflege und den R\u00fcckbau von Grundwassermessstellen. Die vorstehend benannten Arbeiten werden im Einzugsgebiet aller Wasserwerke ausgef\u00fchrt. Sanierungsarbeiten werden mit eigener TV &#8211; Technik begleitet.<\/p><\/div><\/div><\/div><\/div><\/div><\/div>\t\t\t\t\t\t\t\t<\/div>\n\t\t\t\t<\/div>\n\t\t\t\t<\/div>\n\t\t\t\t<div class=\"elementor-element elementor-element-35c3ef9 elementor-widget elementor-widget-image\" data-id=\"35c3ef9\" data-element_type=\"widget\" data-e-type=\"widget\" data-widget_type=\"image.default\">\n\t\t\t\t<div class=\"elementor-widget-container\">\n\t\t\t\t\t\t\t\t\t\t\t\t\t\t\t\t<a href=\"https:\/\/nord-bb.de\/wp-content\/uploads\/2024\/09\/HWW-Pegelpflege-HWW.jpg\" target=\"_blank\">\n\t\t\t\t\t\t\t<img decoding=\"async\" src=\"https:\/\/nord-bb.de\/wp-content\/uploads\/elementor\/thumbs\/HWW-Pegelpflege-HWW-qvjz6rfiswa3agw91xti7lajtnirrrurnwzxaqzy5o.jpg\" title=\"HWW &#8211; Pegelpflege &#8211; HWW\" alt=\"HWW - Pegelpflege - HWW\" loading=\"lazy\" \/>\t\t\t\t\t\t\t\t<\/a>\n\t\t\t\t\t\t\t\t\t\t\t\t\t\t\t<\/div>\n\t\t\t\t<\/div>\n\t\t\t\t<\/div>\n\t\t\t\t<\/div>\n\t\t\t\t<\/div>\n\t\t\t\t\t<\/div>\n\t\t\t\t<\/div>\n\t\t\t\t<\/div>\n\t\t","protected":false},"excerpt":{"rendered":"<p>HWW Rahmenvertrag Hamburg Bauherr: Hamburg Wasser Ort: Hamburg Gebirgsformation: Quart\u00e4r &#8211; Terti\u00e4r Bohrverfahren: Pegelpflege \/ Reparatur Anzahl Bohrungen: ca. 250 \/ Jahr Bohrtiefe in m: 5-500 Bohrmeter gesamt:\u00a0 Bohr-\u00d8 in mm:\u00a0 Ausbaudaten: Stahl\/PVC Zweck der Bohrung: Rahmenauftrag &#8211; Pegelpflege Umbau von Br. zur GWM, Entsandungen, S\u00e4ubern mit B\u00fcrsten , HD-Technik, Absaugen von Auflandungen, Einsch\u00fcbe, Abdichtung [&hellip;]<\/p>\n","protected":false},"author":2,"featured_media":0,"parent":2563,"menu_order":0,"comment_status":"closed","ping_status":"closed","template":"elementor_header_footer","meta":{"footnotes":"","_links_to":"","_links_to_target":""},"class_list":["post-2549","page","type-page","status-publish","hentry"],"yoast_head":"<!-- This site is optimized with the Yoast SEO plugin v27.4 - https:\/\/yoast.com\/product\/yoast-seo-wordpress\/ -->\n<title>Service HWW - NORD Bohr und Brunnenbau GmbH<\/title>\n<meta name=\"robots\" content=\"index, follow, max-snippet:-1, max-image-preview:large, max-video-preview:-1\" \/>\n<link rel=\"canonical\" href=\"https:\/\/nord-bb.de\/de\/leistungen\/we-drill\/projekte-service\/service-hww\/\" \/>\n<meta property=\"og:locale\" content=\"de_DE\" \/>\n<meta property=\"og:type\" content=\"article\" \/>\n<meta property=\"og:title\" content=\"Service HWW - NORD Bohr und Brunnenbau GmbH\" \/>\n<meta property=\"og:description\" content=\"HWW Rahmenvertrag Hamburg Bauherr: Hamburg Wasser Ort: Hamburg Gebirgsformation: Quart\u00e4r &#8211; Terti\u00e4r Bohrverfahren: Pegelpflege \/ Reparatur Anzahl Bohrungen: ca. 250 \/ Jahr Bohrtiefe in m: 5-500 Bohrmeter gesamt:\u00a0 Bohr-\u00d8 in mm:\u00a0 Ausbaudaten: Stahl\/PVC Zweck der Bohrung: Rahmenauftrag &#8211; Pegelpflege Umbau von Br. zur GWM, Entsandungen, S\u00e4ubern mit B\u00fcrsten , HD-Technik, Absaugen von Auflandungen, Einsch\u00fcbe, Abdichtung [&hellip;]\" \/>\n<meta property=\"og:url\" content=\"https:\/\/nord-bb.de\/de\/leistungen\/we-drill\/projekte-service\/service-hww\/\" \/>\n<meta property=\"og:site_name\" content=\"NORD Bohr und Brunnenbau GmbH\" \/>\n<meta property=\"article:modified_time\" content=\"2024-10-02T11:46:10+00:00\" \/>\n<meta property=\"og:image\" content=\"https:\/\/nord-bb.de\/wp-content\/uploads\/2023\/09\/Service-HWW-Hamburg.jpg\" \/>\n<meta name=\"twitter:card\" content=\"summary_large_image\" \/>\n<meta name=\"twitter:label1\" content=\"Gesch\u00e4tzte Lesezeit\" \/>\n\t<meta name=\"twitter:data1\" content=\"1\u00a0Minute\" \/>\n<script type=\"application\/ld+json\" class=\"yoast-schema-graph\">{\"@context\":\"https:\\\/\\\/schema.org\",\"@graph\":[{\"@type\":\"WebPage\",\"@id\":\"https:\\\/\\\/nord-bb.de\\\/leistungen\\\/we-drill\\\/projekte-service\\\/service-hww\\\/\",\"url\":\"https:\\\/\\\/nord-bb.de\\\/leistungen\\\/we-drill\\\/projekte-service\\\/service-hww\\\/\",\"name\":\"Service HWW - NORD Bohr und Brunnenbau GmbH\",\"isPartOf\":{\"@id\":\"https:\\\/\\\/nord-bb.de\\\/de\\\/#website\"},\"primaryImageOfPage\":{\"@id\":\"https:\\\/\\\/nord-bb.de\\\/leistungen\\\/we-drill\\\/projekte-service\\\/service-hww\\\/#primaryimage\"},\"image\":{\"@id\":\"https:\\\/\\\/nord-bb.de\\\/leistungen\\\/we-drill\\\/projekte-service\\\/service-hww\\\/#primaryimage\"},\"thumbnailUrl\":\"https:\\\/\\\/nord-bb.de\\\/wp-content\\\/uploads\\\/2023\\\/09\\\/Service-HWW-Hamburg.jpg\",\"datePublished\":\"2023-09-21T11:15:01+00:00\",\"dateModified\":\"2024-10-02T11:46:10+00:00\",\"breadcrumb\":{\"@id\":\"https:\\\/\\\/nord-bb.de\\\/leistungen\\\/we-drill\\\/projekte-service\\\/service-hww\\\/#breadcrumb\"},\"inLanguage\":\"de\",\"potentialAction\":[{\"@type\":\"ReadAction\",\"target\":[\"https:\\\/\\\/nord-bb.de\\\/leistungen\\\/we-drill\\\/projekte-service\\\/service-hww\\\/\"]}]},{\"@type\":\"ImageObject\",\"inLanguage\":\"de\",\"@id\":\"https:\\\/\\\/nord-bb.de\\\/leistungen\\\/we-drill\\\/projekte-service\\\/service-hww\\\/#primaryimage\",\"url\":\"https:\\\/\\\/nord-bb.de\\\/wp-content\\\/uploads\\\/2023\\\/09\\\/Service-HWW-Hamburg.jpg\",\"contentUrl\":\"https:\\\/\\\/nord-bb.de\\\/wp-content\\\/uploads\\\/2023\\\/09\\\/Service-HWW-Hamburg.jpg\"},{\"@type\":\"BreadcrumbList\",\"@id\":\"https:\\\/\\\/nord-bb.de\\\/leistungen\\\/we-drill\\\/projekte-service\\\/service-hww\\\/#breadcrumb\",\"itemListElement\":[{\"@type\":\"ListItem\",\"position\":1,\"name\":\"Startseite\",\"item\":\"https:\\\/\\\/nord-bb.de\\\/\"},{\"@type\":\"ListItem\",\"position\":2,\"name\":\"Leistungen\",\"item\":\"https:\\\/\\\/nord-bb.de\\\/leistungen\\\/\"},{\"@type\":\"ListItem\",\"position\":3,\"name\":\"WE DRILL.\",\"item\":\"https:\\\/\\\/nord-bb.de\\\/leistungen\\\/we-drill\\\/\"},{\"@type\":\"ListItem\",\"position\":4,\"name\":\"Projekte Service\",\"item\":\"https:\\\/\\\/nord-bb.de\\\/leistungen\\\/we-drill\\\/projekte-service\\\/\"},{\"@type\":\"ListItem\",\"position\":5,\"name\":\"Service HWW\"}]},{\"@type\":\"WebSite\",\"@id\":\"https:\\\/\\\/nord-bb.de\\\/de\\\/#website\",\"url\":\"https:\\\/\\\/nord-bb.de\\\/de\\\/\",\"name\":\"NORD Bohr und Brunnenbau GmbH\",\"description\":\"Die Spezialisten f\u00fcr Bohr- und Brunnenbau-Technologien\",\"potentialAction\":[{\"@type\":\"SearchAction\",\"target\":{\"@type\":\"EntryPoint\",\"urlTemplate\":\"https:\\\/\\\/nord-bb.de\\\/de\\\/?s={search_term_string}\"},\"query-input\":{\"@type\":\"PropertyValueSpecification\",\"valueRequired\":true,\"valueName\":\"search_term_string\"}}],\"inLanguage\":\"de\"}]}<\/script>\n<!-- \/ Yoast SEO plugin. -->","yoast_head_json":{"title":"Service HWW - NORD Bohr und Brunnenbau GmbH","robots":{"index":"index","follow":"follow","max-snippet":"max-snippet:-1","max-image-preview":"max-image-preview:large","max-video-preview":"max-video-preview:-1"},"canonical":"https:\/\/nord-bb.de\/de\/leistungen\/we-drill\/projekte-service\/service-hww\/","og_locale":"de_DE","og_type":"article","og_title":"Service HWW - NORD Bohr und Brunnenbau GmbH","og_description":"HWW Rahmenvertrag Hamburg Bauherr: Hamburg Wasser Ort: Hamburg Gebirgsformation: Quart\u00e4r &#8211; Terti\u00e4r Bohrverfahren: Pegelpflege \/ Reparatur Anzahl Bohrungen: ca. 250 \/ Jahr Bohrtiefe in m: 5-500 Bohrmeter gesamt:\u00a0 Bohr-\u00d8 in mm:\u00a0 Ausbaudaten: Stahl\/PVC Zweck der Bohrung: Rahmenauftrag &#8211; Pegelpflege Umbau von Br. zur GWM, Entsandungen, S\u00e4ubern mit B\u00fcrsten , HD-Technik, Absaugen von Auflandungen, Einsch\u00fcbe, Abdichtung [&hellip;]","og_url":"https:\/\/nord-bb.de\/de\/leistungen\/we-drill\/projekte-service\/service-hww\/","og_site_name":"NORD Bohr und Brunnenbau GmbH","article_modified_time":"2024-10-02T11:46:10+00:00","og_image":[{"url":"https:\/\/nord-bb.de\/wp-content\/uploads\/2023\/09\/Service-HWW-Hamburg.jpg","type":"","width":"","height":""}],"twitter_card":"summary_large_image","twitter_misc":{"Gesch\u00e4tzte Lesezeit":"1\u00a0Minute"},"schema":{"@context":"https:\/\/schema.org","@graph":[{"@type":"WebPage","@id":"https:\/\/nord-bb.de\/leistungen\/we-drill\/projekte-service\/service-hww\/","url":"https:\/\/nord-bb.de\/leistungen\/we-drill\/projekte-service\/service-hww\/","name":"Service HWW - NORD Bohr und Brunnenbau GmbH","isPartOf":{"@id":"https:\/\/nord-bb.de\/de\/#website"},"primaryImageOfPage":{"@id":"https:\/\/nord-bb.de\/leistungen\/we-drill\/projekte-service\/service-hww\/#primaryimage"},"image":{"@id":"https:\/\/nord-bb.de\/leistungen\/we-drill\/projekte-service\/service-hww\/#primaryimage"},"thumbnailUrl":"https:\/\/nord-bb.de\/wp-content\/uploads\/2023\/09\/Service-HWW-Hamburg.jpg","datePublished":"2023-09-21T11:15:01+00:00","dateModified":"2024-10-02T11:46:10+00:00","breadcrumb":{"@id":"https:\/\/nord-bb.de\/leistungen\/we-drill\/projekte-service\/service-hww\/#breadcrumb"},"inLanguage":"de","potentialAction":[{"@type":"ReadAction","target":["https:\/\/nord-bb.de\/leistungen\/we-drill\/projekte-service\/service-hww\/"]}]},{"@type":"ImageObject","inLanguage":"de","@id":"https:\/\/nord-bb.de\/leistungen\/we-drill\/projekte-service\/service-hww\/#primaryimage","url":"https:\/\/nord-bb.de\/wp-content\/uploads\/2023\/09\/Service-HWW-Hamburg.jpg","contentUrl":"https:\/\/nord-bb.de\/wp-content\/uploads\/2023\/09\/Service-HWW-Hamburg.jpg"},{"@type":"BreadcrumbList","@id":"https:\/\/nord-bb.de\/leistungen\/we-drill\/projekte-service\/service-hww\/#breadcrumb","itemListElement":[{"@type":"ListItem","position":1,"name":"Startseite","item":"https:\/\/nord-bb.de\/"},{"@type":"ListItem","position":2,"name":"Leistungen","item":"https:\/\/nord-bb.de\/leistungen\/"},{"@type":"ListItem","position":3,"name":"WE DRILL.","item":"https:\/\/nord-bb.de\/leistungen\/we-drill\/"},{"@type":"ListItem","position":4,"name":"Projekte Service","item":"https:\/\/nord-bb.de\/leistungen\/we-drill\/projekte-service\/"},{"@type":"ListItem","position":5,"name":"Service HWW"}]},{"@type":"WebSite","@id":"https:\/\/nord-bb.de\/de\/#website","url":"https:\/\/nord-bb.de\/de\/","name":"NORD Bohr und Brunnenbau GmbH","description":"Die Spezialisten f\u00fcr Bohr- und Brunnenbau-Technologien","potentialAction":[{"@type":"SearchAction","target":{"@type":"EntryPoint","urlTemplate":"https:\/\/nord-bb.de\/de\/?s={search_term_string}"},"query-input":{"@type":"PropertyValueSpecification","valueRequired":true,"valueName":"search_term_string"}}],"inLanguage":"de"}]}},"_links":{"self":[{"href":"https:\/\/nord-bb.de\/de\/wp-json\/wp\/v2\/pages\/2549","targetHints":{"allow":["GET"]}}],"collection":[{"href":"https:\/\/nord-bb.de\/de\/wp-json\/wp\/v2\/pages"}],"about":[{"href":"https:\/\/nord-bb.de\/de\/wp-json\/wp\/v2\/types\/page"}],"author":[{"embeddable":true,"href":"https:\/\/nord-bb.de\/de\/wp-json\/wp\/v2\/users\/2"}],"replies":[{"embeddable":true,"href":"https:\/\/nord-bb.de\/de\/wp-json\/wp\/v2\/comments?post=2549"}],"version-history":[{"count":23,"href":"https:\/\/nord-bb.de\/de\/wp-json\/wp\/v2\/pages\/2549\/revisions"}],"predecessor-version":[{"id":3691,"href":"https:\/\/nord-bb.de\/de\/wp-json\/wp\/v2\/pages\/2549\/revisions\/3691"}],"up":[{"embeddable":true,"href":"https:\/\/nord-bb.de\/de\/wp-json\/wp\/v2\/pages\/2563"}],"wp:attachment":[{"href":"https:\/\/nord-bb.de\/de\/wp-json\/wp\/v2\/media?parent=2549"}],"curies":[{"name":"wp","href":"https:\/\/api.w.org\/{rel}","templated":true}]}}