{"id":2556,"date":"2023-09-21T13:21:21","date_gmt":"2023-09-21T11:21:21","guid":{"rendered":"http:\/\/2024.nord-bb.de\/?page_id=2556"},"modified":"2024-10-02T13:47:38","modified_gmt":"2024-10-02T11:47:38","slug":"service-oeversee","status":"publish","type":"page","link":"https:\/\/nord-bb.de\/de\/leistungen\/we-drill\/projekte-service\/service-oeversee\/","title":{"rendered":"Service Oeversee"},"content":{"rendered":"\t\t<div data-elementor-type=\"wp-page\" data-elementor-id=\"2556\" class=\"elementor elementor-2556\" data-elementor-post-type=\"page\">\n\t\t\t\t<div class=\"elementor-element elementor-element-523ac7d e-flex e-con-boxed e-con e-parent\" data-id=\"523ac7d\" data-element_type=\"container\" data-e-type=\"container\">\n\t\t\t\t\t<div class=\"e-con-inner\">\n\t\t<div class=\"elementor-element elementor-element-e1d9d3d e-con-full e-flex e-con e-child\" data-id=\"e1d9d3d\" data-element_type=\"container\" data-e-type=\"container\">\n\t\t\t\t<div class=\"elementor-element elementor-element-f19dbc1 elementor-widget__width-initial elementor-widget-mobile__width-inherit elementor-widget elementor-widget-image\" data-id=\"f19dbc1\" data-element_type=\"widget\" data-e-type=\"widget\" data-widget_type=\"image.default\">\n\t\t\t\t<div class=\"elementor-widget-container\">\n\t\t\t\t\t\t\t\t\t\t\t\t\t\t\t\t<a href=\"https:\/\/nord-bb.de\/leistungen\/we-drill\/projekte-service\/\">\n\t\t\t\t\t\t\t<img fetchpriority=\"high\" decoding=\"async\" width=\"990\" height=\"1771\" src=\"https:\/\/nord-bb.de\/wp-content\/uploads\/2023\/09\/Service-Brunnenuntersuchung-oeversee.jpg\" class=\"attachment-full size-full wp-image-2558\" alt=\"\" srcset=\"https:\/\/nord-bb.de\/wp-content\/uploads\/2023\/09\/Service-Brunnenuntersuchung-oeversee.jpg 990w, https:\/\/nord-bb.de\/wp-content\/uploads\/2023\/09\/Service-Brunnenuntersuchung-oeversee-168x300.jpg 168w, https:\/\/nord-bb.de\/wp-content\/uploads\/2023\/09\/Service-Brunnenuntersuchung-oeversee-572x1024.jpg 572w, https:\/\/nord-bb.de\/wp-content\/uploads\/2023\/09\/Service-Brunnenuntersuchung-oeversee-768x1374.jpg 768w, https:\/\/nord-bb.de\/wp-content\/uploads\/2023\/09\/Service-Brunnenuntersuchung-oeversee-859x1536.jpg 859w, https:\/\/nord-bb.de\/wp-content\/uploads\/2023\/09\/Service-Brunnenuntersuchung-oeversee-7x12.jpg 7w\" sizes=\"(max-width: 990px) 100vw, 990px\" \/>\t\t\t\t\t\t\t\t<\/a>\n\t\t\t\t\t\t\t\t\t\t\t\t\t\t\t<\/div>\n\t\t\t\t<\/div>\n\t\t<div class=\"elementor-element elementor-element-7613d30 e-con-full e-flex e-con e-child\" data-id=\"7613d30\" data-element_type=\"container\" data-e-type=\"container\">\n\t\t<div class=\"elementor-element elementor-element-00c8bff e-con-full e-flex e-con e-child\" data-id=\"00c8bff\" data-element_type=\"container\" data-e-type=\"container\">\n\t\t<div class=\"elementor-element elementor-element-82e1a16 e-con-full e-flex e-con e-child\" data-id=\"82e1a16\" data-element_type=\"container\" data-e-type=\"container\">\n\t\t\t\t<div class=\"elementor-element elementor-element-836f245 elementor-widget__width-auto elementor-widget elementor-widget-heading\" data-id=\"836f245\" data-element_type=\"widget\" data-e-type=\"widget\" data-widget_type=\"heading.default\">\n\t\t\t\t<div class=\"elementor-widget-container\">\n\t\t\t\t\t<h2 class=\"elementor-heading-title elementor-size-default\">Brunnenuntersuchung Oeversee<\/h2>\t\t\t\t<\/div>\n\t\t\t\t<\/div>\n\t\t\t\t<div class=\"elementor-element elementor-element-dc87754 elementor-widget elementor-widget-text-editor\" data-id=\"dc87754\" data-element_type=\"widget\" data-e-type=\"widget\" data-widget_type=\"text-editor.default\">\n\t\t\t\t<div class=\"elementor-widget-container\">\n\t\t\t\t\t\t\t\t\t<p><strong>Bauherr: <\/strong>WBV Nord Oeversee<\/p><p><strong>Ort:<\/strong> Oeversee<\/p><p><strong>Gebirgsformation: <\/strong>Lockerformation<\/p><p><strong>Bohrverfahren: <\/strong>Brunnenuntersuchung Reinigung, Auflandungen<\/p><p>Anzahl Bohrungen: 8<\/p><p>Bohrtiefe in m: 283<\/p><p>Bohrmeter gesamt: 1870<\/p><p>Bohr-\u00d8 in mm: unterschiedlich<\/p><p>Ausbaudaten: unterschiedlich<\/p><p>Untersuchung von 8 Stck. Betriebswasserbrunnen beim WBV Nord in Oeversee. Bei allen Brunnen wurden die F\u00f6rderanlagen aus- und eingebaut sowie optisch mittels Unterwasserkamera befahren. Die Brunnen 3 und 8.1 wurden mechanisch gereinigt. <br \/>Bei den Brunnen 3, 7b und 8.1 wurden die Auflandungen abgesaugt sowie beim Brunnen 7b eine Teilverf\u00fcllung der Filterstrecke durchgef\u00fchrt. Am Altbrunnen 3 wurden zus\u00e4tzlich zur optischen Befahrung Ringraumkontrollmessungen ausgef\u00fchrt.<\/p>\t\t\t\t\t\t\t\t<\/div>\n\t\t\t\t<\/div>\n\t\t\t\t<\/div>\n\t\t\t\t<div class=\"elementor-element elementor-element-c76e166 elementor-widget elementor-widget-image\" data-id=\"c76e166\" data-element_type=\"widget\" data-e-type=\"widget\" data-widget_type=\"image.default\">\n\t\t\t\t<div class=\"elementor-widget-container\">\n\t\t\t\t\t\t\t\t\t\t\t\t\t\t\t\t<a href=\"https:\/\/nord-bb.de\/wp-content\/uploads\/2024\/09\/WV-Nord-WW-Oeversee-Br-7-alt-Teilverf\ufffdllung-2019-mit-BP.jpg\" target=\"_blank\">\n\t\t\t\t\t\t\t<img decoding=\"async\" src=\"https:\/\/nord-bb.de\/wp-content\/uploads\/elementor\/thumbs\/WV-Nord-WW-Oeversee-Br-7-alt-Teilverf\ufffdllung-2019-mit-BP-qvjz6rfiswa3agw91xti7lajtnirrrurnwzxaqzy5o.jpg\" title=\"WV Nord WW Oeversee Br 7 alt Teilverf\ufffdllung 2019 mit BP\" alt=\"WV Nord WW Oeversee Br 7 alt Teilverf\ufffdllung 2019 mit BP\" loading=\"lazy\" \/>\t\t\t\t\t\t\t\t<\/a>\n\t\t\t\t\t\t\t\t\t\t\t\t\t\t\t<\/div>\n\t\t\t\t<\/div>\n\t\t\t\t<\/div>\n\t\t\t\t<\/div>\n\t\t\t\t<\/div>\n\t\t\t\t\t<\/div>\n\t\t\t\t<\/div>\n\t\t\t\t<\/div>\n\t\t","protected":false},"excerpt":{"rendered":"<p>Brunnenuntersuchung Oeversee Bauherr: WBV Nord Oeversee Ort: Oeversee Gebirgsformation: Lockerformation Bohrverfahren: Brunnenuntersuchung Reinigung, Auflandungen Anzahl Bohrungen: 8 Bohrtiefe in m: 283 Bohrmeter gesamt: 1870 Bohr-\u00d8 in mm: unterschiedlich Ausbaudaten: unterschiedlich Untersuchung von 8 Stck. Betriebswasserbrunnen beim WBV Nord in Oeversee. Bei allen Brunnen wurden die F\u00f6rderanlagen aus- und eingebaut sowie optisch mittels Unterwasserkamera befahren. Die [&hellip;]<\/p>\n","protected":false},"author":2,"featured_media":0,"parent":2563,"menu_order":0,"comment_status":"closed","ping_status":"closed","template":"elementor_header_footer","meta":{"footnotes":"","_links_to":"","_links_to_target":""},"class_list":["post-2556","page","type-page","status-publish","hentry"],"yoast_head":"<!-- This site is optimized with the Yoast SEO plugin v27.4 - https:\/\/yoast.com\/product\/yoast-seo-wordpress\/ -->\n<title>Service Oeversee - NORD Bohr und Brunnenbau GmbH<\/title>\n<meta name=\"robots\" content=\"index, follow, max-snippet:-1, max-image-preview:large, max-video-preview:-1\" \/>\n<link rel=\"canonical\" href=\"https:\/\/nord-bb.de\/de\/leistungen\/we-drill\/projekte-service\/service-oeversee\/\" \/>\n<meta property=\"og:locale\" content=\"de_DE\" \/>\n<meta property=\"og:type\" content=\"article\" \/>\n<meta property=\"og:title\" content=\"Service Oeversee - NORD Bohr und Brunnenbau GmbH\" \/>\n<meta property=\"og:description\" content=\"Brunnenuntersuchung Oeversee Bauherr: WBV Nord Oeversee Ort: Oeversee Gebirgsformation: Lockerformation Bohrverfahren: Brunnenuntersuchung Reinigung, Auflandungen Anzahl Bohrungen: 8 Bohrtiefe in m: 283 Bohrmeter gesamt: 1870 Bohr-\u00d8 in mm: unterschiedlich Ausbaudaten: unterschiedlich Untersuchung von 8 Stck. Betriebswasserbrunnen beim WBV Nord in Oeversee. Bei allen Brunnen wurden die F\u00f6rderanlagen aus- und eingebaut sowie optisch mittels Unterwasserkamera befahren. Die [&hellip;]\" \/>\n<meta property=\"og:url\" content=\"https:\/\/nord-bb.de\/de\/leistungen\/we-drill\/projekte-service\/service-oeversee\/\" \/>\n<meta property=\"og:site_name\" content=\"NORD Bohr und Brunnenbau GmbH\" \/>\n<meta property=\"article:modified_time\" content=\"2024-10-02T11:47:38+00:00\" \/>\n<meta property=\"og:image\" content=\"https:\/\/nord-bb.de\/wp-content\/uploads\/2023\/09\/Service-Brunnenuntersuchung-oeversee.jpg\" \/>\n<meta name=\"twitter:card\" content=\"summary_large_image\" \/>\n<meta name=\"twitter:label1\" content=\"Gesch\u00e4tzte Lesezeit\" \/>\n\t<meta name=\"twitter:data1\" content=\"1\u00a0Minute\" \/>\n<script type=\"application\/ld+json\" class=\"yoast-schema-graph\">{\"@context\":\"https:\\\/\\\/schema.org\",\"@graph\":[{\"@type\":\"WebPage\",\"@id\":\"https:\\\/\\\/nord-bb.de\\\/leistungen\\\/we-drill\\\/projekte-service\\\/service-oeversee\\\/\",\"url\":\"https:\\\/\\\/nord-bb.de\\\/leistungen\\\/we-drill\\\/projekte-service\\\/service-oeversee\\\/\",\"name\":\"Service Oeversee - NORD Bohr und Brunnenbau GmbH\",\"isPartOf\":{\"@id\":\"https:\\\/\\\/nord-bb.de\\\/de\\\/#website\"},\"primaryImageOfPage\":{\"@id\":\"https:\\\/\\\/nord-bb.de\\\/leistungen\\\/we-drill\\\/projekte-service\\\/service-oeversee\\\/#primaryimage\"},\"image\":{\"@id\":\"https:\\\/\\\/nord-bb.de\\\/leistungen\\\/we-drill\\\/projekte-service\\\/service-oeversee\\\/#primaryimage\"},\"thumbnailUrl\":\"https:\\\/\\\/nord-bb.de\\\/wp-content\\\/uploads\\\/2023\\\/09\\\/Service-Brunnenuntersuchung-oeversee.jpg\",\"datePublished\":\"2023-09-21T11:21:21+00:00\",\"dateModified\":\"2024-10-02T11:47:38+00:00\",\"breadcrumb\":{\"@id\":\"https:\\\/\\\/nord-bb.de\\\/leistungen\\\/we-drill\\\/projekte-service\\\/service-oeversee\\\/#breadcrumb\"},\"inLanguage\":\"de\",\"potentialAction\":[{\"@type\":\"ReadAction\",\"target\":[\"https:\\\/\\\/nord-bb.de\\\/leistungen\\\/we-drill\\\/projekte-service\\\/service-oeversee\\\/\"]}]},{\"@type\":\"ImageObject\",\"inLanguage\":\"de\",\"@id\":\"https:\\\/\\\/nord-bb.de\\\/leistungen\\\/we-drill\\\/projekte-service\\\/service-oeversee\\\/#primaryimage\",\"url\":\"https:\\\/\\\/nord-bb.de\\\/wp-content\\\/uploads\\\/2023\\\/09\\\/Service-Brunnenuntersuchung-oeversee.jpg\",\"contentUrl\":\"https:\\\/\\\/nord-bb.de\\\/wp-content\\\/uploads\\\/2023\\\/09\\\/Service-Brunnenuntersuchung-oeversee.jpg\"},{\"@type\":\"BreadcrumbList\",\"@id\":\"https:\\\/\\\/nord-bb.de\\\/leistungen\\\/we-drill\\\/projekte-service\\\/service-oeversee\\\/#breadcrumb\",\"itemListElement\":[{\"@type\":\"ListItem\",\"position\":1,\"name\":\"Startseite\",\"item\":\"https:\\\/\\\/nord-bb.de\\\/\"},{\"@type\":\"ListItem\",\"position\":2,\"name\":\"Leistungen\",\"item\":\"https:\\\/\\\/nord-bb.de\\\/leistungen\\\/\"},{\"@type\":\"ListItem\",\"position\":3,\"name\":\"WE DRILL.\",\"item\":\"https:\\\/\\\/nord-bb.de\\\/leistungen\\\/we-drill\\\/\"},{\"@type\":\"ListItem\",\"position\":4,\"name\":\"Projekte Service\",\"item\":\"https:\\\/\\\/nord-bb.de\\\/leistungen\\\/we-drill\\\/projekte-service\\\/\"},{\"@type\":\"ListItem\",\"position\":5,\"name\":\"Service Oeversee\"}]},{\"@type\":\"WebSite\",\"@id\":\"https:\\\/\\\/nord-bb.de\\\/de\\\/#website\",\"url\":\"https:\\\/\\\/nord-bb.de\\\/de\\\/\",\"name\":\"NORD Bohr und Brunnenbau GmbH\",\"description\":\"Die Spezialisten f\u00fcr Bohr- und Brunnenbau-Technologien\",\"potentialAction\":[{\"@type\":\"SearchAction\",\"target\":{\"@type\":\"EntryPoint\",\"urlTemplate\":\"https:\\\/\\\/nord-bb.de\\\/de\\\/?s={search_term_string}\"},\"query-input\":{\"@type\":\"PropertyValueSpecification\",\"valueRequired\":true,\"valueName\":\"search_term_string\"}}],\"inLanguage\":\"de\"}]}<\/script>\n<!-- \/ Yoast SEO plugin. -->","yoast_head_json":{"title":"Service Oeversee - NORD Bohr und Brunnenbau GmbH","robots":{"index":"index","follow":"follow","max-snippet":"max-snippet:-1","max-image-preview":"max-image-preview:large","max-video-preview":"max-video-preview:-1"},"canonical":"https:\/\/nord-bb.de\/de\/leistungen\/we-drill\/projekte-service\/service-oeversee\/","og_locale":"de_DE","og_type":"article","og_title":"Service Oeversee - NORD Bohr und Brunnenbau GmbH","og_description":"Brunnenuntersuchung Oeversee Bauherr: WBV Nord Oeversee Ort: Oeversee Gebirgsformation: Lockerformation Bohrverfahren: Brunnenuntersuchung Reinigung, Auflandungen Anzahl Bohrungen: 8 Bohrtiefe in m: 283 Bohrmeter gesamt: 1870 Bohr-\u00d8 in mm: unterschiedlich Ausbaudaten: unterschiedlich Untersuchung von 8 Stck. Betriebswasserbrunnen beim WBV Nord in Oeversee. Bei allen Brunnen wurden die F\u00f6rderanlagen aus- und eingebaut sowie optisch mittels Unterwasserkamera befahren. Die [&hellip;]","og_url":"https:\/\/nord-bb.de\/de\/leistungen\/we-drill\/projekte-service\/service-oeversee\/","og_site_name":"NORD Bohr und Brunnenbau GmbH","article_modified_time":"2024-10-02T11:47:38+00:00","og_image":[{"url":"https:\/\/nord-bb.de\/wp-content\/uploads\/2023\/09\/Service-Brunnenuntersuchung-oeversee.jpg","type":"","width":"","height":""}],"twitter_card":"summary_large_image","twitter_misc":{"Gesch\u00e4tzte Lesezeit":"1\u00a0Minute"},"schema":{"@context":"https:\/\/schema.org","@graph":[{"@type":"WebPage","@id":"https:\/\/nord-bb.de\/leistungen\/we-drill\/projekte-service\/service-oeversee\/","url":"https:\/\/nord-bb.de\/leistungen\/we-drill\/projekte-service\/service-oeversee\/","name":"Service Oeversee - NORD Bohr und Brunnenbau GmbH","isPartOf":{"@id":"https:\/\/nord-bb.de\/de\/#website"},"primaryImageOfPage":{"@id":"https:\/\/nord-bb.de\/leistungen\/we-drill\/projekte-service\/service-oeversee\/#primaryimage"},"image":{"@id":"https:\/\/nord-bb.de\/leistungen\/we-drill\/projekte-service\/service-oeversee\/#primaryimage"},"thumbnailUrl":"https:\/\/nord-bb.de\/wp-content\/uploads\/2023\/09\/Service-Brunnenuntersuchung-oeversee.jpg","datePublished":"2023-09-21T11:21:21+00:00","dateModified":"2024-10-02T11:47:38+00:00","breadcrumb":{"@id":"https:\/\/nord-bb.de\/leistungen\/we-drill\/projekte-service\/service-oeversee\/#breadcrumb"},"inLanguage":"de","potentialAction":[{"@type":"ReadAction","target":["https:\/\/nord-bb.de\/leistungen\/we-drill\/projekte-service\/service-oeversee\/"]}]},{"@type":"ImageObject","inLanguage":"de","@id":"https:\/\/nord-bb.de\/leistungen\/we-drill\/projekte-service\/service-oeversee\/#primaryimage","url":"https:\/\/nord-bb.de\/wp-content\/uploads\/2023\/09\/Service-Brunnenuntersuchung-oeversee.jpg","contentUrl":"https:\/\/nord-bb.de\/wp-content\/uploads\/2023\/09\/Service-Brunnenuntersuchung-oeversee.jpg"},{"@type":"BreadcrumbList","@id":"https:\/\/nord-bb.de\/leistungen\/we-drill\/projekte-service\/service-oeversee\/#breadcrumb","itemListElement":[{"@type":"ListItem","position":1,"name":"Startseite","item":"https:\/\/nord-bb.de\/"},{"@type":"ListItem","position":2,"name":"Leistungen","item":"https:\/\/nord-bb.de\/leistungen\/"},{"@type":"ListItem","position":3,"name":"WE DRILL.","item":"https:\/\/nord-bb.de\/leistungen\/we-drill\/"},{"@type":"ListItem","position":4,"name":"Projekte Service","item":"https:\/\/nord-bb.de\/leistungen\/we-drill\/projekte-service\/"},{"@type":"ListItem","position":5,"name":"Service Oeversee"}]},{"@type":"WebSite","@id":"https:\/\/nord-bb.de\/de\/#website","url":"https:\/\/nord-bb.de\/de\/","name":"NORD Bohr und Brunnenbau GmbH","description":"Die Spezialisten f\u00fcr Bohr- und Brunnenbau-Technologien","potentialAction":[{"@type":"SearchAction","target":{"@type":"EntryPoint","urlTemplate":"https:\/\/nord-bb.de\/de\/?s={search_term_string}"},"query-input":{"@type":"PropertyValueSpecification","valueRequired":true,"valueName":"search_term_string"}}],"inLanguage":"de"}]}},"_links":{"self":[{"href":"https:\/\/nord-bb.de\/de\/wp-json\/wp\/v2\/pages\/2556","targetHints":{"allow":["GET"]}}],"collection":[{"href":"https:\/\/nord-bb.de\/de\/wp-json\/wp\/v2\/pages"}],"about":[{"href":"https:\/\/nord-bb.de\/de\/wp-json\/wp\/v2\/types\/page"}],"author":[{"embeddable":true,"href":"https:\/\/nord-bb.de\/de\/wp-json\/wp\/v2\/users\/2"}],"replies":[{"embeddable":true,"href":"https:\/\/nord-bb.de\/de\/wp-json\/wp\/v2\/comments?post=2556"}],"version-history":[{"count":20,"href":"https:\/\/nord-bb.de\/de\/wp-json\/wp\/v2\/pages\/2556\/revisions"}],"predecessor-version":[{"id":3694,"href":"https:\/\/nord-bb.de\/de\/wp-json\/wp\/v2\/pages\/2556\/revisions\/3694"}],"up":[{"embeddable":true,"href":"https:\/\/nord-bb.de\/de\/wp-json\/wp\/v2\/pages\/2563"}],"wp:attachment":[{"href":"https:\/\/nord-bb.de\/de\/wp-json\/wp\/v2\/media?parent=2556"}],"curies":[{"name":"wp","href":"https:\/\/api.w.org\/{rel}","templated":true}]}}