{"id":2607,"date":"2023-09-21T14:45:36","date_gmt":"2023-09-21T12:45:36","guid":{"rendered":"http:\/\/2024.nord-bb.de\/?page_id=2607"},"modified":"2024-09-04T15:35:03","modified_gmt":"2024-09-04T13:35:03","slug":"messstellenbau-tornesch","status":"publish","type":"page","link":"https:\/\/nord-bb.de\/de\/leistungen\/we-explore\/projekte-we-explore\/messstellenbau-tornesch\/","title":{"rendered":"Messstellenbau Quickborn"},"content":{"rendered":"\t\t<div data-elementor-type=\"wp-page\" data-elementor-id=\"2607\" class=\"elementor elementor-2607\" data-elementor-post-type=\"page\">\n\t\t\t\t<div class=\"elementor-element elementor-element-0e51565 e-flex e-con-boxed e-con e-parent\" data-id=\"0e51565\" data-element_type=\"container\" data-e-type=\"container\">\n\t\t\t\t\t<div class=\"e-con-inner\">\n\t\t<div class=\"elementor-element elementor-element-46648a5 e-con-full e-flex e-con e-child\" data-id=\"46648a5\" data-element_type=\"container\" data-e-type=\"container\">\n\t\t\t\t<div class=\"elementor-element elementor-element-c0f563d elementor-widget__width-initial elementor-widget-mobile__width-inherit elementor-widget elementor-widget-image\" data-id=\"c0f563d\" data-element_type=\"widget\" data-e-type=\"widget\" data-widget_type=\"image.default\">\n\t\t\t\t<div class=\"elementor-widget-container\">\n\t\t\t\t\t\t\t\t\t\t\t\t\t\t\t\t<a href=\"https:\/\/nord-bb.de\/leistungen\/we-explore\/projekte-we-explore\/\">\n\t\t\t\t\t\t\t<img fetchpriority=\"high\" decoding=\"async\" width=\"990\" height=\"1771\" src=\"https:\/\/nord-bb.de\/wp-content\/uploads\/2023\/09\/Mess-Flintbek-Quickborn.jpg\" class=\"attachment-full size-full wp-image-2610\" alt=\"\" srcset=\"https:\/\/nord-bb.de\/wp-content\/uploads\/2023\/09\/Mess-Flintbek-Quickborn.jpg 990w, https:\/\/nord-bb.de\/wp-content\/uploads\/2023\/09\/Mess-Flintbek-Quickborn-168x300.jpg 168w, https:\/\/nord-bb.de\/wp-content\/uploads\/2023\/09\/Mess-Flintbek-Quickborn-572x1024.jpg 572w, https:\/\/nord-bb.de\/wp-content\/uploads\/2023\/09\/Mess-Flintbek-Quickborn-768x1374.jpg 768w, https:\/\/nord-bb.de\/wp-content\/uploads\/2023\/09\/Mess-Flintbek-Quickborn-859x1536.jpg 859w, https:\/\/nord-bb.de\/wp-content\/uploads\/2023\/09\/Mess-Flintbek-Quickborn-7x12.jpg 7w\" sizes=\"(max-width: 990px) 100vw, 990px\" \/>\t\t\t\t\t\t\t\t<\/a>\n\t\t\t\t\t\t\t\t\t\t\t\t\t\t\t<\/div>\n\t\t\t\t<\/div>\n\t\t<div class=\"elementor-element elementor-element-f1b4548 e-con-full e-flex e-con e-child\" data-id=\"f1b4548\" data-element_type=\"container\" data-e-type=\"container\">\n\t\t<div class=\"elementor-element elementor-element-824f298 e-con-full e-flex e-con e-child\" data-id=\"824f298\" data-element_type=\"container\" data-e-type=\"container\">\n\t\t<div class=\"elementor-element elementor-element-6ae81d7 e-con-full e-flex e-con e-child\" data-id=\"6ae81d7\" data-element_type=\"container\" data-e-type=\"container\">\n\t\t\t\t<div class=\"elementor-element elementor-element-70371ed elementor-widget__width-auto elementor-widget elementor-widget-heading\" data-id=\"70371ed\" data-element_type=\"widget\" data-e-type=\"widget\" data-widget_type=\"heading.default\">\n\t\t\t\t<div class=\"elementor-widget-container\">\n\t\t\t\t\t<h2 class=\"elementor-heading-title elementor-size-default\">Quickborn | Flintbek<\/h2>\t\t\t\t<\/div>\n\t\t\t\t<\/div>\n\t\t\t\t<div class=\"elementor-element elementor-element-c39f811 elementor-widget elementor-widget-text-editor\" data-id=\"c39f811\" data-element_type=\"widget\" data-e-type=\"widget\" data-widget_type=\"text-editor.default\">\n\t\t\t\t<div class=\"elementor-widget-container\">\n\t\t\t\t\t\t\t\t\t<p><strong>Bauherr:<\/strong>Landesamt Flintbek<\/p><p><strong>Ort:<\/strong> Quickborn<\/p><p><strong>Gebirgsformation: <\/strong>Salzstockerkundung<\/p><p><strong>Bohrverfahren:<\/strong>Trocken \/ Dr\u00fccksp\u00fclbohrung, Rammkernbohrung, RKR. R, CS<\/p><p>Anzahl Bohrungen: 3<\/p><p>Bohrtiefe in m: 109<\/p><p>Bohrmeter gesamt: 284,5<\/p><p>Bohr-\u00d8 in mm: 324\/273\/178\/146<\/p><p>Ausbaudaten: DN 125\/65 Norip<\/p><p>Zweck der Bohrung:<\/p><p>Niederbringung von 3 Stck. Erkundungs &#8211; bohrungen auf dem Salzstock in Quickborn, Rammkern &#8211; , &#8211; RKR und &#8211; CSK &#8211; Kern- Gewinnung,<br \/>Ausbau der drei Bohrungen zu Induktionsmessstellen.<br \/>AB Ziegenweg,<br \/>AB Heidkampstra\u00dfe,<br \/>AB Renzelerstra\u00dfe.<\/p><p>Abteufen von 3 Stck. Salzstock &#8211; Erkundungsbohrungen im Trocken &#8211; und Drucksp\u00fcl &#8211; Bohrverfahren mit Rammkern &#8211; , &#8211; RKR &#8211; und &#8211; CSK &#8211; Kerngewinnung und anschlie\u00dfendem Ausbau zu Induktionsmessstellen. Die Bohrungen wurden mit Aufsatzrohren DN 125 \/ 65 Fabrikat Norip ausgebaut. Die Ringraumverpressung erfolgte \u00fcber ein Zementierst\u00fcck mit Thermocem. Ab Ziegenweg und AB Heidkampstra\u00dfe wurden zur\u00fcckgebaut.<\/p>\t\t\t\t\t\t\t\t<\/div>\n\t\t\t\t<\/div>\n\t\t\t\t<\/div>\n\t\t\t\t<div class=\"elementor-element elementor-element-c1604f4 elementor-widget elementor-widget-image\" data-id=\"c1604f4\" data-element_type=\"widget\" data-e-type=\"widget\" data-widget_type=\"image.default\">\n\t\t\t\t<div class=\"elementor-widget-container\">\n\t\t\t\t\t\t\t\t\t\t\t\t\t\t\t\t<a href=\"https:\/\/nord-bb.de\/wp-content\/uploads\/2024\/09\/LLUR-Quickborn-B-2-Ziegenweg.jpg\" target=\"_blank\">\n\t\t\t\t\t\t\t<img decoding=\"async\" src=\"https:\/\/nord-bb.de\/wp-content\/uploads\/elementor\/thumbs\/LLUR-Quickborn-B-2-Ziegenweg-qvjz6rfiswa3agw91xti7lajtnirrrurnwzxaqzy5o.jpg\" title=\"LLUR Quickborn B 2 Ziegenweg\" alt=\"LLUR Quickborn B 2 Ziegenweg\" loading=\"lazy\" \/>\t\t\t\t\t\t\t\t<\/a>\n\t\t\t\t\t\t\t\t\t\t\t\t\t\t\t<\/div>\n\t\t\t\t<\/div>\n\t\t\t\t<\/div>\n\t\t\t\t<\/div>\n\t\t\t\t<\/div>\n\t\t\t\t\t<\/div>\n\t\t\t\t<\/div>\n\t\t\t\t<\/div>\n\t\t","protected":false},"excerpt":{"rendered":"<p>Quickborn | Flintbek Bauherr:Landesamt Flintbek Ort: Quickborn Gebirgsformation: Salzstockerkundung Bohrverfahren:Trocken \/ Dr\u00fccksp\u00fclbohrung, Rammkernbohrung, RKR. R, CS Anzahl Bohrungen: 3 Bohrtiefe in m: 109 Bohrmeter gesamt: 284,5 Bohr-\u00d8 in mm: 324\/273\/178\/146 Ausbaudaten: DN 125\/65 Norip Zweck der Bohrung: Niederbringung von 3 Stck. Erkundungs &#8211; bohrungen auf dem Salzstock in Quickborn, Rammkern &#8211; , &#8211; RKR und [&hellip;]<\/p>\n","protected":false},"author":2,"featured_media":0,"parent":2319,"menu_order":0,"comment_status":"closed","ping_status":"closed","template":"elementor_header_footer","meta":{"footnotes":"","_links_to":"","_links_to_target":""},"class_list":["post-2607","page","type-page","status-publish","hentry"],"yoast_head":"<!-- This site is optimized with the Yoast SEO plugin v27.4 - https:\/\/yoast.com\/product\/yoast-seo-wordpress\/ -->\n<title>Messstellenbau Quickborn - NORD Bohr und Brunnenbau GmbH<\/title>\n<meta name=\"robots\" content=\"index, follow, max-snippet:-1, max-image-preview:large, max-video-preview:-1\" \/>\n<link rel=\"canonical\" href=\"https:\/\/nord-bb.de\/de\/leistungen\/we-explore\/projekte-we-explore\/messstellenbau-tornesch\/\" \/>\n<meta property=\"og:locale\" content=\"de_DE\" \/>\n<meta property=\"og:type\" content=\"article\" \/>\n<meta property=\"og:title\" content=\"Messstellenbau Quickborn - NORD Bohr und Brunnenbau GmbH\" \/>\n<meta property=\"og:description\" content=\"Quickborn | Flintbek Bauherr:Landesamt Flintbek Ort: Quickborn Gebirgsformation: Salzstockerkundung Bohrverfahren:Trocken \/ Dr\u00fccksp\u00fclbohrung, Rammkernbohrung, RKR. R, CS Anzahl Bohrungen: 3 Bohrtiefe in m: 109 Bohrmeter gesamt: 284,5 Bohr-\u00d8 in mm: 324\/273\/178\/146 Ausbaudaten: DN 125\/65 Norip Zweck der Bohrung: Niederbringung von 3 Stck. Erkundungs &#8211; bohrungen auf dem Salzstock in Quickborn, Rammkern &#8211; , &#8211; RKR und [&hellip;]\" \/>\n<meta property=\"og:url\" content=\"https:\/\/nord-bb.de\/de\/leistungen\/we-explore\/projekte-we-explore\/messstellenbau-tornesch\/\" \/>\n<meta property=\"og:site_name\" content=\"NORD Bohr und Brunnenbau GmbH\" \/>\n<meta property=\"article:modified_time\" content=\"2024-09-04T13:35:03+00:00\" \/>\n<meta property=\"og:image\" content=\"https:\/\/nord-bb.de\/wp-content\/uploads\/2023\/09\/Mess-Flintbek-Quickborn.jpg\" \/>\n<meta name=\"twitter:card\" content=\"summary_large_image\" \/>\n<meta name=\"twitter:label1\" content=\"Gesch\u00e4tzte Lesezeit\" \/>\n\t<meta name=\"twitter:data1\" content=\"2\u00a0Minuten\" \/>\n<script type=\"application\/ld+json\" class=\"yoast-schema-graph\">{\"@context\":\"https:\\\/\\\/schema.org\",\"@graph\":[{\"@type\":\"WebPage\",\"@id\":\"https:\\\/\\\/nord-bb.de\\\/leistungen\\\/we-explore\\\/projekte-we-explore\\\/messstellenbau-tornesch\\\/\",\"url\":\"https:\\\/\\\/nord-bb.de\\\/leistungen\\\/we-explore\\\/projekte-we-explore\\\/messstellenbau-tornesch\\\/\",\"name\":\"Messstellenbau Quickborn - NORD Bohr und Brunnenbau GmbH\",\"isPartOf\":{\"@id\":\"https:\\\/\\\/nord-bb.de\\\/de\\\/#website\"},\"primaryImageOfPage\":{\"@id\":\"https:\\\/\\\/nord-bb.de\\\/leistungen\\\/we-explore\\\/projekte-we-explore\\\/messstellenbau-tornesch\\\/#primaryimage\"},\"image\":{\"@id\":\"https:\\\/\\\/nord-bb.de\\\/leistungen\\\/we-explore\\\/projekte-we-explore\\\/messstellenbau-tornesch\\\/#primaryimage\"},\"thumbnailUrl\":\"https:\\\/\\\/nord-bb.de\\\/wp-content\\\/uploads\\\/2023\\\/09\\\/Mess-Flintbek-Quickborn.jpg\",\"datePublished\":\"2023-09-21T12:45:36+00:00\",\"dateModified\":\"2024-09-04T13:35:03+00:00\",\"breadcrumb\":{\"@id\":\"https:\\\/\\\/nord-bb.de\\\/leistungen\\\/we-explore\\\/projekte-we-explore\\\/messstellenbau-tornesch\\\/#breadcrumb\"},\"inLanguage\":\"de\",\"potentialAction\":[{\"@type\":\"ReadAction\",\"target\":[\"https:\\\/\\\/nord-bb.de\\\/leistungen\\\/we-explore\\\/projekte-we-explore\\\/messstellenbau-tornesch\\\/\"]}]},{\"@type\":\"ImageObject\",\"inLanguage\":\"de\",\"@id\":\"https:\\\/\\\/nord-bb.de\\\/leistungen\\\/we-explore\\\/projekte-we-explore\\\/messstellenbau-tornesch\\\/#primaryimage\",\"url\":\"https:\\\/\\\/nord-bb.de\\\/wp-content\\\/uploads\\\/2023\\\/09\\\/Mess-Flintbek-Quickborn.jpg\",\"contentUrl\":\"https:\\\/\\\/nord-bb.de\\\/wp-content\\\/uploads\\\/2023\\\/09\\\/Mess-Flintbek-Quickborn.jpg\"},{\"@type\":\"BreadcrumbList\",\"@id\":\"https:\\\/\\\/nord-bb.de\\\/leistungen\\\/we-explore\\\/projekte-we-explore\\\/messstellenbau-tornesch\\\/#breadcrumb\",\"itemListElement\":[{\"@type\":\"ListItem\",\"position\":1,\"name\":\"Startseite\",\"item\":\"https:\\\/\\\/nord-bb.de\\\/\"},{\"@type\":\"ListItem\",\"position\":2,\"name\":\"Leistungen\",\"item\":\"https:\\\/\\\/nord-bb.de\\\/leistungen\\\/\"},{\"@type\":\"ListItem\",\"position\":3,\"name\":\"WE EXPLORE.\",\"item\":\"https:\\\/\\\/nord-bb.de\\\/leistungen\\\/we-explore\\\/\"},{\"@type\":\"ListItem\",\"position\":4,\"name\":\"Projekte Messstellenbau\",\"item\":\"https:\\\/\\\/nord-bb.de\\\/leistungen\\\/we-explore\\\/projekte-we-explore\\\/\"},{\"@type\":\"ListItem\",\"position\":5,\"name\":\"Messstellenbau Quickborn\"}]},{\"@type\":\"WebSite\",\"@id\":\"https:\\\/\\\/nord-bb.de\\\/de\\\/#website\",\"url\":\"https:\\\/\\\/nord-bb.de\\\/de\\\/\",\"name\":\"NORD Bohr und Brunnenbau GmbH\",\"description\":\"Die Spezialisten f\u00fcr Bohr- und Brunnenbau-Technologien\",\"potentialAction\":[{\"@type\":\"SearchAction\",\"target\":{\"@type\":\"EntryPoint\",\"urlTemplate\":\"https:\\\/\\\/nord-bb.de\\\/de\\\/?s={search_term_string}\"},\"query-input\":{\"@type\":\"PropertyValueSpecification\",\"valueRequired\":true,\"valueName\":\"search_term_string\"}}],\"inLanguage\":\"de\"}]}<\/script>\n<!-- \/ Yoast SEO plugin. -->","yoast_head_json":{"title":"Messstellenbau Quickborn - NORD Bohr und Brunnenbau GmbH","robots":{"index":"index","follow":"follow","max-snippet":"max-snippet:-1","max-image-preview":"max-image-preview:large","max-video-preview":"max-video-preview:-1"},"canonical":"https:\/\/nord-bb.de\/de\/leistungen\/we-explore\/projekte-we-explore\/messstellenbau-tornesch\/","og_locale":"de_DE","og_type":"article","og_title":"Messstellenbau Quickborn - NORD Bohr und Brunnenbau GmbH","og_description":"Quickborn | Flintbek Bauherr:Landesamt Flintbek Ort: Quickborn Gebirgsformation: Salzstockerkundung Bohrverfahren:Trocken \/ Dr\u00fccksp\u00fclbohrung, Rammkernbohrung, RKR. R, CS Anzahl Bohrungen: 3 Bohrtiefe in m: 109 Bohrmeter gesamt: 284,5 Bohr-\u00d8 in mm: 324\/273\/178\/146 Ausbaudaten: DN 125\/65 Norip Zweck der Bohrung: Niederbringung von 3 Stck. Erkundungs &#8211; bohrungen auf dem Salzstock in Quickborn, Rammkern &#8211; , &#8211; RKR und [&hellip;]","og_url":"https:\/\/nord-bb.de\/de\/leistungen\/we-explore\/projekte-we-explore\/messstellenbau-tornesch\/","og_site_name":"NORD Bohr und Brunnenbau GmbH","article_modified_time":"2024-09-04T13:35:03+00:00","og_image":[{"url":"https:\/\/nord-bb.de\/wp-content\/uploads\/2023\/09\/Mess-Flintbek-Quickborn.jpg","type":"","width":"","height":""}],"twitter_card":"summary_large_image","twitter_misc":{"Gesch\u00e4tzte Lesezeit":"2\u00a0Minuten"},"schema":{"@context":"https:\/\/schema.org","@graph":[{"@type":"WebPage","@id":"https:\/\/nord-bb.de\/leistungen\/we-explore\/projekte-we-explore\/messstellenbau-tornesch\/","url":"https:\/\/nord-bb.de\/leistungen\/we-explore\/projekte-we-explore\/messstellenbau-tornesch\/","name":"Messstellenbau Quickborn - NORD Bohr und Brunnenbau GmbH","isPartOf":{"@id":"https:\/\/nord-bb.de\/de\/#website"},"primaryImageOfPage":{"@id":"https:\/\/nord-bb.de\/leistungen\/we-explore\/projekte-we-explore\/messstellenbau-tornesch\/#primaryimage"},"image":{"@id":"https:\/\/nord-bb.de\/leistungen\/we-explore\/projekte-we-explore\/messstellenbau-tornesch\/#primaryimage"},"thumbnailUrl":"https:\/\/nord-bb.de\/wp-content\/uploads\/2023\/09\/Mess-Flintbek-Quickborn.jpg","datePublished":"2023-09-21T12:45:36+00:00","dateModified":"2024-09-04T13:35:03+00:00","breadcrumb":{"@id":"https:\/\/nord-bb.de\/leistungen\/we-explore\/projekte-we-explore\/messstellenbau-tornesch\/#breadcrumb"},"inLanguage":"de","potentialAction":[{"@type":"ReadAction","target":["https:\/\/nord-bb.de\/leistungen\/we-explore\/projekte-we-explore\/messstellenbau-tornesch\/"]}]},{"@type":"ImageObject","inLanguage":"de","@id":"https:\/\/nord-bb.de\/leistungen\/we-explore\/projekte-we-explore\/messstellenbau-tornesch\/#primaryimage","url":"https:\/\/nord-bb.de\/wp-content\/uploads\/2023\/09\/Mess-Flintbek-Quickborn.jpg","contentUrl":"https:\/\/nord-bb.de\/wp-content\/uploads\/2023\/09\/Mess-Flintbek-Quickborn.jpg"},{"@type":"BreadcrumbList","@id":"https:\/\/nord-bb.de\/leistungen\/we-explore\/projekte-we-explore\/messstellenbau-tornesch\/#breadcrumb","itemListElement":[{"@type":"ListItem","position":1,"name":"Startseite","item":"https:\/\/nord-bb.de\/"},{"@type":"ListItem","position":2,"name":"Leistungen","item":"https:\/\/nord-bb.de\/leistungen\/"},{"@type":"ListItem","position":3,"name":"WE EXPLORE.","item":"https:\/\/nord-bb.de\/leistungen\/we-explore\/"},{"@type":"ListItem","position":4,"name":"Projekte Messstellenbau","item":"https:\/\/nord-bb.de\/leistungen\/we-explore\/projekte-we-explore\/"},{"@type":"ListItem","position":5,"name":"Messstellenbau Quickborn"}]},{"@type":"WebSite","@id":"https:\/\/nord-bb.de\/de\/#website","url":"https:\/\/nord-bb.de\/de\/","name":"NORD Bohr und Brunnenbau GmbH","description":"Die Spezialisten f\u00fcr Bohr- und Brunnenbau-Technologien","potentialAction":[{"@type":"SearchAction","target":{"@type":"EntryPoint","urlTemplate":"https:\/\/nord-bb.de\/de\/?s={search_term_string}"},"query-input":{"@type":"PropertyValueSpecification","valueRequired":true,"valueName":"search_term_string"}}],"inLanguage":"de"}]}},"_links":{"self":[{"href":"https:\/\/nord-bb.de\/de\/wp-json\/wp\/v2\/pages\/2607","targetHints":{"allow":["GET"]}}],"collection":[{"href":"https:\/\/nord-bb.de\/de\/wp-json\/wp\/v2\/pages"}],"about":[{"href":"https:\/\/nord-bb.de\/de\/wp-json\/wp\/v2\/types\/page"}],"author":[{"embeddable":true,"href":"https:\/\/nord-bb.de\/de\/wp-json\/wp\/v2\/users\/2"}],"replies":[{"embeddable":true,"href":"https:\/\/nord-bb.de\/de\/wp-json\/wp\/v2\/comments?post=2607"}],"version-history":[{"count":23,"href":"https:\/\/nord-bb.de\/de\/wp-json\/wp\/v2\/pages\/2607\/revisions"}],"predecessor-version":[{"id":3611,"href":"https:\/\/nord-bb.de\/de\/wp-json\/wp\/v2\/pages\/2607\/revisions\/3611"}],"up":[{"embeddable":true,"href":"https:\/\/nord-bb.de\/de\/wp-json\/wp\/v2\/pages\/2319"}],"wp:attachment":[{"href":"https:\/\/nord-bb.de\/de\/wp-json\/wp\/v2\/media?parent=2607"}],"curies":[{"name":"wp","href":"https:\/\/api.w.org\/{rel}","templated":true}]}}