{"id":2615,"date":"2023-09-21T14:54:55","date_gmt":"2023-09-21T12:54:55","guid":{"rendered":"http:\/\/2024.nord-bb.de\/?page_id=2615"},"modified":"2024-10-11T13:23:09","modified_gmt":"2024-10-11T11:23:09","slug":"erkundung-elbtower","status":"publish","type":"page","link":"https:\/\/nord-bb.de\/de\/leistungen\/we-explore\/projekt-erkundungen\/erkundung-elbtower\/","title":{"rendered":"Erkundung Elbtower"},"content":{"rendered":"\t\t<div data-elementor-type=\"wp-page\" data-elementor-id=\"2615\" class=\"elementor elementor-2615\" data-elementor-post-type=\"page\">\n\t\t\t\t<div class=\"elementor-element elementor-element-bb4f813 e-flex e-con-boxed e-con e-parent\" data-id=\"bb4f813\" data-element_type=\"container\" data-e-type=\"container\">\n\t\t\t\t\t<div class=\"e-con-inner\">\n\t\t<div class=\"elementor-element elementor-element-2fc9581 e-con-full e-flex e-con e-child\" data-id=\"2fc9581\" data-element_type=\"container\" data-e-type=\"container\">\n\t\t\t\t<div class=\"elementor-element elementor-element-951c779 elementor-widget__width-initial elementor-widget-mobile__width-inherit elementor-widget elementor-widget-image\" data-id=\"951c779\" data-element_type=\"widget\" data-e-type=\"widget\" data-widget_type=\"image.default\">\n\t\t\t\t<div class=\"elementor-widget-container\">\n\t\t\t\t\t\t\t\t\t\t\t\t\t\t\t\t<a href=\"https:\/\/nord-bb.de\/leistungen\/we-explore\/projekt-erkundungen\/\">\n\t\t\t\t\t\t\t<img fetchpriority=\"high\" decoding=\"async\" width=\"990\" height=\"1771\" src=\"https:\/\/nord-bb.de\/wp-content\/uploads\/2023\/09\/Erkund-Elbtower.jpg\" class=\"attachment-full size-full wp-image-2617\" alt=\"\" srcset=\"https:\/\/nord-bb.de\/wp-content\/uploads\/2023\/09\/Erkund-Elbtower.jpg 990w, https:\/\/nord-bb.de\/wp-content\/uploads\/2023\/09\/Erkund-Elbtower-168x300.jpg 168w, https:\/\/nord-bb.de\/wp-content\/uploads\/2023\/09\/Erkund-Elbtower-572x1024.jpg 572w, https:\/\/nord-bb.de\/wp-content\/uploads\/2023\/09\/Erkund-Elbtower-768x1374.jpg 768w, https:\/\/nord-bb.de\/wp-content\/uploads\/2023\/09\/Erkund-Elbtower-859x1536.jpg 859w, https:\/\/nord-bb.de\/wp-content\/uploads\/2023\/09\/Erkund-Elbtower-7x12.jpg 7w\" sizes=\"(max-width: 990px) 100vw, 990px\" \/>\t\t\t\t\t\t\t\t<\/a>\n\t\t\t\t\t\t\t\t\t\t\t\t\t\t\t<\/div>\n\t\t\t\t<\/div>\n\t\t<div class=\"elementor-element elementor-element-66daa82 e-con-full e-flex e-con e-child\" data-id=\"66daa82\" data-element_type=\"container\" data-e-type=\"container\">\n\t\t<div class=\"elementor-element elementor-element-89ae7e5 e-con-full e-flex e-con e-child\" data-id=\"89ae7e5\" data-element_type=\"container\" data-e-type=\"container\">\n\t\t<div class=\"elementor-element elementor-element-1b66547 e-con-full e-flex e-con e-child\" data-id=\"1b66547\" data-element_type=\"container\" data-e-type=\"container\">\n\t\t\t\t<div class=\"elementor-element elementor-element-e0a84d9 elementor-widget__width-auto elementor-widget elementor-widget-heading\" data-id=\"e0a84d9\" data-element_type=\"widget\" data-e-type=\"widget\" data-widget_type=\"heading.default\">\n\t\t\t\t<div class=\"elementor-widget-container\">\n\t\t\t\t\t<h2 class=\"elementor-heading-title elementor-size-default\">Hamburg | Elbtower<\/h2>\t\t\t\t<\/div>\n\t\t\t\t<\/div>\n\t\t\t\t<div class=\"elementor-element elementor-element-071f773 elementor-widget elementor-widget-text-editor\" data-id=\"071f773\" data-element_type=\"widget\" data-e-type=\"widget\" data-widget_type=\"text-editor.default\">\n\t\t\t\t<div class=\"elementor-widget-container\">\n\t\t\t\t\t\t\t\t\t<p><strong>Bauherr:<\/strong> SIGNA Real Estate Management Germany GmbH<\/p><p><strong>Ort:<\/strong> Hamburg<\/p><p><strong>Gebirgsformation: <\/strong>Lockerformation<\/p><p><strong>Bohrverfahren:<\/strong>Trocken-u.Drucksp\u00fclbohrung, Kernung RKR<\/p><p>Anzahl Bohrungen: 30<\/p><p>Bohrtiefe in m: 100<\/p><p>Bohrmeter gesamt: 800<\/p><p>Bohr-\u00d8 in mm: 324\/178\/180<\/p><p>Ausbaudaten: DN 100\/K\/65\/Norip<\/p><p>Zweck der Bohrung:<\/p><p>Baugrunderkundungsprogramm. <br \/>8 Drucksondierungen mit MagCone zur Kampfmittelfreigabe, 2 Drucksondierungen mit Messung des Porenwasserdruckes bis 94 m u. GOK, 20 Drucksondier &#8211; Pressiometerversuche an 2 Lokationen bis 70 m u. GOK, 1 Downhole Seismik bis 35 m u. GOK, Kernung RKR mit Linern, Grundwasser &#8211; Probenentnahmen, einige Bohrungen wurden ausgebaut.<\/p><p>F\u00fcr die Erstellung eines Baugrund- und Gr\u00fcndungsgutachtens wurden Erkundungen zur geotech-nischen Beurteitung des Baugrundes sowie erg\u00e4nzende seismische Untersungen auf dem Baufeld des geplanten Elbtowers Hamburg ausgef\u00fchrt. Aufgrund der eingeschr\u00e4nkten Zug\u00e4nglichkeit des Gel\u00e4ndes wurden die Erkundungen in zwei Kampagnen aufgeteilt.<\/p>\t\t\t\t\t\t\t\t<\/div>\n\t\t\t\t<\/div>\n\t\t\t\t<\/div>\n\t\t\t\t<div class=\"elementor-element elementor-element-283abd4 elementor-widget elementor-widget-image\" data-id=\"283abd4\" data-element_type=\"widget\" data-e-type=\"widget\" data-widget_type=\"image.default\">\n\t\t\t\t<div class=\"elementor-widget-container\">\n\t\t\t\t\t\t\t\t\t\t\t\t\t\t\t\t<a href=\"https:\/\/nord-bb.de\/wp-content\/uploads\/2024\/09\/Hamburg-Elbtower-1-Baugrund.jpg\" target=\"_blank\">\n\t\t\t\t\t\t\t<img decoding=\"async\" src=\"https:\/\/nord-bb.de\/wp-content\/uploads\/elementor\/thumbs\/Hamburg-Elbtower-1-Baugrund-qvjz6rfiswa3agw91xti7lajtnirrrurnwzxaqzy5o.jpg\" title=\"Hamburg &#8211; Elbtower 1 &#8211; Baugrund\" alt=\"Hamburg - Elbtower 1 - Baugrund\" loading=\"lazy\" \/>\t\t\t\t\t\t\t\t<\/a>\n\t\t\t\t\t\t\t\t\t\t\t\t\t\t\t<\/div>\n\t\t\t\t<\/div>\n\t\t\t\t<\/div>\n\t\t\t\t<\/div>\n\t\t\t\t<\/div>\n\t\t\t\t\t<\/div>\n\t\t\t\t<\/div>\n\t\t\t\t<\/div>\n\t\t","protected":false},"excerpt":{"rendered":"<p>Hamburg | Elbtower Bauherr: SIGNA Real Estate Management Germany GmbH Ort: Hamburg Gebirgsformation: Lockerformation Bohrverfahren:Trocken-u.Drucksp\u00fclbohrung, Kernung RKR Anzahl Bohrungen: 30 Bohrtiefe in m: 100 Bohrmeter gesamt: 800 Bohr-\u00d8 in mm: 324\/178\/180 Ausbaudaten: DN 100\/K\/65\/Norip Zweck der Bohrung: Baugrunderkundungsprogramm. 8 Drucksondierungen mit MagCone zur Kampfmittelfreigabe, 2 Drucksondierungen mit Messung des Porenwasserdruckes bis 94 m u. GOK, [&hellip;]<\/p>\n","protected":false},"author":2,"featured_media":0,"parent":2581,"menu_order":0,"comment_status":"closed","ping_status":"closed","template":"elementor_header_footer","meta":{"footnotes":"","_links_to":"","_links_to_target":""},"class_list":["post-2615","page","type-page","status-publish","hentry"],"yoast_head":"<!-- This site is optimized with the Yoast SEO plugin v27.4 - https:\/\/yoast.com\/product\/yoast-seo-wordpress\/ -->\n<title>Erkundung Elbtower - NORD Bohr und Brunnenbau GmbH<\/title>\n<meta name=\"robots\" content=\"index, follow, max-snippet:-1, max-image-preview:large, max-video-preview:-1\" \/>\n<link rel=\"canonical\" href=\"https:\/\/nord-bb.de\/de\/leistungen\/we-explore\/projekt-erkundungen\/erkundung-elbtower\/\" \/>\n<meta property=\"og:locale\" content=\"de_DE\" \/>\n<meta property=\"og:type\" content=\"article\" \/>\n<meta property=\"og:title\" content=\"Erkundung Elbtower - NORD Bohr und Brunnenbau GmbH\" \/>\n<meta property=\"og:description\" content=\"Hamburg | Elbtower Bauherr: SIGNA Real Estate Management Germany GmbH Ort: Hamburg Gebirgsformation: Lockerformation Bohrverfahren:Trocken-u.Drucksp\u00fclbohrung, Kernung RKR Anzahl Bohrungen: 30 Bohrtiefe in m: 100 Bohrmeter gesamt: 800 Bohr-\u00d8 in mm: 324\/178\/180 Ausbaudaten: DN 100\/K\/65\/Norip Zweck der Bohrung: Baugrunderkundungsprogramm. 8 Drucksondierungen mit MagCone zur Kampfmittelfreigabe, 2 Drucksondierungen mit Messung des Porenwasserdruckes bis 94 m u. GOK, [&hellip;]\" \/>\n<meta property=\"og:url\" content=\"https:\/\/nord-bb.de\/de\/leistungen\/we-explore\/projekt-erkundungen\/erkundung-elbtower\/\" \/>\n<meta property=\"og:site_name\" content=\"NORD Bohr und Brunnenbau GmbH\" \/>\n<meta property=\"article:modified_time\" content=\"2024-10-11T11:23:09+00:00\" \/>\n<meta property=\"og:image\" content=\"https:\/\/nord-bb.de\/wp-content\/uploads\/2023\/09\/Erkund-Elbtower.jpg\" \/>\n\t<meta property=\"og:image:width\" content=\"990\" \/>\n\t<meta property=\"og:image:height\" content=\"1771\" \/>\n\t<meta property=\"og:image:type\" content=\"image\/jpeg\" \/>\n<meta name=\"twitter:card\" content=\"summary_large_image\" \/>\n<meta name=\"twitter:label1\" content=\"Gesch\u00e4tzte Lesezeit\" \/>\n\t<meta name=\"twitter:data1\" content=\"2\u00a0Minuten\" \/>\n<script type=\"application\/ld+json\" class=\"yoast-schema-graph\">{\"@context\":\"https:\\\/\\\/schema.org\",\"@graph\":[{\"@type\":\"WebPage\",\"@id\":\"https:\\\/\\\/nord-bb.de\\\/leistungen\\\/we-explore\\\/projekt-erkundungen\\\/erkundung-elbtower\\\/\",\"url\":\"https:\\\/\\\/nord-bb.de\\\/leistungen\\\/we-explore\\\/projekt-erkundungen\\\/erkundung-elbtower\\\/\",\"name\":\"Erkundung Elbtower - NORD Bohr und Brunnenbau GmbH\",\"isPartOf\":{\"@id\":\"https:\\\/\\\/nord-bb.de\\\/de\\\/#website\"},\"primaryImageOfPage\":{\"@id\":\"https:\\\/\\\/nord-bb.de\\\/leistungen\\\/we-explore\\\/projekt-erkundungen\\\/erkundung-elbtower\\\/#primaryimage\"},\"image\":{\"@id\":\"https:\\\/\\\/nord-bb.de\\\/leistungen\\\/we-explore\\\/projekt-erkundungen\\\/erkundung-elbtower\\\/#primaryimage\"},\"thumbnailUrl\":\"https:\\\/\\\/nord-bb.de\\\/wp-content\\\/uploads\\\/2023\\\/09\\\/Erkund-Elbtower.jpg\",\"datePublished\":\"2023-09-21T12:54:55+00:00\",\"dateModified\":\"2024-10-11T11:23:09+00:00\",\"breadcrumb\":{\"@id\":\"https:\\\/\\\/nord-bb.de\\\/leistungen\\\/we-explore\\\/projekt-erkundungen\\\/erkundung-elbtower\\\/#breadcrumb\"},\"inLanguage\":\"de\",\"potentialAction\":[{\"@type\":\"ReadAction\",\"target\":[\"https:\\\/\\\/nord-bb.de\\\/leistungen\\\/we-explore\\\/projekt-erkundungen\\\/erkundung-elbtower\\\/\"]}]},{\"@type\":\"ImageObject\",\"inLanguage\":\"de\",\"@id\":\"https:\\\/\\\/nord-bb.de\\\/leistungen\\\/we-explore\\\/projekt-erkundungen\\\/erkundung-elbtower\\\/#primaryimage\",\"url\":\"https:\\\/\\\/nord-bb.de\\\/wp-content\\\/uploads\\\/2023\\\/09\\\/Erkund-Elbtower.jpg\",\"contentUrl\":\"https:\\\/\\\/nord-bb.de\\\/wp-content\\\/uploads\\\/2023\\\/09\\\/Erkund-Elbtower.jpg\"},{\"@type\":\"BreadcrumbList\",\"@id\":\"https:\\\/\\\/nord-bb.de\\\/leistungen\\\/we-explore\\\/projekt-erkundungen\\\/erkundung-elbtower\\\/#breadcrumb\",\"itemListElement\":[{\"@type\":\"ListItem\",\"position\":1,\"name\":\"Startseite\",\"item\":\"https:\\\/\\\/nord-bb.de\\\/\"},{\"@type\":\"ListItem\",\"position\":2,\"name\":\"Leistungen\",\"item\":\"https:\\\/\\\/nord-bb.de\\\/leistungen\\\/\"},{\"@type\":\"ListItem\",\"position\":3,\"name\":\"WE EXPLORE.\",\"item\":\"https:\\\/\\\/nord-bb.de\\\/leistungen\\\/we-explore\\\/\"},{\"@type\":\"ListItem\",\"position\":4,\"name\":\"Projekt Erkundungen\",\"item\":\"https:\\\/\\\/nord-bb.de\\\/leistungen\\\/we-explore\\\/projekt-erkundungen\\\/\"},{\"@type\":\"ListItem\",\"position\":5,\"name\":\"Erkundung Elbtower\"}]},{\"@type\":\"WebSite\",\"@id\":\"https:\\\/\\\/nord-bb.de\\\/de\\\/#website\",\"url\":\"https:\\\/\\\/nord-bb.de\\\/de\\\/\",\"name\":\"NORD Bohr und Brunnenbau GmbH\",\"description\":\"Die Spezialisten f\u00fcr Bohr- und Brunnenbau-Technologien\",\"potentialAction\":[{\"@type\":\"SearchAction\",\"target\":{\"@type\":\"EntryPoint\",\"urlTemplate\":\"https:\\\/\\\/nord-bb.de\\\/de\\\/?s={search_term_string}\"},\"query-input\":{\"@type\":\"PropertyValueSpecification\",\"valueRequired\":true,\"valueName\":\"search_term_string\"}}],\"inLanguage\":\"de\"}]}<\/script>\n<!-- \/ Yoast SEO plugin. -->","yoast_head_json":{"title":"Erkundung Elbtower - NORD Bohr und Brunnenbau GmbH","robots":{"index":"index","follow":"follow","max-snippet":"max-snippet:-1","max-image-preview":"max-image-preview:large","max-video-preview":"max-video-preview:-1"},"canonical":"https:\/\/nord-bb.de\/de\/leistungen\/we-explore\/projekt-erkundungen\/erkundung-elbtower\/","og_locale":"de_DE","og_type":"article","og_title":"Erkundung Elbtower - NORD Bohr und Brunnenbau GmbH","og_description":"Hamburg | Elbtower Bauherr: SIGNA Real Estate Management Germany GmbH Ort: Hamburg Gebirgsformation: Lockerformation Bohrverfahren:Trocken-u.Drucksp\u00fclbohrung, Kernung RKR Anzahl Bohrungen: 30 Bohrtiefe in m: 100 Bohrmeter gesamt: 800 Bohr-\u00d8 in mm: 324\/178\/180 Ausbaudaten: DN 100\/K\/65\/Norip Zweck der Bohrung: Baugrunderkundungsprogramm. 8 Drucksondierungen mit MagCone zur Kampfmittelfreigabe, 2 Drucksondierungen mit Messung des Porenwasserdruckes bis 94 m u. GOK, [&hellip;]","og_url":"https:\/\/nord-bb.de\/de\/leistungen\/we-explore\/projekt-erkundungen\/erkundung-elbtower\/","og_site_name":"NORD Bohr und Brunnenbau GmbH","article_modified_time":"2024-10-11T11:23:09+00:00","og_image":[{"width":990,"height":1771,"url":"https:\/\/nord-bb.de\/wp-content\/uploads\/2023\/09\/Erkund-Elbtower.jpg","type":"image\/jpeg"}],"twitter_card":"summary_large_image","twitter_misc":{"Gesch\u00e4tzte Lesezeit":"2\u00a0Minuten"},"schema":{"@context":"https:\/\/schema.org","@graph":[{"@type":"WebPage","@id":"https:\/\/nord-bb.de\/leistungen\/we-explore\/projekt-erkundungen\/erkundung-elbtower\/","url":"https:\/\/nord-bb.de\/leistungen\/we-explore\/projekt-erkundungen\/erkundung-elbtower\/","name":"Erkundung Elbtower - NORD Bohr und Brunnenbau GmbH","isPartOf":{"@id":"https:\/\/nord-bb.de\/de\/#website"},"primaryImageOfPage":{"@id":"https:\/\/nord-bb.de\/leistungen\/we-explore\/projekt-erkundungen\/erkundung-elbtower\/#primaryimage"},"image":{"@id":"https:\/\/nord-bb.de\/leistungen\/we-explore\/projekt-erkundungen\/erkundung-elbtower\/#primaryimage"},"thumbnailUrl":"https:\/\/nord-bb.de\/wp-content\/uploads\/2023\/09\/Erkund-Elbtower.jpg","datePublished":"2023-09-21T12:54:55+00:00","dateModified":"2024-10-11T11:23:09+00:00","breadcrumb":{"@id":"https:\/\/nord-bb.de\/leistungen\/we-explore\/projekt-erkundungen\/erkundung-elbtower\/#breadcrumb"},"inLanguage":"de","potentialAction":[{"@type":"ReadAction","target":["https:\/\/nord-bb.de\/leistungen\/we-explore\/projekt-erkundungen\/erkundung-elbtower\/"]}]},{"@type":"ImageObject","inLanguage":"de","@id":"https:\/\/nord-bb.de\/leistungen\/we-explore\/projekt-erkundungen\/erkundung-elbtower\/#primaryimage","url":"https:\/\/nord-bb.de\/wp-content\/uploads\/2023\/09\/Erkund-Elbtower.jpg","contentUrl":"https:\/\/nord-bb.de\/wp-content\/uploads\/2023\/09\/Erkund-Elbtower.jpg"},{"@type":"BreadcrumbList","@id":"https:\/\/nord-bb.de\/leistungen\/we-explore\/projekt-erkundungen\/erkundung-elbtower\/#breadcrumb","itemListElement":[{"@type":"ListItem","position":1,"name":"Startseite","item":"https:\/\/nord-bb.de\/"},{"@type":"ListItem","position":2,"name":"Leistungen","item":"https:\/\/nord-bb.de\/leistungen\/"},{"@type":"ListItem","position":3,"name":"WE EXPLORE.","item":"https:\/\/nord-bb.de\/leistungen\/we-explore\/"},{"@type":"ListItem","position":4,"name":"Projekt Erkundungen","item":"https:\/\/nord-bb.de\/leistungen\/we-explore\/projekt-erkundungen\/"},{"@type":"ListItem","position":5,"name":"Erkundung Elbtower"}]},{"@type":"WebSite","@id":"https:\/\/nord-bb.de\/de\/#website","url":"https:\/\/nord-bb.de\/de\/","name":"NORD Bohr und Brunnenbau GmbH","description":"Die Spezialisten f\u00fcr Bohr- und Brunnenbau-Technologien","potentialAction":[{"@type":"SearchAction","target":{"@type":"EntryPoint","urlTemplate":"https:\/\/nord-bb.de\/de\/?s={search_term_string}"},"query-input":{"@type":"PropertyValueSpecification","valueRequired":true,"valueName":"search_term_string"}}],"inLanguage":"de"}]}},"_links":{"self":[{"href":"https:\/\/nord-bb.de\/de\/wp-json\/wp\/v2\/pages\/2615","targetHints":{"allow":["GET"]}}],"collection":[{"href":"https:\/\/nord-bb.de\/de\/wp-json\/wp\/v2\/pages"}],"about":[{"href":"https:\/\/nord-bb.de\/de\/wp-json\/wp\/v2\/types\/page"}],"author":[{"embeddable":true,"href":"https:\/\/nord-bb.de\/de\/wp-json\/wp\/v2\/users\/2"}],"replies":[{"embeddable":true,"href":"https:\/\/nord-bb.de\/de\/wp-json\/wp\/v2\/comments?post=2615"}],"version-history":[{"count":34,"href":"https:\/\/nord-bb.de\/de\/wp-json\/wp\/v2\/pages\/2615\/revisions"}],"predecessor-version":[{"id":3701,"href":"https:\/\/nord-bb.de\/de\/wp-json\/wp\/v2\/pages\/2615\/revisions\/3701"}],"up":[{"embeddable":true,"href":"https:\/\/nord-bb.de\/de\/wp-json\/wp\/v2\/pages\/2581"}],"wp:attachment":[{"href":"https:\/\/nord-bb.de\/de\/wp-json\/wp\/v2\/media?parent=2615"}],"curies":[{"name":"wp","href":"https:\/\/api.w.org\/{rel}","templated":true}]}}