{"id":2630,"date":"2023-09-21T15:08:12","date_gmt":"2023-09-21T13:08:12","guid":{"rendered":"http:\/\/2024.nord-bb.de\/?page_id=2630"},"modified":"2024-09-19T12:04:36","modified_gmt":"2024-09-19T10:04:36","slug":"sanierung-ludwigshafen","status":"publish","type":"page","link":"https:\/\/nord-bb.de\/de\/leistungen\/we-explore\/projekt-sanierung\/sanierung-ludwigshafen\/","title":{"rendered":"Sanierung Ludwigshafen"},"content":{"rendered":"\t\t<div data-elementor-type=\"wp-page\" data-elementor-id=\"2630\" class=\"elementor elementor-2630\" data-elementor-post-type=\"page\">\n\t\t\t\t<div class=\"elementor-element elementor-element-bbe345a e-flex e-con-boxed e-con e-parent\" data-id=\"bbe345a\" data-element_type=\"container\" data-e-type=\"container\">\n\t\t\t\t\t<div class=\"e-con-inner\">\n\t\t<div class=\"elementor-element elementor-element-a4a48d8 e-con-full e-flex e-con e-child\" data-id=\"a4a48d8\" data-element_type=\"container\" data-e-type=\"container\">\n\t\t\t\t<div class=\"elementor-element elementor-element-bbf9cc0 elementor-widget__width-initial elementor-widget-mobile__width-inherit elementor-widget elementor-widget-image\" data-id=\"bbf9cc0\" data-element_type=\"widget\" data-e-type=\"widget\" data-widget_type=\"image.default\">\n\t\t\t\t<div class=\"elementor-widget-container\">\n\t\t\t\t\t\t\t\t\t\t\t\t\t\t\t\t<a href=\"https:\/\/nord-bb.de\/leistungen\/we-explore\/projekt-sanierung\/\">\n\t\t\t\t\t\t\t<img fetchpriority=\"high\" decoding=\"async\" width=\"990\" height=\"1771\" src=\"https:\/\/nord-bb.de\/wp-content\/uploads\/2023\/09\/San-Ludwugshafen-P71.jpg\" class=\"attachment-full size-full wp-image-2632\" alt=\"\" srcset=\"https:\/\/nord-bb.de\/wp-content\/uploads\/2023\/09\/San-Ludwugshafen-P71.jpg 990w, https:\/\/nord-bb.de\/wp-content\/uploads\/2023\/09\/San-Ludwugshafen-P71-168x300.jpg 168w, https:\/\/nord-bb.de\/wp-content\/uploads\/2023\/09\/San-Ludwugshafen-P71-572x1024.jpg 572w, https:\/\/nord-bb.de\/wp-content\/uploads\/2023\/09\/San-Ludwugshafen-P71-768x1374.jpg 768w, https:\/\/nord-bb.de\/wp-content\/uploads\/2023\/09\/San-Ludwugshafen-P71-859x1536.jpg 859w, https:\/\/nord-bb.de\/wp-content\/uploads\/2023\/09\/San-Ludwugshafen-P71-7x12.jpg 7w\" sizes=\"(max-width: 990px) 100vw, 990px\" \/>\t\t\t\t\t\t\t\t<\/a>\n\t\t\t\t\t\t\t\t\t\t\t\t\t\t\t<\/div>\n\t\t\t\t<\/div>\n\t\t<div class=\"elementor-element elementor-element-caf5b62 e-con-full e-flex e-con e-child\" data-id=\"caf5b62\" data-element_type=\"container\" data-e-type=\"container\">\n\t\t<div class=\"elementor-element elementor-element-25a356d e-con-full e-flex e-con e-child\" data-id=\"25a356d\" data-element_type=\"container\" data-e-type=\"container\">\n\t\t<div class=\"elementor-element elementor-element-496f6a7 e-con-full e-flex e-con e-child\" data-id=\"496f6a7\" data-element_type=\"container\" data-e-type=\"container\">\n\t\t\t\t<div class=\"elementor-element elementor-element-4d3016b elementor-widget__width-auto elementor-widget elementor-widget-heading\" data-id=\"4d3016b\" data-element_type=\"widget\" data-e-type=\"widget\" data-widget_type=\"heading.default\">\n\t\t\t\t<div class=\"elementor-widget-container\">\n\t\t\t\t\t<h2 class=\"elementor-heading-title elementor-size-default\">Ludwigshafen | Sanierung Brunnen<\/h2>\t\t\t\t<\/div>\n\t\t\t\t<\/div>\n\t\t\t\t<div class=\"elementor-element elementor-element-7a81446 elementor-widget elementor-widget-text-editor\" data-id=\"7a81446\" data-element_type=\"widget\" data-e-type=\"widget\" data-widget_type=\"text-editor.default\">\n\t\t\t\t<div class=\"elementor-widget-container\">\n\t\t\t\t\t\t\t\t\t<p><strong>Bauherr:<\/strong> TWL Technische Werke Ludwigshafen AG<\/p><p><strong>Ort:<\/strong> Ludwigshafen<\/p><p><strong>Gebirgsformation:<\/strong>Lockerformation<\/p><p><strong>Bohrverfahren: <\/strong>\u00dcberbohrung<\/p><p>Anzahl Bohrungen: 1<\/p><p>Bohrtiefe in m: 328<\/p><p>Bohrmeter gesamt: 328<\/p><p>Bohr-\u00d8 in mm: 950<\/p><p>Ausbaudaten: DN 400\/VA\/WDF\/AR<\/p><p>Zweck der Bohrung:<\/p><p>Brunnen P 71 der TWL Ludwigshafen AG Sanierung durch \u00dcberbohrung der DN 400 Rilsan &#8211; Ausbauverrohrung sowie Neuverfilterung.<\/p><p>Sanierung des Brunnen Br. P 71 der TWL Ludwigshafen AG auf sehr beengtem Grund- st\u00fcck. Hoher Aufwand f\u00fcr L\u00e4rmschutzma\u00dfnahmen. Komplette Sanierung des Br. P 71 durch \u00dcberbohrtechnik der alten Brunnen &#8211; Ausbauverrohrung DN 400 Rilsan, Aufbohrung des Bohrloches von 750 mm auf 950 mm \u00d8 sowie Neuverfilterung mit DN 400 V4A\/WDF &#8211; AR. Da der Br. P 71 im \u00dcberflutungsgebiet liegt, wurde ein wasserdichter VA Schacht mit einem 3 m hohem Standrohr zur Elektroaufnahme gesetzt.<\/p>\t\t\t\t\t\t\t\t<\/div>\n\t\t\t\t<\/div>\n\t\t\t\t<\/div>\n\t\t\t\t<div class=\"elementor-element elementor-element-43d3e41 elementor-widget elementor-widget-image\" data-id=\"43d3e41\" data-element_type=\"widget\" data-e-type=\"widget\" data-widget_type=\"image.default\">\n\t\t\t\t<div class=\"elementor-widget-container\">\n\t\t\t\t\t\t\t\t\t\t\t\t\t\t\t\t<a href=\"https:\/\/nord-bb.de\/wp-content\/uploads\/2024\/09\/Ludwigshafen-Br.-P-71-Sanierung.jpg\" target=\"_blank\">\n\t\t\t\t\t\t\t<img decoding=\"async\" src=\"https:\/\/nord-bb.de\/wp-content\/uploads\/elementor\/thumbs\/Ludwigshafen-Br.-P-71-Sanierung-qvjz6rfiswa3agw91xti7lajtnirrrurnwzxaqzy5o.jpg\" title=\"Ludwigshafen Br. P 71 &#8211; Sanierung\" alt=\"Ludwigshafen Br. P 71 - Sanierung\" loading=\"lazy\" \/>\t\t\t\t\t\t\t\t<\/a>\n\t\t\t\t\t\t\t\t\t\t\t\t\t\t\t<\/div>\n\t\t\t\t<\/div>\n\t\t\t\t<\/div>\n\t\t\t\t<\/div>\n\t\t\t\t<\/div>\n\t\t\t\t\t<\/div>\n\t\t\t\t<\/div>\n\t\t\t\t<\/div>\n\t\t","protected":false},"excerpt":{"rendered":"<p>Ludwigshafen | Sanierung Brunnen Bauherr: TWL Technische Werke Ludwigshafen AG Ort: Ludwigshafen Gebirgsformation:Lockerformation Bohrverfahren: \u00dcberbohrung Anzahl Bohrungen: 1 Bohrtiefe in m: 328 Bohrmeter gesamt: 328 Bohr-\u00d8 in mm: 950 Ausbaudaten: DN 400\/VA\/WDF\/AR Zweck der Bohrung: Brunnen P 71 der TWL Ludwigshafen AG Sanierung durch \u00dcberbohrung der DN 400 Rilsan &#8211; Ausbauverrohrung sowie Neuverfilterung. Sanierung des [&hellip;]<\/p>\n","protected":false},"author":2,"featured_media":0,"parent":2590,"menu_order":0,"comment_status":"closed","ping_status":"closed","template":"elementor_header_footer","meta":{"footnotes":"","_links_to":"","_links_to_target":""},"class_list":["post-2630","page","type-page","status-publish","hentry"],"yoast_head":"<!-- This site is optimized with the Yoast SEO plugin v27.4 - https:\/\/yoast.com\/product\/yoast-seo-wordpress\/ -->\n<title>Sanierung Ludwigshafen - NORD Bohr und Brunnenbau GmbH<\/title>\n<meta name=\"robots\" content=\"index, follow, max-snippet:-1, max-image-preview:large, max-video-preview:-1\" \/>\n<link rel=\"canonical\" href=\"https:\/\/nord-bb.de\/de\/leistungen\/we-explore\/projekt-sanierung\/sanierung-ludwigshafen\/\" \/>\n<meta property=\"og:locale\" content=\"de_DE\" \/>\n<meta property=\"og:type\" content=\"article\" \/>\n<meta property=\"og:title\" content=\"Sanierung Ludwigshafen - NORD Bohr und Brunnenbau GmbH\" \/>\n<meta property=\"og:description\" content=\"Ludwigshafen | Sanierung Brunnen Bauherr: TWL Technische Werke Ludwigshafen AG Ort: Ludwigshafen Gebirgsformation:Lockerformation Bohrverfahren: \u00dcberbohrung Anzahl Bohrungen: 1 Bohrtiefe in m: 328 Bohrmeter gesamt: 328 Bohr-\u00d8 in mm: 950 Ausbaudaten: DN 400\/VA\/WDF\/AR Zweck der Bohrung: Brunnen P 71 der TWL Ludwigshafen AG Sanierung durch \u00dcberbohrung der DN 400 Rilsan &#8211; Ausbauverrohrung sowie Neuverfilterung. Sanierung des [&hellip;]\" \/>\n<meta property=\"og:url\" content=\"https:\/\/nord-bb.de\/de\/leistungen\/we-explore\/projekt-sanierung\/sanierung-ludwigshafen\/\" \/>\n<meta property=\"og:site_name\" content=\"NORD Bohr und Brunnenbau GmbH\" \/>\n<meta property=\"article:modified_time\" content=\"2024-09-19T10:04:36+00:00\" \/>\n<meta property=\"og:image\" content=\"https:\/\/nord-bb.de\/wp-content\/uploads\/2023\/09\/San-Ludwugshafen-P71.jpg\" \/>\n<meta name=\"twitter:card\" content=\"summary_large_image\" \/>\n<meta name=\"twitter:label1\" content=\"Gesch\u00e4tzte Lesezeit\" \/>\n\t<meta name=\"twitter:data1\" content=\"2\u00a0Minuten\" \/>\n<script type=\"application\/ld+json\" class=\"yoast-schema-graph\">{\"@context\":\"https:\\\/\\\/schema.org\",\"@graph\":[{\"@type\":\"WebPage\",\"@id\":\"https:\\\/\\\/nord-bb.de\\\/leistungen\\\/we-explore\\\/projekt-sanierung\\\/sanierung-ludwigshafen\\\/\",\"url\":\"https:\\\/\\\/nord-bb.de\\\/leistungen\\\/we-explore\\\/projekt-sanierung\\\/sanierung-ludwigshafen\\\/\",\"name\":\"Sanierung Ludwigshafen - NORD Bohr und Brunnenbau GmbH\",\"isPartOf\":{\"@id\":\"https:\\\/\\\/nord-bb.de\\\/de\\\/#website\"},\"primaryImageOfPage\":{\"@id\":\"https:\\\/\\\/nord-bb.de\\\/leistungen\\\/we-explore\\\/projekt-sanierung\\\/sanierung-ludwigshafen\\\/#primaryimage\"},\"image\":{\"@id\":\"https:\\\/\\\/nord-bb.de\\\/leistungen\\\/we-explore\\\/projekt-sanierung\\\/sanierung-ludwigshafen\\\/#primaryimage\"},\"thumbnailUrl\":\"https:\\\/\\\/nord-bb.de\\\/wp-content\\\/uploads\\\/2023\\\/09\\\/San-Ludwugshafen-P71.jpg\",\"datePublished\":\"2023-09-21T13:08:12+00:00\",\"dateModified\":\"2024-09-19T10:04:36+00:00\",\"breadcrumb\":{\"@id\":\"https:\\\/\\\/nord-bb.de\\\/leistungen\\\/we-explore\\\/projekt-sanierung\\\/sanierung-ludwigshafen\\\/#breadcrumb\"},\"inLanguage\":\"de\",\"potentialAction\":[{\"@type\":\"ReadAction\",\"target\":[\"https:\\\/\\\/nord-bb.de\\\/leistungen\\\/we-explore\\\/projekt-sanierung\\\/sanierung-ludwigshafen\\\/\"]}]},{\"@type\":\"ImageObject\",\"inLanguage\":\"de\",\"@id\":\"https:\\\/\\\/nord-bb.de\\\/leistungen\\\/we-explore\\\/projekt-sanierung\\\/sanierung-ludwigshafen\\\/#primaryimage\",\"url\":\"https:\\\/\\\/nord-bb.de\\\/wp-content\\\/uploads\\\/2023\\\/09\\\/San-Ludwugshafen-P71.jpg\",\"contentUrl\":\"https:\\\/\\\/nord-bb.de\\\/wp-content\\\/uploads\\\/2023\\\/09\\\/San-Ludwugshafen-P71.jpg\"},{\"@type\":\"BreadcrumbList\",\"@id\":\"https:\\\/\\\/nord-bb.de\\\/leistungen\\\/we-explore\\\/projekt-sanierung\\\/sanierung-ludwigshafen\\\/#breadcrumb\",\"itemListElement\":[{\"@type\":\"ListItem\",\"position\":1,\"name\":\"Startseite\",\"item\":\"https:\\\/\\\/nord-bb.de\\\/\"},{\"@type\":\"ListItem\",\"position\":2,\"name\":\"Leistungen\",\"item\":\"https:\\\/\\\/nord-bb.de\\\/leistungen\\\/\"},{\"@type\":\"ListItem\",\"position\":3,\"name\":\"WE EXPLORE.\",\"item\":\"https:\\\/\\\/nord-bb.de\\\/leistungen\\\/we-explore\\\/\"},{\"@type\":\"ListItem\",\"position\":4,\"name\":\"Projekt Sanierung\",\"item\":\"https:\\\/\\\/nord-bb.de\\\/leistungen\\\/we-explore\\\/projekt-sanierung\\\/\"},{\"@type\":\"ListItem\",\"position\":5,\"name\":\"Sanierung Ludwigshafen\"}]},{\"@type\":\"WebSite\",\"@id\":\"https:\\\/\\\/nord-bb.de\\\/de\\\/#website\",\"url\":\"https:\\\/\\\/nord-bb.de\\\/de\\\/\",\"name\":\"NORD Bohr und Brunnenbau GmbH\",\"description\":\"Die Spezialisten f\u00fcr Bohr- und Brunnenbau-Technologien\",\"potentialAction\":[{\"@type\":\"SearchAction\",\"target\":{\"@type\":\"EntryPoint\",\"urlTemplate\":\"https:\\\/\\\/nord-bb.de\\\/de\\\/?s={search_term_string}\"},\"query-input\":{\"@type\":\"PropertyValueSpecification\",\"valueRequired\":true,\"valueName\":\"search_term_string\"}}],\"inLanguage\":\"de\"}]}<\/script>\n<!-- \/ Yoast SEO plugin. -->","yoast_head_json":{"title":"Sanierung Ludwigshafen - NORD Bohr und Brunnenbau GmbH","robots":{"index":"index","follow":"follow","max-snippet":"max-snippet:-1","max-image-preview":"max-image-preview:large","max-video-preview":"max-video-preview:-1"},"canonical":"https:\/\/nord-bb.de\/de\/leistungen\/we-explore\/projekt-sanierung\/sanierung-ludwigshafen\/","og_locale":"de_DE","og_type":"article","og_title":"Sanierung Ludwigshafen - NORD Bohr und Brunnenbau GmbH","og_description":"Ludwigshafen | Sanierung Brunnen Bauherr: TWL Technische Werke Ludwigshafen AG Ort: Ludwigshafen Gebirgsformation:Lockerformation Bohrverfahren: \u00dcberbohrung Anzahl Bohrungen: 1 Bohrtiefe in m: 328 Bohrmeter gesamt: 328 Bohr-\u00d8 in mm: 950 Ausbaudaten: DN 400\/VA\/WDF\/AR Zweck der Bohrung: Brunnen P 71 der TWL Ludwigshafen AG Sanierung durch \u00dcberbohrung der DN 400 Rilsan &#8211; Ausbauverrohrung sowie Neuverfilterung. Sanierung des [&hellip;]","og_url":"https:\/\/nord-bb.de\/de\/leistungen\/we-explore\/projekt-sanierung\/sanierung-ludwigshafen\/","og_site_name":"NORD Bohr und Brunnenbau GmbH","article_modified_time":"2024-09-19T10:04:36+00:00","og_image":[{"url":"https:\/\/nord-bb.de\/wp-content\/uploads\/2023\/09\/San-Ludwugshafen-P71.jpg","type":"","width":"","height":""}],"twitter_card":"summary_large_image","twitter_misc":{"Gesch\u00e4tzte Lesezeit":"2\u00a0Minuten"},"schema":{"@context":"https:\/\/schema.org","@graph":[{"@type":"WebPage","@id":"https:\/\/nord-bb.de\/leistungen\/we-explore\/projekt-sanierung\/sanierung-ludwigshafen\/","url":"https:\/\/nord-bb.de\/leistungen\/we-explore\/projekt-sanierung\/sanierung-ludwigshafen\/","name":"Sanierung Ludwigshafen - NORD Bohr und Brunnenbau GmbH","isPartOf":{"@id":"https:\/\/nord-bb.de\/de\/#website"},"primaryImageOfPage":{"@id":"https:\/\/nord-bb.de\/leistungen\/we-explore\/projekt-sanierung\/sanierung-ludwigshafen\/#primaryimage"},"image":{"@id":"https:\/\/nord-bb.de\/leistungen\/we-explore\/projekt-sanierung\/sanierung-ludwigshafen\/#primaryimage"},"thumbnailUrl":"https:\/\/nord-bb.de\/wp-content\/uploads\/2023\/09\/San-Ludwugshafen-P71.jpg","datePublished":"2023-09-21T13:08:12+00:00","dateModified":"2024-09-19T10:04:36+00:00","breadcrumb":{"@id":"https:\/\/nord-bb.de\/leistungen\/we-explore\/projekt-sanierung\/sanierung-ludwigshafen\/#breadcrumb"},"inLanguage":"de","potentialAction":[{"@type":"ReadAction","target":["https:\/\/nord-bb.de\/leistungen\/we-explore\/projekt-sanierung\/sanierung-ludwigshafen\/"]}]},{"@type":"ImageObject","inLanguage":"de","@id":"https:\/\/nord-bb.de\/leistungen\/we-explore\/projekt-sanierung\/sanierung-ludwigshafen\/#primaryimage","url":"https:\/\/nord-bb.de\/wp-content\/uploads\/2023\/09\/San-Ludwugshafen-P71.jpg","contentUrl":"https:\/\/nord-bb.de\/wp-content\/uploads\/2023\/09\/San-Ludwugshafen-P71.jpg"},{"@type":"BreadcrumbList","@id":"https:\/\/nord-bb.de\/leistungen\/we-explore\/projekt-sanierung\/sanierung-ludwigshafen\/#breadcrumb","itemListElement":[{"@type":"ListItem","position":1,"name":"Startseite","item":"https:\/\/nord-bb.de\/"},{"@type":"ListItem","position":2,"name":"Leistungen","item":"https:\/\/nord-bb.de\/leistungen\/"},{"@type":"ListItem","position":3,"name":"WE EXPLORE.","item":"https:\/\/nord-bb.de\/leistungen\/we-explore\/"},{"@type":"ListItem","position":4,"name":"Projekt Sanierung","item":"https:\/\/nord-bb.de\/leistungen\/we-explore\/projekt-sanierung\/"},{"@type":"ListItem","position":5,"name":"Sanierung Ludwigshafen"}]},{"@type":"WebSite","@id":"https:\/\/nord-bb.de\/de\/#website","url":"https:\/\/nord-bb.de\/de\/","name":"NORD Bohr und Brunnenbau GmbH","description":"Die Spezialisten f\u00fcr Bohr- und Brunnenbau-Technologien","potentialAction":[{"@type":"SearchAction","target":{"@type":"EntryPoint","urlTemplate":"https:\/\/nord-bb.de\/de\/?s={search_term_string}"},"query-input":{"@type":"PropertyValueSpecification","valueRequired":true,"valueName":"search_term_string"}}],"inLanguage":"de"}]}},"_links":{"self":[{"href":"https:\/\/nord-bb.de\/de\/wp-json\/wp\/v2\/pages\/2630","targetHints":{"allow":["GET"]}}],"collection":[{"href":"https:\/\/nord-bb.de\/de\/wp-json\/wp\/v2\/pages"}],"about":[{"href":"https:\/\/nord-bb.de\/de\/wp-json\/wp\/v2\/types\/page"}],"author":[{"embeddable":true,"href":"https:\/\/nord-bb.de\/de\/wp-json\/wp\/v2\/users\/2"}],"replies":[{"embeddable":true,"href":"https:\/\/nord-bb.de\/de\/wp-json\/wp\/v2\/comments?post=2630"}],"version-history":[{"count":19,"href":"https:\/\/nord-bb.de\/de\/wp-json\/wp\/v2\/pages\/2630\/revisions"}],"predecessor-version":[{"id":3639,"href":"https:\/\/nord-bb.de\/de\/wp-json\/wp\/v2\/pages\/2630\/revisions\/3639"}],"up":[{"embeddable":true,"href":"https:\/\/nord-bb.de\/de\/wp-json\/wp\/v2\/pages\/2590"}],"wp:attachment":[{"href":"https:\/\/nord-bb.de\/de\/wp-json\/wp\/v2\/media?parent=2630"}],"curies":[{"name":"wp","href":"https:\/\/api.w.org\/{rel}","templated":true}]}}