{"id":2637,"date":"2023-09-21T15:14:22","date_gmt":"2023-09-21T13:14:22","guid":{"rendered":"http:\/\/2024.nord-bb.de\/?page_id=2637"},"modified":"2024-10-02T13:39:44","modified_gmt":"2024-10-02T11:39:44","slug":"sanierungen-stilhorn-hh","status":"publish","type":"page","link":"https:\/\/nord-bb.de\/de\/leistungen\/we-explore\/projekt-sanierung\/sanierungen-stilhorn-hh\/","title":{"rendered":"Sanierungen Stilhorn HH"},"content":{"rendered":"\t\t<div data-elementor-type=\"wp-page\" data-elementor-id=\"2637\" class=\"elementor elementor-2637\" data-elementor-post-type=\"page\">\n\t\t\t\t<div class=\"elementor-element elementor-element-c765cd5 e-flex e-con-boxed e-con e-parent\" data-id=\"c765cd5\" data-element_type=\"container\" data-e-type=\"container\">\n\t\t\t\t\t<div class=\"e-con-inner\">\n\t\t<div class=\"elementor-element elementor-element-bc4bb93 e-con-full e-flex e-con e-child\" data-id=\"bc4bb93\" data-element_type=\"container\" data-e-type=\"container\">\n\t\t\t\t<div class=\"elementor-element elementor-element-2a35d62 elementor-widget__width-initial elementor-widget-mobile__width-inherit elementor-widget elementor-widget-image\" data-id=\"2a35d62\" data-element_type=\"widget\" data-e-type=\"widget\" data-widget_type=\"image.default\">\n\t\t\t\t<div class=\"elementor-widget-container\">\n\t\t\t\t\t\t\t\t\t\t\t\t\t\t\t\t<a href=\"https:\/\/nord-bb.de\/leistungen\/we-explore\/projekt-sanierung\/\">\n\t\t\t\t\t\t\t<img fetchpriority=\"high\" decoding=\"async\" width=\"990\" height=\"1771\" src=\"https:\/\/nord-bb.de\/wp-content\/uploads\/2023\/09\/San-Stilhorn-HH.jpg\" class=\"attachment-full size-full wp-image-2640\" alt=\"\" srcset=\"https:\/\/nord-bb.de\/wp-content\/uploads\/2023\/09\/San-Stilhorn-HH.jpg 990w, https:\/\/nord-bb.de\/wp-content\/uploads\/2023\/09\/San-Stilhorn-HH-168x300.jpg 168w, https:\/\/nord-bb.de\/wp-content\/uploads\/2023\/09\/San-Stilhorn-HH-572x1024.jpg 572w, https:\/\/nord-bb.de\/wp-content\/uploads\/2023\/09\/San-Stilhorn-HH-768x1374.jpg 768w, https:\/\/nord-bb.de\/wp-content\/uploads\/2023\/09\/San-Stilhorn-HH-859x1536.jpg 859w, https:\/\/nord-bb.de\/wp-content\/uploads\/2023\/09\/San-Stilhorn-HH-7x12.jpg 7w\" sizes=\"(max-width: 990px) 100vw, 990px\" \/>\t\t\t\t\t\t\t\t<\/a>\n\t\t\t\t\t\t\t\t\t\t\t\t\t\t\t<\/div>\n\t\t\t\t<\/div>\n\t\t<div class=\"elementor-element elementor-element-590e1d8 e-con-full e-flex e-con e-child\" data-id=\"590e1d8\" data-element_type=\"container\" data-e-type=\"container\">\n\t\t<div class=\"elementor-element elementor-element-dee2354 e-con-full e-flex e-con e-child\" data-id=\"dee2354\" data-element_type=\"container\" data-e-type=\"container\">\n\t\t<div class=\"elementor-element elementor-element-7a397a3 e-con-full e-flex e-con e-child\" data-id=\"7a397a3\" data-element_type=\"container\" data-e-type=\"container\">\n\t\t\t\t<div class=\"elementor-element elementor-element-f1fad7d elementor-widget__width-auto elementor-widget elementor-widget-heading\" data-id=\"f1fad7d\" data-element_type=\"widget\" data-e-type=\"widget\" data-widget_type=\"heading.default\">\n\t\t\t\t<div class=\"elementor-widget-container\">\n\t\t\t\t\t<h2 class=\"elementor-heading-title elementor-size-default\">Hamburg | Moorfleeter Tunnel<\/h2>\t\t\t\t<\/div>\n\t\t\t\t<\/div>\n\t\t\t\t<div class=\"elementor-element elementor-element-cbeadb7 elementor-widget elementor-widget-text-editor\" data-id=\"cbeadb7\" data-element_type=\"widget\" data-e-type=\"widget\" data-widget_type=\"text-editor.default\">\n\t\t\t\t<div class=\"elementor-widget-container\">\n\t\t\t\t\t\t\t\t\t<p><strong>Bauherr:<\/strong> FHH Autobahnmeisterei Stillhorn<\/p><p><strong>Ort:<\/strong> Stillhorn<\/p><p><strong>Gebirgsformation: <\/strong>Lockerformationen<\/p><p><strong>Bohrverfahren: <\/strong>Ringraumnachdichtung Lanzenverpressung<\/p><p>Anzahl Bohrungen: 1<\/p><p>Bohrtiefe in m: 29,5<\/p><p>Bohrmeter gesamt: 29,5<\/p><p>Bohr-\u00d8 in mm: unbekannt<\/p><p>Ausbaudaten: DN 150 \/ 200 \/ PVC<\/p><p>Zweck der Bohrung:<\/p><p>Lt. UWB Hamburg wurde bei diesem Br. eine Nachdichtung des Ringraumes von 6,50 m unter GOK bis zur Schachtsohle gefordert. <br \/>Ziel dieser Ma\u00dfnahme sollte die hydrauliche Abdichtung zwischen dem Stau &#8211; und Sickerwasserhorizont sowie dem genutzten Wasserleiter sein.<\/p><p>Bei diesem L\u00f6schwasserbrunnen wurde eine Ringraumnachdichtung \u00fcber Injektionslanzen durchgef\u00fchrt. In diesem Fall wurden drei Lanzen eingesp\u00fclt. Der eigentliche Verpressvorgang erfolgte \u00fcber Doppelpacker aus der Lanze heraus, durch die in Abst\u00e4nden von ca. 0,3 m angeordneten , mit Gummibandagen abgedeckten, Perforationen. Als Verpressmasse wurde eine Tonmehl-Zement-Suspension in den Ringraum im Verh\u00e4ltnis 70 \/ 30 Ton \/ Zement mit einem Verpressdruck von 5,0 bar verpresst. Der Erfolg der Ma\u00dfnahme wurde geophysikalisch mit CAL \/ IL \/ GG.D \/ NN \/ und SGL \u00fcberpr\u00fcft.<\/p>\t\t\t\t\t\t\t\t<\/div>\n\t\t\t\t<\/div>\n\t\t\t\t<\/div>\n\t\t\t\t<div class=\"elementor-element elementor-element-631cd6b elementor-widget elementor-widget-image\" data-id=\"631cd6b\" data-element_type=\"widget\" data-e-type=\"widget\" data-widget_type=\"image.default\">\n\t\t\t\t<div class=\"elementor-widget-container\">\n\t\t\t\t\t\t\t\t\t\t\t\t\t\t\t\t<a href=\"https:\/\/nord-bb.de\/wp-content\/uploads\/2024\/09\/Stillhorn-Sanierung.jpg\" target=\"_blank\">\n\t\t\t\t\t\t\t<img decoding=\"async\" src=\"https:\/\/nord-bb.de\/wp-content\/uploads\/elementor\/thumbs\/Stillhorn-Sanierung-qvjz6rfiswa3agw91xti7lajtnirrrurnwzxaqzy5o.jpg\" title=\"Stillhorn &#8211; Sanierung\" alt=\"Stillhorn - Sanierung\" loading=\"lazy\" \/>\t\t\t\t\t\t\t\t<\/a>\n\t\t\t\t\t\t\t\t\t\t\t\t\t\t\t<\/div>\n\t\t\t\t<\/div>\n\t\t\t\t<\/div>\n\t\t\t\t<\/div>\n\t\t\t\t<\/div>\n\t\t\t\t\t<\/div>\n\t\t\t\t<\/div>\n\t\t\t\t<\/div>\n\t\t","protected":false},"excerpt":{"rendered":"<p>Hamburg | Moorfleeter Tunnel Bauherr: FHH Autobahnmeisterei Stillhorn Ort: Stillhorn Gebirgsformation: Lockerformationen Bohrverfahren: Ringraumnachdichtung Lanzenverpressung Anzahl Bohrungen: 1 Bohrtiefe in m: 29,5 Bohrmeter gesamt: 29,5 Bohr-\u00d8 in mm: unbekannt Ausbaudaten: DN 150 \/ 200 \/ PVC Zweck der Bohrung: Lt. UWB Hamburg wurde bei diesem Br. eine Nachdichtung des Ringraumes von 6,50 m unter GOK [&hellip;]<\/p>\n","protected":false},"author":2,"featured_media":0,"parent":2590,"menu_order":0,"comment_status":"closed","ping_status":"closed","template":"elementor_header_footer","meta":{"footnotes":"","_links_to":"","_links_to_target":""},"class_list":["post-2637","page","type-page","status-publish","hentry"],"yoast_head":"<!-- This site is optimized with the Yoast SEO plugin v27.4 - https:\/\/yoast.com\/product\/yoast-seo-wordpress\/ -->\n<title>Sanierungen Stilhorn HH - NORD Bohr und Brunnenbau GmbH<\/title>\n<meta name=\"robots\" content=\"index, follow, max-snippet:-1, max-image-preview:large, max-video-preview:-1\" \/>\n<link rel=\"canonical\" href=\"https:\/\/nord-bb.de\/de\/leistungen\/we-explore\/projekt-sanierung\/sanierungen-stilhorn-hh\/\" \/>\n<meta property=\"og:locale\" content=\"de_DE\" \/>\n<meta property=\"og:type\" content=\"article\" \/>\n<meta property=\"og:title\" content=\"Sanierungen Stilhorn HH - NORD Bohr und Brunnenbau GmbH\" \/>\n<meta property=\"og:description\" content=\"Hamburg | Moorfleeter Tunnel Bauherr: FHH Autobahnmeisterei Stillhorn Ort: Stillhorn Gebirgsformation: Lockerformationen Bohrverfahren: Ringraumnachdichtung Lanzenverpressung Anzahl Bohrungen: 1 Bohrtiefe in m: 29,5 Bohrmeter gesamt: 29,5 Bohr-\u00d8 in mm: unbekannt Ausbaudaten: DN 150 \/ 200 \/ PVC Zweck der Bohrung: Lt. UWB Hamburg wurde bei diesem Br. eine Nachdichtung des Ringraumes von 6,50 m unter GOK [&hellip;]\" \/>\n<meta property=\"og:url\" content=\"https:\/\/nord-bb.de\/de\/leistungen\/we-explore\/projekt-sanierung\/sanierungen-stilhorn-hh\/\" \/>\n<meta property=\"og:site_name\" content=\"NORD Bohr und Brunnenbau GmbH\" \/>\n<meta property=\"article:modified_time\" content=\"2024-10-02T11:39:44+00:00\" \/>\n<meta property=\"og:image\" content=\"https:\/\/nord-bb.de\/wp-content\/uploads\/2023\/09\/San-Stilhorn-HH.jpg\" \/>\n<meta name=\"twitter:card\" content=\"summary_large_image\" \/>\n<meta name=\"twitter:label1\" content=\"Gesch\u00e4tzte Lesezeit\" \/>\n\t<meta name=\"twitter:data1\" content=\"2\u00a0Minuten\" \/>\n<script type=\"application\/ld+json\" class=\"yoast-schema-graph\">{\"@context\":\"https:\\\/\\\/schema.org\",\"@graph\":[{\"@type\":\"WebPage\",\"@id\":\"https:\\\/\\\/nord-bb.de\\\/leistungen\\\/we-explore\\\/projekt-sanierung\\\/sanierungen-stilhorn-hh\\\/\",\"url\":\"https:\\\/\\\/nord-bb.de\\\/leistungen\\\/we-explore\\\/projekt-sanierung\\\/sanierungen-stilhorn-hh\\\/\",\"name\":\"Sanierungen Stilhorn HH - NORD Bohr und Brunnenbau GmbH\",\"isPartOf\":{\"@id\":\"https:\\\/\\\/nord-bb.de\\\/de\\\/#website\"},\"primaryImageOfPage\":{\"@id\":\"https:\\\/\\\/nord-bb.de\\\/leistungen\\\/we-explore\\\/projekt-sanierung\\\/sanierungen-stilhorn-hh\\\/#primaryimage\"},\"image\":{\"@id\":\"https:\\\/\\\/nord-bb.de\\\/leistungen\\\/we-explore\\\/projekt-sanierung\\\/sanierungen-stilhorn-hh\\\/#primaryimage\"},\"thumbnailUrl\":\"https:\\\/\\\/nord-bb.de\\\/wp-content\\\/uploads\\\/2023\\\/09\\\/San-Stilhorn-HH.jpg\",\"datePublished\":\"2023-09-21T13:14:22+00:00\",\"dateModified\":\"2024-10-02T11:39:44+00:00\",\"breadcrumb\":{\"@id\":\"https:\\\/\\\/nord-bb.de\\\/leistungen\\\/we-explore\\\/projekt-sanierung\\\/sanierungen-stilhorn-hh\\\/#breadcrumb\"},\"inLanguage\":\"de\",\"potentialAction\":[{\"@type\":\"ReadAction\",\"target\":[\"https:\\\/\\\/nord-bb.de\\\/leistungen\\\/we-explore\\\/projekt-sanierung\\\/sanierungen-stilhorn-hh\\\/\"]}]},{\"@type\":\"ImageObject\",\"inLanguage\":\"de\",\"@id\":\"https:\\\/\\\/nord-bb.de\\\/leistungen\\\/we-explore\\\/projekt-sanierung\\\/sanierungen-stilhorn-hh\\\/#primaryimage\",\"url\":\"https:\\\/\\\/nord-bb.de\\\/wp-content\\\/uploads\\\/2023\\\/09\\\/San-Stilhorn-HH.jpg\",\"contentUrl\":\"https:\\\/\\\/nord-bb.de\\\/wp-content\\\/uploads\\\/2023\\\/09\\\/San-Stilhorn-HH.jpg\"},{\"@type\":\"BreadcrumbList\",\"@id\":\"https:\\\/\\\/nord-bb.de\\\/leistungen\\\/we-explore\\\/projekt-sanierung\\\/sanierungen-stilhorn-hh\\\/#breadcrumb\",\"itemListElement\":[{\"@type\":\"ListItem\",\"position\":1,\"name\":\"Startseite\",\"item\":\"https:\\\/\\\/nord-bb.de\\\/\"},{\"@type\":\"ListItem\",\"position\":2,\"name\":\"Leistungen\",\"item\":\"https:\\\/\\\/nord-bb.de\\\/leistungen\\\/\"},{\"@type\":\"ListItem\",\"position\":3,\"name\":\"WE EXPLORE.\",\"item\":\"https:\\\/\\\/nord-bb.de\\\/leistungen\\\/we-explore\\\/\"},{\"@type\":\"ListItem\",\"position\":4,\"name\":\"Projekt Sanierung\",\"item\":\"https:\\\/\\\/nord-bb.de\\\/leistungen\\\/we-explore\\\/projekt-sanierung\\\/\"},{\"@type\":\"ListItem\",\"position\":5,\"name\":\"Sanierungen Stilhorn HH\"}]},{\"@type\":\"WebSite\",\"@id\":\"https:\\\/\\\/nord-bb.de\\\/de\\\/#website\",\"url\":\"https:\\\/\\\/nord-bb.de\\\/de\\\/\",\"name\":\"NORD Bohr und Brunnenbau GmbH\",\"description\":\"Die Spezialisten f\u00fcr Bohr- und Brunnenbau-Technologien\",\"potentialAction\":[{\"@type\":\"SearchAction\",\"target\":{\"@type\":\"EntryPoint\",\"urlTemplate\":\"https:\\\/\\\/nord-bb.de\\\/de\\\/?s={search_term_string}\"},\"query-input\":{\"@type\":\"PropertyValueSpecification\",\"valueRequired\":true,\"valueName\":\"search_term_string\"}}],\"inLanguage\":\"de\"}]}<\/script>\n<!-- \/ Yoast SEO plugin. -->","yoast_head_json":{"title":"Sanierungen Stilhorn HH - NORD Bohr und Brunnenbau GmbH","robots":{"index":"index","follow":"follow","max-snippet":"max-snippet:-1","max-image-preview":"max-image-preview:large","max-video-preview":"max-video-preview:-1"},"canonical":"https:\/\/nord-bb.de\/de\/leistungen\/we-explore\/projekt-sanierung\/sanierungen-stilhorn-hh\/","og_locale":"de_DE","og_type":"article","og_title":"Sanierungen Stilhorn HH - NORD Bohr und Brunnenbau GmbH","og_description":"Hamburg | Moorfleeter Tunnel Bauherr: FHH Autobahnmeisterei Stillhorn Ort: Stillhorn Gebirgsformation: Lockerformationen Bohrverfahren: Ringraumnachdichtung Lanzenverpressung Anzahl Bohrungen: 1 Bohrtiefe in m: 29,5 Bohrmeter gesamt: 29,5 Bohr-\u00d8 in mm: unbekannt Ausbaudaten: DN 150 \/ 200 \/ PVC Zweck der Bohrung: Lt. UWB Hamburg wurde bei diesem Br. eine Nachdichtung des Ringraumes von 6,50 m unter GOK [&hellip;]","og_url":"https:\/\/nord-bb.de\/de\/leistungen\/we-explore\/projekt-sanierung\/sanierungen-stilhorn-hh\/","og_site_name":"NORD Bohr und Brunnenbau GmbH","article_modified_time":"2024-10-02T11:39:44+00:00","og_image":[{"url":"https:\/\/nord-bb.de\/wp-content\/uploads\/2023\/09\/San-Stilhorn-HH.jpg","type":"","width":"","height":""}],"twitter_card":"summary_large_image","twitter_misc":{"Gesch\u00e4tzte Lesezeit":"2\u00a0Minuten"},"schema":{"@context":"https:\/\/schema.org","@graph":[{"@type":"WebPage","@id":"https:\/\/nord-bb.de\/leistungen\/we-explore\/projekt-sanierung\/sanierungen-stilhorn-hh\/","url":"https:\/\/nord-bb.de\/leistungen\/we-explore\/projekt-sanierung\/sanierungen-stilhorn-hh\/","name":"Sanierungen Stilhorn HH - NORD Bohr und Brunnenbau GmbH","isPartOf":{"@id":"https:\/\/nord-bb.de\/de\/#website"},"primaryImageOfPage":{"@id":"https:\/\/nord-bb.de\/leistungen\/we-explore\/projekt-sanierung\/sanierungen-stilhorn-hh\/#primaryimage"},"image":{"@id":"https:\/\/nord-bb.de\/leistungen\/we-explore\/projekt-sanierung\/sanierungen-stilhorn-hh\/#primaryimage"},"thumbnailUrl":"https:\/\/nord-bb.de\/wp-content\/uploads\/2023\/09\/San-Stilhorn-HH.jpg","datePublished":"2023-09-21T13:14:22+00:00","dateModified":"2024-10-02T11:39:44+00:00","breadcrumb":{"@id":"https:\/\/nord-bb.de\/leistungen\/we-explore\/projekt-sanierung\/sanierungen-stilhorn-hh\/#breadcrumb"},"inLanguage":"de","potentialAction":[{"@type":"ReadAction","target":["https:\/\/nord-bb.de\/leistungen\/we-explore\/projekt-sanierung\/sanierungen-stilhorn-hh\/"]}]},{"@type":"ImageObject","inLanguage":"de","@id":"https:\/\/nord-bb.de\/leistungen\/we-explore\/projekt-sanierung\/sanierungen-stilhorn-hh\/#primaryimage","url":"https:\/\/nord-bb.de\/wp-content\/uploads\/2023\/09\/San-Stilhorn-HH.jpg","contentUrl":"https:\/\/nord-bb.de\/wp-content\/uploads\/2023\/09\/San-Stilhorn-HH.jpg"},{"@type":"BreadcrumbList","@id":"https:\/\/nord-bb.de\/leistungen\/we-explore\/projekt-sanierung\/sanierungen-stilhorn-hh\/#breadcrumb","itemListElement":[{"@type":"ListItem","position":1,"name":"Startseite","item":"https:\/\/nord-bb.de\/"},{"@type":"ListItem","position":2,"name":"Leistungen","item":"https:\/\/nord-bb.de\/leistungen\/"},{"@type":"ListItem","position":3,"name":"WE EXPLORE.","item":"https:\/\/nord-bb.de\/leistungen\/we-explore\/"},{"@type":"ListItem","position":4,"name":"Projekt Sanierung","item":"https:\/\/nord-bb.de\/leistungen\/we-explore\/projekt-sanierung\/"},{"@type":"ListItem","position":5,"name":"Sanierungen Stilhorn HH"}]},{"@type":"WebSite","@id":"https:\/\/nord-bb.de\/de\/#website","url":"https:\/\/nord-bb.de\/de\/","name":"NORD Bohr und Brunnenbau GmbH","description":"Die Spezialisten f\u00fcr Bohr- und Brunnenbau-Technologien","potentialAction":[{"@type":"SearchAction","target":{"@type":"EntryPoint","urlTemplate":"https:\/\/nord-bb.de\/de\/?s={search_term_string}"},"query-input":{"@type":"PropertyValueSpecification","valueRequired":true,"valueName":"search_term_string"}}],"inLanguage":"de"}]}},"_links":{"self":[{"href":"https:\/\/nord-bb.de\/de\/wp-json\/wp\/v2\/pages\/2637","targetHints":{"allow":["GET"]}}],"collection":[{"href":"https:\/\/nord-bb.de\/de\/wp-json\/wp\/v2\/pages"}],"about":[{"href":"https:\/\/nord-bb.de\/de\/wp-json\/wp\/v2\/types\/page"}],"author":[{"embeddable":true,"href":"https:\/\/nord-bb.de\/de\/wp-json\/wp\/v2\/users\/2"}],"replies":[{"embeddable":true,"href":"https:\/\/nord-bb.de\/de\/wp-json\/wp\/v2\/comments?post=2637"}],"version-history":[{"count":22,"href":"https:\/\/nord-bb.de\/de\/wp-json\/wp\/v2\/pages\/2637\/revisions"}],"predecessor-version":[{"id":3679,"href":"https:\/\/nord-bb.de\/de\/wp-json\/wp\/v2\/pages\/2637\/revisions\/3679"}],"up":[{"embeddable":true,"href":"https:\/\/nord-bb.de\/de\/wp-json\/wp\/v2\/pages\/2590"}],"wp:attachment":[{"href":"https:\/\/nord-bb.de\/de\/wp-json\/wp\/v2\/media?parent=2637"}],"curies":[{"name":"wp","href":"https:\/\/api.w.org\/{rel}","templated":true}]}}