{"id":2719,"date":"2023-09-21T16:03:29","date_gmt":"2023-09-21T14:03:29","guid":{"rendered":"http:\/\/2024.nord-bb.de\/?page_id=2719"},"modified":"2024-09-19T14:23:08","modified_gmt":"2024-09-19T12:23:08","slug":"brunnenbohrung-aschaffenburg","status":"publish","type":"page","link":"https:\/\/nord-bb.de\/de\/leistungen\/we-drill\/projekte-brunnenbaubrunnenbohrung\/brunnenbohrung-aschaffenburg\/","title":{"rendered":"Brunnenbohrung Aschaffenburg"},"content":{"rendered":"\t\t<div data-elementor-type=\"wp-page\" data-elementor-id=\"2719\" class=\"elementor elementor-2719\" data-elementor-post-type=\"page\">\n\t\t\t\t<div class=\"elementor-element elementor-element-8eed9b8 e-flex e-con-boxed e-con e-parent\" data-id=\"8eed9b8\" data-element_type=\"container\" data-e-type=\"container\">\n\t\t\t\t\t<div class=\"e-con-inner\">\n\t\t<div class=\"elementor-element elementor-element-b607595 e-con-full e-flex e-con e-child\" data-id=\"b607595\" data-element_type=\"container\" data-e-type=\"container\">\n\t\t\t\t<div class=\"elementor-element elementor-element-f4548bc elementor-widget__width-initial elementor-widget-mobile__width-inherit elementor-widget elementor-widget-image\" data-id=\"f4548bc\" data-element_type=\"widget\" data-e-type=\"widget\" data-widget_type=\"image.default\">\n\t\t\t\t<div class=\"elementor-widget-container\">\n\t\t\t\t\t\t\t\t\t\t\t\t\t\t\t\t<a href=\"https:\/\/nord-bb.de\/leistungen\/we-drill\/projekte-brunnenbaubrunnenbohrung\/\">\n\t\t\t\t\t\t\t<img fetchpriority=\"high\" decoding=\"async\" width=\"990\" height=\"1771\" src=\"https:\/\/nord-bb.de\/wp-content\/uploads\/2023\/09\/Brunnenbohrung-Aschaffenburg.jpg\" class=\"attachment-full size-full wp-image-2722\" alt=\"\" srcset=\"https:\/\/nord-bb.de\/wp-content\/uploads\/2023\/09\/Brunnenbohrung-Aschaffenburg.jpg 990w, https:\/\/nord-bb.de\/wp-content\/uploads\/2023\/09\/Brunnenbohrung-Aschaffenburg-168x300.jpg 168w, https:\/\/nord-bb.de\/wp-content\/uploads\/2023\/09\/Brunnenbohrung-Aschaffenburg-572x1024.jpg 572w, https:\/\/nord-bb.de\/wp-content\/uploads\/2023\/09\/Brunnenbohrung-Aschaffenburg-768x1374.jpg 768w, https:\/\/nord-bb.de\/wp-content\/uploads\/2023\/09\/Brunnenbohrung-Aschaffenburg-859x1536.jpg 859w, https:\/\/nord-bb.de\/wp-content\/uploads\/2023\/09\/Brunnenbohrung-Aschaffenburg-7x12.jpg 7w\" sizes=\"(max-width: 990px) 100vw, 990px\" \/>\t\t\t\t\t\t\t\t<\/a>\n\t\t\t\t\t\t\t\t\t\t\t\t\t\t\t<\/div>\n\t\t\t\t<\/div>\n\t\t<div class=\"elementor-element elementor-element-924921b e-con-full e-flex e-con e-child\" data-id=\"924921b\" data-element_type=\"container\" data-e-type=\"container\">\n\t\t<div class=\"elementor-element elementor-element-7ca3784 e-con-full e-flex e-con e-child\" data-id=\"7ca3784\" data-element_type=\"container\" data-e-type=\"container\">\n\t\t<div class=\"elementor-element elementor-element-c2f70fa e-con-full e-flex e-con e-child\" data-id=\"c2f70fa\" data-element_type=\"container\" data-e-type=\"container\">\n\t\t\t\t<div class=\"elementor-element elementor-element-51f3f14 elementor-widget__width-auto elementor-widget elementor-widget-heading\" data-id=\"51f3f14\" data-element_type=\"widget\" data-e-type=\"widget\" data-widget_type=\"heading.default\">\n\t\t\t\t<div class=\"elementor-widget-container\">\n\t\t\t\t\t<h2 class=\"elementor-heading-title elementor-size-default\">Aschaffenburg | Schleuse<\/h2>\t\t\t\t<\/div>\n\t\t\t\t<\/div>\n\t\t\t\t<div class=\"elementor-element elementor-element-988c349 elementor-widget elementor-widget-text-editor\" data-id=\"988c349\" data-element_type=\"widget\" data-e-type=\"widget\" data-widget_type=\"text-editor.default\">\n\t\t\t\t<div class=\"elementor-widget-container\">\n\t\t\t\t\t\t\t\t\t<p><strong>Bauherr:<\/strong> Wasser -und Schifffahrtsamt<\/p><p><strong>Ort:<\/strong> Aschaffenburg<\/p><p><strong>Gebirgsformation: <\/strong>Quat\u00e4r<\/p><p><strong>Bohrverfahren:<\/strong>Kern-u.Trockenbohrungen<\/p><p>Anzahl Bohrungen: 26 GVM &#8211; 14 Br.<\/p><p>Bohrtiefe in m: 35<\/p><p>Bohrmeter gesamt: 627<\/p><p>Bohr-\u00d8 in mm: 400<\/p><p>Ausbaudaten: DN 200\/125\/K<\/p><p>Zweck der Bohrung:<\/p><div class=\"page\" title=\"Page 1\"><div class=\"layoutArea\"><div class=\"column\"><p>14 St\u00fcck Brunnen und 26 St\u00fcck Grundwassermessstellen, durchgehende Kernung, Pumpversuche, Brunnench\u00e4chte und Messstellenabschl\u00fcsse.<\/p><\/div><\/div><\/div><div class=\"page\" title=\"Page 1\"><div class=\"layoutArea\"><div class=\"column\"><p>F\u00fcr die Schleuse in Erlangen wurden 26 St\u00fcck Grundwassermessstellen im Trocken- bohrverfahren mit durchgehender Kernung und anschlie\u00dfendem Ausbau zur GWM niedergebracht. Au\u00dferdem wurden 16 St\u00fcck Absenkbrunnen im Trockenbohrverfahren mit durchgehender Kernung und anschlie\u00dfendem Ausbau zu Brunnen abgeteuft. Die Absenkbrunnen wurden zur Sicherung der Baugrube niedergebracht. Zum Einsatz kamen drei Bohranlagen, geeignet f\u00fcr die Ausf\u00fchrung von Trockenbohrungen.<\/p><\/div><\/div><\/div>\t\t\t\t\t\t\t\t<\/div>\n\t\t\t\t<\/div>\n\t\t\t\t<\/div>\n\t\t\t\t<div class=\"elementor-element elementor-element-6f8c982 elementor-widget elementor-widget-image\" data-id=\"6f8c982\" data-element_type=\"widget\" data-e-type=\"widget\" data-widget_type=\"image.default\">\n\t\t\t\t<div class=\"elementor-widget-container\">\n\t\t\t\t\t\t\t\t\t\t\t\t\t\t\t\t<a href=\"https:\/\/nord-bb.de\/wp-content\/uploads\/2024\/09\/Aschaffenburg-Schleuse-Baugrund.jpg\" target=\"_blank\">\n\t\t\t\t\t\t\t<img decoding=\"async\" src=\"https:\/\/nord-bb.de\/wp-content\/uploads\/elementor\/thumbs\/Aschaffenburg-Schleuse-Baugrund-qvjz6rfiswa3agw91xti7lajtnirrrurnwzxaqzy5o.jpg\" title=\"Aschaffenburg Schleuse &#8211; Baugrund\" alt=\"Aschaffenburg Schleuse - Baugrund\" loading=\"lazy\" \/>\t\t\t\t\t\t\t\t<\/a>\n\t\t\t\t\t\t\t\t\t\t\t\t\t\t\t<\/div>\n\t\t\t\t<\/div>\n\t\t\t\t<\/div>\n\t\t\t\t<\/div>\n\t\t\t\t<\/div>\n\t\t\t\t\t<\/div>\n\t\t\t\t<\/div>\n\t\t\t\t<\/div>\n\t\t","protected":false},"excerpt":{"rendered":"<p>Aschaffenburg | Schleuse Bauherr: Wasser -und Schifffahrtsamt Ort: Aschaffenburg Gebirgsformation: Quat\u00e4r Bohrverfahren:Kern-u.Trockenbohrungen Anzahl Bohrungen: 26 GVM &#8211; 14 Br. Bohrtiefe in m: 35 Bohrmeter gesamt: 627 Bohr-\u00d8 in mm: 400 Ausbaudaten: DN 200\/125\/K Zweck der Bohrung: 14 St\u00fcck Brunnen und 26 St\u00fcck Grundwassermessstellen, durchgehende Kernung, Pumpversuche, Brunnench\u00e4chte und Messstellenabschl\u00fcsse. F\u00fcr die Schleuse in Erlangen wurden [&hellip;]<\/p>\n","protected":false},"author":2,"featured_media":0,"parent":2233,"menu_order":0,"comment_status":"closed","ping_status":"closed","template":"elementor_header_footer","meta":{"footnotes":"","_links_to":"","_links_to_target":""},"class_list":["post-2719","page","type-page","status-publish","hentry"],"yoast_head":"<!-- This site is optimized with the Yoast SEO plugin v27.4 - https:\/\/yoast.com\/product\/yoast-seo-wordpress\/ -->\n<title>Brunnenbohrung Aschaffenburg - NORD Bohr und Brunnenbau GmbH<\/title>\n<meta name=\"robots\" content=\"index, follow, max-snippet:-1, max-image-preview:large, max-video-preview:-1\" \/>\n<link rel=\"canonical\" href=\"https:\/\/nord-bb.de\/de\/leistungen\/we-drill\/projekte-brunnenbaubrunnenbohrung\/brunnenbohrung-aschaffenburg\/\" \/>\n<meta property=\"og:locale\" content=\"de_DE\" \/>\n<meta property=\"og:type\" content=\"article\" \/>\n<meta property=\"og:title\" content=\"Brunnenbohrung Aschaffenburg - NORD Bohr und Brunnenbau GmbH\" \/>\n<meta property=\"og:description\" content=\"Aschaffenburg | Schleuse Bauherr: Wasser -und Schifffahrtsamt Ort: Aschaffenburg Gebirgsformation: Quat\u00e4r Bohrverfahren:Kern-u.Trockenbohrungen Anzahl Bohrungen: 26 GVM &#8211; 14 Br. Bohrtiefe in m: 35 Bohrmeter gesamt: 627 Bohr-\u00d8 in mm: 400 Ausbaudaten: DN 200\/125\/K Zweck der Bohrung: 14 St\u00fcck Brunnen und 26 St\u00fcck Grundwassermessstellen, durchgehende Kernung, Pumpversuche, Brunnench\u00e4chte und Messstellenabschl\u00fcsse. F\u00fcr die Schleuse in Erlangen wurden [&hellip;]\" \/>\n<meta property=\"og:url\" content=\"https:\/\/nord-bb.de\/de\/leistungen\/we-drill\/projekte-brunnenbaubrunnenbohrung\/brunnenbohrung-aschaffenburg\/\" \/>\n<meta property=\"og:site_name\" content=\"NORD Bohr und Brunnenbau GmbH\" \/>\n<meta property=\"article:modified_time\" content=\"2024-09-19T12:23:08+00:00\" \/>\n<meta property=\"og:image\" content=\"https:\/\/nord-bb.de\/wp-content\/uploads\/2023\/09\/Brunnenbohrung-Aschaffenburg.jpg\" \/>\n<meta name=\"twitter:card\" content=\"summary_large_image\" \/>\n<meta name=\"twitter:label1\" content=\"Gesch\u00e4tzte Lesezeit\" \/>\n\t<meta name=\"twitter:data1\" content=\"1\u00a0Minute\" \/>\n<script type=\"application\/ld+json\" class=\"yoast-schema-graph\">{\"@context\":\"https:\\\/\\\/schema.org\",\"@graph\":[{\"@type\":\"WebPage\",\"@id\":\"https:\\\/\\\/nord-bb.de\\\/leistungen\\\/we-drill\\\/projekte-brunnenbaubrunnenbohrung\\\/brunnenbohrung-aschaffenburg\\\/\",\"url\":\"https:\\\/\\\/nord-bb.de\\\/leistungen\\\/we-drill\\\/projekte-brunnenbaubrunnenbohrung\\\/brunnenbohrung-aschaffenburg\\\/\",\"name\":\"Brunnenbohrung Aschaffenburg - NORD Bohr und Brunnenbau GmbH\",\"isPartOf\":{\"@id\":\"https:\\\/\\\/nord-bb.de\\\/de\\\/#website\"},\"primaryImageOfPage\":{\"@id\":\"https:\\\/\\\/nord-bb.de\\\/leistungen\\\/we-drill\\\/projekte-brunnenbaubrunnenbohrung\\\/brunnenbohrung-aschaffenburg\\\/#primaryimage\"},\"image\":{\"@id\":\"https:\\\/\\\/nord-bb.de\\\/leistungen\\\/we-drill\\\/projekte-brunnenbaubrunnenbohrung\\\/brunnenbohrung-aschaffenburg\\\/#primaryimage\"},\"thumbnailUrl\":\"https:\\\/\\\/nord-bb.de\\\/wp-content\\\/uploads\\\/2023\\\/09\\\/Brunnenbohrung-Aschaffenburg.jpg\",\"datePublished\":\"2023-09-21T14:03:29+00:00\",\"dateModified\":\"2024-09-19T12:23:08+00:00\",\"breadcrumb\":{\"@id\":\"https:\\\/\\\/nord-bb.de\\\/leistungen\\\/we-drill\\\/projekte-brunnenbaubrunnenbohrung\\\/brunnenbohrung-aschaffenburg\\\/#breadcrumb\"},\"inLanguage\":\"de\",\"potentialAction\":[{\"@type\":\"ReadAction\",\"target\":[\"https:\\\/\\\/nord-bb.de\\\/leistungen\\\/we-drill\\\/projekte-brunnenbaubrunnenbohrung\\\/brunnenbohrung-aschaffenburg\\\/\"]}]},{\"@type\":\"ImageObject\",\"inLanguage\":\"de\",\"@id\":\"https:\\\/\\\/nord-bb.de\\\/leistungen\\\/we-drill\\\/projekte-brunnenbaubrunnenbohrung\\\/brunnenbohrung-aschaffenburg\\\/#primaryimage\",\"url\":\"https:\\\/\\\/nord-bb.de\\\/wp-content\\\/uploads\\\/2023\\\/09\\\/Brunnenbohrung-Aschaffenburg.jpg\",\"contentUrl\":\"https:\\\/\\\/nord-bb.de\\\/wp-content\\\/uploads\\\/2023\\\/09\\\/Brunnenbohrung-Aschaffenburg.jpg\"},{\"@type\":\"BreadcrumbList\",\"@id\":\"https:\\\/\\\/nord-bb.de\\\/leistungen\\\/we-drill\\\/projekte-brunnenbaubrunnenbohrung\\\/brunnenbohrung-aschaffenburg\\\/#breadcrumb\",\"itemListElement\":[{\"@type\":\"ListItem\",\"position\":1,\"name\":\"Startseite\",\"item\":\"https:\\\/\\\/nord-bb.de\\\/\"},{\"@type\":\"ListItem\",\"position\":2,\"name\":\"Leistungen\",\"item\":\"https:\\\/\\\/nord-bb.de\\\/leistungen\\\/\"},{\"@type\":\"ListItem\",\"position\":3,\"name\":\"WE DRILL.\",\"item\":\"https:\\\/\\\/nord-bb.de\\\/leistungen\\\/we-drill\\\/\"},{\"@type\":\"ListItem\",\"position\":4,\"name\":\"Projekte Brunnenbau+Brunnenbohrung\",\"item\":\"https:\\\/\\\/nord-bb.de\\\/leistungen\\\/we-drill\\\/projekte-brunnenbaubrunnenbohrung\\\/\"},{\"@type\":\"ListItem\",\"position\":5,\"name\":\"Brunnenbohrung Aschaffenburg\"}]},{\"@type\":\"WebSite\",\"@id\":\"https:\\\/\\\/nord-bb.de\\\/de\\\/#website\",\"url\":\"https:\\\/\\\/nord-bb.de\\\/de\\\/\",\"name\":\"NORD Bohr und Brunnenbau GmbH\",\"description\":\"Die Spezialisten f\u00fcr Bohr- und Brunnenbau-Technologien\",\"potentialAction\":[{\"@type\":\"SearchAction\",\"target\":{\"@type\":\"EntryPoint\",\"urlTemplate\":\"https:\\\/\\\/nord-bb.de\\\/de\\\/?s={search_term_string}\"},\"query-input\":{\"@type\":\"PropertyValueSpecification\",\"valueRequired\":true,\"valueName\":\"search_term_string\"}}],\"inLanguage\":\"de\"}]}<\/script>\n<!-- \/ Yoast SEO plugin. -->","yoast_head_json":{"title":"Brunnenbohrung Aschaffenburg - NORD Bohr und Brunnenbau GmbH","robots":{"index":"index","follow":"follow","max-snippet":"max-snippet:-1","max-image-preview":"max-image-preview:large","max-video-preview":"max-video-preview:-1"},"canonical":"https:\/\/nord-bb.de\/de\/leistungen\/we-drill\/projekte-brunnenbaubrunnenbohrung\/brunnenbohrung-aschaffenburg\/","og_locale":"de_DE","og_type":"article","og_title":"Brunnenbohrung Aschaffenburg - NORD Bohr und Brunnenbau GmbH","og_description":"Aschaffenburg | Schleuse Bauherr: Wasser -und Schifffahrtsamt Ort: Aschaffenburg Gebirgsformation: Quat\u00e4r Bohrverfahren:Kern-u.Trockenbohrungen Anzahl Bohrungen: 26 GVM &#8211; 14 Br. Bohrtiefe in m: 35 Bohrmeter gesamt: 627 Bohr-\u00d8 in mm: 400 Ausbaudaten: DN 200\/125\/K Zweck der Bohrung: 14 St\u00fcck Brunnen und 26 St\u00fcck Grundwassermessstellen, durchgehende Kernung, Pumpversuche, Brunnench\u00e4chte und Messstellenabschl\u00fcsse. F\u00fcr die Schleuse in Erlangen wurden [&hellip;]","og_url":"https:\/\/nord-bb.de\/de\/leistungen\/we-drill\/projekte-brunnenbaubrunnenbohrung\/brunnenbohrung-aschaffenburg\/","og_site_name":"NORD Bohr und Brunnenbau GmbH","article_modified_time":"2024-09-19T12:23:08+00:00","og_image":[{"url":"https:\/\/nord-bb.de\/wp-content\/uploads\/2023\/09\/Brunnenbohrung-Aschaffenburg.jpg","type":"","width":"","height":""}],"twitter_card":"summary_large_image","twitter_misc":{"Gesch\u00e4tzte Lesezeit":"1\u00a0Minute"},"schema":{"@context":"https:\/\/schema.org","@graph":[{"@type":"WebPage","@id":"https:\/\/nord-bb.de\/leistungen\/we-drill\/projekte-brunnenbaubrunnenbohrung\/brunnenbohrung-aschaffenburg\/","url":"https:\/\/nord-bb.de\/leistungen\/we-drill\/projekte-brunnenbaubrunnenbohrung\/brunnenbohrung-aschaffenburg\/","name":"Brunnenbohrung Aschaffenburg - NORD Bohr und Brunnenbau GmbH","isPartOf":{"@id":"https:\/\/nord-bb.de\/de\/#website"},"primaryImageOfPage":{"@id":"https:\/\/nord-bb.de\/leistungen\/we-drill\/projekte-brunnenbaubrunnenbohrung\/brunnenbohrung-aschaffenburg\/#primaryimage"},"image":{"@id":"https:\/\/nord-bb.de\/leistungen\/we-drill\/projekte-brunnenbaubrunnenbohrung\/brunnenbohrung-aschaffenburg\/#primaryimage"},"thumbnailUrl":"https:\/\/nord-bb.de\/wp-content\/uploads\/2023\/09\/Brunnenbohrung-Aschaffenburg.jpg","datePublished":"2023-09-21T14:03:29+00:00","dateModified":"2024-09-19T12:23:08+00:00","breadcrumb":{"@id":"https:\/\/nord-bb.de\/leistungen\/we-drill\/projekte-brunnenbaubrunnenbohrung\/brunnenbohrung-aschaffenburg\/#breadcrumb"},"inLanguage":"de","potentialAction":[{"@type":"ReadAction","target":["https:\/\/nord-bb.de\/leistungen\/we-drill\/projekte-brunnenbaubrunnenbohrung\/brunnenbohrung-aschaffenburg\/"]}]},{"@type":"ImageObject","inLanguage":"de","@id":"https:\/\/nord-bb.de\/leistungen\/we-drill\/projekte-brunnenbaubrunnenbohrung\/brunnenbohrung-aschaffenburg\/#primaryimage","url":"https:\/\/nord-bb.de\/wp-content\/uploads\/2023\/09\/Brunnenbohrung-Aschaffenburg.jpg","contentUrl":"https:\/\/nord-bb.de\/wp-content\/uploads\/2023\/09\/Brunnenbohrung-Aschaffenburg.jpg"},{"@type":"BreadcrumbList","@id":"https:\/\/nord-bb.de\/leistungen\/we-drill\/projekte-brunnenbaubrunnenbohrung\/brunnenbohrung-aschaffenburg\/#breadcrumb","itemListElement":[{"@type":"ListItem","position":1,"name":"Startseite","item":"https:\/\/nord-bb.de\/"},{"@type":"ListItem","position":2,"name":"Leistungen","item":"https:\/\/nord-bb.de\/leistungen\/"},{"@type":"ListItem","position":3,"name":"WE DRILL.","item":"https:\/\/nord-bb.de\/leistungen\/we-drill\/"},{"@type":"ListItem","position":4,"name":"Projekte Brunnenbau+Brunnenbohrung","item":"https:\/\/nord-bb.de\/leistungen\/we-drill\/projekte-brunnenbaubrunnenbohrung\/"},{"@type":"ListItem","position":5,"name":"Brunnenbohrung Aschaffenburg"}]},{"@type":"WebSite","@id":"https:\/\/nord-bb.de\/de\/#website","url":"https:\/\/nord-bb.de\/de\/","name":"NORD Bohr und Brunnenbau GmbH","description":"Die Spezialisten f\u00fcr Bohr- und Brunnenbau-Technologien","potentialAction":[{"@type":"SearchAction","target":{"@type":"EntryPoint","urlTemplate":"https:\/\/nord-bb.de\/de\/?s={search_term_string}"},"query-input":{"@type":"PropertyValueSpecification","valueRequired":true,"valueName":"search_term_string"}}],"inLanguage":"de"}]}},"_links":{"self":[{"href":"https:\/\/nord-bb.de\/de\/wp-json\/wp\/v2\/pages\/2719","targetHints":{"allow":["GET"]}}],"collection":[{"href":"https:\/\/nord-bb.de\/de\/wp-json\/wp\/v2\/pages"}],"about":[{"href":"https:\/\/nord-bb.de\/de\/wp-json\/wp\/v2\/types\/page"}],"author":[{"embeddable":true,"href":"https:\/\/nord-bb.de\/de\/wp-json\/wp\/v2\/users\/2"}],"replies":[{"embeddable":true,"href":"https:\/\/nord-bb.de\/de\/wp-json\/wp\/v2\/comments?post=2719"}],"version-history":[{"count":40,"href":"https:\/\/nord-bb.de\/de\/wp-json\/wp\/v2\/pages\/2719\/revisions"}],"predecessor-version":[{"id":3655,"href":"https:\/\/nord-bb.de\/de\/wp-json\/wp\/v2\/pages\/2719\/revisions\/3655"}],"up":[{"embeddable":true,"href":"https:\/\/nord-bb.de\/de\/wp-json\/wp\/v2\/pages\/2233"}],"wp:attachment":[{"href":"https:\/\/nord-bb.de\/de\/wp-json\/wp\/v2\/media?parent=2719"}],"curies":[{"name":"wp","href":"https:\/\/api.w.org\/{rel}","templated":true}]}}