{"id":2727,"date":"2023-09-21T16:22:16","date_gmt":"2023-09-21T14:22:16","guid":{"rendered":"http:\/\/2024.nord-bb.de\/?page_id=2727"},"modified":"2024-09-03T16:37:59","modified_gmt":"2024-09-03T14:37:59","slug":"brunnenbohrung-munster","status":"publish","type":"page","link":"https:\/\/nord-bb.de\/de\/leistungen\/we-drill\/projekte-brunnenbaubrunnenbohrung\/brunnenbohrung-munster\/","title":{"rendered":"Brunnenbohrung Munster"},"content":{"rendered":"\t\t<div data-elementor-type=\"wp-page\" data-elementor-id=\"2727\" class=\"elementor elementor-2727\" data-elementor-post-type=\"page\">\n\t\t\t\t<div class=\"elementor-element elementor-element-4c712f3 e-flex e-con-boxed e-con e-parent\" data-id=\"4c712f3\" data-element_type=\"container\" data-e-type=\"container\">\n\t\t\t\t\t<div class=\"e-con-inner\">\n\t\t<div class=\"elementor-element elementor-element-a8be332 e-con-full e-flex e-con e-child\" data-id=\"a8be332\" data-element_type=\"container\" data-e-type=\"container\">\n\t\t\t\t<div class=\"elementor-element elementor-element-6026c0c elementor-widget__width-initial elementor-widget-mobile__width-inherit elementor-widget elementor-widget-image\" data-id=\"6026c0c\" data-element_type=\"widget\" data-e-type=\"widget\" data-widget_type=\"image.default\">\n\t\t\t\t<div class=\"elementor-widget-container\">\n\t\t\t\t\t\t\t\t\t\t\t\t\t\t\t\t<a href=\"https:\/\/nord-bb.de\/leistungen\/we-drill\/projekte-brunnenbaubrunnenbohrung\/\">\n\t\t\t\t\t\t\t<img fetchpriority=\"high\" decoding=\"async\" width=\"990\" height=\"1771\" src=\"https:\/\/nord-bb.de\/wp-content\/uploads\/2023\/09\/Brunnenbohrung-Munster.jpg\" class=\"attachment-full size-full wp-image-2729\" alt=\"\" srcset=\"https:\/\/nord-bb.de\/wp-content\/uploads\/2023\/09\/Brunnenbohrung-Munster.jpg 990w, https:\/\/nord-bb.de\/wp-content\/uploads\/2023\/09\/Brunnenbohrung-Munster-168x300.jpg 168w, https:\/\/nord-bb.de\/wp-content\/uploads\/2023\/09\/Brunnenbohrung-Munster-572x1024.jpg 572w, https:\/\/nord-bb.de\/wp-content\/uploads\/2023\/09\/Brunnenbohrung-Munster-768x1374.jpg 768w, https:\/\/nord-bb.de\/wp-content\/uploads\/2023\/09\/Brunnenbohrung-Munster-859x1536.jpg 859w, https:\/\/nord-bb.de\/wp-content\/uploads\/2023\/09\/Brunnenbohrung-Munster-7x12.jpg 7w\" sizes=\"(max-width: 990px) 100vw, 990px\" \/>\t\t\t\t\t\t\t\t<\/a>\n\t\t\t\t\t\t\t\t\t\t\t\t\t\t\t<\/div>\n\t\t\t\t<\/div>\n\t\t<div class=\"elementor-element elementor-element-476d3a0 e-con-full e-flex e-con e-child\" data-id=\"476d3a0\" data-element_type=\"container\" data-e-type=\"container\">\n\t\t<div class=\"elementor-element elementor-element-e04f247 e-con-full e-flex e-con e-child\" data-id=\"e04f247\" data-element_type=\"container\" data-e-type=\"container\">\n\t\t<div class=\"elementor-element elementor-element-9561943 e-con-full e-flex e-con e-child\" data-id=\"9561943\" data-element_type=\"container\" data-e-type=\"container\">\n\t\t\t\t<div class=\"elementor-element elementor-element-1fff3db elementor-widget__width-auto elementor-widget elementor-widget-heading\" data-id=\"1fff3db\" data-element_type=\"widget\" data-e-type=\"widget\" data-widget_type=\"heading.default\">\n\t\t\t\t<div class=\"elementor-widget-container\">\n\t\t\t\t\t<h2 class=\"elementor-heading-title elementor-size-default\">Munster | Brunnen<\/h2>\t\t\t\t<\/div>\n\t\t\t\t<\/div>\n\t\t\t\t<div class=\"elementor-element elementor-element-666b6e9 elementor-widget elementor-widget-text-editor\" data-id=\"666b6e9\" data-element_type=\"widget\" data-e-type=\"widget\" data-widget_type=\"text-editor.default\">\n\t\t\t\t<div class=\"elementor-widget-container\">\n\t\t\t\t\t\t\t\t\t<p><strong>Bauherr:<\/strong> Stadtwerke Munster-Bispingen GmbH<\/p><p><strong>Ort:<\/strong> Munster-Bispingen<\/p><p><strong>Gebirgsformation:<\/strong>Lockerformationen<\/p><p><strong>Bohrverfahren:<\/strong>Lufthebebohrung <br \/>RKR Kernbohrung<\/p><p>Anzahl Bohrungen: 1<\/p><p>Bohrtiefe in m: 107<\/p><p>Bohrmeter gesamt: 107<\/p><p>Bohr-\u00d8 in mm: 800<\/p><p>Ausbaudaten: DN 400 \/ VA \/ KV<\/p><p>Zweck der Bohrung:<\/p><div class=\"page\" title=\"Page 1\"><div class=\"layoutArea\"><div class=\"column\"><p>Niederbringung von 1 Stck. Versuchs- brunnen f\u00fcr ein geplantes neues WW. Auf dem Vorwege wurde eine AB bis 64,00 m unter GOK im Lufthebe-Bohr- verfahren und bis 110,00 m unter GOK im Kern-Bohrverfahren RKR abgeteuft.<\/p><\/div><\/div><\/div><div class=\"page\" title=\"Page 1\"><div class=\"layoutArea\"><div class=\"column\"><p>Abteufen des Versuchsbrunnen 1 f\u00fcr das geplante neue Wasserwerk im Lufthebe &#8211; Bohrverfahren mit 800 mm \u00d8. Nach Erreichen der Endtiefe von 107 m unter GOK wurden Wickeldrahtfilter aus Edelstahl und Vollrohre aus Kunststoff KV Fabrikat Noresta sowie ein Peilrohr DN 65 Norip eingebaut. Anschlie\u00dfend wurde die Filterstrecke verkiest, eine Tonsperre mit Quellon HD gesch\u00fcttet und der Ringraum bis GOK mit einer Tonmehl-Zement-Suspension aufgef\u00fcllt. Abschlie\u00dfend wurde eine Intensiventsandung und der Leistungspumpversuch ausgef\u00fchrt. Ein Brunnenschacht und die F\u00f6rderanlage werden erst nach Abschlu\u00df des Versuchsbetriebes montiert.<\/p><\/div><\/div><\/div>\t\t\t\t\t\t\t\t<\/div>\n\t\t\t\t<\/div>\n\t\t\t\t<\/div>\n\t\t\t\t<div class=\"elementor-element elementor-element-999713d elementor-widget elementor-widget-image\" data-id=\"999713d\" data-element_type=\"widget\" data-e-type=\"widget\" data-widget_type=\"image.default\">\n\t\t\t\t<div class=\"elementor-widget-container\">\n\t\t\t\t\t\t\t\t\t\t\t\t\t\t\t\t<a href=\"https:\/\/nord-bb.de\/wp-content\/uploads\/2024\/09\/STW-Munster-FB-1-A3H.jpg\" target=\"_blank\">\n\t\t\t\t\t\t\t<img decoding=\"async\" src=\"https:\/\/nord-bb.de\/wp-content\/uploads\/elementor\/thumbs\/STW-Munster-FB-1-A3H-qvjz6rfiswa3agw91xti7lajtnirrrurnwzxaqzy5o.jpg\" title=\"STW Munster FB 1 A3H\" alt=\"STW Munster FB 1 A3H\" loading=\"lazy\" \/>\t\t\t\t\t\t\t\t<\/a>\n\t\t\t\t\t\t\t\t\t\t\t\t\t\t\t<\/div>\n\t\t\t\t<\/div>\n\t\t\t\t<\/div>\n\t\t\t\t<\/div>\n\t\t\t\t<\/div>\n\t\t\t\t\t<\/div>\n\t\t\t\t<\/div>\n\t\t\t\t<\/div>\n\t\t","protected":false},"excerpt":{"rendered":"<p>Munster | Brunnen Bauherr: Stadtwerke Munster-Bispingen GmbH Ort: Munster-Bispingen Gebirgsformation:Lockerformationen Bohrverfahren:Lufthebebohrung RKR Kernbohrung Anzahl Bohrungen: 1 Bohrtiefe in m: 107 Bohrmeter gesamt: 107 Bohr-\u00d8 in mm: 800 Ausbaudaten: DN 400 \/ VA \/ KV Zweck der Bohrung: Niederbringung von 1 Stck. Versuchs- brunnen f\u00fcr ein geplantes neues WW. Auf dem Vorwege wurde eine AB bis [&hellip;]<\/p>\n","protected":false},"author":2,"featured_media":0,"parent":2233,"menu_order":0,"comment_status":"closed","ping_status":"closed","template":"elementor_header_footer","meta":{"footnotes":"","_links_to":"","_links_to_target":""},"class_list":["post-2727","page","type-page","status-publish","hentry"],"yoast_head":"<!-- This site is optimized with the Yoast SEO plugin v27.4 - https:\/\/yoast.com\/product\/yoast-seo-wordpress\/ -->\n<title>Brunnenbohrung Munster - NORD Bohr und Brunnenbau GmbH<\/title>\n<meta name=\"robots\" content=\"index, follow, max-snippet:-1, max-image-preview:large, max-video-preview:-1\" \/>\n<link rel=\"canonical\" href=\"https:\/\/nord-bb.de\/de\/leistungen\/we-drill\/projekte-brunnenbaubrunnenbohrung\/brunnenbohrung-munster\/\" \/>\n<meta property=\"og:locale\" content=\"de_DE\" \/>\n<meta property=\"og:type\" content=\"article\" \/>\n<meta property=\"og:title\" content=\"Brunnenbohrung Munster - NORD Bohr und Brunnenbau GmbH\" \/>\n<meta property=\"og:description\" content=\"Munster | Brunnen Bauherr: Stadtwerke Munster-Bispingen GmbH Ort: Munster-Bispingen Gebirgsformation:Lockerformationen Bohrverfahren:Lufthebebohrung RKR Kernbohrung Anzahl Bohrungen: 1 Bohrtiefe in m: 107 Bohrmeter gesamt: 107 Bohr-\u00d8 in mm: 800 Ausbaudaten: DN 400 \/ VA \/ KV Zweck der Bohrung: Niederbringung von 1 Stck. Versuchs- brunnen f\u00fcr ein geplantes neues WW. Auf dem Vorwege wurde eine AB bis [&hellip;]\" \/>\n<meta property=\"og:url\" content=\"https:\/\/nord-bb.de\/de\/leistungen\/we-drill\/projekte-brunnenbaubrunnenbohrung\/brunnenbohrung-munster\/\" \/>\n<meta property=\"og:site_name\" content=\"NORD Bohr und Brunnenbau GmbH\" \/>\n<meta property=\"article:modified_time\" content=\"2024-09-03T14:37:59+00:00\" \/>\n<meta property=\"og:image\" content=\"https:\/\/nord-bb.de\/wp-content\/uploads\/2023\/09\/Brunnenbohrung-Munster.jpg\" \/>\n<meta name=\"twitter:card\" content=\"summary_large_image\" \/>\n<meta name=\"twitter:label1\" content=\"Gesch\u00e4tzte Lesezeit\" \/>\n\t<meta name=\"twitter:data1\" content=\"2\u00a0Minuten\" \/>\n<script type=\"application\/ld+json\" class=\"yoast-schema-graph\">{\"@context\":\"https:\\\/\\\/schema.org\",\"@graph\":[{\"@type\":\"WebPage\",\"@id\":\"https:\\\/\\\/nord-bb.de\\\/leistungen\\\/we-drill\\\/projekte-brunnenbaubrunnenbohrung\\\/brunnenbohrung-munster\\\/\",\"url\":\"https:\\\/\\\/nord-bb.de\\\/leistungen\\\/we-drill\\\/projekte-brunnenbaubrunnenbohrung\\\/brunnenbohrung-munster\\\/\",\"name\":\"Brunnenbohrung Munster - NORD Bohr und Brunnenbau GmbH\",\"isPartOf\":{\"@id\":\"https:\\\/\\\/nord-bb.de\\\/de\\\/#website\"},\"primaryImageOfPage\":{\"@id\":\"https:\\\/\\\/nord-bb.de\\\/leistungen\\\/we-drill\\\/projekte-brunnenbaubrunnenbohrung\\\/brunnenbohrung-munster\\\/#primaryimage\"},\"image\":{\"@id\":\"https:\\\/\\\/nord-bb.de\\\/leistungen\\\/we-drill\\\/projekte-brunnenbaubrunnenbohrung\\\/brunnenbohrung-munster\\\/#primaryimage\"},\"thumbnailUrl\":\"https:\\\/\\\/nord-bb.de\\\/wp-content\\\/uploads\\\/2023\\\/09\\\/Brunnenbohrung-Munster.jpg\",\"datePublished\":\"2023-09-21T14:22:16+00:00\",\"dateModified\":\"2024-09-03T14:37:59+00:00\",\"breadcrumb\":{\"@id\":\"https:\\\/\\\/nord-bb.de\\\/leistungen\\\/we-drill\\\/projekte-brunnenbaubrunnenbohrung\\\/brunnenbohrung-munster\\\/#breadcrumb\"},\"inLanguage\":\"de\",\"potentialAction\":[{\"@type\":\"ReadAction\",\"target\":[\"https:\\\/\\\/nord-bb.de\\\/leistungen\\\/we-drill\\\/projekte-brunnenbaubrunnenbohrung\\\/brunnenbohrung-munster\\\/\"]}]},{\"@type\":\"ImageObject\",\"inLanguage\":\"de\",\"@id\":\"https:\\\/\\\/nord-bb.de\\\/leistungen\\\/we-drill\\\/projekte-brunnenbaubrunnenbohrung\\\/brunnenbohrung-munster\\\/#primaryimage\",\"url\":\"https:\\\/\\\/nord-bb.de\\\/wp-content\\\/uploads\\\/2023\\\/09\\\/Brunnenbohrung-Munster.jpg\",\"contentUrl\":\"https:\\\/\\\/nord-bb.de\\\/wp-content\\\/uploads\\\/2023\\\/09\\\/Brunnenbohrung-Munster.jpg\"},{\"@type\":\"BreadcrumbList\",\"@id\":\"https:\\\/\\\/nord-bb.de\\\/leistungen\\\/we-drill\\\/projekte-brunnenbaubrunnenbohrung\\\/brunnenbohrung-munster\\\/#breadcrumb\",\"itemListElement\":[{\"@type\":\"ListItem\",\"position\":1,\"name\":\"Startseite\",\"item\":\"https:\\\/\\\/nord-bb.de\\\/\"},{\"@type\":\"ListItem\",\"position\":2,\"name\":\"Leistungen\",\"item\":\"https:\\\/\\\/nord-bb.de\\\/leistungen\\\/\"},{\"@type\":\"ListItem\",\"position\":3,\"name\":\"WE DRILL.\",\"item\":\"https:\\\/\\\/nord-bb.de\\\/leistungen\\\/we-drill\\\/\"},{\"@type\":\"ListItem\",\"position\":4,\"name\":\"Projekte Brunnenbau+Brunnenbohrung\",\"item\":\"https:\\\/\\\/nord-bb.de\\\/leistungen\\\/we-drill\\\/projekte-brunnenbaubrunnenbohrung\\\/\"},{\"@type\":\"ListItem\",\"position\":5,\"name\":\"Brunnenbohrung Munster\"}]},{\"@type\":\"WebSite\",\"@id\":\"https:\\\/\\\/nord-bb.de\\\/de\\\/#website\",\"url\":\"https:\\\/\\\/nord-bb.de\\\/de\\\/\",\"name\":\"NORD Bohr und Brunnenbau GmbH\",\"description\":\"Die Spezialisten f\u00fcr Bohr- und Brunnenbau-Technologien\",\"potentialAction\":[{\"@type\":\"SearchAction\",\"target\":{\"@type\":\"EntryPoint\",\"urlTemplate\":\"https:\\\/\\\/nord-bb.de\\\/de\\\/?s={search_term_string}\"},\"query-input\":{\"@type\":\"PropertyValueSpecification\",\"valueRequired\":true,\"valueName\":\"search_term_string\"}}],\"inLanguage\":\"de\"}]}<\/script>\n<!-- \/ Yoast SEO plugin. -->","yoast_head_json":{"title":"Brunnenbohrung Munster - NORD Bohr und Brunnenbau GmbH","robots":{"index":"index","follow":"follow","max-snippet":"max-snippet:-1","max-image-preview":"max-image-preview:large","max-video-preview":"max-video-preview:-1"},"canonical":"https:\/\/nord-bb.de\/de\/leistungen\/we-drill\/projekte-brunnenbaubrunnenbohrung\/brunnenbohrung-munster\/","og_locale":"de_DE","og_type":"article","og_title":"Brunnenbohrung Munster - NORD Bohr und Brunnenbau GmbH","og_description":"Munster | Brunnen Bauherr: Stadtwerke Munster-Bispingen GmbH Ort: Munster-Bispingen Gebirgsformation:Lockerformationen Bohrverfahren:Lufthebebohrung RKR Kernbohrung Anzahl Bohrungen: 1 Bohrtiefe in m: 107 Bohrmeter gesamt: 107 Bohr-\u00d8 in mm: 800 Ausbaudaten: DN 400 \/ VA \/ KV Zweck der Bohrung: Niederbringung von 1 Stck. Versuchs- brunnen f\u00fcr ein geplantes neues WW. Auf dem Vorwege wurde eine AB bis [&hellip;]","og_url":"https:\/\/nord-bb.de\/de\/leistungen\/we-drill\/projekte-brunnenbaubrunnenbohrung\/brunnenbohrung-munster\/","og_site_name":"NORD Bohr und Brunnenbau GmbH","article_modified_time":"2024-09-03T14:37:59+00:00","og_image":[{"url":"https:\/\/nord-bb.de\/wp-content\/uploads\/2023\/09\/Brunnenbohrung-Munster.jpg","type":"","width":"","height":""}],"twitter_card":"summary_large_image","twitter_misc":{"Gesch\u00e4tzte Lesezeit":"2\u00a0Minuten"},"schema":{"@context":"https:\/\/schema.org","@graph":[{"@type":"WebPage","@id":"https:\/\/nord-bb.de\/leistungen\/we-drill\/projekte-brunnenbaubrunnenbohrung\/brunnenbohrung-munster\/","url":"https:\/\/nord-bb.de\/leistungen\/we-drill\/projekte-brunnenbaubrunnenbohrung\/brunnenbohrung-munster\/","name":"Brunnenbohrung Munster - NORD Bohr und Brunnenbau GmbH","isPartOf":{"@id":"https:\/\/nord-bb.de\/de\/#website"},"primaryImageOfPage":{"@id":"https:\/\/nord-bb.de\/leistungen\/we-drill\/projekte-brunnenbaubrunnenbohrung\/brunnenbohrung-munster\/#primaryimage"},"image":{"@id":"https:\/\/nord-bb.de\/leistungen\/we-drill\/projekte-brunnenbaubrunnenbohrung\/brunnenbohrung-munster\/#primaryimage"},"thumbnailUrl":"https:\/\/nord-bb.de\/wp-content\/uploads\/2023\/09\/Brunnenbohrung-Munster.jpg","datePublished":"2023-09-21T14:22:16+00:00","dateModified":"2024-09-03T14:37:59+00:00","breadcrumb":{"@id":"https:\/\/nord-bb.de\/leistungen\/we-drill\/projekte-brunnenbaubrunnenbohrung\/brunnenbohrung-munster\/#breadcrumb"},"inLanguage":"de","potentialAction":[{"@type":"ReadAction","target":["https:\/\/nord-bb.de\/leistungen\/we-drill\/projekte-brunnenbaubrunnenbohrung\/brunnenbohrung-munster\/"]}]},{"@type":"ImageObject","inLanguage":"de","@id":"https:\/\/nord-bb.de\/leistungen\/we-drill\/projekte-brunnenbaubrunnenbohrung\/brunnenbohrung-munster\/#primaryimage","url":"https:\/\/nord-bb.de\/wp-content\/uploads\/2023\/09\/Brunnenbohrung-Munster.jpg","contentUrl":"https:\/\/nord-bb.de\/wp-content\/uploads\/2023\/09\/Brunnenbohrung-Munster.jpg"},{"@type":"BreadcrumbList","@id":"https:\/\/nord-bb.de\/leistungen\/we-drill\/projekte-brunnenbaubrunnenbohrung\/brunnenbohrung-munster\/#breadcrumb","itemListElement":[{"@type":"ListItem","position":1,"name":"Startseite","item":"https:\/\/nord-bb.de\/"},{"@type":"ListItem","position":2,"name":"Leistungen","item":"https:\/\/nord-bb.de\/leistungen\/"},{"@type":"ListItem","position":3,"name":"WE DRILL.","item":"https:\/\/nord-bb.de\/leistungen\/we-drill\/"},{"@type":"ListItem","position":4,"name":"Projekte Brunnenbau+Brunnenbohrung","item":"https:\/\/nord-bb.de\/leistungen\/we-drill\/projekte-brunnenbaubrunnenbohrung\/"},{"@type":"ListItem","position":5,"name":"Brunnenbohrung Munster"}]},{"@type":"WebSite","@id":"https:\/\/nord-bb.de\/de\/#website","url":"https:\/\/nord-bb.de\/de\/","name":"NORD Bohr und Brunnenbau GmbH","description":"Die Spezialisten f\u00fcr Bohr- und Brunnenbau-Technologien","potentialAction":[{"@type":"SearchAction","target":{"@type":"EntryPoint","urlTemplate":"https:\/\/nord-bb.de\/de\/?s={search_term_string}"},"query-input":{"@type":"PropertyValueSpecification","valueRequired":true,"valueName":"search_term_string"}}],"inLanguage":"de"}]}},"_links":{"self":[{"href":"https:\/\/nord-bb.de\/de\/wp-json\/wp\/v2\/pages\/2727","targetHints":{"allow":["GET"]}}],"collection":[{"href":"https:\/\/nord-bb.de\/de\/wp-json\/wp\/v2\/pages"}],"about":[{"href":"https:\/\/nord-bb.de\/de\/wp-json\/wp\/v2\/types\/page"}],"author":[{"embeddable":true,"href":"https:\/\/nord-bb.de\/de\/wp-json\/wp\/v2\/users\/2"}],"replies":[{"embeddable":true,"href":"https:\/\/nord-bb.de\/de\/wp-json\/wp\/v2\/comments?post=2727"}],"version-history":[{"count":19,"href":"https:\/\/nord-bb.de\/de\/wp-json\/wp\/v2\/pages\/2727\/revisions"}],"predecessor-version":[{"id":3528,"href":"https:\/\/nord-bb.de\/de\/wp-json\/wp\/v2\/pages\/2727\/revisions\/3528"}],"up":[{"embeddable":true,"href":"https:\/\/nord-bb.de\/de\/wp-json\/wp\/v2\/pages\/2233"}],"wp:attachment":[{"href":"https:\/\/nord-bb.de\/de\/wp-json\/wp\/v2\/media?parent=2727"}],"curies":[{"name":"wp","href":"https:\/\/api.w.org\/{rel}","templated":true}]}}