{"id":704,"date":"2020-03-31T12:40:48","date_gmt":"2020-03-31T10:40:48","guid":{"rendered":"http:\/\/2024.nord-bb.de\/?page_id=704"},"modified":"2024-11-26T10:54:29","modified_gmt":"2024-11-26T09:54:29","slug":"karriere","status":"publish","type":"page","link":"https:\/\/nord-bb.de\/de\/karriere-portal\/karriere\/","title":{"rendered":"Karriere"},"content":{"rendered":"\t\t<div data-elementor-type=\"wp-post\" data-elementor-id=\"704\" class=\"elementor elementor-704\" data-elementor-post-type=\"page\">\n\t\t\t\t<div class=\"elementor-element elementor-element-4133c7e e-con-full e-flex e-con e-parent\" data-id=\"4133c7e\" data-element_type=\"container\" data-e-type=\"container\">\n\t\t<div class=\"elementor-element elementor-element-68f24fc e-flex e-con-boxed e-con e-child\" data-id=\"68f24fc\" data-element_type=\"container\" data-e-type=\"container\">\n\t\t\t\t\t<div class=\"e-con-inner\">\n\t\t<div class=\"elementor-element elementor-element-78d9486 e-con-full e-flex e-con e-child\" data-id=\"78d9486\" data-element_type=\"container\" data-e-type=\"container\">\n\t\t\t\t<div class=\"elementor-element elementor-element-efbede0 elementor-widget__width-initial elementor-widget-mobile__width-inherit elementor-widget elementor-widget-image\" data-id=\"efbede0\" data-element_type=\"widget\" data-e-type=\"widget\" data-widget_type=\"image.default\">\n\t\t\t\t<div class=\"elementor-widget-container\">\n\t\t\t\t\t\t\t\t\t\t\t\t\t\t\t<img fetchpriority=\"high\" decoding=\"async\" width=\"1319\" height=\"2361\" src=\"https:\/\/nord-bb.de\/wp-content\/uploads\/2023\/08\/Karriere1.jpg\" class=\"attachment-full size-full wp-image-2218\" alt=\"\" srcset=\"https:\/\/nord-bb.de\/wp-content\/uploads\/2023\/08\/Karriere1.jpg 1319w, https:\/\/nord-bb.de\/wp-content\/uploads\/2023\/08\/Karriere1-168x300.jpg 168w, https:\/\/nord-bb.de\/wp-content\/uploads\/2023\/08\/Karriere1-572x1024.jpg 572w, https:\/\/nord-bb.de\/wp-content\/uploads\/2023\/08\/Karriere1-768x1375.jpg 768w, https:\/\/nord-bb.de\/wp-content\/uploads\/2023\/08\/Karriere1-858x1536.jpg 858w, https:\/\/nord-bb.de\/wp-content\/uploads\/2023\/08\/Karriere1-1144x2048.jpg 1144w, https:\/\/nord-bb.de\/wp-content\/uploads\/2023\/08\/Karriere1-7x12.jpg 7w\" sizes=\"(max-width: 1319px) 100vw, 1319px\" \/>\t\t\t\t\t\t\t\t\t\t\t\t\t\t\t<\/div>\n\t\t\t\t<\/div>\n\t\t<div class=\"elementor-element elementor-element-ac4187f e-con-full e-flex e-con e-child\" data-id=\"ac4187f\" data-element_type=\"container\" data-e-type=\"container\">\n\t\t<div class=\"elementor-element elementor-element-c982b04 e-con-full e-flex e-con e-child\" data-id=\"c982b04\" data-element_type=\"container\" data-e-type=\"container\">\n\t\t<div class=\"elementor-element elementor-element-f6cdc41 e-con-full e-flex e-con e-child\" data-id=\"f6cdc41\" data-element_type=\"container\" data-e-type=\"container\">\n\t\t\t\t<div class=\"elementor-element elementor-element-92fbe39 elementor-widget__width-auto elementor-widget elementor-widget-heading\" data-id=\"92fbe39\" data-element_type=\"widget\" data-e-type=\"widget\" data-widget_type=\"heading.default\">\n\t\t\t\t<div class=\"elementor-widget-container\">\n\t\t\t\t\t<h2 class=\"elementor-heading-title elementor-size-default\">NBB. Karriere.<\/h2>\t\t\t\t<\/div>\n\t\t\t\t<\/div>\n\t\t\t\t<div class=\"elementor-element elementor-element-bdfb2cb elementor-widget__width-auto elementor-widget elementor-widget-heading\" data-id=\"bdfb2cb\" data-element_type=\"widget\" data-e-type=\"widget\" data-widget_type=\"heading.default\">\n\t\t\t\t<div class=\"elementor-widget-container\">\n\t\t\t\t\t<h2 class=\"elementor-heading-title elementor-size-default\">WELTWEIT IM EINSATZ.<\/h2>\t\t\t\t<\/div>\n\t\t\t\t<\/div>\n\t\t\t\t<div class=\"elementor-element elementor-element-c8151b5 elementor-widget__width-initial elementor-widget elementor-widget-text-editor\" data-id=\"c8151b5\" data-element_type=\"widget\" data-e-type=\"widget\" data-widget_type=\"text-editor.default\">\n\t\t\t\t<div class=\"elementor-widget-container\">\n\t\t\t\t\t\t\t\t\t<div class=\"elementor-element elementor-element-6d7485e elementor-widget elementor-widget-heading\" data-id=\"6d7485e\" data-element_type=\"widget\" data-widget_type=\"heading.default\"><div class=\"elementor-widget-container\"><h5 class=\"elementor-heading-title elementor-size-default\"><strong>Berufskraftfahrer (m\/w\/d) <\/strong><\/h5><h5 class=\"elementor-heading-title elementor-size-default\"><strong>mit F\u00fchrerscheinklasse CE im Nahverkehr<\/strong><\/h5><\/div><\/div><div class=\"elementor-element elementor-element-4880ae0 elementor-widget elementor-widget-text-editor\" data-id=\"4880ae0\" data-element_type=\"widget\" data-widget_type=\"text-editor.default\"><div class=\"elementor-widget-container\"><h6><strong>Deine Aufgaben:<\/strong><\/h6><ul><li>Belieferung unserer Baustellen in und um Hamburg im Nahverkehr<\/li><li>Fernverkehr zu unseren auswertigen Baustellen nach Absprache m\u00f6glich (gelegentlich f\u00fcr 1-2 Tage)<\/li><\/ul><h6><strong>Dein Profil:<\/strong><\/h6><ul><li>F\u00fchrerschein Klasse CE (Schwere Lastz\u00fcge \u00fcber 3,5t + Anh\u00e4nger \u00fcber 0,75t)<\/li><li>Fahrerkarte<\/li><li>gerne auch Anf\u00e4nger<\/li><li>wenn m\u00f6glich, Deutsch in Wort und Schrift<\/li><li>Du bist flexibel, organisiert, aufgeschlossen und motiviert.<\/li><\/ul><h6><strong>Das bieten wir:<\/strong><\/h6><ul><li>ein unbefristetes Besch\u00e4ftigungsverh\u00e4ltnis<\/li><li>Leistungsgerechte Bezahlung<\/li><li>30 Tage Urlaub<\/li><li>VWL<span class=\"Apple-converted-space\">\u00a0<\/span><\/li><li>Betriebliche Altersvorsorge m\u00f6glich \u2013 wir unterst\u00fctzen \u00fcber die Bausparkasse Wiesbaden (SOKA)<\/li><li>individuelle Pr\u00e4mie zum Jahresende<\/li><li>Arbeitskleidung wird gestellt<span class=\"Apple-converted-space\">\u00a0<\/span><\/li><li>Deine Einarbeitung wird von uns aktiv begleitet<\/li><li>angenehmes Betriebsklima und familienfreundliches Unternehmen<\/li><li>uvm.<\/li><\/ul><\/div><\/div>\t\t\t\t\t\t\t\t<\/div>\n\t\t\t\t<\/div>\n\t\t\t\t<\/div>\n\t\t\t\t<\/div>\n\t\t\t\t<\/div>\n\t\t\t\t<\/div>\n\t\t\t\t\t<\/div>\n\t\t\t\t<\/div>\n\t\t\t\t<\/div>\n\t\t\t\t<\/div>\n\t\t","protected":false},"excerpt":{"rendered":"<p>NBB. Karriere. WELTWEIT IM EINSATZ. Berufskraftfahrer (m\/w\/d) mit F\u00fchrerscheinklasse CE im Nahverkehr Deine Aufgaben: Belieferung unserer Baustellen in und um Hamburg im Nahverkehr Fernverkehr zu unseren auswertigen Baustellen nach Absprache m\u00f6glich (gelegentlich f\u00fcr 1-2 Tage) Dein Profil: F\u00fchrerschein Klasse CE (Schwere Lastz\u00fcge \u00fcber 3,5t + Anh\u00e4nger \u00fcber 0,75t) Fahrerkarte gerne auch Anf\u00e4nger wenn m\u00f6glich, Deutsch [&hellip;]<\/p>\n","protected":false},"author":2,"featured_media":0,"parent":3756,"menu_order":0,"comment_status":"closed","ping_status":"closed","template":"elementor_header_footer","meta":{"footnotes":"","_links_to":"","_links_to_target":""},"class_list":["post-704","page","type-page","status-publish","hentry"],"yoast_head":"<!-- This site is optimized with the Yoast SEO plugin v27.3 - https:\/\/yoast.com\/product\/yoast-seo-wordpress\/ -->\n<title>Karriere - NORD Bohr und Brunnenbau GmbH<\/title>\n<meta name=\"robots\" content=\"index, follow, max-snippet:-1, max-image-preview:large, max-video-preview:-1\" \/>\n<link rel=\"canonical\" href=\"https:\/\/nord-bb.de\/de\/karriere-portal\/karriere\/\" \/>\n<meta property=\"og:locale\" content=\"de_DE\" \/>\n<meta property=\"og:type\" content=\"article\" \/>\n<meta property=\"og:title\" content=\"Karriere - NORD Bohr und Brunnenbau GmbH\" \/>\n<meta property=\"og:description\" content=\"NBB. Karriere. WELTWEIT IM EINSATZ. Berufskraftfahrer (m\/w\/d) mit F\u00fchrerscheinklasse CE im Nahverkehr Deine Aufgaben: Belieferung unserer Baustellen in und um Hamburg im Nahverkehr Fernverkehr zu unseren auswertigen Baustellen nach Absprache m\u00f6glich (gelegentlich f\u00fcr 1-2 Tage) Dein Profil: F\u00fchrerschein Klasse CE (Schwere Lastz\u00fcge \u00fcber 3,5t + Anh\u00e4nger \u00fcber 0,75t) Fahrerkarte gerne auch Anf\u00e4nger wenn m\u00f6glich, Deutsch [&hellip;]\" \/>\n<meta property=\"og:url\" content=\"https:\/\/nord-bb.de\/de\/karriere-portal\/karriere\/\" \/>\n<meta property=\"og:site_name\" content=\"NORD Bohr und Brunnenbau GmbH\" \/>\n<meta property=\"article:modified_time\" content=\"2024-11-26T09:54:29+00:00\" \/>\n<meta property=\"og:image\" content=\"https:\/\/nord-bb.de\/wp-content\/uploads\/2023\/08\/Karriere1-572x1024.jpg\" \/>\n\t<meta property=\"og:image:width\" content=\"572\" \/>\n\t<meta property=\"og:image:height\" content=\"1024\" \/>\n\t<meta property=\"og:image:type\" content=\"image\/jpeg\" \/>\n<meta name=\"twitter:card\" content=\"summary_large_image\" \/>\n<meta name=\"twitter:label1\" content=\"Gesch\u00e4tzte Lesezeit\" \/>\n\t<meta name=\"twitter:data1\" content=\"2\u00a0Minuten\" \/>\n<script type=\"application\/ld+json\" class=\"yoast-schema-graph\">{\"@context\":\"https:\\\/\\\/schema.org\",\"@graph\":[{\"@type\":\"WebPage\",\"@id\":\"https:\\\/\\\/nord-bb.de\\\/karriere-portal\\\/karriere\\\/\",\"url\":\"https:\\\/\\\/nord-bb.de\\\/karriere-portal\\\/karriere\\\/\",\"name\":\"Karriere - NORD Bohr und Brunnenbau GmbH\",\"isPartOf\":{\"@id\":\"https:\\\/\\\/nord-bb.de\\\/de\\\/#website\"},\"primaryImageOfPage\":{\"@id\":\"https:\\\/\\\/nord-bb.de\\\/karriere-portal\\\/karriere\\\/#primaryimage\"},\"image\":{\"@id\":\"https:\\\/\\\/nord-bb.de\\\/karriere-portal\\\/karriere\\\/#primaryimage\"},\"thumbnailUrl\":\"https:\\\/\\\/nord-bb.de\\\/wp-content\\\/uploads\\\/2023\\\/08\\\/Karriere1.jpg\",\"datePublished\":\"2020-03-31T10:40:48+00:00\",\"dateModified\":\"2024-11-26T09:54:29+00:00\",\"breadcrumb\":{\"@id\":\"https:\\\/\\\/nord-bb.de\\\/karriere-portal\\\/karriere\\\/#breadcrumb\"},\"inLanguage\":\"de\",\"potentialAction\":[{\"@type\":\"ReadAction\",\"target\":[\"https:\\\/\\\/nord-bb.de\\\/karriere-portal\\\/karriere\\\/\"]}]},{\"@type\":\"ImageObject\",\"inLanguage\":\"de\",\"@id\":\"https:\\\/\\\/nord-bb.de\\\/karriere-portal\\\/karriere\\\/#primaryimage\",\"url\":\"https:\\\/\\\/nord-bb.de\\\/wp-content\\\/uploads\\\/2023\\\/08\\\/Karriere1.jpg\",\"contentUrl\":\"https:\\\/\\\/nord-bb.de\\\/wp-content\\\/uploads\\\/2023\\\/08\\\/Karriere1.jpg\"},{\"@type\":\"BreadcrumbList\",\"@id\":\"https:\\\/\\\/nord-bb.de\\\/karriere-portal\\\/karriere\\\/#breadcrumb\",\"itemListElement\":[{\"@type\":\"ListItem\",\"position\":1,\"name\":\"Startseite\",\"item\":\"https:\\\/\\\/nord-bb.de\\\/\"},{\"@type\":\"ListItem\",\"position\":2,\"name\":\"Karriereportal\",\"item\":\"https:\\\/\\\/nord-bb.de\\\/karriere-portal\\\/\"},{\"@type\":\"ListItem\",\"position\":3,\"name\":\"Karriere\"}]},{\"@type\":\"WebSite\",\"@id\":\"https:\\\/\\\/nord-bb.de\\\/de\\\/#website\",\"url\":\"https:\\\/\\\/nord-bb.de\\\/de\\\/\",\"name\":\"NORD Bohr und Brunnenbau GmbH\",\"description\":\"Die Spezialisten f\u00fcr Bohr- und Brunnenbau-Technologien\",\"potentialAction\":[{\"@type\":\"SearchAction\",\"target\":{\"@type\":\"EntryPoint\",\"urlTemplate\":\"https:\\\/\\\/nord-bb.de\\\/de\\\/?s={search_term_string}\"},\"query-input\":{\"@type\":\"PropertyValueSpecification\",\"valueRequired\":true,\"valueName\":\"search_term_string\"}}],\"inLanguage\":\"de\"}]}<\/script>\n<!-- \/ Yoast SEO plugin. -->","yoast_head_json":{"title":"Karriere - NORD Bohr und Brunnenbau GmbH","robots":{"index":"index","follow":"follow","max-snippet":"max-snippet:-1","max-image-preview":"max-image-preview:large","max-video-preview":"max-video-preview:-1"},"canonical":"https:\/\/nord-bb.de\/de\/karriere-portal\/karriere\/","og_locale":"de_DE","og_type":"article","og_title":"Karriere - NORD Bohr und Brunnenbau GmbH","og_description":"NBB. Karriere. WELTWEIT IM EINSATZ. Berufskraftfahrer (m\/w\/d) mit F\u00fchrerscheinklasse CE im Nahverkehr Deine Aufgaben: Belieferung unserer Baustellen in und um Hamburg im Nahverkehr Fernverkehr zu unseren auswertigen Baustellen nach Absprache m\u00f6glich (gelegentlich f\u00fcr 1-2 Tage) Dein Profil: F\u00fchrerschein Klasse CE (Schwere Lastz\u00fcge \u00fcber 3,5t + Anh\u00e4nger \u00fcber 0,75t) Fahrerkarte gerne auch Anf\u00e4nger wenn m\u00f6glich, Deutsch [&hellip;]","og_url":"https:\/\/nord-bb.de\/de\/karriere-portal\/karriere\/","og_site_name":"NORD Bohr und Brunnenbau GmbH","article_modified_time":"2024-11-26T09:54:29+00:00","og_image":[{"width":572,"height":1024,"url":"https:\/\/nord-bb.de\/wp-content\/uploads\/2023\/08\/Karriere1-572x1024.jpg","type":"image\/jpeg"}],"twitter_card":"summary_large_image","twitter_misc":{"Gesch\u00e4tzte Lesezeit":"2\u00a0Minuten"},"schema":{"@context":"https:\/\/schema.org","@graph":[{"@type":"WebPage","@id":"https:\/\/nord-bb.de\/karriere-portal\/karriere\/","url":"https:\/\/nord-bb.de\/karriere-portal\/karriere\/","name":"Karriere - NORD Bohr und Brunnenbau GmbH","isPartOf":{"@id":"https:\/\/nord-bb.de\/de\/#website"},"primaryImageOfPage":{"@id":"https:\/\/nord-bb.de\/karriere-portal\/karriere\/#primaryimage"},"image":{"@id":"https:\/\/nord-bb.de\/karriere-portal\/karriere\/#primaryimage"},"thumbnailUrl":"https:\/\/nord-bb.de\/wp-content\/uploads\/2023\/08\/Karriere1.jpg","datePublished":"2020-03-31T10:40:48+00:00","dateModified":"2024-11-26T09:54:29+00:00","breadcrumb":{"@id":"https:\/\/nord-bb.de\/karriere-portal\/karriere\/#breadcrumb"},"inLanguage":"de","potentialAction":[{"@type":"ReadAction","target":["https:\/\/nord-bb.de\/karriere-portal\/karriere\/"]}]},{"@type":"ImageObject","inLanguage":"de","@id":"https:\/\/nord-bb.de\/karriere-portal\/karriere\/#primaryimage","url":"https:\/\/nord-bb.de\/wp-content\/uploads\/2023\/08\/Karriere1.jpg","contentUrl":"https:\/\/nord-bb.de\/wp-content\/uploads\/2023\/08\/Karriere1.jpg"},{"@type":"BreadcrumbList","@id":"https:\/\/nord-bb.de\/karriere-portal\/karriere\/#breadcrumb","itemListElement":[{"@type":"ListItem","position":1,"name":"Startseite","item":"https:\/\/nord-bb.de\/"},{"@type":"ListItem","position":2,"name":"Karriereportal","item":"https:\/\/nord-bb.de\/karriere-portal\/"},{"@type":"ListItem","position":3,"name":"Karriere"}]},{"@type":"WebSite","@id":"https:\/\/nord-bb.de\/de\/#website","url":"https:\/\/nord-bb.de\/de\/","name":"NORD Bohr und Brunnenbau GmbH","description":"Die Spezialisten f\u00fcr Bohr- und Brunnenbau-Technologien","potentialAction":[{"@type":"SearchAction","target":{"@type":"EntryPoint","urlTemplate":"https:\/\/nord-bb.de\/de\/?s={search_term_string}"},"query-input":{"@type":"PropertyValueSpecification","valueRequired":true,"valueName":"search_term_string"}}],"inLanguage":"de"}]}},"_links":{"self":[{"href":"https:\/\/nord-bb.de\/de\/wp-json\/wp\/v2\/pages\/704","targetHints":{"allow":["GET"]}}],"collection":[{"href":"https:\/\/nord-bb.de\/de\/wp-json\/wp\/v2\/pages"}],"about":[{"href":"https:\/\/nord-bb.de\/de\/wp-json\/wp\/v2\/types\/page"}],"author":[{"embeddable":true,"href":"https:\/\/nord-bb.de\/de\/wp-json\/wp\/v2\/users\/2"}],"replies":[{"embeddable":true,"href":"https:\/\/nord-bb.de\/de\/wp-json\/wp\/v2\/comments?post=704"}],"version-history":[{"count":81,"href":"https:\/\/nord-bb.de\/de\/wp-json\/wp\/v2\/pages\/704\/revisions"}],"predecessor-version":[{"id":3176,"href":"https:\/\/nord-bb.de\/de\/wp-json\/wp\/v2\/pages\/704\/revisions\/3176"}],"up":[{"embeddable":true,"href":"https:\/\/nord-bb.de\/de\/wp-json\/wp\/v2\/pages\/3756"}],"wp:attachment":[{"href":"https:\/\/nord-bb.de\/de\/wp-json\/wp\/v2\/media?parent=704"}],"curies":[{"name":"wp","href":"https:\/\/api.w.org\/{rel}","templated":true}]}}