{"id":720,"date":"2023-08-01T14:21:04","date_gmt":"2023-08-01T12:21:04","guid":{"rendered":"http:\/\/2024.nord-bb.de\/?page_id=720"},"modified":"2024-04-29T09:25:44","modified_gmt":"2024-04-29T07:25:44","slug":"we-look","status":"publish","type":"page","link":"https:\/\/nord-bb.de\/de\/leistungen\/we-look\/","title":{"rendered":"WE LOOK."},"content":{"rendered":"\t\t<div data-elementor-type=\"wp-post\" data-elementor-id=\"720\" class=\"elementor elementor-720\" data-elementor-post-type=\"page\">\n\t\t\t\t<div class=\"elementor-element elementor-element-7df7ceb e-flex e-con-boxed e-con e-parent\" data-id=\"7df7ceb\" data-element_type=\"container\" data-e-type=\"container\">\n\t\t\t\t\t<div class=\"e-con-inner\">\n\t\t<div class=\"elementor-element elementor-element-20eb12d e-con-full e-flex e-con e-child\" data-id=\"20eb12d\" data-element_type=\"container\" data-e-type=\"container\">\n\t\t\t\t<div class=\"elementor-element elementor-element-092043d elementor-widget__width-initial elementor-widget-mobile__width-inherit elementor-widget elementor-widget-image\" data-id=\"092043d\" data-element_type=\"widget\" data-e-type=\"widget\" data-widget_type=\"image.default\">\n\t\t\t\t<div class=\"elementor-widget-container\">\n\t\t\t\t\t\t\t\t\t\t\t\t\t\t\t<img fetchpriority=\"high\" decoding=\"async\" width=\"1319\" height=\"2361\" src=\"https:\/\/nord-bb.de\/wp-content\/uploads\/2023\/08\/WE-LOOK.jpg\" class=\"attachment-full size-full wp-image-2112\" alt=\"\" srcset=\"https:\/\/nord-bb.de\/wp-content\/uploads\/2023\/08\/WE-LOOK.jpg 1319w, https:\/\/nord-bb.de\/wp-content\/uploads\/2023\/08\/WE-LOOK-168x300.jpg 168w, https:\/\/nord-bb.de\/wp-content\/uploads\/2023\/08\/WE-LOOK-572x1024.jpg 572w, https:\/\/nord-bb.de\/wp-content\/uploads\/2023\/08\/WE-LOOK-768x1375.jpg 768w, https:\/\/nord-bb.de\/wp-content\/uploads\/2023\/08\/WE-LOOK-858x1536.jpg 858w, https:\/\/nord-bb.de\/wp-content\/uploads\/2023\/08\/WE-LOOK-1144x2048.jpg 1144w, https:\/\/nord-bb.de\/wp-content\/uploads\/2023\/08\/WE-LOOK-7x12.jpg 7w\" sizes=\"(max-width: 1319px) 100vw, 1319px\" \/>\t\t\t\t\t\t\t\t\t\t\t\t\t\t\t<\/div>\n\t\t\t\t<\/div>\n\t\t<div class=\"elementor-element elementor-element-50ccb92 e-con-full e-flex e-con e-child\" data-id=\"50ccb92\" data-element_type=\"container\" data-e-type=\"container\">\n\t\t<div class=\"elementor-element elementor-element-a0968eb e-flex e-con-boxed e-con e-child\" data-id=\"a0968eb\" data-element_type=\"container\" data-e-type=\"container\">\n\t\t\t\t\t<div class=\"e-con-inner\">\n\t\t<div class=\"elementor-element elementor-element-7d33826 e-con-full e-flex e-con e-child\" data-id=\"7d33826\" data-element_type=\"container\" data-e-type=\"container\">\n\t\t\t\t<div class=\"elementor-element elementor-element-30ff58b elementor-widget__width-auto elementor-widget elementor-widget-heading\" data-id=\"30ff58b\" data-element_type=\"widget\" data-e-type=\"widget\" data-widget_type=\"heading.default\">\n\t\t\t\t<div class=\"elementor-widget-container\">\n\t\t\t\t\t<h2 class=\"elementor-heading-title elementor-size-default\">Neue Energie:<\/h2>\t\t\t\t<\/div>\n\t\t\t\t<\/div>\n\t\t\t\t<div class=\"elementor-element elementor-element-2da6930 elementor-widget__width-auto elementor-widget elementor-widget-heading\" data-id=\"2da6930\" data-element_type=\"widget\" data-e-type=\"widget\" data-widget_type=\"heading.default\">\n\t\t\t\t<div class=\"elementor-widget-container\">\n\t\t\t\t\t<h2 class=\"elementor-heading-title elementor-size-default\">GEOTHERMIE<\/h2>\t\t\t\t<\/div>\n\t\t\t\t<\/div>\n\t\t\t\t<div class=\"elementor-element elementor-element-5f459d2 elementor-widget__width-initial elementor-widget elementor-widget-text-editor\" data-id=\"5f459d2\" data-element_type=\"widget\" data-e-type=\"widget\" data-widget_type=\"text-editor.default\">\n\t\t\t\t<div class=\"elementor-widget-container\">\n\t\t\t\t\t\t\t\t\t<p>Tief unter unser aller F\u00fc\u00dfen schlummert ein gro\u00dfes Potential f\u00fcr das Energiesystem: W\u00e4rme \u2013 und damit die Vorrausetzung zur Nutzung der Geothermie.<\/p><p>Mit jedem Kilometer in den Untergrund nimmt die Temperatur im Mittel um 30 Grad Celsius zu. Die W\u00e4rme steigt langsam, aber sicher zur Erdoberfl\u00e4che auf, geht von dort in die Atmosph\u00e4re und entweicht dann in den Weltraum. Auf dem Weg nach drau\u00dfen k\u00f6nnte bereits ein winzig kleiner Teil davon ausreichen, Haushalte zu w\u00e4rmen und die Industrie zu versorgen. Bei der hydrothermalen Geothermie werden heute Bohrungen circa drei bis f\u00fcnf Kilometer tief in den Untergrund getrieben und Reservoire mit hei\u00dfem Wasser angezapft. Dieses wird an die Oberfl\u00e4che gepumpt, gibt seine Energie \u00fcber W\u00e4rmetauscher ab und wird anschlie\u00dfend wieder in den Untergrund zur\u00fcckgef\u00fchrt. Zur Voruntersuchung und damit zur Absch\u00e4tzung der Nutzbarkeit k\u00f6nnen wir mit unserem Wissen Partner an ihrer Seite sein.<\/p>\t\t\t\t\t\t\t\t<\/div>\n\t\t\t\t<\/div>\n\t\t\t\t<\/div>\n\t\t\t\t<div class=\"elementor-element elementor-element-b0cce59 elementor-widget elementor-widget-image\" data-id=\"b0cce59\" data-element_type=\"widget\" data-e-type=\"widget\" data-widget_type=\"image.default\">\n\t\t\t\t<div class=\"elementor-widget-container\">\n\t\t\t\t\t\t\t\t\t\t\t\t\t\t\t\t<a href=\"https:\/\/nord-bb.de\/leistungen\/we-look\/projekte-geothermie\/\">\n\t\t\t\t\t\t\t<img decoding=\"async\" width=\"300\" height=\"300\" src=\"https:\/\/nord-bb.de\/wp-content\/uploads\/2023\/08\/Detail-LOOK1-300x300.jpg\" class=\"attachment-medium size-medium wp-image-2169\" alt=\"\" srcset=\"https:\/\/nord-bb.de\/wp-content\/uploads\/2023\/08\/Detail-LOOK1-300x300.jpg 300w, https:\/\/nord-bb.de\/wp-content\/uploads\/2023\/08\/Detail-LOOK1-150x150.jpg 150w, https:\/\/nord-bb.de\/wp-content\/uploads\/2023\/08\/Detail-LOOK1-768x768.jpg 768w, https:\/\/nord-bb.de\/wp-content\/uploads\/2023\/08\/Detail-LOOK1-12x12.jpg 12w, https:\/\/nord-bb.de\/wp-content\/uploads\/2023\/08\/Detail-LOOK1.jpg 833w\" sizes=\"(max-width: 300px) 100vw, 300px\" \/>\t\t\t\t\t\t\t\t<\/a>\n\t\t\t\t\t\t\t\t\t\t\t\t\t\t\t<\/div>\n\t\t\t\t<\/div>\n\t\t\t\t\t<\/div>\n\t\t\t\t<\/div>\n\t\t<div class=\"elementor-element elementor-element-7e8127b e-flex e-con-boxed e-con e-child\" data-id=\"7e8127b\" data-element_type=\"container\" data-e-type=\"container\">\n\t\t\t\t\t<div class=\"e-con-inner\">\n\t\t<div class=\"elementor-element elementor-element-17001db e-con-full e-flex e-con e-child\" data-id=\"17001db\" data-element_type=\"container\" data-e-type=\"container\">\n\t\t\t\t<div class=\"elementor-element elementor-element-bd5d8cf elementor-widget__width-auto elementor-widget elementor-widget-heading\" data-id=\"bd5d8cf\" data-element_type=\"widget\" data-e-type=\"widget\" data-widget_type=\"heading.default\">\n\t\t\t\t<div class=\"elementor-widget-container\">\n\t\t\t\t\t<h2 class=\"elementor-heading-title elementor-size-default\">Neue Speicher:<\/h2>\t\t\t\t<\/div>\n\t\t\t\t<\/div>\n\t\t\t\t<div class=\"elementor-element elementor-element-7cbf82f elementor-widget__width-auto elementor-widget elementor-widget-heading\" data-id=\"7cbf82f\" data-element_type=\"widget\" data-e-type=\"widget\" data-widget_type=\"heading.default\">\n\t\t\t\t<div class=\"elementor-widget-container\">\n\t\t\t\t\t<h2 class=\"elementor-heading-title elementor-size-default\">ENERGIESPEICHER<\/h2>\t\t\t\t<\/div>\n\t\t\t\t<\/div>\n\t\t\t\t<div class=\"elementor-element elementor-element-b4acf5d elementor-widget__width-initial elementor-widget elementor-widget-text-editor\" data-id=\"b4acf5d\" data-element_type=\"widget\" data-e-type=\"widget\" data-widget_type=\"text-editor.default\">\n\t\t\t\t<div class=\"elementor-widget-container\">\n\t\t\t\t\t\t\t\t\t<p>Porenspeicher k\u00f6nnen aber nicht nur hei\u00dfes Wasser abgeben sondern auch aufnehmen. Die zum Teil bei Produktionsprozessen oder bei Exothermen Aufgaben (Kl\u00e4rwerke im Sommer) anfallende Energie (W\u00e4rme) k\u00f6nnte so bis zum Zeitpunkt der Nutzung (Winter) gespeichert werden.<\/p><p>Diese Anklagen sind dezentral m\u00f6glich und bed\u00fcrfen nur sehr geringer Voruntersuchungen, im Gegensatz zur Geothermie. Derartige Systeme wurden von uns im Bau begleitet und die daf\u00fcr notwendigen Bohrungen mit Ausbau des Bohrloches wurden gebaut.<\/p>\t\t\t\t\t\t\t\t<\/div>\n\t\t\t\t<\/div>\n\t\t\t\t<\/div>\n\t\t\t\t<div class=\"elementor-element elementor-element-bcfdd49 elementor-widget elementor-widget-image\" data-id=\"bcfdd49\" data-element_type=\"widget\" data-e-type=\"widget\" data-widget_type=\"image.default\">\n\t\t\t\t<div class=\"elementor-widget-container\">\n\t\t\t\t\t\t\t\t\t\t\t\t\t\t\t\t<a href=\"https:\/\/nord-bb.de\/leistungen\/we-look\/projekte-energiespeicher\/\">\n\t\t\t\t\t\t\t<img decoding=\"async\" width=\"300\" height=\"300\" src=\"https:\/\/nord-bb.de\/wp-content\/uploads\/2023\/08\/Detail-LOOK3-300x300.jpg\" class=\"attachment-medium size-medium wp-image-2171\" alt=\"\" srcset=\"https:\/\/nord-bb.de\/wp-content\/uploads\/2023\/08\/Detail-LOOK3-300x300.jpg 300w, https:\/\/nord-bb.de\/wp-content\/uploads\/2023\/08\/Detail-LOOK3-150x150.jpg 150w, https:\/\/nord-bb.de\/wp-content\/uploads\/2023\/08\/Detail-LOOK3-768x768.jpg 768w, https:\/\/nord-bb.de\/wp-content\/uploads\/2023\/08\/Detail-LOOK3-12x12.jpg 12w, https:\/\/nord-bb.de\/wp-content\/uploads\/2023\/08\/Detail-LOOK3.jpg 833w\" sizes=\"(max-width: 300px) 100vw, 300px\" \/>\t\t\t\t\t\t\t\t<\/a>\n\t\t\t\t\t\t\t\t\t\t\t\t\t\t\t<\/div>\n\t\t\t\t<\/div>\n\t\t\t\t\t<\/div>\n\t\t\t\t<\/div>\n\t\t<div class=\"elementor-element elementor-element-ea01a9d e-flex e-con-boxed e-con e-child\" data-id=\"ea01a9d\" data-element_type=\"container\" data-e-type=\"container\">\n\t\t\t\t\t<div class=\"e-con-inner\">\n\t\t<div class=\"elementor-element elementor-element-2a7495f e-con-full e-flex e-con e-child\" data-id=\"2a7495f\" data-element_type=\"container\" data-e-type=\"container\">\n\t\t\t\t<div class=\"elementor-element elementor-element-5dc8ca4 elementor-widget__width-auto elementor-widget elementor-widget-heading\" data-id=\"5dc8ca4\" data-element_type=\"widget\" data-e-type=\"widget\" data-widget_type=\"heading.default\">\n\t\t\t\t<div class=\"elementor-widget-container\">\n\t\t\t\t\t<h2 class=\"elementor-heading-title elementor-size-default\">Neue Kapazit\u00e4ten:<\/h2>\t\t\t\t<\/div>\n\t\t\t\t<\/div>\n\t\t\t\t<div class=\"elementor-element elementor-element-02bed71 elementor-widget__width-auto elementor-widget elementor-widget-heading\" data-id=\"02bed71\" data-element_type=\"widget\" data-e-type=\"widget\" data-widget_type=\"heading.default\">\n\t\t\t\t<div class=\"elementor-widget-container\">\n\t\t\t\t\t<h2 class=\"elementor-heading-title elementor-size-default\">ENDLAGER<\/h2>\t\t\t\t<\/div>\n\t\t\t\t<\/div>\n\t\t\t\t<div class=\"elementor-element elementor-element-891c0ea elementor-widget__width-initial elementor-widget elementor-widget-text-editor\" data-id=\"891c0ea\" data-element_type=\"widget\" data-e-type=\"widget\" data-widget_type=\"text-editor.default\">\n\t\t\t\t<div class=\"elementor-widget-container\">\n\t\t\t\t\t\t\t\t\t<p>Der Ausstieg aus der Nutzung der Kernenergie ist politisch beschlossen. Die putativen Standorte bed\u00fcrfen einer ausf\u00fchrlichen Voruntersuchung. Wir durften im Rahmen von Arbeiten in der Schweiz Bohrungen f\u00fcr die NAGRA mit ausf\u00fchren. Das hohe Niveau bei der Ausf\u00fchrung der Bohrungen und die begleitenden Untersuchungen (Kerne, Geophysik, Packertest und Pumpversuche) werden von uns angeboten und k\u00f6nnen durch die Mitarbeiter der NBB ausgef\u00fchrt werden. Unsere Bohrtechnik erlaubt die Untersuchung des Untergrundes auf sehr hohem Niveau.<\/p>\t\t\t\t\t\t\t\t<\/div>\n\t\t\t\t<\/div>\n\t\t\t\t<\/div>\n\t\t\t\t<div class=\"elementor-element elementor-element-36e9762 elementor-widget elementor-widget-image\" data-id=\"36e9762\" data-element_type=\"widget\" data-e-type=\"widget\" data-widget_type=\"image.default\">\n\t\t\t\t<div class=\"elementor-widget-container\">\n\t\t\t\t\t\t\t\t\t\t\t\t\t\t\t\t<a href=\"https:\/\/nord-bb.de\/leistungen\/we-look\/projekt-endlager\/\">\n\t\t\t\t\t\t\t<img loading=\"lazy\" decoding=\"async\" width=\"300\" height=\"300\" src=\"https:\/\/nord-bb.de\/wp-content\/uploads\/2023\/08\/Detail-LOOK2-300x300.jpg\" class=\"attachment-medium size-medium wp-image-2170\" alt=\"\" srcset=\"https:\/\/nord-bb.de\/wp-content\/uploads\/2023\/08\/Detail-LOOK2-300x300.jpg 300w, https:\/\/nord-bb.de\/wp-content\/uploads\/2023\/08\/Detail-LOOK2-150x150.jpg 150w, https:\/\/nord-bb.de\/wp-content\/uploads\/2023\/08\/Detail-LOOK2-768x768.jpg 768w, https:\/\/nord-bb.de\/wp-content\/uploads\/2023\/08\/Detail-LOOK2-12x12.jpg 12w, https:\/\/nord-bb.de\/wp-content\/uploads\/2023\/08\/Detail-LOOK2.jpg 833w\" sizes=\"(max-width: 300px) 100vw, 300px\" \/>\t\t\t\t\t\t\t\t<\/a>\n\t\t\t\t\t\t\t\t\t\t\t\t\t\t\t<\/div>\n\t\t\t\t<\/div>\n\t\t\t\t\t<\/div>\n\t\t\t\t<\/div>\n\t\t\t\t<\/div>\n\t\t\t\t<\/div>\n\t\t\t\t\t<\/div>\n\t\t\t\t<\/div>\n\t\t\t\t<\/div>\n\t\t","protected":false},"excerpt":{"rendered":"<p>Neue Energie: GEOTHERMIE Tief unter unser aller F\u00fc\u00dfen schlummert ein gro\u00dfes Potential f\u00fcr das Energiesystem: W\u00e4rme \u2013 und damit die Vorrausetzung zur Nutzung der Geothermie. Mit jedem Kilometer in den Untergrund nimmt die Temperatur im Mittel um 30 Grad Celsius zu. Die W\u00e4rme steigt langsam, aber sicher zur Erdoberfl\u00e4che auf, geht von dort in die [&hellip;]<\/p>\n","protected":false},"author":2,"featured_media":0,"parent":52,"menu_order":312,"comment_status":"closed","ping_status":"closed","template":"elementor_header_footer","meta":{"footnotes":"","_links_to":"","_links_to_target":""},"class_list":["post-720","page","type-page","status-publish","hentry"],"yoast_head":"<!-- This site is optimized with the Yoast SEO plugin v27.4 - https:\/\/yoast.com\/product\/yoast-seo-wordpress\/ -->\n<title>WE LOOK. - NORD Bohr und Brunnenbau GmbH<\/title>\n<meta name=\"robots\" content=\"index, follow, max-snippet:-1, max-image-preview:large, max-video-preview:-1\" \/>\n<link rel=\"canonical\" href=\"https:\/\/nord-bb.de\/de\/leistungen\/we-look\/\" \/>\n<meta property=\"og:locale\" content=\"de_DE\" \/>\n<meta property=\"og:type\" content=\"article\" \/>\n<meta property=\"og:title\" content=\"WE LOOK. - NORD Bohr und Brunnenbau GmbH\" \/>\n<meta property=\"og:description\" content=\"Neue Energie: GEOTHERMIE Tief unter unser aller F\u00fc\u00dfen schlummert ein gro\u00dfes Potential f\u00fcr das Energiesystem: W\u00e4rme \u2013 und damit die Vorrausetzung zur Nutzung der Geothermie. Mit jedem Kilometer in den Untergrund nimmt die Temperatur im Mittel um 30 Grad Celsius zu. Die W\u00e4rme steigt langsam, aber sicher zur Erdoberfl\u00e4che auf, geht von dort in die [&hellip;]\" \/>\n<meta property=\"og:url\" content=\"https:\/\/nord-bb.de\/de\/leistungen\/we-look\/\" \/>\n<meta property=\"og:site_name\" content=\"NORD Bohr und Brunnenbau GmbH\" \/>\n<meta property=\"article:modified_time\" content=\"2024-04-29T07:25:44+00:00\" \/>\n<meta property=\"og:image\" content=\"https:\/\/nord-bb.de\/wp-content\/uploads\/2023\/08\/WE-LOOK.jpg\" \/>\n<meta name=\"twitter:card\" content=\"summary_large_image\" \/>\n<meta name=\"twitter:label1\" content=\"Gesch\u00e4tzte Lesezeit\" \/>\n\t<meta name=\"twitter:data1\" content=\"3\u00a0Minuten\" \/>\n<script type=\"application\/ld+json\" class=\"yoast-schema-graph\">{\"@context\":\"https:\\\/\\\/schema.org\",\"@graph\":[{\"@type\":\"WebPage\",\"@id\":\"https:\\\/\\\/nord-bb.de\\\/leistungen\\\/we-look\\\/\",\"url\":\"https:\\\/\\\/nord-bb.de\\\/leistungen\\\/we-look\\\/\",\"name\":\"WE LOOK. - NORD Bohr und Brunnenbau GmbH\",\"isPartOf\":{\"@id\":\"https:\\\/\\\/nord-bb.de\\\/de\\\/#website\"},\"primaryImageOfPage\":{\"@id\":\"https:\\\/\\\/nord-bb.de\\\/leistungen\\\/we-look\\\/#primaryimage\"},\"image\":{\"@id\":\"https:\\\/\\\/nord-bb.de\\\/leistungen\\\/we-look\\\/#primaryimage\"},\"thumbnailUrl\":\"https:\\\/\\\/nord-bb.de\\\/wp-content\\\/uploads\\\/2023\\\/08\\\/WE-LOOK.jpg\",\"datePublished\":\"2023-08-01T12:21:04+00:00\",\"dateModified\":\"2024-04-29T07:25:44+00:00\",\"breadcrumb\":{\"@id\":\"https:\\\/\\\/nord-bb.de\\\/leistungen\\\/we-look\\\/#breadcrumb\"},\"inLanguage\":\"de\",\"potentialAction\":[{\"@type\":\"ReadAction\",\"target\":[\"https:\\\/\\\/nord-bb.de\\\/leistungen\\\/we-look\\\/\"]}]},{\"@type\":\"ImageObject\",\"inLanguage\":\"de\",\"@id\":\"https:\\\/\\\/nord-bb.de\\\/leistungen\\\/we-look\\\/#primaryimage\",\"url\":\"https:\\\/\\\/nord-bb.de\\\/wp-content\\\/uploads\\\/2023\\\/08\\\/WE-LOOK.jpg\",\"contentUrl\":\"https:\\\/\\\/nord-bb.de\\\/wp-content\\\/uploads\\\/2023\\\/08\\\/WE-LOOK.jpg\"},{\"@type\":\"BreadcrumbList\",\"@id\":\"https:\\\/\\\/nord-bb.de\\\/leistungen\\\/we-look\\\/#breadcrumb\",\"itemListElement\":[{\"@type\":\"ListItem\",\"position\":1,\"name\":\"Startseite\",\"item\":\"https:\\\/\\\/nord-bb.de\\\/\"},{\"@type\":\"ListItem\",\"position\":2,\"name\":\"Leistungen\",\"item\":\"https:\\\/\\\/nord-bb.de\\\/leistungen\\\/\"},{\"@type\":\"ListItem\",\"position\":3,\"name\":\"WE LOOK.\"}]},{\"@type\":\"WebSite\",\"@id\":\"https:\\\/\\\/nord-bb.de\\\/de\\\/#website\",\"url\":\"https:\\\/\\\/nord-bb.de\\\/de\\\/\",\"name\":\"NORD Bohr und Brunnenbau GmbH\",\"description\":\"Die Spezialisten f\u00fcr Bohr- und Brunnenbau-Technologien\",\"potentialAction\":[{\"@type\":\"SearchAction\",\"target\":{\"@type\":\"EntryPoint\",\"urlTemplate\":\"https:\\\/\\\/nord-bb.de\\\/de\\\/?s={search_term_string}\"},\"query-input\":{\"@type\":\"PropertyValueSpecification\",\"valueRequired\":true,\"valueName\":\"search_term_string\"}}],\"inLanguage\":\"de\"}]}<\/script>\n<!-- \/ Yoast SEO plugin. -->","yoast_head_json":{"title":"WE LOOK. - NORD Bohr und Brunnenbau GmbH","robots":{"index":"index","follow":"follow","max-snippet":"max-snippet:-1","max-image-preview":"max-image-preview:large","max-video-preview":"max-video-preview:-1"},"canonical":"https:\/\/nord-bb.de\/de\/leistungen\/we-look\/","og_locale":"de_DE","og_type":"article","og_title":"WE LOOK. - NORD Bohr und Brunnenbau GmbH","og_description":"Neue Energie: GEOTHERMIE Tief unter unser aller F\u00fc\u00dfen schlummert ein gro\u00dfes Potential f\u00fcr das Energiesystem: W\u00e4rme \u2013 und damit die Vorrausetzung zur Nutzung der Geothermie. Mit jedem Kilometer in den Untergrund nimmt die Temperatur im Mittel um 30 Grad Celsius zu. Die W\u00e4rme steigt langsam, aber sicher zur Erdoberfl\u00e4che auf, geht von dort in die [&hellip;]","og_url":"https:\/\/nord-bb.de\/de\/leistungen\/we-look\/","og_site_name":"NORD Bohr und Brunnenbau GmbH","article_modified_time":"2024-04-29T07:25:44+00:00","og_image":[{"url":"https:\/\/nord-bb.de\/wp-content\/uploads\/2023\/08\/WE-LOOK.jpg","type":"","width":"","height":""}],"twitter_card":"summary_large_image","twitter_misc":{"Gesch\u00e4tzte Lesezeit":"3\u00a0Minuten"},"schema":{"@context":"https:\/\/schema.org","@graph":[{"@type":"WebPage","@id":"https:\/\/nord-bb.de\/leistungen\/we-look\/","url":"https:\/\/nord-bb.de\/leistungen\/we-look\/","name":"WE LOOK. - NORD Bohr und Brunnenbau GmbH","isPartOf":{"@id":"https:\/\/nord-bb.de\/de\/#website"},"primaryImageOfPage":{"@id":"https:\/\/nord-bb.de\/leistungen\/we-look\/#primaryimage"},"image":{"@id":"https:\/\/nord-bb.de\/leistungen\/we-look\/#primaryimage"},"thumbnailUrl":"https:\/\/nord-bb.de\/wp-content\/uploads\/2023\/08\/WE-LOOK.jpg","datePublished":"2023-08-01T12:21:04+00:00","dateModified":"2024-04-29T07:25:44+00:00","breadcrumb":{"@id":"https:\/\/nord-bb.de\/leistungen\/we-look\/#breadcrumb"},"inLanguage":"de","potentialAction":[{"@type":"ReadAction","target":["https:\/\/nord-bb.de\/leistungen\/we-look\/"]}]},{"@type":"ImageObject","inLanguage":"de","@id":"https:\/\/nord-bb.de\/leistungen\/we-look\/#primaryimage","url":"https:\/\/nord-bb.de\/wp-content\/uploads\/2023\/08\/WE-LOOK.jpg","contentUrl":"https:\/\/nord-bb.de\/wp-content\/uploads\/2023\/08\/WE-LOOK.jpg"},{"@type":"BreadcrumbList","@id":"https:\/\/nord-bb.de\/leistungen\/we-look\/#breadcrumb","itemListElement":[{"@type":"ListItem","position":1,"name":"Startseite","item":"https:\/\/nord-bb.de\/"},{"@type":"ListItem","position":2,"name":"Leistungen","item":"https:\/\/nord-bb.de\/leistungen\/"},{"@type":"ListItem","position":3,"name":"WE LOOK."}]},{"@type":"WebSite","@id":"https:\/\/nord-bb.de\/de\/#website","url":"https:\/\/nord-bb.de\/de\/","name":"NORD Bohr und Brunnenbau GmbH","description":"Die Spezialisten f\u00fcr Bohr- und Brunnenbau-Technologien","potentialAction":[{"@type":"SearchAction","target":{"@type":"EntryPoint","urlTemplate":"https:\/\/nord-bb.de\/de\/?s={search_term_string}"},"query-input":{"@type":"PropertyValueSpecification","valueRequired":true,"valueName":"search_term_string"}}],"inLanguage":"de"}]}},"_links":{"self":[{"href":"https:\/\/nord-bb.de\/de\/wp-json\/wp\/v2\/pages\/720","targetHints":{"allow":["GET"]}}],"collection":[{"href":"https:\/\/nord-bb.de\/de\/wp-json\/wp\/v2\/pages"}],"about":[{"href":"https:\/\/nord-bb.de\/de\/wp-json\/wp\/v2\/types\/page"}],"author":[{"embeddable":true,"href":"https:\/\/nord-bb.de\/de\/wp-json\/wp\/v2\/users\/2"}],"replies":[{"embeddable":true,"href":"https:\/\/nord-bb.de\/de\/wp-json\/wp\/v2\/comments?post=720"}],"version-history":[{"count":76,"href":"https:\/\/nord-bb.de\/de\/wp-json\/wp\/v2\/pages\/720\/revisions"}],"predecessor-version":[{"id":3276,"href":"https:\/\/nord-bb.de\/de\/wp-json\/wp\/v2\/pages\/720\/revisions\/3276"}],"up":[{"embeddable":true,"href":"https:\/\/nord-bb.de\/de\/wp-json\/wp\/v2\/pages\/52"}],"wp:attachment":[{"href":"https:\/\/nord-bb.de\/de\/wp-json\/wp\/v2\/media?parent=720"}],"curies":[{"name":"wp","href":"https:\/\/api.w.org\/{rel}","templated":true}]}}