{"id":722,"date":"2023-08-01T14:21:34","date_gmt":"2023-08-01T12:21:34","guid":{"rendered":"http:\/\/2024.nord-bb.de\/?page_id=722"},"modified":"2024-04-29T09:23:44","modified_gmt":"2024-04-29T07:23:44","slug":"we-explore","status":"publish","type":"page","link":"https:\/\/nord-bb.de\/de\/leistungen\/we-explore\/","title":{"rendered":"WE EXPLORE."},"content":{"rendered":"\t\t<div data-elementor-type=\"wp-post\" data-elementor-id=\"722\" class=\"elementor elementor-722\" data-elementor-post-type=\"page\">\n\t\t\t\t<div class=\"elementor-element elementor-element-75513a9 e-flex e-con-boxed e-con e-parent\" data-id=\"75513a9\" data-element_type=\"container\" data-e-type=\"container\">\n\t\t\t\t\t<div class=\"e-con-inner\">\n\t\t<div class=\"elementor-element elementor-element-faa6087 e-con-full e-flex e-con e-child\" data-id=\"faa6087\" data-element_type=\"container\" data-e-type=\"container\">\n\t\t\t\t<div class=\"elementor-element elementor-element-c28fa42 elementor-widget__width-initial elementor-widget-mobile__width-inherit elementor-widget elementor-widget-image\" data-id=\"c28fa42\" data-element_type=\"widget\" data-e-type=\"widget\" data-widget_type=\"image.default\">\n\t\t\t\t<div class=\"elementor-widget-container\">\n\t\t\t\t\t\t\t\t\t\t\t\t\t\t\t<img fetchpriority=\"high\" decoding=\"async\" width=\"990\" height=\"1771\" src=\"https:\/\/nord-bb.de\/wp-content\/uploads\/2023\/09\/WE-EXPLORE-Sanierung.jpg\" class=\"attachment-full size-full wp-image-2592\" alt=\"\" srcset=\"https:\/\/nord-bb.de\/wp-content\/uploads\/2023\/09\/WE-EXPLORE-Sanierung.jpg 990w, https:\/\/nord-bb.de\/wp-content\/uploads\/2023\/09\/WE-EXPLORE-Sanierung-168x300.jpg 168w, https:\/\/nord-bb.de\/wp-content\/uploads\/2023\/09\/WE-EXPLORE-Sanierung-572x1024.jpg 572w, https:\/\/nord-bb.de\/wp-content\/uploads\/2023\/09\/WE-EXPLORE-Sanierung-768x1374.jpg 768w, https:\/\/nord-bb.de\/wp-content\/uploads\/2023\/09\/WE-EXPLORE-Sanierung-859x1536.jpg 859w, https:\/\/nord-bb.de\/wp-content\/uploads\/2023\/09\/WE-EXPLORE-Sanierung-7x12.jpg 7w\" sizes=\"(max-width: 990px) 100vw, 990px\" \/>\t\t\t\t\t\t\t\t\t\t\t\t\t\t\t<\/div>\n\t\t\t\t<\/div>\n\t\t<div class=\"elementor-element elementor-element-85c7e8d e-con-full e-flex e-con e-child\" data-id=\"85c7e8d\" data-element_type=\"container\" data-e-type=\"container\">\n\t\t<div class=\"elementor-element elementor-element-8692f10 e-flex e-con-boxed e-con e-child\" data-id=\"8692f10\" data-element_type=\"container\" data-e-type=\"container\">\n\t\t\t\t\t<div class=\"e-con-inner\">\n\t\t<div class=\"elementor-element elementor-element-8975d05 e-con-full e-flex e-con e-child\" data-id=\"8975d05\" data-element_type=\"container\" data-e-type=\"container\">\n\t\t\t\t<div class=\"elementor-element elementor-element-5b59ba5 elementor-widget__width-auto elementor-widget elementor-widget-heading\" data-id=\"5b59ba5\" data-element_type=\"widget\" data-e-type=\"widget\" data-widget_type=\"heading.default\">\n\t\t\t\t<div class=\"elementor-widget-container\">\n\t\t\t\t\t<h2 class=\"elementor-heading-title elementor-size-default\">Geologische und hydrogeologische Erkundungen:<\/h2>\t\t\t\t<\/div>\n\t\t\t\t<\/div>\n\t\t\t\t<div class=\"elementor-element elementor-element-26d8504 elementor-widget__width-auto elementor-widget elementor-widget-heading\" data-id=\"26d8504\" data-element_type=\"widget\" data-e-type=\"widget\" data-widget_type=\"heading.default\">\n\t\t\t\t<div class=\"elementor-widget-container\">\n\t\t\t\t\t<h2 class=\"elementor-heading-title elementor-size-default\">MESSSTELLENBAU<\/h2>\t\t\t\t<\/div>\n\t\t\t\t<\/div>\n\t\t\t\t<div class=\"elementor-element elementor-element-9b3b93c elementor-widget__width-initial elementor-widget elementor-widget-text-editor\" data-id=\"9b3b93c\" data-element_type=\"widget\" data-e-type=\"widget\" data-widget_type=\"text-editor.default\">\n\t\t\t\t<div class=\"elementor-widget-container\">\n\t\t\t\t\t\t\t\t\t<p>Messstellen und Pegel dienen zur Analyse des Grundwasser und dessen r\u00e4umliche Verteilung, eventueller Ver\u00e4nderung des Grundwasserspiegels sowie der Grundwasserqualit\u00e4t. Deshalb sind wir f\u00fcr kommunale Versorgungsunternehmen, \u00f6ffentliche Tr\u00e4ger, aber auch f\u00fcr Gewerbe- und Industrieunternehmen im Einsatz um die Qualit\u00e4t unseres wichtigsten Gutes \u2013 das Trinkwasser \u2013 zu sch\u00fctzen.<\/p><p>Wir setzen modernste Bohrger\u00e4te und Brunnenbautechnik ein. Hierzu z\u00e4hlt z.B. die Verpressung der Ringr\u00e4ume mittels Zementierst\u00fcck, nach unserem patentierten Verfahren. Daraus ergibt sich die erforderliche Dimensionierung des Messstellenausbaus sowie die Art und Anzahl erforderlicher Untersuchungen an bzw. in der Messstelle.<\/p>\t\t\t\t\t\t\t\t<\/div>\n\t\t\t\t<\/div>\n\t\t\t\t<\/div>\n\t\t\t\t<div class=\"elementor-element elementor-element-5c97732 elementor-widget elementor-widget-image\" data-id=\"5c97732\" data-element_type=\"widget\" data-e-type=\"widget\" data-widget_type=\"image.default\">\n\t\t\t\t<div class=\"elementor-widget-container\">\n\t\t\t\t\t\t\t\t\t\t\t\t\t\t\t\t<a href=\"https:\/\/nord-bb.de\/leistungen\/we-explore\/projekte-we-explore\/\">\n\t\t\t\t\t\t\t<img decoding=\"async\" width=\"300\" height=\"300\" src=\"https:\/\/nord-bb.de\/wp-content\/uploads\/2023\/08\/Detail-EXPLORE3-300x300.jpg\" class=\"attachment-medium size-medium wp-image-2168\" alt=\"\" srcset=\"https:\/\/nord-bb.de\/wp-content\/uploads\/2023\/08\/Detail-EXPLORE3-300x300.jpg 300w, https:\/\/nord-bb.de\/wp-content\/uploads\/2023\/08\/Detail-EXPLORE3-150x150.jpg 150w, https:\/\/nord-bb.de\/wp-content\/uploads\/2023\/08\/Detail-EXPLORE3-768x768.jpg 768w, https:\/\/nord-bb.de\/wp-content\/uploads\/2023\/08\/Detail-EXPLORE3-12x12.jpg 12w, https:\/\/nord-bb.de\/wp-content\/uploads\/2023\/08\/Detail-EXPLORE3.jpg 833w\" sizes=\"(max-width: 300px) 100vw, 300px\" \/>\t\t\t\t\t\t\t\t<\/a>\n\t\t\t\t\t\t\t\t\t\t\t\t\t\t\t<\/div>\n\t\t\t\t<\/div>\n\t\t\t\t\t<\/div>\n\t\t\t\t<\/div>\n\t\t<div class=\"elementor-element elementor-element-9cfb014 e-flex e-con-boxed e-con e-child\" data-id=\"9cfb014\" data-element_type=\"container\" data-e-type=\"container\">\n\t\t\t\t\t<div class=\"e-con-inner\">\n\t\t<div class=\"elementor-element elementor-element-f184771 e-con-full e-flex e-con e-child\" data-id=\"f184771\" data-element_type=\"container\" data-e-type=\"container\">\n\t\t\t\t<div class=\"elementor-element elementor-element-367f300 elementor-widget__width-auto elementor-widget elementor-widget-heading\" data-id=\"367f300\" data-element_type=\"widget\" data-e-type=\"widget\" data-widget_type=\"heading.default\">\n\t\t\t\t<div class=\"elementor-widget-container\">\n\t\t\t\t\t<h2 class=\"elementor-heading-title elementor-size-default\">Wissen und Pr\u00e4zision:<\/h2>\t\t\t\t<\/div>\n\t\t\t\t<\/div>\n\t\t\t\t<div class=\"elementor-element elementor-element-dd931af elementor-widget__width-auto elementor-widget elementor-widget-heading\" data-id=\"dd931af\" data-element_type=\"widget\" data-e-type=\"widget\" data-widget_type=\"heading.default\">\n\t\t\t\t<div class=\"elementor-widget-container\">\n\t\t\t\t\t<h2 class=\"elementor-heading-title elementor-size-default\">ERKUNDUNGEN<\/h2>\t\t\t\t<\/div>\n\t\t\t\t<\/div>\n\t\t\t\t<div class=\"elementor-element elementor-element-c8f1f23 elementor-widget__width-initial elementor-widget elementor-widget-text-editor\" data-id=\"c8f1f23\" data-element_type=\"widget\" data-e-type=\"widget\" data-widget_type=\"text-editor.default\">\n\t\t\t\t<div class=\"elementor-widget-container\">\n\t\t\t\t\t\t\t\t\t<p>Aufschlussbohrungen werden zur Erkundung der geologischen und hydrogeologischen Verh\u00e4ltnisse im Untergrund abgeteuft. Die so gewonnenen Erkenntnisse sind wichtige Grundlage f\u00fcr weitergehende Planungen und Untersuchungen. Spezialisiert haben wir uns auf das Ausf\u00fchren von Pumpversuchen in offenen Bohrl\u00f6chern, ohne hierf\u00fcr das Bohrloch mit einem Pegel ausbauen zum m\u00fcssen. Wir k\u00f6nnen Referenzen bis zu Tiefen von \u00fcber 500 m nachweisen. Auch bei den Aufschlussbohrungen kann die NBB vielf\u00e4ltige M\u00f6glichkeiten bei den Ausf\u00fchrungen der Bohrungen vorweisen. Neben den schon erw\u00e4hnten Lufthebe- und Trockenbohrungen sind auch Kern- und Dr\u00fccksp\u00fclbohrungen ausf\u00fchrbar.Unser Projekt-Team erstellt ein detailliert erfasstes und digital ausgearbeitetes Bohrprofil, um im Vorfeld zu erfahren, welche Gesteine und Bodenklassen im Untergrund anstehen und ob das Bauwerk oder der Grundwasserleiter gest\u00f6rt wird und ob die anstehenden Schichten- oder Grundw\u00e4sser<span class=\"Apple-converted-space\">\u00a0 <\/span>eines besonderen Schutzes bed\u00fcrfen.<\/p>\t\t\t\t\t\t\t\t<\/div>\n\t\t\t\t<\/div>\n\t\t\t\t<\/div>\n\t\t\t\t<div class=\"elementor-element elementor-element-b42d83b elementor-widget elementor-widget-image\" data-id=\"b42d83b\" data-element_type=\"widget\" data-e-type=\"widget\" data-widget_type=\"image.default\">\n\t\t\t\t<div class=\"elementor-widget-container\">\n\t\t\t\t\t\t\t\t\t\t\t\t\t\t\t\t<a href=\"https:\/\/nord-bb.de\/leistungen\/we-explore\/projekt-erkundungen\/\">\n\t\t\t\t\t\t\t<img decoding=\"async\" width=\"300\" height=\"300\" src=\"https:\/\/nord-bb.de\/wp-content\/uploads\/2023\/08\/Detail-DRILL1-300x300.jpg\" class=\"attachment-medium size-medium wp-image-2163\" alt=\"\" srcset=\"https:\/\/nord-bb.de\/wp-content\/uploads\/2023\/08\/Detail-DRILL1-300x300.jpg 300w, https:\/\/nord-bb.de\/wp-content\/uploads\/2023\/08\/Detail-DRILL1-150x150.jpg 150w, https:\/\/nord-bb.de\/wp-content\/uploads\/2023\/08\/Detail-DRILL1-768x768.jpg 768w, https:\/\/nord-bb.de\/wp-content\/uploads\/2023\/08\/Detail-DRILL1-12x12.jpg 12w, https:\/\/nord-bb.de\/wp-content\/uploads\/2023\/08\/Detail-DRILL1.jpg 833w\" sizes=\"(max-width: 300px) 100vw, 300px\" \/>\t\t\t\t\t\t\t\t<\/a>\n\t\t\t\t\t\t\t\t\t\t\t\t\t\t\t<\/div>\n\t\t\t\t<\/div>\n\t\t\t\t\t<\/div>\n\t\t\t\t<\/div>\n\t\t<div class=\"elementor-element elementor-element-3d61571 e-flex e-con-boxed e-con e-child\" data-id=\"3d61571\" data-element_type=\"container\" data-e-type=\"container\">\n\t\t\t\t\t<div class=\"e-con-inner\">\n\t\t<div class=\"elementor-element elementor-element-30e7fcc e-con-full e-flex e-con e-child\" data-id=\"30e7fcc\" data-element_type=\"container\" data-e-type=\"container\">\n\t\t\t\t<div class=\"elementor-element elementor-element-c785589 elementor-widget__width-auto elementor-widget elementor-widget-heading\" data-id=\"c785589\" data-element_type=\"widget\" data-e-type=\"widget\" data-widget_type=\"heading.default\">\n\t\t\t\t<div class=\"elementor-widget-container\">\n\t\t\t\t\t<h2 class=\"elementor-heading-title elementor-size-default\">R\u00fcckbau aus einer Hand:<\/h2>\t\t\t\t<\/div>\n\t\t\t\t<\/div>\n\t\t\t\t<div class=\"elementor-element elementor-element-efa4d53 elementor-widget__width-auto elementor-widget elementor-widget-heading\" data-id=\"efa4d53\" data-element_type=\"widget\" data-e-type=\"widget\" data-widget_type=\"heading.default\">\n\t\t\t\t<div class=\"elementor-widget-container\">\n\t\t\t\t\t<h2 class=\"elementor-heading-title elementor-size-default\">SANIERUNGEN<\/h2>\t\t\t\t<\/div>\n\t\t\t\t<\/div>\n\t\t\t\t<div class=\"elementor-element elementor-element-e7e0961 elementor-widget__width-initial elementor-widget elementor-widget-text-editor\" data-id=\"e7e0961\" data-element_type=\"widget\" data-e-type=\"widget\" data-widget_type=\"text-editor.default\">\n\t\t\t\t<div class=\"elementor-widget-container\">\n\t\t\t\t\t\t\t\t\t<p>Laut Wasserhaushaltsgesetz sind Wasserf\u00f6rderanlagen zur\u00fcckzubauen. Die im DVGW aufgef\u00fchrten Methoden und Leistungen werden von uns geplant und ausgef\u00fchrt. Ziel ist die Schichtengleiche Verf\u00fcllung des Untergrundes. <br \/>Wir beurteilen die geologische Ausgangssituation und erstellen danach ein R\u00fcckbaukonzept in Abstimmung mit der zust\u00e4ndigen Wasserbeh\u00f6rde. \u00dcberbohrungen mit und ohne Rohrschnitt, sowie die Verf\u00fcllung bzw. Teilverf\u00fcllung des Brunnens, die Entfernung der Ausbauverrohrung, die Ringraumnachdichtung durch Per-foration der Aufsatzrohre, das Verpressen \u00fcber die Filterstrecke und der R\u00fcckbau von Abschlussbauwerken sind unsere Ma\u00dfnahmen.<\/p>\t\t\t\t\t\t\t\t<\/div>\n\t\t\t\t<\/div>\n\t\t\t\t<\/div>\n\t\t\t\t<div class=\"elementor-element elementor-element-f312f32 elementor-widget elementor-widget-image\" data-id=\"f312f32\" data-element_type=\"widget\" data-e-type=\"widget\" data-widget_type=\"image.default\">\n\t\t\t\t<div class=\"elementor-widget-container\">\n\t\t\t\t\t\t\t\t\t\t\t\t\t\t\t\t<a href=\"https:\/\/nord-bb.de\/leistungen\/we-explore\/projekt-sanierung\/\">\n\t\t\t\t\t\t\t<img loading=\"lazy\" decoding=\"async\" width=\"300\" height=\"300\" src=\"https:\/\/nord-bb.de\/wp-content\/uploads\/2023\/08\/Detail-EXPLORE-1-300x300.jpg\" class=\"attachment-medium size-medium wp-image-2166\" alt=\"\" srcset=\"https:\/\/nord-bb.de\/wp-content\/uploads\/2023\/08\/Detail-EXPLORE-1-300x300.jpg 300w, https:\/\/nord-bb.de\/wp-content\/uploads\/2023\/08\/Detail-EXPLORE-1-150x150.jpg 150w, https:\/\/nord-bb.de\/wp-content\/uploads\/2023\/08\/Detail-EXPLORE-1-768x768.jpg 768w, https:\/\/nord-bb.de\/wp-content\/uploads\/2023\/08\/Detail-EXPLORE-1-12x12.jpg 12w, https:\/\/nord-bb.de\/wp-content\/uploads\/2023\/08\/Detail-EXPLORE-1.jpg 833w\" sizes=\"(max-width: 300px) 100vw, 300px\" \/>\t\t\t\t\t\t\t\t<\/a>\n\t\t\t\t\t\t\t\t\t\t\t\t\t\t\t<\/div>\n\t\t\t\t<\/div>\n\t\t\t\t\t<\/div>\n\t\t\t\t<\/div>\n\t\t\t\t<\/div>\n\t\t\t\t<\/div>\n\t\t\t\t\t<\/div>\n\t\t\t\t<\/div>\n\t\t\t\t<\/div>\n\t\t","protected":false},"excerpt":{"rendered":"<p>Geologische und hydrogeologische Erkundungen: MESSSTELLENBAU Messstellen und Pegel dienen zur Analyse des Grundwasser und dessen r\u00e4umliche Verteilung, eventueller Ver\u00e4nderung des Grundwasserspiegels sowie der Grundwasserqualit\u00e4t. Deshalb sind wir f\u00fcr kommunale Versorgungsunternehmen, \u00f6ffentliche Tr\u00e4ger, aber auch f\u00fcr Gewerbe- und Industrieunternehmen im Einsatz um die Qualit\u00e4t unseres wichtigsten Gutes \u2013 das Trinkwasser \u2013 zu sch\u00fctzen. Wir setzen modernste [&hellip;]<\/p>\n","protected":false},"author":2,"featured_media":0,"parent":52,"menu_order":311,"comment_status":"closed","ping_status":"closed","template":"elementor_header_footer","meta":{"footnotes":"","_links_to":"","_links_to_target":""},"class_list":["post-722","page","type-page","status-publish","hentry"],"yoast_head":"<!-- This site is optimized with the Yoast SEO plugin v27.4 - https:\/\/yoast.com\/product\/yoast-seo-wordpress\/ -->\n<title>WE EXPLORE. - NORD Bohr und Brunnenbau GmbH<\/title>\n<meta name=\"robots\" content=\"index, follow, max-snippet:-1, max-image-preview:large, max-video-preview:-1\" \/>\n<link rel=\"canonical\" href=\"https:\/\/nord-bb.de\/de\/leistungen\/we-explore\/\" \/>\n<meta property=\"og:locale\" content=\"de_DE\" \/>\n<meta property=\"og:type\" content=\"article\" \/>\n<meta property=\"og:title\" content=\"WE EXPLORE. - NORD Bohr und Brunnenbau GmbH\" \/>\n<meta property=\"og:description\" content=\"Geologische und hydrogeologische Erkundungen: MESSSTELLENBAU Messstellen und Pegel dienen zur Analyse des Grundwasser und dessen r\u00e4umliche Verteilung, eventueller Ver\u00e4nderung des Grundwasserspiegels sowie der Grundwasserqualit\u00e4t. Deshalb sind wir f\u00fcr kommunale Versorgungsunternehmen, \u00f6ffentliche Tr\u00e4ger, aber auch f\u00fcr Gewerbe- und Industrieunternehmen im Einsatz um die Qualit\u00e4t unseres wichtigsten Gutes \u2013 das Trinkwasser \u2013 zu sch\u00fctzen. Wir setzen modernste [&hellip;]\" \/>\n<meta property=\"og:url\" content=\"https:\/\/nord-bb.de\/de\/leistungen\/we-explore\/\" \/>\n<meta property=\"og:site_name\" content=\"NORD Bohr und Brunnenbau GmbH\" \/>\n<meta property=\"article:modified_time\" content=\"2024-04-29T07:23:44+00:00\" \/>\n<meta property=\"og:image\" content=\"https:\/\/nord-bb.de\/wp-content\/uploads\/2023\/09\/WE-EXPLORE-Sanierung.jpg\" \/>\n<meta name=\"twitter:card\" content=\"summary_large_image\" \/>\n<meta name=\"twitter:label1\" content=\"Gesch\u00e4tzte Lesezeit\" \/>\n\t<meta name=\"twitter:data1\" content=\"3\u00a0Minuten\" \/>\n<script type=\"application\/ld+json\" class=\"yoast-schema-graph\">{\"@context\":\"https:\\\/\\\/schema.org\",\"@graph\":[{\"@type\":\"WebPage\",\"@id\":\"https:\\\/\\\/nord-bb.de\\\/leistungen\\\/we-explore\\\/\",\"url\":\"https:\\\/\\\/nord-bb.de\\\/leistungen\\\/we-explore\\\/\",\"name\":\"WE EXPLORE. - NORD Bohr und Brunnenbau GmbH\",\"isPartOf\":{\"@id\":\"https:\\\/\\\/nord-bb.de\\\/de\\\/#website\"},\"primaryImageOfPage\":{\"@id\":\"https:\\\/\\\/nord-bb.de\\\/leistungen\\\/we-explore\\\/#primaryimage\"},\"image\":{\"@id\":\"https:\\\/\\\/nord-bb.de\\\/leistungen\\\/we-explore\\\/#primaryimage\"},\"thumbnailUrl\":\"https:\\\/\\\/nord-bb.de\\\/wp-content\\\/uploads\\\/2023\\\/09\\\/WE-EXPLORE-Sanierung.jpg\",\"datePublished\":\"2023-08-01T12:21:34+00:00\",\"dateModified\":\"2024-04-29T07:23:44+00:00\",\"breadcrumb\":{\"@id\":\"https:\\\/\\\/nord-bb.de\\\/leistungen\\\/we-explore\\\/#breadcrumb\"},\"inLanguage\":\"de\",\"potentialAction\":[{\"@type\":\"ReadAction\",\"target\":[\"https:\\\/\\\/nord-bb.de\\\/leistungen\\\/we-explore\\\/\"]}]},{\"@type\":\"ImageObject\",\"inLanguage\":\"de\",\"@id\":\"https:\\\/\\\/nord-bb.de\\\/leistungen\\\/we-explore\\\/#primaryimage\",\"url\":\"https:\\\/\\\/nord-bb.de\\\/wp-content\\\/uploads\\\/2023\\\/09\\\/WE-EXPLORE-Sanierung.jpg\",\"contentUrl\":\"https:\\\/\\\/nord-bb.de\\\/wp-content\\\/uploads\\\/2023\\\/09\\\/WE-EXPLORE-Sanierung.jpg\"},{\"@type\":\"BreadcrumbList\",\"@id\":\"https:\\\/\\\/nord-bb.de\\\/leistungen\\\/we-explore\\\/#breadcrumb\",\"itemListElement\":[{\"@type\":\"ListItem\",\"position\":1,\"name\":\"Startseite\",\"item\":\"https:\\\/\\\/nord-bb.de\\\/\"},{\"@type\":\"ListItem\",\"position\":2,\"name\":\"Leistungen\",\"item\":\"https:\\\/\\\/nord-bb.de\\\/leistungen\\\/\"},{\"@type\":\"ListItem\",\"position\":3,\"name\":\"WE EXPLORE.\"}]},{\"@type\":\"WebSite\",\"@id\":\"https:\\\/\\\/nord-bb.de\\\/de\\\/#website\",\"url\":\"https:\\\/\\\/nord-bb.de\\\/de\\\/\",\"name\":\"NORD Bohr und Brunnenbau GmbH\",\"description\":\"Die Spezialisten f\u00fcr Bohr- und Brunnenbau-Technologien\",\"potentialAction\":[{\"@type\":\"SearchAction\",\"target\":{\"@type\":\"EntryPoint\",\"urlTemplate\":\"https:\\\/\\\/nord-bb.de\\\/de\\\/?s={search_term_string}\"},\"query-input\":{\"@type\":\"PropertyValueSpecification\",\"valueRequired\":true,\"valueName\":\"search_term_string\"}}],\"inLanguage\":\"de\"}]}<\/script>\n<!-- \/ Yoast SEO plugin. -->","yoast_head_json":{"title":"WE EXPLORE. - NORD Bohr und Brunnenbau GmbH","robots":{"index":"index","follow":"follow","max-snippet":"max-snippet:-1","max-image-preview":"max-image-preview:large","max-video-preview":"max-video-preview:-1"},"canonical":"https:\/\/nord-bb.de\/de\/leistungen\/we-explore\/","og_locale":"de_DE","og_type":"article","og_title":"WE EXPLORE. - NORD Bohr und Brunnenbau GmbH","og_description":"Geologische und hydrogeologische Erkundungen: MESSSTELLENBAU Messstellen und Pegel dienen zur Analyse des Grundwasser und dessen r\u00e4umliche Verteilung, eventueller Ver\u00e4nderung des Grundwasserspiegels sowie der Grundwasserqualit\u00e4t. Deshalb sind wir f\u00fcr kommunale Versorgungsunternehmen, \u00f6ffentliche Tr\u00e4ger, aber auch f\u00fcr Gewerbe- und Industrieunternehmen im Einsatz um die Qualit\u00e4t unseres wichtigsten Gutes \u2013 das Trinkwasser \u2013 zu sch\u00fctzen. Wir setzen modernste [&hellip;]","og_url":"https:\/\/nord-bb.de\/de\/leistungen\/we-explore\/","og_site_name":"NORD Bohr und Brunnenbau GmbH","article_modified_time":"2024-04-29T07:23:44+00:00","og_image":[{"url":"https:\/\/nord-bb.de\/wp-content\/uploads\/2023\/09\/WE-EXPLORE-Sanierung.jpg","type":"","width":"","height":""}],"twitter_card":"summary_large_image","twitter_misc":{"Gesch\u00e4tzte Lesezeit":"3\u00a0Minuten"},"schema":{"@context":"https:\/\/schema.org","@graph":[{"@type":"WebPage","@id":"https:\/\/nord-bb.de\/leistungen\/we-explore\/","url":"https:\/\/nord-bb.de\/leistungen\/we-explore\/","name":"WE EXPLORE. - NORD Bohr und Brunnenbau GmbH","isPartOf":{"@id":"https:\/\/nord-bb.de\/de\/#website"},"primaryImageOfPage":{"@id":"https:\/\/nord-bb.de\/leistungen\/we-explore\/#primaryimage"},"image":{"@id":"https:\/\/nord-bb.de\/leistungen\/we-explore\/#primaryimage"},"thumbnailUrl":"https:\/\/nord-bb.de\/wp-content\/uploads\/2023\/09\/WE-EXPLORE-Sanierung.jpg","datePublished":"2023-08-01T12:21:34+00:00","dateModified":"2024-04-29T07:23:44+00:00","breadcrumb":{"@id":"https:\/\/nord-bb.de\/leistungen\/we-explore\/#breadcrumb"},"inLanguage":"de","potentialAction":[{"@type":"ReadAction","target":["https:\/\/nord-bb.de\/leistungen\/we-explore\/"]}]},{"@type":"ImageObject","inLanguage":"de","@id":"https:\/\/nord-bb.de\/leistungen\/we-explore\/#primaryimage","url":"https:\/\/nord-bb.de\/wp-content\/uploads\/2023\/09\/WE-EXPLORE-Sanierung.jpg","contentUrl":"https:\/\/nord-bb.de\/wp-content\/uploads\/2023\/09\/WE-EXPLORE-Sanierung.jpg"},{"@type":"BreadcrumbList","@id":"https:\/\/nord-bb.de\/leistungen\/we-explore\/#breadcrumb","itemListElement":[{"@type":"ListItem","position":1,"name":"Startseite","item":"https:\/\/nord-bb.de\/"},{"@type":"ListItem","position":2,"name":"Leistungen","item":"https:\/\/nord-bb.de\/leistungen\/"},{"@type":"ListItem","position":3,"name":"WE EXPLORE."}]},{"@type":"WebSite","@id":"https:\/\/nord-bb.de\/de\/#website","url":"https:\/\/nord-bb.de\/de\/","name":"NORD Bohr und Brunnenbau GmbH","description":"Die Spezialisten f\u00fcr Bohr- und Brunnenbau-Technologien","potentialAction":[{"@type":"SearchAction","target":{"@type":"EntryPoint","urlTemplate":"https:\/\/nord-bb.de\/de\/?s={search_term_string}"},"query-input":{"@type":"PropertyValueSpecification","valueRequired":true,"valueName":"search_term_string"}}],"inLanguage":"de"}]}},"_links":{"self":[{"href":"https:\/\/nord-bb.de\/de\/wp-json\/wp\/v2\/pages\/722","targetHints":{"allow":["GET"]}}],"collection":[{"href":"https:\/\/nord-bb.de\/de\/wp-json\/wp\/v2\/pages"}],"about":[{"href":"https:\/\/nord-bb.de\/de\/wp-json\/wp\/v2\/types\/page"}],"author":[{"embeddable":true,"href":"https:\/\/nord-bb.de\/de\/wp-json\/wp\/v2\/users\/2"}],"replies":[{"embeddable":true,"href":"https:\/\/nord-bb.de\/de\/wp-json\/wp\/v2\/comments?post=722"}],"version-history":[{"count":93,"href":"https:\/\/nord-bb.de\/de\/wp-json\/wp\/v2\/pages\/722\/revisions"}],"predecessor-version":[{"id":3267,"href":"https:\/\/nord-bb.de\/de\/wp-json\/wp\/v2\/pages\/722\/revisions\/3267"}],"up":[{"embeddable":true,"href":"https:\/\/nord-bb.de\/de\/wp-json\/wp\/v2\/pages\/52"}],"wp:attachment":[{"href":"https:\/\/nord-bb.de\/de\/wp-json\/wp\/v2\/media?parent=722"}],"curies":[{"name":"wp","href":"https:\/\/api.w.org\/{rel}","templated":true}]}}