{"id":78,"date":"2020-03-31T17:02:03","date_gmt":"2020-03-31T15:02:03","guid":{"rendered":"http:\/\/2024.nord-bb.de\/?page_id=78"},"modified":"2024-11-26T10:54:39","modified_gmt":"2024-11-26T09:54:39","slug":"ausbildung","status":"publish","type":"page","link":"https:\/\/nord-bb.de\/de\/karriere-portal\/ausbildung\/","title":{"rendered":"Ausbildung"},"content":{"rendered":"\t\t<div data-elementor-type=\"wp-page\" data-elementor-id=\"78\" class=\"elementor elementor-78\" data-elementor-post-type=\"page\">\n\t\t\t\t<div class=\"elementor-element elementor-element-266ca5e e-con-full e-flex e-con e-parent\" data-id=\"266ca5e\" data-element_type=\"container\" data-e-type=\"container\">\n\t\t<div class=\"elementor-element elementor-element-709aa6c e-flex e-con-boxed e-con e-child\" data-id=\"709aa6c\" data-element_type=\"container\" data-e-type=\"container\">\n\t\t\t\t\t<div class=\"e-con-inner\">\n\t\t<div class=\"elementor-element elementor-element-789ec6d e-con-full e-flex e-con e-child\" data-id=\"789ec6d\" data-element_type=\"container\" data-e-type=\"container\">\n\t\t\t\t<div class=\"elementor-element elementor-element-a54ac87 elementor-widget__width-initial elementor-widget-mobile__width-inherit elementor-widget elementor-widget-image\" data-id=\"a54ac87\" data-element_type=\"widget\" data-e-type=\"widget\" data-widget_type=\"image.default\">\n\t\t\t\t<div class=\"elementor-widget-container\">\n\t\t\t\t\t\t\t\t\t\t\t\t\t\t\t<img fetchpriority=\"high\" decoding=\"async\" width=\"1319\" height=\"2361\" src=\"https:\/\/nord-bb.de\/wp-content\/uploads\/2023\/08\/Ausbildung.jpg\" class=\"attachment-full size-full wp-image-2217\" alt=\"\" srcset=\"https:\/\/nord-bb.de\/wp-content\/uploads\/2023\/08\/Ausbildung.jpg 1319w, https:\/\/nord-bb.de\/wp-content\/uploads\/2023\/08\/Ausbildung-168x300.jpg 168w, https:\/\/nord-bb.de\/wp-content\/uploads\/2023\/08\/Ausbildung-572x1024.jpg 572w, https:\/\/nord-bb.de\/wp-content\/uploads\/2023\/08\/Ausbildung-768x1375.jpg 768w, https:\/\/nord-bb.de\/wp-content\/uploads\/2023\/08\/Ausbildung-858x1536.jpg 858w, https:\/\/nord-bb.de\/wp-content\/uploads\/2023\/08\/Ausbildung-1144x2048.jpg 1144w, https:\/\/nord-bb.de\/wp-content\/uploads\/2023\/08\/Ausbildung-7x12.jpg 7w\" sizes=\"(max-width: 1319px) 100vw, 1319px\" \/>\t\t\t\t\t\t\t\t\t\t\t\t\t\t\t<\/div>\n\t\t\t\t<\/div>\n\t\t<div class=\"elementor-element elementor-element-45b7f1e e-con-full e-flex e-con e-child\" data-id=\"45b7f1e\" data-element_type=\"container\" data-e-type=\"container\">\n\t\t<div class=\"elementor-element elementor-element-41937b6 e-con-full e-flex e-con e-child\" data-id=\"41937b6\" data-element_type=\"container\" data-e-type=\"container\">\n\t\t<div class=\"elementor-element elementor-element-f3c23b1 e-con-full e-flex e-con e-child\" data-id=\"f3c23b1\" data-element_type=\"container\" data-e-type=\"container\">\n\t\t\t\t<div class=\"elementor-element elementor-element-224efcf elementor-widget__width-auto elementor-widget elementor-widget-heading\" data-id=\"224efcf\" data-element_type=\"widget\" data-e-type=\"widget\" data-widget_type=\"heading.default\">\n\t\t\t\t<div class=\"elementor-widget-container\">\n\t\t\t\t\t<h2 class=\"elementor-heading-title elementor-size-default\">NBB. Ausbildung.<\/h2>\t\t\t\t<\/div>\n\t\t\t\t<\/div>\n\t\t\t\t<div class=\"elementor-element elementor-element-8a253cb elementor-widget__width-auto elementor-widget elementor-widget-heading\" data-id=\"8a253cb\" data-element_type=\"widget\" data-e-type=\"widget\" data-widget_type=\"heading.default\">\n\t\t\t\t<div class=\"elementor-widget-container\">\n\t\t\t\t\t<h2 class=\"elementor-heading-title elementor-size-default\">MACH WAS AUS DIR!<\/h2>\t\t\t\t<\/div>\n\t\t\t\t<\/div>\n\t\t\t\t<div class=\"elementor-element elementor-element-f87a353 elementor-widget__width-initial elementor-widget elementor-widget-text-editor\" data-id=\"f87a353\" data-element_type=\"widget\" data-e-type=\"widget\" data-widget_type=\"text-editor.default\">\n\t\t\t\t<div class=\"elementor-widget-container\">\n\t\t\t\t\t\t\t\t\t<div class=\"elementor-element elementor-element-6d7485e elementor-widget elementor-widget-heading\" data-id=\"6d7485e\" data-element_type=\"widget\" data-widget_type=\"heading.default\"><div class=\"elementor-widget-container\"><div class=\"elementor-element elementor-element-3833b62 elementor-widget elementor-widget-text-editor\" data-id=\"3833b62\" data-element_type=\"widget\" data-widget_type=\"text-editor.default\"><div class=\"elementor-widget-container\"><p>NBB \u2013 heute einer der modernsten und innovativsten Spezialisten f\u00fcr Bohr- und Brunnenbau-Technologien. Aus den einzelnen Verfahren wurde mittlerweile ein ganzes System, das eine gro\u00dfe Bandbreite an Anforderungen abdeckt.<\/p><p>Als Basis f\u00fcr die Zukunft legen wir hohen Wert auf die Weiterentwicklung der Ausr\u00fcstung und die Ausbildung unserer Mitarbeiter.<\/p><p>Starte Deine Ausbildung bei NBB. Lege den Grundstein f\u00fcr eine interessante, abwechslungsreiche berufliche Karriere.<\/p><p>Vom Brunnenbauer bis zum Brunnenbaumeister bieten wir alle M\u00f6glichkeiten und Unterst\u00fczungen an.<\/p><\/div><\/div><div class=\"elementor-element elementor-element-d9056ad elementor-widget elementor-widget-heading\" data-id=\"d9056ad\" data-element_type=\"widget\" data-widget_type=\"heading.default\"><div class=\"elementor-widget-container\"><h5 class=\"elementor-heading-title elementor-size-default\"><strong>Werde Teil des NBB-Teams.<\/strong><\/h5><\/div><\/div><div class=\"elementor-element elementor-element-e502561 elementor-widget elementor-widget-text-editor\" data-id=\"e502561\" data-element_type=\"widget\" data-widget_type=\"text-editor.default\"><div class=\"elementor-widget-container\"><h6>\u00a0<\/h6><h6><strong>Interessiert?<\/strong><\/h6><p>Dann bewerbe Dich jetzt. Wir freuen uns auf Deine aussagef\u00e4higen und vollst\u00e4ndigen Bewerbungsunterlagen (incl. Sommerzeugniss 2024). Gerne auch per E-Mail an <a href=\"mailto:bewerbung@nord-bb.de\">bewerbung(at)nord-bb.de<\/a><\/p><h6><strong>Gibt es noch Fragen zur Ausbildung? \u2013 Wir informieren Dich gern.<\/strong><\/h6><p>NORD Bohr und Brunnenbau GmbH<br \/>Randersweide 1 | D 21035 Hamburg | info(at)nord-bb.de<\/p><\/div><\/div><\/div><\/div>\t\t\t\t\t\t\t\t<\/div>\n\t\t\t\t<\/div>\n\t\t\t\t<\/div>\n\t\t\t\t<\/div>\n\t\t\t\t<\/div>\n\t\t\t\t<\/div>\n\t\t\t\t\t<\/div>\n\t\t\t\t<\/div>\n\t\t\t\t<\/div>\n\t\t\t\t<\/div>\n\t\t","protected":false},"excerpt":{"rendered":"<p>NBB. Ausbildung. MACH WAS AUS DIR! NBB \u2013 heute einer der modernsten und innovativsten Spezialisten f\u00fcr Bohr- und Brunnenbau-Technologien. Aus den einzelnen Verfahren wurde mittlerweile ein ganzes System, das eine gro\u00dfe Bandbreite an Anforderungen abdeckt. Als Basis f\u00fcr die Zukunft legen wir hohen Wert auf die Weiterentwicklung der Ausr\u00fcstung und die Ausbildung unserer Mitarbeiter. Starte [&hellip;]<\/p>\n","protected":false},"author":2,"featured_media":0,"parent":3756,"menu_order":13,"comment_status":"closed","ping_status":"closed","template":"elementor_header_footer","meta":{"footnotes":"","_links_to":"","_links_to_target":""},"class_list":["post-78","page","type-page","status-publish","hentry"],"yoast_head":"<!-- This site is optimized with the Yoast SEO plugin v27.4 - https:\/\/yoast.com\/product\/yoast-seo-wordpress\/ -->\n<title>Ausbildung - NORD Bohr und Brunnenbau GmbH<\/title>\n<meta name=\"robots\" content=\"index, follow, max-snippet:-1, max-image-preview:large, max-video-preview:-1\" \/>\n<link rel=\"canonical\" href=\"https:\/\/nord-bb.de\/de\/karriere-portal\/ausbildung\/\" \/>\n<meta property=\"og:locale\" content=\"de_DE\" \/>\n<meta property=\"og:type\" content=\"article\" \/>\n<meta property=\"og:title\" content=\"Ausbildung - NORD Bohr und Brunnenbau GmbH\" \/>\n<meta property=\"og:description\" content=\"NBB. Ausbildung. MACH WAS AUS DIR! NBB \u2013 heute einer der modernsten und innovativsten Spezialisten f\u00fcr Bohr- und Brunnenbau-Technologien. Aus den einzelnen Verfahren wurde mittlerweile ein ganzes System, das eine gro\u00dfe Bandbreite an Anforderungen abdeckt. Als Basis f\u00fcr die Zukunft legen wir hohen Wert auf die Weiterentwicklung der Ausr\u00fcstung und die Ausbildung unserer Mitarbeiter. Starte [&hellip;]\" \/>\n<meta property=\"og:url\" content=\"https:\/\/nord-bb.de\/de\/karriere-portal\/ausbildung\/\" \/>\n<meta property=\"og:site_name\" content=\"NORD Bohr und Brunnenbau GmbH\" \/>\n<meta property=\"article:modified_time\" content=\"2024-11-26T09:54:39+00:00\" \/>\n<meta property=\"og:image\" content=\"https:\/\/nord-bb.de\/wp-content\/uploads\/2023\/08\/Ausbildung-572x1024.jpg\" \/>\n\t<meta property=\"og:image:width\" content=\"572\" \/>\n\t<meta property=\"og:image:height\" content=\"1024\" \/>\n\t<meta property=\"og:image:type\" content=\"image\/jpeg\" \/>\n<meta name=\"twitter:card\" content=\"summary_large_image\" \/>\n<meta name=\"twitter:label1\" content=\"Gesch\u00e4tzte Lesezeit\" \/>\n\t<meta name=\"twitter:data1\" content=\"3\u00a0Minuten\" \/>\n<script type=\"application\/ld+json\" class=\"yoast-schema-graph\">{\"@context\":\"https:\\\/\\\/schema.org\",\"@graph\":[{\"@type\":\"WebPage\",\"@id\":\"https:\\\/\\\/nord-bb.de\\\/karriere-portal\\\/ausbildung\\\/\",\"url\":\"https:\\\/\\\/nord-bb.de\\\/karriere-portal\\\/ausbildung\\\/\",\"name\":\"Ausbildung - NORD Bohr und Brunnenbau GmbH\",\"isPartOf\":{\"@id\":\"https:\\\/\\\/nord-bb.de\\\/de\\\/#website\"},\"primaryImageOfPage\":{\"@id\":\"https:\\\/\\\/nord-bb.de\\\/karriere-portal\\\/ausbildung\\\/#primaryimage\"},\"image\":{\"@id\":\"https:\\\/\\\/nord-bb.de\\\/karriere-portal\\\/ausbildung\\\/#primaryimage\"},\"thumbnailUrl\":\"https:\\\/\\\/nord-bb.de\\\/wp-content\\\/uploads\\\/2023\\\/08\\\/Ausbildung.jpg\",\"datePublished\":\"2020-03-31T15:02:03+00:00\",\"dateModified\":\"2024-11-26T09:54:39+00:00\",\"breadcrumb\":{\"@id\":\"https:\\\/\\\/nord-bb.de\\\/karriere-portal\\\/ausbildung\\\/#breadcrumb\"},\"inLanguage\":\"de\",\"potentialAction\":[{\"@type\":\"ReadAction\",\"target\":[\"https:\\\/\\\/nord-bb.de\\\/karriere-portal\\\/ausbildung\\\/\"]}]},{\"@type\":\"ImageObject\",\"inLanguage\":\"de\",\"@id\":\"https:\\\/\\\/nord-bb.de\\\/karriere-portal\\\/ausbildung\\\/#primaryimage\",\"url\":\"https:\\\/\\\/nord-bb.de\\\/wp-content\\\/uploads\\\/2023\\\/08\\\/Ausbildung.jpg\",\"contentUrl\":\"https:\\\/\\\/nord-bb.de\\\/wp-content\\\/uploads\\\/2023\\\/08\\\/Ausbildung.jpg\"},{\"@type\":\"BreadcrumbList\",\"@id\":\"https:\\\/\\\/nord-bb.de\\\/karriere-portal\\\/ausbildung\\\/#breadcrumb\",\"itemListElement\":[{\"@type\":\"ListItem\",\"position\":1,\"name\":\"Startseite\",\"item\":\"https:\\\/\\\/nord-bb.de\\\/\"},{\"@type\":\"ListItem\",\"position\":2,\"name\":\"Karriereportal\",\"item\":\"https:\\\/\\\/nord-bb.de\\\/karriere-portal\\\/\"},{\"@type\":\"ListItem\",\"position\":3,\"name\":\"Ausbildung\"}]},{\"@type\":\"WebSite\",\"@id\":\"https:\\\/\\\/nord-bb.de\\\/de\\\/#website\",\"url\":\"https:\\\/\\\/nord-bb.de\\\/de\\\/\",\"name\":\"NORD Bohr und Brunnenbau GmbH\",\"description\":\"Die Spezialisten f\u00fcr Bohr- und Brunnenbau-Technologien\",\"potentialAction\":[{\"@type\":\"SearchAction\",\"target\":{\"@type\":\"EntryPoint\",\"urlTemplate\":\"https:\\\/\\\/nord-bb.de\\\/de\\\/?s={search_term_string}\"},\"query-input\":{\"@type\":\"PropertyValueSpecification\",\"valueRequired\":true,\"valueName\":\"search_term_string\"}}],\"inLanguage\":\"de\"}]}<\/script>\n<!-- \/ Yoast SEO plugin. -->","yoast_head_json":{"title":"Ausbildung - NORD Bohr und Brunnenbau GmbH","robots":{"index":"index","follow":"follow","max-snippet":"max-snippet:-1","max-image-preview":"max-image-preview:large","max-video-preview":"max-video-preview:-1"},"canonical":"https:\/\/nord-bb.de\/de\/karriere-portal\/ausbildung\/","og_locale":"de_DE","og_type":"article","og_title":"Ausbildung - NORD Bohr und Brunnenbau GmbH","og_description":"NBB. Ausbildung. MACH WAS AUS DIR! NBB \u2013 heute einer der modernsten und innovativsten Spezialisten f\u00fcr Bohr- und Brunnenbau-Technologien. Aus den einzelnen Verfahren wurde mittlerweile ein ganzes System, das eine gro\u00dfe Bandbreite an Anforderungen abdeckt. Als Basis f\u00fcr die Zukunft legen wir hohen Wert auf die Weiterentwicklung der Ausr\u00fcstung und die Ausbildung unserer Mitarbeiter. Starte [&hellip;]","og_url":"https:\/\/nord-bb.de\/de\/karriere-portal\/ausbildung\/","og_site_name":"NORD Bohr und Brunnenbau GmbH","article_modified_time":"2024-11-26T09:54:39+00:00","og_image":[{"width":572,"height":1024,"url":"https:\/\/nord-bb.de\/wp-content\/uploads\/2023\/08\/Ausbildung-572x1024.jpg","type":"image\/jpeg"}],"twitter_card":"summary_large_image","twitter_misc":{"Gesch\u00e4tzte Lesezeit":"3\u00a0Minuten"},"schema":{"@context":"https:\/\/schema.org","@graph":[{"@type":"WebPage","@id":"https:\/\/nord-bb.de\/karriere-portal\/ausbildung\/","url":"https:\/\/nord-bb.de\/karriere-portal\/ausbildung\/","name":"Ausbildung - NORD Bohr und Brunnenbau GmbH","isPartOf":{"@id":"https:\/\/nord-bb.de\/de\/#website"},"primaryImageOfPage":{"@id":"https:\/\/nord-bb.de\/karriere-portal\/ausbildung\/#primaryimage"},"image":{"@id":"https:\/\/nord-bb.de\/karriere-portal\/ausbildung\/#primaryimage"},"thumbnailUrl":"https:\/\/nord-bb.de\/wp-content\/uploads\/2023\/08\/Ausbildung.jpg","datePublished":"2020-03-31T15:02:03+00:00","dateModified":"2024-11-26T09:54:39+00:00","breadcrumb":{"@id":"https:\/\/nord-bb.de\/karriere-portal\/ausbildung\/#breadcrumb"},"inLanguage":"de","potentialAction":[{"@type":"ReadAction","target":["https:\/\/nord-bb.de\/karriere-portal\/ausbildung\/"]}]},{"@type":"ImageObject","inLanguage":"de","@id":"https:\/\/nord-bb.de\/karriere-portal\/ausbildung\/#primaryimage","url":"https:\/\/nord-bb.de\/wp-content\/uploads\/2023\/08\/Ausbildung.jpg","contentUrl":"https:\/\/nord-bb.de\/wp-content\/uploads\/2023\/08\/Ausbildung.jpg"},{"@type":"BreadcrumbList","@id":"https:\/\/nord-bb.de\/karriere-portal\/ausbildung\/#breadcrumb","itemListElement":[{"@type":"ListItem","position":1,"name":"Startseite","item":"https:\/\/nord-bb.de\/"},{"@type":"ListItem","position":2,"name":"Karriereportal","item":"https:\/\/nord-bb.de\/karriere-portal\/"},{"@type":"ListItem","position":3,"name":"Ausbildung"}]},{"@type":"WebSite","@id":"https:\/\/nord-bb.de\/de\/#website","url":"https:\/\/nord-bb.de\/de\/","name":"NORD Bohr und Brunnenbau GmbH","description":"Die Spezialisten f\u00fcr Bohr- und Brunnenbau-Technologien","potentialAction":[{"@type":"SearchAction","target":{"@type":"EntryPoint","urlTemplate":"https:\/\/nord-bb.de\/de\/?s={search_term_string}"},"query-input":{"@type":"PropertyValueSpecification","valueRequired":true,"valueName":"search_term_string"}}],"inLanguage":"de"}]}},"_links":{"self":[{"href":"https:\/\/nord-bb.de\/de\/wp-json\/wp\/v2\/pages\/78","targetHints":{"allow":["GET"]}}],"collection":[{"href":"https:\/\/nord-bb.de\/de\/wp-json\/wp\/v2\/pages"}],"about":[{"href":"https:\/\/nord-bb.de\/de\/wp-json\/wp\/v2\/types\/page"}],"author":[{"embeddable":true,"href":"https:\/\/nord-bb.de\/de\/wp-json\/wp\/v2\/users\/2"}],"replies":[{"embeddable":true,"href":"https:\/\/nord-bb.de\/de\/wp-json\/wp\/v2\/comments?post=78"}],"version-history":[{"count":35,"href":"https:\/\/nord-bb.de\/de\/wp-json\/wp\/v2\/pages\/78\/revisions"}],"predecessor-version":[{"id":3730,"href":"https:\/\/nord-bb.de\/de\/wp-json\/wp\/v2\/pages\/78\/revisions\/3730"}],"up":[{"embeddable":true,"href":"https:\/\/nord-bb.de\/de\/wp-json\/wp\/v2\/pages\/3756"}],"wp:attachment":[{"href":"https:\/\/nord-bb.de\/de\/wp-json\/wp\/v2\/media?parent=78"}],"curies":[{"name":"wp","href":"https:\/\/api.w.org\/{rel}","templated":true}]}}