{"id":2424,"date":"2023-09-20T15:59:49","date_gmt":"2023-09-20T13:59:49","guid":{"rendered":"http:\/\/2024.nord-bb.de\/?page_id=2424"},"modified":"2024-09-19T14:21:05","modified_gmt":"2024-09-19T12:21:05","slug":"geothermie-ruegen","status":"publish","type":"page","link":"https:\/\/nord-bb.de\/en\/leistungen\/we-look\/projekte-geothermie\/geothermie-ruegen\/","title":{"rendered":"Geothermie R\u00fcgen"},"content":{"rendered":"<div data-elementor-type=\"wp-page\" data-elementor-id=\"2424\" class=\"elementor elementor-2424\" data-elementor-post-type=\"page\">\n\t\t\t\t<div class=\"elementor-element elementor-element-34799c4 e-flex e-con-boxed e-con e-parent\" data-id=\"34799c4\" data-element_type=\"container\" data-e-type=\"container\">\n\t\t\t\t\t<div class=\"e-con-inner\">\n\t\t<div class=\"elementor-element elementor-element-0536662 e-con-full e-flex e-con e-child\" data-id=\"0536662\" data-element_type=\"container\" data-e-type=\"container\">\n\t\t\t\t<div class=\"elementor-element elementor-element-b76d902 elementor-widget__width-initial elementor-widget-mobile__width-inherit elementor-widget elementor-widget-image\" data-id=\"b76d902\" data-element_type=\"widget\" data-e-type=\"widget\" data-widget_type=\"image.default\">\n\t\t\t\t<div class=\"elementor-widget-container\">\n\t\t\t\t\t\t\t\t\t\t\t\t\t\t\t\t<a href=\"https:\/\/nord-bb.de\/en\/leistungen\/we-look\/projekte-geothermie\/\">\n\t\t\t\t\t\t\t<img fetchpriority=\"high\" decoding=\"async\" width=\"990\" height=\"1771\" src=\"https:\/\/nord-bb.de\/wp-content\/uploads\/2023\/09\/GEO-Ruegen.jpg\" class=\"attachment-full size-full wp-image-2428\" alt=\"\" srcset=\"https:\/\/nord-bb.de\/wp-content\/uploads\/2023\/09\/GEO-Ruegen.jpg 990w, https:\/\/nord-bb.de\/wp-content\/uploads\/2023\/09\/GEO-Ruegen-168x300.jpg 168w, https:\/\/nord-bb.de\/wp-content\/uploads\/2023\/09\/GEO-Ruegen-572x1024.jpg 572w, https:\/\/nord-bb.de\/wp-content\/uploads\/2023\/09\/GEO-Ruegen-768x1374.jpg 768w, https:\/\/nord-bb.de\/wp-content\/uploads\/2023\/09\/GEO-Ruegen-859x1536.jpg 859w, https:\/\/nord-bb.de\/wp-content\/uploads\/2023\/09\/GEO-Ruegen-7x12.jpg 7w\" sizes=\"(max-width: 990px) 100vw, 990px\" \/>\t\t\t\t\t\t\t\t<\/a>\n\t\t\t\t\t\t\t\t\t\t\t\t\t\t\t<\/div>\n\t\t\t\t<\/div>\n\t\t<div class=\"elementor-element elementor-element-cd2dd4f e-con-full e-flex e-con e-child\" data-id=\"cd2dd4f\" data-element_type=\"container\" data-e-type=\"container\">\n\t\t<div class=\"elementor-element elementor-element-af17087 e-con-full e-flex e-con e-child\" data-id=\"af17087\" data-element_type=\"container\" data-e-type=\"container\">\n\t\t<div class=\"elementor-element elementor-element-236d2a1 e-con-full e-flex e-con e-child\" data-id=\"236d2a1\" data-element_type=\"container\" data-e-type=\"container\">\n\t\t\t\t<div class=\"elementor-element elementor-element-b04ae41 elementor-widget__width-auto elementor-widget elementor-widget-heading\" data-id=\"b04ae41\" data-element_type=\"widget\" data-e-type=\"widget\" data-widget_type=\"heading.default\">\n\t\t\t\t<div class=\"elementor-widget-container\">\n\t\t\t\t\t<h2 class=\"elementor-heading-title elementor-size-default\">R\u00fcgen - Thermal brine fountain<\/h2>\t\t\t\t<\/div>\n\t\t\t\t<\/div>\n\t\t\t\t<div class=\"elementor-element elementor-element-364db25 elementor-widget elementor-widget-text-editor\" data-id=\"364db25\" data-element_type=\"widget\" data-e-type=\"widget\" data-widget_type=\"text-editor.default\">\n\t\t\t\t<div class=\"elementor-widget-container\">\n\t\t\t\t\t\t\t\t\t<p><strong>Builder:<\/strong> Badehotel in Lauterbach<\/p><p><strong>Location:<\/strong> R\u00fcgen<\/p><p><strong>Mountain formation: <\/strong>Solid rock<\/p><p><strong>Drilling method: <\/strong>Air-lift drilling method<\/p><p>Number of holes: 1<\/p><p>Drilling depth in m: 700<\/p><p>Total drilling meters: 700<\/p><p>Drilling \u00d8 in mm: 800\/445\/305<\/p><p>Expansion data: 508\/13 3\/8\u2033\/pc.\/GRP<\/p><p>Purpose of the drilling:<\/p><div class=\"page\" title=\"Page 1\"><div class=\"layoutArea\"><div class=\"column\"><p>Thermal brine drilling on R\u00fcgen in Lauterbach, shaft with shaft equipment, conveyor system, electrical technology.<\/p><p>The thermal brine drilling was carried out using the air-lift drilling method with a drilling end diameter of 305 mm and a final depth of 700 m. After installing the pipe runs 508 mm \u00d8 up to 99 m and 13 3\/8\u2033 up to 465.30 m below GOK including annulus cementation, the borehole was deepened to 700 m below GOK and expanded into a well. Winding wire filters with an outer diameter of 120 mm, GRP solid pipes 4 1\/2\u2033 and 5 1\/2\u2033 were installed and filled with filter sand from 700 m to 560 m below GOK and grouted with cement from 560 m to GOK.<\/p><\/div><\/div><\/div>\t\t\t\t\t\t\t\t<\/div>\n\t\t\t\t<\/div>\n\t\t\t\t<\/div>\n\t\t\t\t<div class=\"elementor-element elementor-element-8a55940 elementor-widget elementor-widget-image\" data-id=\"8a55940\" data-element_type=\"widget\" data-e-type=\"widget\" data-widget_type=\"image.default\">\n\t\t\t\t<div class=\"elementor-widget-container\">\n\t\t\t\t\t\t\t\t\t\t\t\t\t\t\t\t<a href=\"https:\/\/nord-bb.de\/wp-content\/uploads\/2024\/09\/Ruegen-Thermalsole.jpg\" target=\"_blank\">\n\t\t\t\t\t\t\t<img decoding=\"async\" src=\"https:\/\/nord-bb.de\/wp-content\/uploads\/elementor\/thumbs\/Ruegen-Thermalsole-qvjz6rfiswa3agw91xti7lajtnirrrurnwzxaqzy5o.jpg\" title=\"Ruegen &#8211; Thermalsole\" alt=\"Ruegen - Thermalsole\" loading=\"lazy\" \/>\t\t\t\t\t\t\t\t<\/a>\n\t\t\t\t\t\t\t\t\t\t\t\t\t\t\t<\/div>\n\t\t\t\t<\/div>\n\t\t\t\t<\/div>\n\t\t\t\t<\/div>\n\t\t\t\t<\/div>\n\t\t\t\t\t<\/div>\n\t\t\t\t<\/div>\n\t\t\t\t<\/div>","protected":false},"excerpt":{"rendered":"<p>R\u00fcgen &#8211; Thermalsolebrunnen Bauherr: Badehotel in Lauterbach Ort: R\u00fcgen Gebirgsformation: Festgestein Bohrverfahren: Lufthebebohrverfahren Anzahl Bohrungen: 1 Bohrtiefe in m: 700 Bohrmeter gesamt: 700 Bohr-\u00d8 in mm: 800\/445\/305 Ausbaudaten: 508\/13 3\/8&#8243;\/St.\/GFK Zweck der Bohrung: Thermalsolebohrung auf R\u00fcgen in Lauterbach, Schacht mit Schachtausr\u00fcstung, F\u00f6rderanlage, E-Technik. Die Thermalsolebohrung wurde im Lufthebe-Bohrverfahren mit einem Bohrend-\u00d8 von 305 mm und [&hellip;]<\/p>\n","protected":false},"author":2,"featured_media":0,"parent":2374,"menu_order":0,"comment_status":"closed","ping_status":"closed","template":"elementor_header_footer","meta":{"footnotes":"","_links_to":"","_links_to_target":""},"class_list":["post-2424","page","type-page","status-publish","hentry"],"yoast_head":"<!-- This site is optimized with the Yoast SEO plugin v27.4 - https:\/\/yoast.com\/product\/yoast-seo-wordpress\/ -->\n<title>Geothermie R\u00fcgen - NORD Bohr und Brunnenbau GmbH<\/title>\n<meta name=\"robots\" content=\"index, follow, max-snippet:-1, max-image-preview:large, max-video-preview:-1\" \/>\n<link rel=\"canonical\" href=\"https:\/\/nord-bb.de\/en\/leistungen\/we-look\/projekte-geothermie\/geothermie-ruegen\/\" \/>\n<meta property=\"og:locale\" content=\"en_GB\" \/>\n<meta property=\"og:type\" content=\"article\" \/>\n<meta property=\"og:title\" content=\"Geothermie R\u00fcgen - NORD Bohr und Brunnenbau GmbH\" \/>\n<meta property=\"og:description\" content=\"R\u00fcgen &#8211; Thermalsolebrunnen Bauherr: Badehotel in Lauterbach Ort: R\u00fcgen Gebirgsformation: Festgestein Bohrverfahren: Lufthebebohrverfahren Anzahl Bohrungen: 1 Bohrtiefe in m: 700 Bohrmeter gesamt: 700 Bohr-\u00d8 in mm: 800\/445\/305 Ausbaudaten: 508\/13 3\/8&#8243;\/St.\/GFK Zweck der Bohrung: Thermalsolebohrung auf R\u00fcgen in Lauterbach, Schacht mit Schachtausr\u00fcstung, F\u00f6rderanlage, E-Technik. Die Thermalsolebohrung wurde im Lufthebe-Bohrverfahren mit einem Bohrend-\u00d8 von 305 mm und [&hellip;]\" \/>\n<meta property=\"og:url\" content=\"https:\/\/nord-bb.de\/en\/leistungen\/we-look\/projekte-geothermie\/geothermie-ruegen\/\" \/>\n<meta property=\"og:site_name\" content=\"NORD Bohr und Brunnenbau GmbH\" \/>\n<meta property=\"article:modified_time\" content=\"2024-09-19T12:21:05+00:00\" \/>\n<meta property=\"og:image\" content=\"https:\/\/nord-bb.de\/wp-content\/uploads\/2023\/09\/GEO-Ruegen.jpg\" \/>\n<meta name=\"twitter:card\" content=\"summary_large_image\" \/>\n<meta name=\"twitter:label1\" content=\"Estimated reading time\" \/>\n\t<meta name=\"twitter:data1\" content=\"2 minutes\" \/>\n<script type=\"application\/ld+json\" class=\"yoast-schema-graph\">{\"@context\":\"https:\\\/\\\/schema.org\",\"@graph\":[{\"@type\":\"WebPage\",\"@id\":\"https:\\\/\\\/nord-bb.de\\\/leistungen\\\/we-look\\\/projekte-geothermie\\\/geothermie-ruegen\\\/\",\"url\":\"https:\\\/\\\/nord-bb.de\\\/leistungen\\\/we-look\\\/projekte-geothermie\\\/geothermie-ruegen\\\/\",\"name\":\"Geothermie R\u00fcgen - NORD Bohr und Brunnenbau GmbH\",\"isPartOf\":{\"@id\":\"https:\\\/\\\/nord-bb.de\\\/de\\\/#website\"},\"primaryImageOfPage\":{\"@id\":\"https:\\\/\\\/nord-bb.de\\\/leistungen\\\/we-look\\\/projekte-geothermie\\\/geothermie-ruegen\\\/#primaryimage\"},\"image\":{\"@id\":\"https:\\\/\\\/nord-bb.de\\\/leistungen\\\/we-look\\\/projekte-geothermie\\\/geothermie-ruegen\\\/#primaryimage\"},\"thumbnailUrl\":\"https:\\\/\\\/nord-bb.de\\\/wp-content\\\/uploads\\\/2023\\\/09\\\/GEO-Ruegen.jpg\",\"datePublished\":\"2023-09-20T13:59:49+00:00\",\"dateModified\":\"2024-09-19T12:21:05+00:00\",\"breadcrumb\":{\"@id\":\"https:\\\/\\\/nord-bb.de\\\/leistungen\\\/we-look\\\/projekte-geothermie\\\/geothermie-ruegen\\\/#breadcrumb\"},\"inLanguage\":\"en-GB\",\"potentialAction\":[{\"@type\":\"ReadAction\",\"target\":[\"https:\\\/\\\/nord-bb.de\\\/leistungen\\\/we-look\\\/projekte-geothermie\\\/geothermie-ruegen\\\/\"]}]},{\"@type\":\"ImageObject\",\"inLanguage\":\"en-GB\",\"@id\":\"https:\\\/\\\/nord-bb.de\\\/leistungen\\\/we-look\\\/projekte-geothermie\\\/geothermie-ruegen\\\/#primaryimage\",\"url\":\"https:\\\/\\\/nord-bb.de\\\/wp-content\\\/uploads\\\/2023\\\/09\\\/GEO-Ruegen.jpg\",\"contentUrl\":\"https:\\\/\\\/nord-bb.de\\\/wp-content\\\/uploads\\\/2023\\\/09\\\/GEO-Ruegen.jpg\"},{\"@type\":\"BreadcrumbList\",\"@id\":\"https:\\\/\\\/nord-bb.de\\\/leistungen\\\/we-look\\\/projekte-geothermie\\\/geothermie-ruegen\\\/#breadcrumb\",\"itemListElement\":[{\"@type\":\"ListItem\",\"position\":1,\"name\":\"Startseite\",\"item\":\"https:\\\/\\\/nord-bb.de\\\/\"},{\"@type\":\"ListItem\",\"position\":2,\"name\":\"Leistungen\",\"item\":\"https:\\\/\\\/nord-bb.de\\\/leistungen\\\/\"},{\"@type\":\"ListItem\",\"position\":3,\"name\":\"WE LOOK.\",\"item\":\"https:\\\/\\\/nord-bb.de\\\/leistungen\\\/we-look\\\/\"},{\"@type\":\"ListItem\",\"position\":4,\"name\":\"Projekte Geothermie\",\"item\":\"https:\\\/\\\/nord-bb.de\\\/leistungen\\\/we-look\\\/projekte-geothermie\\\/\"},{\"@type\":\"ListItem\",\"position\":5,\"name\":\"Geothermie R\u00fcgen\"}]},{\"@type\":\"WebSite\",\"@id\":\"https:\\\/\\\/nord-bb.de\\\/de\\\/#website\",\"url\":\"https:\\\/\\\/nord-bb.de\\\/de\\\/\",\"name\":\"NORD Bohr und Brunnenbau GmbH\",\"description\":\"Die Spezialisten f\u00fcr Bohr- und Brunnenbau-Technologien\",\"potentialAction\":[{\"@type\":\"SearchAction\",\"target\":{\"@type\":\"EntryPoint\",\"urlTemplate\":\"https:\\\/\\\/nord-bb.de\\\/de\\\/?s={search_term_string}\"},\"query-input\":{\"@type\":\"PropertyValueSpecification\",\"valueRequired\":true,\"valueName\":\"search_term_string\"}}],\"inLanguage\":\"en-GB\"}]}<\/script>\n<!-- \/ Yoast SEO plugin. -->","yoast_head_json":{"title":"Geothermie R\u00fcgen - NORD Bohr und Brunnenbau GmbH","robots":{"index":"index","follow":"follow","max-snippet":"max-snippet:-1","max-image-preview":"max-image-preview:large","max-video-preview":"max-video-preview:-1"},"canonical":"https:\/\/nord-bb.de\/en\/leistungen\/we-look\/projekte-geothermie\/geothermie-ruegen\/","og_locale":"en_GB","og_type":"article","og_title":"Geothermie R\u00fcgen - NORD Bohr und Brunnenbau GmbH","og_description":"R\u00fcgen &#8211; Thermalsolebrunnen Bauherr: Badehotel in Lauterbach Ort: R\u00fcgen Gebirgsformation: Festgestein Bohrverfahren: Lufthebebohrverfahren Anzahl Bohrungen: 1 Bohrtiefe in m: 700 Bohrmeter gesamt: 700 Bohr-\u00d8 in mm: 800\/445\/305 Ausbaudaten: 508\/13 3\/8&#8243;\/St.\/GFK Zweck der Bohrung: Thermalsolebohrung auf R\u00fcgen in Lauterbach, Schacht mit Schachtausr\u00fcstung, F\u00f6rderanlage, E-Technik. Die Thermalsolebohrung wurde im Lufthebe-Bohrverfahren mit einem Bohrend-\u00d8 von 305 mm und [&hellip;]","og_url":"https:\/\/nord-bb.de\/en\/leistungen\/we-look\/projekte-geothermie\/geothermie-ruegen\/","og_site_name":"NORD Bohr und Brunnenbau GmbH","article_modified_time":"2024-09-19T12:21:05+00:00","og_image":[{"url":"https:\/\/nord-bb.de\/wp-content\/uploads\/2023\/09\/GEO-Ruegen.jpg","type":"","width":"","height":""}],"twitter_card":"summary_large_image","twitter_misc":{"Estimated reading time":"2 minutes"},"schema":{"@context":"https:\/\/schema.org","@graph":[{"@type":"WebPage","@id":"https:\/\/nord-bb.de\/leistungen\/we-look\/projekte-geothermie\/geothermie-ruegen\/","url":"https:\/\/nord-bb.de\/leistungen\/we-look\/projekte-geothermie\/geothermie-ruegen\/","name":"Geothermie R\u00fcgen - NORD Bohr und Brunnenbau GmbH","isPartOf":{"@id":"https:\/\/nord-bb.de\/de\/#website"},"primaryImageOfPage":{"@id":"https:\/\/nord-bb.de\/leistungen\/we-look\/projekte-geothermie\/geothermie-ruegen\/#primaryimage"},"image":{"@id":"https:\/\/nord-bb.de\/leistungen\/we-look\/projekte-geothermie\/geothermie-ruegen\/#primaryimage"},"thumbnailUrl":"https:\/\/nord-bb.de\/wp-content\/uploads\/2023\/09\/GEO-Ruegen.jpg","datePublished":"2023-09-20T13:59:49+00:00","dateModified":"2024-09-19T12:21:05+00:00","breadcrumb":{"@id":"https:\/\/nord-bb.de\/leistungen\/we-look\/projekte-geothermie\/geothermie-ruegen\/#breadcrumb"},"inLanguage":"en-GB","potentialAction":[{"@type":"ReadAction","target":["https:\/\/nord-bb.de\/leistungen\/we-look\/projekte-geothermie\/geothermie-ruegen\/"]}]},{"@type":"ImageObject","inLanguage":"en-GB","@id":"https:\/\/nord-bb.de\/leistungen\/we-look\/projekte-geothermie\/geothermie-ruegen\/#primaryimage","url":"https:\/\/nord-bb.de\/wp-content\/uploads\/2023\/09\/GEO-Ruegen.jpg","contentUrl":"https:\/\/nord-bb.de\/wp-content\/uploads\/2023\/09\/GEO-Ruegen.jpg"},{"@type":"BreadcrumbList","@id":"https:\/\/nord-bb.de\/leistungen\/we-look\/projekte-geothermie\/geothermie-ruegen\/#breadcrumb","itemListElement":[{"@type":"ListItem","position":1,"name":"Startseite","item":"https:\/\/nord-bb.de\/"},{"@type":"ListItem","position":2,"name":"Leistungen","item":"https:\/\/nord-bb.de\/leistungen\/"},{"@type":"ListItem","position":3,"name":"WE LOOK.","item":"https:\/\/nord-bb.de\/leistungen\/we-look\/"},{"@type":"ListItem","position":4,"name":"Projekte Geothermie","item":"https:\/\/nord-bb.de\/leistungen\/we-look\/projekte-geothermie\/"},{"@type":"ListItem","position":5,"name":"Geothermie R\u00fcgen"}]},{"@type":"WebSite","@id":"https:\/\/nord-bb.de\/de\/#website","url":"https:\/\/nord-bb.de\/de\/","name":"NORD Bohr und Brunnenbau GmbH","description":"Die Spezialisten f\u00fcr Bohr- und Brunnenbau-Technologien","potentialAction":[{"@type":"SearchAction","target":{"@type":"EntryPoint","urlTemplate":"https:\/\/nord-bb.de\/de\/?s={search_term_string}"},"query-input":{"@type":"PropertyValueSpecification","valueRequired":true,"valueName":"search_term_string"}}],"inLanguage":"en-GB"}]}},"_links":{"self":[{"href":"https:\/\/nord-bb.de\/en\/wp-json\/wp\/v2\/pages\/2424","targetHints":{"allow":["GET"]}}],"collection":[{"href":"https:\/\/nord-bb.de\/en\/wp-json\/wp\/v2\/pages"}],"about":[{"href":"https:\/\/nord-bb.de\/en\/wp-json\/wp\/v2\/types\/page"}],"author":[{"embeddable":true,"href":"https:\/\/nord-bb.de\/en\/wp-json\/wp\/v2\/users\/2"}],"replies":[{"embeddable":true,"href":"https:\/\/nord-bb.de\/en\/wp-json\/wp\/v2\/comments?post=2424"}],"version-history":[{"count":19,"href":"https:\/\/nord-bb.de\/en\/wp-json\/wp\/v2\/pages\/2424\/revisions"}],"predecessor-version":[{"id":3647,"href":"https:\/\/nord-bb.de\/en\/wp-json\/wp\/v2\/pages\/2424\/revisions\/3647"}],"up":[{"embeddable":true,"href":"https:\/\/nord-bb.de\/en\/wp-json\/wp\/v2\/pages\/2374"}],"wp:attachment":[{"href":"https:\/\/nord-bb.de\/en\/wp-json\/wp\/v2\/media?parent=2424"}],"curies":[{"name":"wp","href":"https:\/\/api.w.org\/{rel}","templated":true}]}}