{"id":2622,"date":"2023-09-21T15:01:48","date_gmt":"2023-09-21T13:01:48","guid":{"rendered":"http:\/\/2024.nord-bb.de\/?page_id=2622"},"modified":"2024-09-19T11:48:03","modified_gmt":"2024-09-19T09:48:03","slug":"erkundungen-schleuse-scharnbeck","status":"publish","type":"page","link":"https:\/\/nord-bb.de\/en\/leistungen\/we-explore\/projekt-erkundungen\/erkundungen-schleuse-scharnbeck\/","title":{"rendered":"Erkundungen Schleuse Scharnbeck"},"content":{"rendered":"<div data-elementor-type=\"wp-page\" data-elementor-id=\"2622\" class=\"elementor elementor-2622\" data-elementor-post-type=\"page\">\n\t\t\t\t<div class=\"elementor-element elementor-element-0e0e88b e-flex e-con-boxed e-con e-parent\" data-id=\"0e0e88b\" data-element_type=\"container\" data-e-type=\"container\">\n\t\t\t\t\t<div class=\"e-con-inner\">\n\t\t<div class=\"elementor-element elementor-element-1bc91ba e-con-full e-flex e-con e-child\" data-id=\"1bc91ba\" data-element_type=\"container\" data-e-type=\"container\">\n\t\t\t\t<div class=\"elementor-element elementor-element-e8ae7cd elementor-widget__width-initial elementor-widget-mobile__width-inherit elementor-widget elementor-widget-image\" data-id=\"e8ae7cd\" data-element_type=\"widget\" data-e-type=\"widget\" data-widget_type=\"image.default\">\n\t\t\t\t<div class=\"elementor-widget-container\">\n\t\t\t\t\t\t\t\t\t\t\t\t\t\t\t\t<a href=\"https:\/\/nord-bb.de\/en\/leistungen\/we-explore\/projekt-erkundungen\/\">\n\t\t\t\t\t\t\t<img fetchpriority=\"high\" decoding=\"async\" width=\"1430\" height=\"2560\" src=\"https:\/\/nord-bb.de\/wp-content\/uploads\/2023\/09\/Erkund-Schleuse-Scharnbeck-1-scaled.jpg\" class=\"attachment-full size-full wp-image-2919\" alt=\"\" srcset=\"https:\/\/nord-bb.de\/wp-content\/uploads\/2023\/09\/Erkund-Schleuse-Scharnbeck-1-scaled.jpg 1430w, https:\/\/nord-bb.de\/wp-content\/uploads\/2023\/09\/Erkund-Schleuse-Scharnbeck-1-168x300.jpg 168w, https:\/\/nord-bb.de\/wp-content\/uploads\/2023\/09\/Erkund-Schleuse-Scharnbeck-1-572x1024.jpg 572w, https:\/\/nord-bb.de\/wp-content\/uploads\/2023\/09\/Erkund-Schleuse-Scharnbeck-1-768x1375.jpg 768w, https:\/\/nord-bb.de\/wp-content\/uploads\/2023\/09\/Erkund-Schleuse-Scharnbeck-1-858x1536.jpg 858w, https:\/\/nord-bb.de\/wp-content\/uploads\/2023\/09\/Erkund-Schleuse-Scharnbeck-1-1144x2048.jpg 1144w, https:\/\/nord-bb.de\/wp-content\/uploads\/2023\/09\/Erkund-Schleuse-Scharnbeck-1-7x12.jpg 7w\" sizes=\"(max-width: 1430px) 100vw, 1430px\" \/>\t\t\t\t\t\t\t\t<\/a>\n\t\t\t\t\t\t\t\t\t\t\t\t\t\t\t<\/div>\n\t\t\t\t<\/div>\n\t\t<div class=\"elementor-element elementor-element-aa64a29 e-con-full e-flex e-con e-child\" data-id=\"aa64a29\" data-element_type=\"container\" data-e-type=\"container\">\n\t\t<div class=\"elementor-element elementor-element-38807b6 e-con-full e-flex e-con e-child\" data-id=\"38807b6\" data-element_type=\"container\" data-e-type=\"container\">\n\t\t<div class=\"elementor-element elementor-element-2764b56 e-con-full e-flex e-con e-child\" data-id=\"2764b56\" data-element_type=\"container\" data-e-type=\"container\">\n\t\t\t\t<div class=\"elementor-element elementor-element-22fd236 elementor-widget__width-auto elementor-widget elementor-widget-heading\" data-id=\"22fd236\" data-element_type=\"widget\" data-e-type=\"widget\" data-widget_type=\"heading.default\">\n\t\t\t\t<div class=\"elementor-widget-container\">\n\t\t\t\t\t<h2 class=\"elementor-heading-title elementor-size-default\">Scharnebeck | Sluice<\/h2>\t\t\t\t<\/div>\n\t\t\t\t<\/div>\n\t\t\t\t<div class=\"elementor-element elementor-element-aaca58b elementor-widget elementor-widget-text-editor\" data-id=\"aaca58b\" data-element_type=\"widget\" data-e-type=\"widget\" data-widget_type=\"text-editor.default\">\n\t\t\t\t<div class=\"elementor-widget-container\">\n\t\t\t\t\t\t\t\t\t<p><strong>Builder:<\/strong> Sluice Scharnebeck<\/p><p><strong>Location:<\/strong> Scharnebeck<\/p><p><strong>Mountain formation:<\/strong>Loose sediments<\/p><p><strong>Drilling method:<\/strong>Ram core drilling<\/p><p>Number of holes: 26<\/p><p>Drilling depth in m: 68<\/p><p>Total drilling meters: 1875<\/p><p>Drilling \u00d8 in mm: 219<\/p><p>Expansion data: DN 125 \/ Norip<\/p><p>Purpose of the drilling:<\/p><p>Subsoil drilling for the new construction of the Scharnebeck lock. Pressure sounding, ram core drilling, groundwater measuring points.<\/p><p>For the new construction of the lock in Scharnebeck, 26 ram core drillings were carried out. Five of the boreholes were converted into groundwater measuring points. Five drilling rigs were used for the work. The cores were evaluated on site, sieve analyzes were carried out and photographed. Some of the drillings were geophysically surveyed and equipped with data loggers and geophones.<\/p>\t\t\t\t\t\t\t\t<\/div>\n\t\t\t\t<\/div>\n\t\t\t\t<\/div>\n\t\t\t\t<div class=\"elementor-element elementor-element-d73aaaf elementor-widget elementor-widget-image\" data-id=\"d73aaaf\" data-element_type=\"widget\" data-e-type=\"widget\" data-widget_type=\"image.default\">\n\t\t\t\t<div class=\"elementor-widget-container\">\n\t\t\t\t\t\t\t\t\t\t\t\t\t\t\t\t<a href=\"https:\/\/nord-bb.de\/wp-content\/uploads\/2024\/09\/Scharnebeck-Schleuse-Scharnebeck-Baugrund.jpg\" target=\"_blank\">\n\t\t\t\t\t\t\t<img decoding=\"async\" src=\"https:\/\/nord-bb.de\/wp-content\/uploads\/elementor\/thumbs\/Scharnebeck-Schleuse-Scharnebeck-Baugrund-qvjz6rfiswa3agw91xti7lajtnirrrurnwzxaqzy5o.jpg\" title=\"Scharnebeck &#8211; Schleuse Scharnebeck &#8211; Baugrund\" alt=\"Scharnebeck - Schleuse Scharnebeck - Baugrund\" loading=\"lazy\" \/>\t\t\t\t\t\t\t\t<\/a>\n\t\t\t\t\t\t\t\t\t\t\t\t\t\t\t<\/div>\n\t\t\t\t<\/div>\n\t\t\t\t<\/div>\n\t\t\t\t<\/div>\n\t\t\t\t<\/div>\n\t\t\t\t\t<\/div>\n\t\t\t\t<\/div>\n\t\t\t\t<\/div>","protected":false},"excerpt":{"rendered":"<p>Scharnebeck | Schleuse Bauherr: Schleuse Scharnebeck Ort: Scharnebeck Gebirgsformation:Lockersedimente Bohrverfahren:Rammkernbohrungen Anzahl Bohrungen: 26 Bohrtiefe in m: 68 Bohrmeter gesamt: 1875 Bohr-\u00d8 in mm: 219 Ausbaudaten: DN 125 \/ Norip Zweck der Bohrung: Baugrundbohrungen f\u00fcr den Neubau der Schleuse Scharnebeck. Drucksondierungen, Ramkernbohrungen, Grundwassermessstellen. F\u00fcr den Neubau der Schleuse in Scharnebeck wurden 26 St\u00fcck Rammkern-bohrungen ausgef\u00fchrt. 5 [&hellip;]<\/p>\n","protected":false},"author":2,"featured_media":0,"parent":2581,"menu_order":0,"comment_status":"closed","ping_status":"closed","template":"elementor_header_footer","meta":{"footnotes":"","_links_to":"","_links_to_target":""},"class_list":["post-2622","page","type-page","status-publish","hentry"],"yoast_head":"<!-- This site is optimized with the Yoast SEO plugin v27.4 - https:\/\/yoast.com\/product\/yoast-seo-wordpress\/ -->\n<title>Erkundungen Schleuse Scharnbeck - NORD Bohr und Brunnenbau GmbH<\/title>\n<meta name=\"robots\" content=\"index, follow, max-snippet:-1, max-image-preview:large, max-video-preview:-1\" \/>\n<link rel=\"canonical\" href=\"https:\/\/nord-bb.de\/en\/leistungen\/we-explore\/projekt-erkundungen\/erkundungen-schleuse-scharnbeck\/\" \/>\n<meta property=\"og:locale\" content=\"en_GB\" \/>\n<meta property=\"og:type\" content=\"article\" \/>\n<meta property=\"og:title\" content=\"Erkundungen Schleuse Scharnbeck - NORD Bohr und Brunnenbau GmbH\" \/>\n<meta property=\"og:description\" content=\"Scharnebeck | Schleuse Bauherr: Schleuse Scharnebeck Ort: Scharnebeck Gebirgsformation:Lockersedimente Bohrverfahren:Rammkernbohrungen Anzahl Bohrungen: 26 Bohrtiefe in m: 68 Bohrmeter gesamt: 1875 Bohr-\u00d8 in mm: 219 Ausbaudaten: DN 125 \/ Norip Zweck der Bohrung: Baugrundbohrungen f\u00fcr den Neubau der Schleuse Scharnebeck. Drucksondierungen, Ramkernbohrungen, Grundwassermessstellen. F\u00fcr den Neubau der Schleuse in Scharnebeck wurden 26 St\u00fcck Rammkern-bohrungen ausgef\u00fchrt. 5 [&hellip;]\" \/>\n<meta property=\"og:url\" content=\"https:\/\/nord-bb.de\/en\/leistungen\/we-explore\/projekt-erkundungen\/erkundungen-schleuse-scharnbeck\/\" \/>\n<meta property=\"og:site_name\" content=\"NORD Bohr und Brunnenbau GmbH\" \/>\n<meta property=\"article:modified_time\" content=\"2024-09-19T09:48:03+00:00\" \/>\n<meta property=\"og:image\" content=\"https:\/\/nord-bb.de\/wp-content\/uploads\/2023\/09\/Erkund-Schleuse-Scharnbeck-1-scaled.jpg\" \/>\n<meta name=\"twitter:card\" content=\"summary_large_image\" \/>\n<meta name=\"twitter:label1\" content=\"Estimated reading time\" \/>\n\t<meta name=\"twitter:data1\" content=\"1 minute\" \/>\n<script type=\"application\/ld+json\" class=\"yoast-schema-graph\">{\"@context\":\"https:\\\/\\\/schema.org\",\"@graph\":[{\"@type\":\"WebPage\",\"@id\":\"https:\\\/\\\/nord-bb.de\\\/leistungen\\\/we-explore\\\/projekt-erkundungen\\\/erkundungen-schleuse-scharnbeck\\\/\",\"url\":\"https:\\\/\\\/nord-bb.de\\\/leistungen\\\/we-explore\\\/projekt-erkundungen\\\/erkundungen-schleuse-scharnbeck\\\/\",\"name\":\"Erkundungen Schleuse Scharnbeck - NORD Bohr und Brunnenbau GmbH\",\"isPartOf\":{\"@id\":\"https:\\\/\\\/nord-bb.de\\\/de\\\/#website\"},\"primaryImageOfPage\":{\"@id\":\"https:\\\/\\\/nord-bb.de\\\/leistungen\\\/we-explore\\\/projekt-erkundungen\\\/erkundungen-schleuse-scharnbeck\\\/#primaryimage\"},\"image\":{\"@id\":\"https:\\\/\\\/nord-bb.de\\\/leistungen\\\/we-explore\\\/projekt-erkundungen\\\/erkundungen-schleuse-scharnbeck\\\/#primaryimage\"},\"thumbnailUrl\":\"https:\\\/\\\/nord-bb.de\\\/wp-content\\\/uploads\\\/2023\\\/09\\\/Erkund-Schleuse-Scharnbeck-1-scaled.jpg\",\"datePublished\":\"2023-09-21T13:01:48+00:00\",\"dateModified\":\"2024-09-19T09:48:03+00:00\",\"breadcrumb\":{\"@id\":\"https:\\\/\\\/nord-bb.de\\\/leistungen\\\/we-explore\\\/projekt-erkundungen\\\/erkundungen-schleuse-scharnbeck\\\/#breadcrumb\"},\"inLanguage\":\"en-GB\",\"potentialAction\":[{\"@type\":\"ReadAction\",\"target\":[\"https:\\\/\\\/nord-bb.de\\\/leistungen\\\/we-explore\\\/projekt-erkundungen\\\/erkundungen-schleuse-scharnbeck\\\/\"]}]},{\"@type\":\"ImageObject\",\"inLanguage\":\"en-GB\",\"@id\":\"https:\\\/\\\/nord-bb.de\\\/leistungen\\\/we-explore\\\/projekt-erkundungen\\\/erkundungen-schleuse-scharnbeck\\\/#primaryimage\",\"url\":\"https:\\\/\\\/nord-bb.de\\\/wp-content\\\/uploads\\\/2023\\\/09\\\/Erkund-Schleuse-Scharnbeck-1-scaled.jpg\",\"contentUrl\":\"https:\\\/\\\/nord-bb.de\\\/wp-content\\\/uploads\\\/2023\\\/09\\\/Erkund-Schleuse-Scharnbeck-1-scaled.jpg\"},{\"@type\":\"BreadcrumbList\",\"@id\":\"https:\\\/\\\/nord-bb.de\\\/leistungen\\\/we-explore\\\/projekt-erkundungen\\\/erkundungen-schleuse-scharnbeck\\\/#breadcrumb\",\"itemListElement\":[{\"@type\":\"ListItem\",\"position\":1,\"name\":\"Startseite\",\"item\":\"https:\\\/\\\/nord-bb.de\\\/\"},{\"@type\":\"ListItem\",\"position\":2,\"name\":\"Leistungen\",\"item\":\"https:\\\/\\\/nord-bb.de\\\/leistungen\\\/\"},{\"@type\":\"ListItem\",\"position\":3,\"name\":\"WE EXPLORE.\",\"item\":\"https:\\\/\\\/nord-bb.de\\\/leistungen\\\/we-explore\\\/\"},{\"@type\":\"ListItem\",\"position\":4,\"name\":\"Projekt Erkundungen\",\"item\":\"https:\\\/\\\/nord-bb.de\\\/leistungen\\\/we-explore\\\/projekt-erkundungen\\\/\"},{\"@type\":\"ListItem\",\"position\":5,\"name\":\"Erkundungen Schleuse Scharnbeck\"}]},{\"@type\":\"WebSite\",\"@id\":\"https:\\\/\\\/nord-bb.de\\\/de\\\/#website\",\"url\":\"https:\\\/\\\/nord-bb.de\\\/de\\\/\",\"name\":\"NORD Bohr und Brunnenbau GmbH\",\"description\":\"Die Spezialisten f\u00fcr Bohr- und Brunnenbau-Technologien\",\"potentialAction\":[{\"@type\":\"SearchAction\",\"target\":{\"@type\":\"EntryPoint\",\"urlTemplate\":\"https:\\\/\\\/nord-bb.de\\\/de\\\/?s={search_term_string}\"},\"query-input\":{\"@type\":\"PropertyValueSpecification\",\"valueRequired\":true,\"valueName\":\"search_term_string\"}}],\"inLanguage\":\"en-GB\"}]}<\/script>\n<!-- \/ Yoast SEO plugin. -->","yoast_head_json":{"title":"Erkundungen Schleuse Scharnbeck - NORD Bohr und Brunnenbau GmbH","robots":{"index":"index","follow":"follow","max-snippet":"max-snippet:-1","max-image-preview":"max-image-preview:large","max-video-preview":"max-video-preview:-1"},"canonical":"https:\/\/nord-bb.de\/en\/leistungen\/we-explore\/projekt-erkundungen\/erkundungen-schleuse-scharnbeck\/","og_locale":"en_GB","og_type":"article","og_title":"Erkundungen Schleuse Scharnbeck - NORD Bohr und Brunnenbau GmbH","og_description":"Scharnebeck | Schleuse Bauherr: Schleuse Scharnebeck Ort: Scharnebeck Gebirgsformation:Lockersedimente Bohrverfahren:Rammkernbohrungen Anzahl Bohrungen: 26 Bohrtiefe in m: 68 Bohrmeter gesamt: 1875 Bohr-\u00d8 in mm: 219 Ausbaudaten: DN 125 \/ Norip Zweck der Bohrung: Baugrundbohrungen f\u00fcr den Neubau der Schleuse Scharnebeck. Drucksondierungen, Ramkernbohrungen, Grundwassermessstellen. F\u00fcr den Neubau der Schleuse in Scharnebeck wurden 26 St\u00fcck Rammkern-bohrungen ausgef\u00fchrt. 5 [&hellip;]","og_url":"https:\/\/nord-bb.de\/en\/leistungen\/we-explore\/projekt-erkundungen\/erkundungen-schleuse-scharnbeck\/","og_site_name":"NORD Bohr und Brunnenbau GmbH","article_modified_time":"2024-09-19T09:48:03+00:00","og_image":[{"url":"https:\/\/nord-bb.de\/wp-content\/uploads\/2023\/09\/Erkund-Schleuse-Scharnbeck-1-scaled.jpg","type":"","width":"","height":""}],"twitter_card":"summary_large_image","twitter_misc":{"Estimated reading time":"1 minute"},"schema":{"@context":"https:\/\/schema.org","@graph":[{"@type":"WebPage","@id":"https:\/\/nord-bb.de\/leistungen\/we-explore\/projekt-erkundungen\/erkundungen-schleuse-scharnbeck\/","url":"https:\/\/nord-bb.de\/leistungen\/we-explore\/projekt-erkundungen\/erkundungen-schleuse-scharnbeck\/","name":"Erkundungen Schleuse Scharnbeck - NORD Bohr und Brunnenbau GmbH","isPartOf":{"@id":"https:\/\/nord-bb.de\/de\/#website"},"primaryImageOfPage":{"@id":"https:\/\/nord-bb.de\/leistungen\/we-explore\/projekt-erkundungen\/erkundungen-schleuse-scharnbeck\/#primaryimage"},"image":{"@id":"https:\/\/nord-bb.de\/leistungen\/we-explore\/projekt-erkundungen\/erkundungen-schleuse-scharnbeck\/#primaryimage"},"thumbnailUrl":"https:\/\/nord-bb.de\/wp-content\/uploads\/2023\/09\/Erkund-Schleuse-Scharnbeck-1-scaled.jpg","datePublished":"2023-09-21T13:01:48+00:00","dateModified":"2024-09-19T09:48:03+00:00","breadcrumb":{"@id":"https:\/\/nord-bb.de\/leistungen\/we-explore\/projekt-erkundungen\/erkundungen-schleuse-scharnbeck\/#breadcrumb"},"inLanguage":"en-GB","potentialAction":[{"@type":"ReadAction","target":["https:\/\/nord-bb.de\/leistungen\/we-explore\/projekt-erkundungen\/erkundungen-schleuse-scharnbeck\/"]}]},{"@type":"ImageObject","inLanguage":"en-GB","@id":"https:\/\/nord-bb.de\/leistungen\/we-explore\/projekt-erkundungen\/erkundungen-schleuse-scharnbeck\/#primaryimage","url":"https:\/\/nord-bb.de\/wp-content\/uploads\/2023\/09\/Erkund-Schleuse-Scharnbeck-1-scaled.jpg","contentUrl":"https:\/\/nord-bb.de\/wp-content\/uploads\/2023\/09\/Erkund-Schleuse-Scharnbeck-1-scaled.jpg"},{"@type":"BreadcrumbList","@id":"https:\/\/nord-bb.de\/leistungen\/we-explore\/projekt-erkundungen\/erkundungen-schleuse-scharnbeck\/#breadcrumb","itemListElement":[{"@type":"ListItem","position":1,"name":"Startseite","item":"https:\/\/nord-bb.de\/"},{"@type":"ListItem","position":2,"name":"Leistungen","item":"https:\/\/nord-bb.de\/leistungen\/"},{"@type":"ListItem","position":3,"name":"WE EXPLORE.","item":"https:\/\/nord-bb.de\/leistungen\/we-explore\/"},{"@type":"ListItem","position":4,"name":"Projekt Erkundungen","item":"https:\/\/nord-bb.de\/leistungen\/we-explore\/projekt-erkundungen\/"},{"@type":"ListItem","position":5,"name":"Erkundungen Schleuse Scharnbeck"}]},{"@type":"WebSite","@id":"https:\/\/nord-bb.de\/de\/#website","url":"https:\/\/nord-bb.de\/de\/","name":"NORD Bohr und Brunnenbau GmbH","description":"Die Spezialisten f\u00fcr Bohr- und Brunnenbau-Technologien","potentialAction":[{"@type":"SearchAction","target":{"@type":"EntryPoint","urlTemplate":"https:\/\/nord-bb.de\/de\/?s={search_term_string}"},"query-input":{"@type":"PropertyValueSpecification","valueRequired":true,"valueName":"search_term_string"}}],"inLanguage":"en-GB"}]}},"_links":{"self":[{"href":"https:\/\/nord-bb.de\/en\/wp-json\/wp\/v2\/pages\/2622","targetHints":{"allow":["GET"]}}],"collection":[{"href":"https:\/\/nord-bb.de\/en\/wp-json\/wp\/v2\/pages"}],"about":[{"href":"https:\/\/nord-bb.de\/en\/wp-json\/wp\/v2\/types\/page"}],"author":[{"embeddable":true,"href":"https:\/\/nord-bb.de\/en\/wp-json\/wp\/v2\/users\/2"}],"replies":[{"embeddable":true,"href":"https:\/\/nord-bb.de\/en\/wp-json\/wp\/v2\/comments?post=2622"}],"version-history":[{"count":22,"href":"https:\/\/nord-bb.de\/en\/wp-json\/wp\/v2\/pages\/2622\/revisions"}],"predecessor-version":[{"id":3635,"href":"https:\/\/nord-bb.de\/en\/wp-json\/wp\/v2\/pages\/2622\/revisions\/3635"}],"up":[{"embeddable":true,"href":"https:\/\/nord-bb.de\/en\/wp-json\/wp\/v2\/pages\/2581"}],"wp:attachment":[{"href":"https:\/\/nord-bb.de\/en\/wp-json\/wp\/v2\/media?parent=2622"}],"curies":[{"name":"wp","href":"https:\/\/api.w.org\/{rel}","templated":true}]}}