{"id":2754,"date":"2023-09-21T16:57:32","date_gmt":"2023-09-21T14:57:32","guid":{"rendered":"http:\/\/2024.nord-bb.de\/?page_id=2754"},"modified":"2024-09-03T16:44:45","modified_gmt":"2024-09-03T14:44:45","slug":"brunnenbau-flensburg","status":"publish","type":"page","link":"https:\/\/nord-bb.de\/en\/leistungen\/we-drill\/projekte-brunnenbaubrunnenbohrung\/brunnenbau-flensburg\/","title":{"rendered":"Brunnenbau Flensburg"},"content":{"rendered":"<div data-elementor-type=\"wp-page\" data-elementor-id=\"2754\" class=\"elementor elementor-2754\" data-elementor-post-type=\"page\">\n\t\t\t\t<div class=\"elementor-element elementor-element-5a65714 e-flex e-con-boxed e-con e-parent\" data-id=\"5a65714\" data-element_type=\"container\" data-e-type=\"container\">\n\t\t\t\t\t<div class=\"e-con-inner\">\n\t\t<div class=\"elementor-element elementor-element-3f0c8b3 e-con-full e-flex e-con e-child\" data-id=\"3f0c8b3\" data-element_type=\"container\" data-e-type=\"container\">\n\t\t\t\t<div class=\"elementor-element elementor-element-8b5215d elementor-widget__width-initial elementor-widget-mobile__width-inherit elementor-widget elementor-widget-image\" data-id=\"8b5215d\" data-element_type=\"widget\" data-e-type=\"widget\" data-widget_type=\"image.default\">\n\t\t\t\t<div class=\"elementor-widget-container\">\n\t\t\t\t\t\t\t\t\t\t\t\t\t\t\t\t<a href=\"https:\/\/nord-bb.de\/en\/leistungen\/we-drill\/projekte-brunnenbaubrunnenbohrung\/\">\n\t\t\t\t\t\t\t<img fetchpriority=\"high\" decoding=\"async\" width=\"990\" height=\"1771\" src=\"https:\/\/nord-bb.de\/wp-content\/uploads\/2023\/09\/Brunnenboau-Flensburg.jpg\" class=\"attachment-full size-full wp-image-2756\" alt=\"\" srcset=\"https:\/\/nord-bb.de\/wp-content\/uploads\/2023\/09\/Brunnenboau-Flensburg.jpg 990w, https:\/\/nord-bb.de\/wp-content\/uploads\/2023\/09\/Brunnenboau-Flensburg-168x300.jpg 168w, https:\/\/nord-bb.de\/wp-content\/uploads\/2023\/09\/Brunnenboau-Flensburg-572x1024.jpg 572w, https:\/\/nord-bb.de\/wp-content\/uploads\/2023\/09\/Brunnenboau-Flensburg-768x1374.jpg 768w, https:\/\/nord-bb.de\/wp-content\/uploads\/2023\/09\/Brunnenboau-Flensburg-859x1536.jpg 859w, https:\/\/nord-bb.de\/wp-content\/uploads\/2023\/09\/Brunnenboau-Flensburg-7x12.jpg 7w\" sizes=\"(max-width: 990px) 100vw, 990px\" \/>\t\t\t\t\t\t\t\t<\/a>\n\t\t\t\t\t\t\t\t\t\t\t\t\t\t\t<\/div>\n\t\t\t\t<\/div>\n\t\t<div class=\"elementor-element elementor-element-78e2839 e-con-full e-flex e-con e-child\" data-id=\"78e2839\" data-element_type=\"container\" data-e-type=\"container\">\n\t\t<div class=\"elementor-element elementor-element-50c1454 e-con-full e-flex e-con e-child\" data-id=\"50c1454\" data-element_type=\"container\" data-e-type=\"container\">\n\t\t<div class=\"elementor-element elementor-element-83e6615 e-con-full e-flex e-con e-child\" data-id=\"83e6615\" data-element_type=\"container\" data-e-type=\"container\">\n\t\t\t\t<div class=\"elementor-element elementor-element-f59e704 elementor-widget__width-auto elementor-widget elementor-widget-heading\" data-id=\"f59e704\" data-element_type=\"widget\" data-e-type=\"widget\" data-widget_type=\"heading.default\">\n\t\t\t\t<div class=\"elementor-widget-container\">\n\t\t\t\t\t<h2 class=\"elementor-heading-title elementor-size-default\">Flensburg | Brunnen B5 WW S\u00fcd<\/h2>\t\t\t\t<\/div>\n\t\t\t\t<\/div>\n\t\t\t\t<div class=\"elementor-element elementor-element-46608b1 elementor-widget elementor-widget-text-editor\" data-id=\"46608b1\" data-element_type=\"widget\" data-e-type=\"widget\" data-widget_type=\"text-editor.default\">\n\t\t\t\t<div class=\"elementor-widget-container\">\n\t\t\t\t\t\t\t\t\t<p><strong>Builder:<\/strong> Stadtwerke Flensburg<\/p><p><strong>Location:<\/strong> WW S\u00fcd<\/p><p><strong>Mountain formation: <\/strong>Tertiary<\/p><p><strong>Drilling method: <\/strong>Air lifting drill<\/p><p>Number of holes: 1<\/p><p>Drilling depth in m: 312<\/p><p>Total drilling meters: 312<\/p><p>Drilling \u00d8 in mm: 1250\/800\/600\/450<\/p><p>Expansion data: 508\/St.\/DN 250\/VA<\/p><p>Purpose of the drilling:<\/p><div class=\"page\" title=\"Page 1\"><div class=\"layoutArea\"><div class=\"column\"><p>New well construction \u2013 Well 5 \u2013 WW S\u00fcd Stadtwerke Flensburg<\/p><\/div><\/div><\/div><div class=\"page\" title=\"Page 1\"><div class=\"layoutArea\"><div class=\"column\"><p>Construction of the replacement fountain, Br. 5, in the Flensburg municipal waterworks south and dismantling of the old fountain, Br. 3. After intensive sand removal, the power pumping test was carried out in three performance levels 150 \u2013 200 \u2013 270 m\u00b3\/h. The drilling process was delayed by several layers of rubble embedded in the till. After the shaft had been set, the conveyor system supplied by the municipal utilities was installed.<\/p><\/div><\/div><\/div>\t\t\t\t\t\t\t\t<\/div>\n\t\t\t\t<\/div>\n\t\t\t\t<\/div>\n\t\t\t\t<div class=\"elementor-element elementor-element-b3297fc elementor-widget elementor-widget-image\" data-id=\"b3297fc\" data-element_type=\"widget\" data-e-type=\"widget\" data-widget_type=\"image.default\">\n\t\t\t\t<div class=\"elementor-widget-container\">\n\t\t\t\t\t\t\t\t\t\t\t\t\t\t\t\t<a href=\"https:\/\/nord-bb.de\/wp-content\/uploads\/2024\/09\/Flensburg-TB-5.jpg\" target=\"_blank\">\n\t\t\t\t\t\t\t<img decoding=\"async\" src=\"https:\/\/nord-bb.de\/wp-content\/uploads\/elementor\/thumbs\/Flensburg-TB-5-qvjz6rfiswa3agw91xti7lajtnirrrurnwzxaqzy5o.jpg\" title=\"Flensburg TB 5\" alt=\"Flensburg TB 5\" loading=\"lazy\" \/>\t\t\t\t\t\t\t\t<\/a>\n\t\t\t\t\t\t\t\t\t\t\t\t\t\t\t<\/div>\n\t\t\t\t<\/div>\n\t\t\t\t<\/div>\n\t\t\t\t<\/div>\n\t\t\t\t<\/div>\n\t\t\t\t\t<\/div>\n\t\t\t\t<\/div>\n\t\t\t\t<section class=\"elementor-section elementor-top-section elementor-element elementor-element-fbd6421 elementor-hidden-desktop elementor-hidden-tablet elementor-hidden-mobile elementor-section-boxed elementor-section-height-default elementor-section-height-default\" data-id=\"fbd6421\" data-element_type=\"section\" data-e-type=\"section\">\n\t\t\t\t\t\t<div class=\"elementor-container elementor-column-gap-default\">\n\t\t\t\t\t<div class=\"elementor-column elementor-col-100 elementor-top-column elementor-element elementor-element-a6f0c24\" data-id=\"a6f0c24\" data-element_type=\"column\" data-e-type=\"column\">\n\t\t\t<div class=\"elementor-widget-wrap elementor-element-populated\">\n\t\t\t\t\t\t<section class=\"elementor-section elementor-inner-section elementor-element elementor-element-9a3dcd3 elementor-section-content-middle elementor-section-boxed elementor-section-height-default elementor-section-height-default\" data-id=\"9a3dcd3\" data-element_type=\"section\" data-e-type=\"section\">\n\t\t\t\t\t\t<div class=\"elementor-container elementor-column-gap-default\">\n\t\t\t\t\t<div class=\"elementor-column elementor-col-33 elementor-inner-column elementor-element elementor-element-bd66e62\" data-id=\"bd66e62\" data-element_type=\"column\" data-e-type=\"column\">\n\t\t\t<div class=\"elementor-widget-wrap elementor-element-populated\">\n\t\t\t\t\t\t<div class=\"elementor-element elementor-element-73ba384 elementor--h-position-center elementor--v-position-middle elementor-pagination-position-inside elementor-widget elementor-widget-slides\" data-id=\"73ba384\" data-element_type=\"widget\" data-e-type=\"widget\" data-settings=\"{&quot;navigation&quot;:&quot;dots&quot;,&quot;autoplay_speed&quot;:3200,&quot;transition&quot;:&quot;fade&quot;,&quot;transition_speed&quot;:800,&quot;autoplay&quot;:&quot;yes&quot;,&quot;pause_on_hover&quot;:&quot;yes&quot;,&quot;pause_on_interaction&quot;:&quot;yes&quot;,&quot;infinite&quot;:&quot;yes&quot;}\" data-widget_type=\"slides.default\">\n\t\t\t\t<div class=\"elementor-widget-container\">\n\t\t\t\t\t\t\t\t\t<div class=\"elementor-swiper\">\n\t\t\t\t\t<div class=\"elementor-slides-wrapper elementor-main-swiper swiper\" role=\"region\" aria-roledescription=\"carousel\" aria-label=\"Slides\" dir=\"ltr\" data-animation=\"\">\n\t\t\t\t<div class=\"swiper-wrapper elementor-slides\">\n\t\t\t\t\t\t\t\t\t\t<div class=\"elementor-repeater-item-d901430 swiper-slide\" role=\"group\" aria-roledescription=\"slide\"><div class=\"swiper-slide-bg\" role=\"img\" aria-label=\"Brunnenbau Flensburg\"><\/div><a class=\"swiper-slide-inner\" href=\"https:\/\/nord-bb.de\/en\/leistungen\/we-drill\/projekte-brunnenbaubrunnenbohrung\/\"><div class=\"swiper-slide-contents\"><\/div><\/a><\/div>\t\t\t\t<\/div>\n\t\t\t\t\t\t\t<\/div>\n\t\t\t\t<\/div>\n\t\t\t\t\t\t\t\t<\/div>\n\t\t\t\t<\/div>\n\t\t\t\t\t<\/div>\n\t\t<\/div>\n\t\t\t\t<div class=\"elementor-column elementor-col-33 elementor-inner-column elementor-element elementor-element-942e50b\" data-id=\"942e50b\" data-element_type=\"column\" data-e-type=\"column\">\n\t\t\t<div class=\"elementor-widget-wrap elementor-element-populated\">\n\t\t\t\t\t\t<div class=\"elementor-element elementor-element-6fb7c9d elementor-widget__width-initial elementor-absolute elementor-widget elementor-widget-heading\" data-id=\"6fb7c9d\" data-element_type=\"widget\" data-e-type=\"widget\" data-settings=\"{&quot;_position&quot;:&quot;absolute&quot;}\" data-widget_type=\"heading.default\">\n\t\t\t\t<div class=\"elementor-widget-container\">\n\t\t\t\t\t<h2 class=\"elementor-heading-title elementor-size-default\">Flensburg | Brunnen B5 WW S\u00fcd<\/h2>\t\t\t\t<\/div>\n\t\t\t\t<\/div>\n\t\t\t\t<div class=\"elementor-element elementor-element-313e363 elementor-absolute elementor-widget elementor-widget-text-editor\" data-id=\"313e363\" data-element_type=\"widget\" data-e-type=\"widget\" data-settings=\"{&quot;_position&quot;:&quot;absolute&quot;}\" data-widget_type=\"text-editor.default\">\n\t\t\t\t<div class=\"elementor-widget-container\">\n\t\t\t\t\t\t\t\t\t<p><strong>Builder:<\/strong> Stadtwerke Flensburg<\/p><p><strong>Location:<\/strong> WW S\u00fcd<\/p><p><strong>Mountain formation: <\/strong>Tertiary<\/p><p><strong>Drilling method: <\/strong>Air lifting drill<\/p><p>Number of holes: 1<\/p><p>Drilling depth in m: 312<\/p><p>Total drilling meters: 312<\/p><p>Drilling \u00d8 in mm: 1250\/800\/600\/450<\/p><p>Expansion data: 508\/St.\/DN 250\/VA<\/p><p>Purpose of the drilling:<span class=\"Apple-converted-space\">\u00a0<\/span><\/p><div class=\"page\" title=\"Page 1\"><div class=\"layoutArea\"><div class=\"column\"><p>New well construction \u2013 Well 5 \u2013 WW S\u00fcd Stadtwerke Flensburg<\/p><\/div><\/div><\/div><div class=\"page\" title=\"Page 1\"><div class=\"layoutArea\"><div class=\"column\"><p>Construction of the replacement fountain, Br. 5, in the Flensburg municipal waterworks south and dismantling of the old fountain, Br. 3. After intensive sand removal, the power pumping test was carried out in three performance levels 150 \u2013 200 \u2013 270 m\u00b3\/h. The drilling process was delayed by several layers of rubble embedded in the till. After the shaft had been set, the conveyor system supplied by the municipal utilities was installed.<\/p><\/div><\/div><\/div>\t\t\t\t\t\t\t\t<\/div>\n\t\t\t\t<\/div>\n\t\t\t\t\t<\/div>\n\t\t<\/div>\n\t\t\t\t<div class=\"elementor-column elementor-col-33 elementor-inner-column elementor-element elementor-element-b57c432\" data-id=\"b57c432\" data-element_type=\"column\" data-e-type=\"column\">\n\t\t\t<div class=\"elementor-widget-wrap elementor-element-populated\">\n\t\t\t\t\t\t<div class=\"elementor-element elementor-element-aa745f6 elementor-absolute elementor-widget elementor-widget-image\" data-id=\"aa745f6\" data-element_type=\"widget\" data-e-type=\"widget\" data-settings=\"{&quot;_position&quot;:&quot;absolute&quot;}\" data-widget_type=\"image.default\">\n\t\t\t\t<div class=\"elementor-widget-container\">\n\t\t\t\t\t\t\t\t\t\t\t\t\t\t\t<img decoding=\"async\" width=\"230\" height=\"307\" src=\"https:\/\/nord-bb.de\/wp-content\/uploads\/2023\/09\/Brunnenbau-Flensburg.jpg\" class=\"attachment-large size-large wp-image-2757\" alt=\"\" srcset=\"https:\/\/nord-bb.de\/wp-content\/uploads\/2023\/09\/Brunnenbau-Flensburg.jpg 230w, https:\/\/nord-bb.de\/wp-content\/uploads\/2023\/09\/Brunnenbau-Flensburg-225x300.jpg 225w, https:\/\/nord-bb.de\/wp-content\/uploads\/2023\/09\/Brunnenbau-Flensburg-9x12.jpg 9w\" sizes=\"(max-width: 230px) 100vw, 230px\" \/>\t\t\t\t\t\t\t\t\t\t\t\t\t\t\t<\/div>\n\t\t\t\t<\/div>\n\t\t\t\t\t<\/div>\n\t\t<\/div>\n\t\t\t\t\t<\/div>\n\t\t<\/section>\n\t\t\t\t\t<\/div>\n\t\t<\/div>\n\t\t\t\t\t<\/div>\n\t\t<\/section>\n\t\t\t\t<\/div>","protected":false},"excerpt":{"rendered":"<p>Flensburg | Brunnen B5 WW S\u00fcd Bauherr: Stadtwerke Flensburg Ort: WW S\u00fcd Gebirgsformation: Terti\u00e4r Bohrverfahren: Lufthebebohrung Anzahl Bohrungen: 1 Bohrtiefe in m: 312 Bohrmeter gesamt: 312 Bohr-\u00d8 in mm: 1250\/800\/600\/450 Ausbaudaten: 508\/St.\/DN 250\/VA Zweck der Bohrung: Brunnenneubau &#8211; Brunnen 5 &#8211; WW S\u00fcd Stadtwerke Flensburg Niederbringung des Ersatzbrunnen Br. 5 im Wasserwerk S\u00fcd der Stadtwerke [&hellip;]<\/p>\n","protected":false},"author":2,"featured_media":0,"parent":2233,"menu_order":0,"comment_status":"closed","ping_status":"closed","template":"elementor_header_footer","meta":{"footnotes":"","_links_to":"","_links_to_target":""},"class_list":["post-2754","page","type-page","status-publish","hentry"],"yoast_head":"<!-- This site is optimized with the Yoast SEO plugin v27.4 - https:\/\/yoast.com\/product\/yoast-seo-wordpress\/ -->\n<title>Brunnenbau Flensburg - NORD Bohr und Brunnenbau GmbH<\/title>\n<meta name=\"robots\" content=\"index, follow, max-snippet:-1, max-image-preview:large, max-video-preview:-1\" \/>\n<link rel=\"canonical\" href=\"https:\/\/nord-bb.de\/en\/leistungen\/we-drill\/projekte-brunnenbaubrunnenbohrung\/brunnenbau-flensburg\/\" \/>\n<meta property=\"og:locale\" content=\"en_GB\" \/>\n<meta property=\"og:type\" content=\"article\" \/>\n<meta property=\"og:title\" content=\"Brunnenbau Flensburg - NORD Bohr und Brunnenbau GmbH\" \/>\n<meta property=\"og:description\" content=\"Flensburg | Brunnen B5 WW S\u00fcd Bauherr: Stadtwerke Flensburg Ort: WW S\u00fcd Gebirgsformation: Terti\u00e4r Bohrverfahren: Lufthebebohrung Anzahl Bohrungen: 1 Bohrtiefe in m: 312 Bohrmeter gesamt: 312 Bohr-\u00d8 in mm: 1250\/800\/600\/450 Ausbaudaten: 508\/St.\/DN 250\/VA Zweck der Bohrung: Brunnenneubau &#8211; Brunnen 5 &#8211; WW S\u00fcd Stadtwerke Flensburg Niederbringung des Ersatzbrunnen Br. 5 im Wasserwerk S\u00fcd der Stadtwerke [&hellip;]\" \/>\n<meta property=\"og:url\" content=\"https:\/\/nord-bb.de\/en\/leistungen\/we-drill\/projekte-brunnenbaubrunnenbohrung\/brunnenbau-flensburg\/\" \/>\n<meta property=\"og:site_name\" content=\"NORD Bohr und Brunnenbau GmbH\" \/>\n<meta property=\"article:modified_time\" content=\"2024-09-03T14:44:45+00:00\" \/>\n<meta property=\"og:image\" content=\"https:\/\/nord-bb.de\/wp-content\/uploads\/2023\/09\/Brunnenboau-Flensburg.jpg\" \/>\n<meta name=\"twitter:card\" content=\"summary_large_image\" \/>\n<meta name=\"twitter:label1\" content=\"Estimated reading time\" \/>\n\t<meta name=\"twitter:data1\" content=\"2 minutes\" \/>\n<script type=\"application\/ld+json\" class=\"yoast-schema-graph\">{\"@context\":\"https:\\\/\\\/schema.org\",\"@graph\":[{\"@type\":\"WebPage\",\"@id\":\"https:\\\/\\\/nord-bb.de\\\/leistungen\\\/we-drill\\\/projekte-brunnenbaubrunnenbohrung\\\/brunnenbau-flensburg\\\/\",\"url\":\"https:\\\/\\\/nord-bb.de\\\/leistungen\\\/we-drill\\\/projekte-brunnenbaubrunnenbohrung\\\/brunnenbau-flensburg\\\/\",\"name\":\"Brunnenbau Flensburg - NORD Bohr und Brunnenbau GmbH\",\"isPartOf\":{\"@id\":\"https:\\\/\\\/nord-bb.de\\\/de\\\/#website\"},\"primaryImageOfPage\":{\"@id\":\"https:\\\/\\\/nord-bb.de\\\/leistungen\\\/we-drill\\\/projekte-brunnenbaubrunnenbohrung\\\/brunnenbau-flensburg\\\/#primaryimage\"},\"image\":{\"@id\":\"https:\\\/\\\/nord-bb.de\\\/leistungen\\\/we-drill\\\/projekte-brunnenbaubrunnenbohrung\\\/brunnenbau-flensburg\\\/#primaryimage\"},\"thumbnailUrl\":\"https:\\\/\\\/nord-bb.de\\\/wp-content\\\/uploads\\\/2023\\\/09\\\/Brunnenboau-Flensburg.jpg\",\"datePublished\":\"2023-09-21T14:57:32+00:00\",\"dateModified\":\"2024-09-03T14:44:45+00:00\",\"breadcrumb\":{\"@id\":\"https:\\\/\\\/nord-bb.de\\\/leistungen\\\/we-drill\\\/projekte-brunnenbaubrunnenbohrung\\\/brunnenbau-flensburg\\\/#breadcrumb\"},\"inLanguage\":\"en-GB\",\"potentialAction\":[{\"@type\":\"ReadAction\",\"target\":[\"https:\\\/\\\/nord-bb.de\\\/leistungen\\\/we-drill\\\/projekte-brunnenbaubrunnenbohrung\\\/brunnenbau-flensburg\\\/\"]}]},{\"@type\":\"ImageObject\",\"inLanguage\":\"en-GB\",\"@id\":\"https:\\\/\\\/nord-bb.de\\\/leistungen\\\/we-drill\\\/projekte-brunnenbaubrunnenbohrung\\\/brunnenbau-flensburg\\\/#primaryimage\",\"url\":\"https:\\\/\\\/nord-bb.de\\\/wp-content\\\/uploads\\\/2023\\\/09\\\/Brunnenboau-Flensburg.jpg\",\"contentUrl\":\"https:\\\/\\\/nord-bb.de\\\/wp-content\\\/uploads\\\/2023\\\/09\\\/Brunnenboau-Flensburg.jpg\"},{\"@type\":\"BreadcrumbList\",\"@id\":\"https:\\\/\\\/nord-bb.de\\\/leistungen\\\/we-drill\\\/projekte-brunnenbaubrunnenbohrung\\\/brunnenbau-flensburg\\\/#breadcrumb\",\"itemListElement\":[{\"@type\":\"ListItem\",\"position\":1,\"name\":\"Startseite\",\"item\":\"https:\\\/\\\/nord-bb.de\\\/\"},{\"@type\":\"ListItem\",\"position\":2,\"name\":\"Leistungen\",\"item\":\"https:\\\/\\\/nord-bb.de\\\/leistungen\\\/\"},{\"@type\":\"ListItem\",\"position\":3,\"name\":\"WE DRILL.\",\"item\":\"https:\\\/\\\/nord-bb.de\\\/leistungen\\\/we-drill\\\/\"},{\"@type\":\"ListItem\",\"position\":4,\"name\":\"Projekte Brunnenbau+Brunnenbohrung\",\"item\":\"https:\\\/\\\/nord-bb.de\\\/leistungen\\\/we-drill\\\/projekte-brunnenbaubrunnenbohrung\\\/\"},{\"@type\":\"ListItem\",\"position\":5,\"name\":\"Brunnenbau Flensburg\"}]},{\"@type\":\"WebSite\",\"@id\":\"https:\\\/\\\/nord-bb.de\\\/de\\\/#website\",\"url\":\"https:\\\/\\\/nord-bb.de\\\/de\\\/\",\"name\":\"NORD Bohr und Brunnenbau GmbH\",\"description\":\"Die Spezialisten f\u00fcr Bohr- und Brunnenbau-Technologien\",\"potentialAction\":[{\"@type\":\"SearchAction\",\"target\":{\"@type\":\"EntryPoint\",\"urlTemplate\":\"https:\\\/\\\/nord-bb.de\\\/de\\\/?s={search_term_string}\"},\"query-input\":{\"@type\":\"PropertyValueSpecification\",\"valueRequired\":true,\"valueName\":\"search_term_string\"}}],\"inLanguage\":\"en-GB\"}]}<\/script>\n<!-- \/ Yoast SEO plugin. -->","yoast_head_json":{"title":"Brunnenbau Flensburg - NORD Bohr und Brunnenbau GmbH","robots":{"index":"index","follow":"follow","max-snippet":"max-snippet:-1","max-image-preview":"max-image-preview:large","max-video-preview":"max-video-preview:-1"},"canonical":"https:\/\/nord-bb.de\/en\/leistungen\/we-drill\/projekte-brunnenbaubrunnenbohrung\/brunnenbau-flensburg\/","og_locale":"en_GB","og_type":"article","og_title":"Brunnenbau Flensburg - NORD Bohr und Brunnenbau GmbH","og_description":"Flensburg | Brunnen B5 WW S\u00fcd Bauherr: Stadtwerke Flensburg Ort: WW S\u00fcd Gebirgsformation: Terti\u00e4r Bohrverfahren: Lufthebebohrung Anzahl Bohrungen: 1 Bohrtiefe in m: 312 Bohrmeter gesamt: 312 Bohr-\u00d8 in mm: 1250\/800\/600\/450 Ausbaudaten: 508\/St.\/DN 250\/VA Zweck der Bohrung: Brunnenneubau &#8211; Brunnen 5 &#8211; WW S\u00fcd Stadtwerke Flensburg Niederbringung des Ersatzbrunnen Br. 5 im Wasserwerk S\u00fcd der Stadtwerke [&hellip;]","og_url":"https:\/\/nord-bb.de\/en\/leistungen\/we-drill\/projekte-brunnenbaubrunnenbohrung\/brunnenbau-flensburg\/","og_site_name":"NORD Bohr und Brunnenbau GmbH","article_modified_time":"2024-09-03T14:44:45+00:00","og_image":[{"url":"https:\/\/nord-bb.de\/wp-content\/uploads\/2023\/09\/Brunnenboau-Flensburg.jpg","type":"","width":"","height":""}],"twitter_card":"summary_large_image","twitter_misc":{"Estimated reading time":"2 minutes"},"schema":{"@context":"https:\/\/schema.org","@graph":[{"@type":"WebPage","@id":"https:\/\/nord-bb.de\/leistungen\/we-drill\/projekte-brunnenbaubrunnenbohrung\/brunnenbau-flensburg\/","url":"https:\/\/nord-bb.de\/leistungen\/we-drill\/projekte-brunnenbaubrunnenbohrung\/brunnenbau-flensburg\/","name":"Brunnenbau Flensburg - NORD Bohr und Brunnenbau GmbH","isPartOf":{"@id":"https:\/\/nord-bb.de\/de\/#website"},"primaryImageOfPage":{"@id":"https:\/\/nord-bb.de\/leistungen\/we-drill\/projekte-brunnenbaubrunnenbohrung\/brunnenbau-flensburg\/#primaryimage"},"image":{"@id":"https:\/\/nord-bb.de\/leistungen\/we-drill\/projekte-brunnenbaubrunnenbohrung\/brunnenbau-flensburg\/#primaryimage"},"thumbnailUrl":"https:\/\/nord-bb.de\/wp-content\/uploads\/2023\/09\/Brunnenboau-Flensburg.jpg","datePublished":"2023-09-21T14:57:32+00:00","dateModified":"2024-09-03T14:44:45+00:00","breadcrumb":{"@id":"https:\/\/nord-bb.de\/leistungen\/we-drill\/projekte-brunnenbaubrunnenbohrung\/brunnenbau-flensburg\/#breadcrumb"},"inLanguage":"en-GB","potentialAction":[{"@type":"ReadAction","target":["https:\/\/nord-bb.de\/leistungen\/we-drill\/projekte-brunnenbaubrunnenbohrung\/brunnenbau-flensburg\/"]}]},{"@type":"ImageObject","inLanguage":"en-GB","@id":"https:\/\/nord-bb.de\/leistungen\/we-drill\/projekte-brunnenbaubrunnenbohrung\/brunnenbau-flensburg\/#primaryimage","url":"https:\/\/nord-bb.de\/wp-content\/uploads\/2023\/09\/Brunnenboau-Flensburg.jpg","contentUrl":"https:\/\/nord-bb.de\/wp-content\/uploads\/2023\/09\/Brunnenboau-Flensburg.jpg"},{"@type":"BreadcrumbList","@id":"https:\/\/nord-bb.de\/leistungen\/we-drill\/projekte-brunnenbaubrunnenbohrung\/brunnenbau-flensburg\/#breadcrumb","itemListElement":[{"@type":"ListItem","position":1,"name":"Startseite","item":"https:\/\/nord-bb.de\/"},{"@type":"ListItem","position":2,"name":"Leistungen","item":"https:\/\/nord-bb.de\/leistungen\/"},{"@type":"ListItem","position":3,"name":"WE DRILL.","item":"https:\/\/nord-bb.de\/leistungen\/we-drill\/"},{"@type":"ListItem","position":4,"name":"Projekte Brunnenbau+Brunnenbohrung","item":"https:\/\/nord-bb.de\/leistungen\/we-drill\/projekte-brunnenbaubrunnenbohrung\/"},{"@type":"ListItem","position":5,"name":"Brunnenbau Flensburg"}]},{"@type":"WebSite","@id":"https:\/\/nord-bb.de\/de\/#website","url":"https:\/\/nord-bb.de\/de\/","name":"NORD Bohr und Brunnenbau GmbH","description":"Die Spezialisten f\u00fcr Bohr- und Brunnenbau-Technologien","potentialAction":[{"@type":"SearchAction","target":{"@type":"EntryPoint","urlTemplate":"https:\/\/nord-bb.de\/de\/?s={search_term_string}"},"query-input":{"@type":"PropertyValueSpecification","valueRequired":true,"valueName":"search_term_string"}}],"inLanguage":"en-GB"}]}},"_links":{"self":[{"href":"https:\/\/nord-bb.de\/en\/wp-json\/wp\/v2\/pages\/2754","targetHints":{"allow":["GET"]}}],"collection":[{"href":"https:\/\/nord-bb.de\/en\/wp-json\/wp\/v2\/pages"}],"about":[{"href":"https:\/\/nord-bb.de\/en\/wp-json\/wp\/v2\/types\/page"}],"author":[{"embeddable":true,"href":"https:\/\/nord-bb.de\/en\/wp-json\/wp\/v2\/users\/2"}],"replies":[{"embeddable":true,"href":"https:\/\/nord-bb.de\/en\/wp-json\/wp\/v2\/comments?post=2754"}],"version-history":[{"count":28,"href":"https:\/\/nord-bb.de\/en\/wp-json\/wp\/v2\/pages\/2754\/revisions"}],"predecessor-version":[{"id":3536,"href":"https:\/\/nord-bb.de\/en\/wp-json\/wp\/v2\/pages\/2754\/revisions\/3536"}],"up":[{"embeddable":true,"href":"https:\/\/nord-bb.de\/en\/wp-json\/wp\/v2\/pages\/2233"}],"wp:attachment":[{"href":"https:\/\/nord-bb.de\/en\/wp-json\/wp\/v2\/media?parent=2754"}],"curies":[{"name":"wp","href":"https:\/\/api.w.org\/{rel}","templated":true}]}}