{"id":3821,"date":"2025-12-16T09:55:37","date_gmt":"2025-12-16T08:55:37","guid":{"rendered":"https:\/\/nord-bb.de\/?page_id=3821"},"modified":"2025-12-18T13:10:42","modified_gmt":"2025-12-18T12:10:42","slug":"hinweisgeber","status":"publish","type":"page","link":"https:\/\/nord-bb.de\/en\/hinweisgeber\/","title":{"rendered":"Whistleblower"},"content":{"rendered":"<div data-elementor-type=\"wp-page\" data-elementor-id=\"3821\" class=\"elementor elementor-3821\" data-elementor-post-type=\"page\">\n\t\t\t\t\t\t<section class=\"elementor-section elementor-top-section elementor-element elementor-element-b887e2b elementor-section-boxed elementor-section-height-default elementor-section-height-default\" data-id=\"b887e2b\" data-element_type=\"section\" data-e-type=\"section\">\n\t\t\t\t\t\t<div class=\"elementor-container elementor-column-gap-no\">\n\t\t\t\t\t<div class=\"elementor-column elementor-col-100 elementor-top-column elementor-element elementor-element-22385f8\" data-id=\"22385f8\" data-element_type=\"column\" data-e-type=\"column\">\n\t\t\t<div class=\"elementor-widget-wrap elementor-element-populated\">\n\t\t\t\t\t\t<div class=\"elementor-element elementor-element-d36bb41 elementor-widget elementor-widget-heading\" data-id=\"d36bb41\" data-element_type=\"widget\" data-e-type=\"widget\" data-widget_type=\"heading.default\">\n\t\t\t\t<div class=\"elementor-widget-container\">\n\t\t\t\t\t<h1 class=\"elementor-heading-title elementor-size-default\">Hinweisgeber.<\/h1>\t\t\t\t<\/div>\n\t\t\t\t<\/div>\n\t\t\t\t<section class=\"elementor-section elementor-inner-section elementor-element elementor-element-72ad95a elementor-section-boxed elementor-section-height-default elementor-section-height-default\" data-id=\"72ad95a\" data-element_type=\"section\" data-e-type=\"section\">\n\t\t\t\t\t\t<div class=\"elementor-container elementor-column-gap-no\">\n\t\t\t\t\t<div class=\"elementor-column elementor-col-100 elementor-inner-column elementor-element elementor-element-9b7b172\" data-id=\"9b7b172\" data-element_type=\"column\" data-e-type=\"column\">\n\t\t\t<div class=\"elementor-widget-wrap elementor-element-populated\">\n\t\t\t\t\t\t<div class=\"elementor-element elementor-element-3658001 elementor-widget elementor-widget-heading\" data-id=\"3658001\" data-element_type=\"widget\" data-e-type=\"widget\" data-widget_type=\"heading.default\">\n\t\t\t\t<div class=\"elementor-widget-container\">\n\t\t\t\t\t<h2 class=\"elementor-heading-title elementor-size-default\">RECHTLICHE AUFKL\u00c4RUNG ZUR NUTZUNG DES HINWEISGEBERSYSTEMS:<\/h2>\t\t\t\t<\/div>\n\t\t\t\t<\/div>\n\t\t\t\t<div class=\"elementor-element elementor-element-ea2251a elementor-widget elementor-widget-text-editor\" data-id=\"ea2251a\" data-element_type=\"widget\" data-e-type=\"widget\" data-widget_type=\"text-editor.default\">\n\t\t\t\t<div class=\"elementor-widget-container\">\n\t\t\t\t\t\t\t\t\t<p>Ein Hinweisgebersystem, auch bekannt als Whistleblower-System oder Hinweisgeberplattform, ist ein Mechanismus, der es Einzelpersonen erm\u00f6glicht, vertraulich Missst\u00e4nde, Fehlverhalten oder illegale Aktivit\u00e4ten in einem Unternehmen zu melden. Diese Systeme dienen dazu, die Offenlegung von Informationen \u00fcber Unregelm\u00e4\u00dfigkeiten zu erleichtern und eine angemessene Untersuchung und Reaktion seitens des Unternehmens sicherzustellen.<\/p><p>F\u00fcr NORD Bohr und Brunnenbau GmbH ist die Einhaltung von Gesetzen und internen Regelungen seit jeher eine Selbstverst\u00e4ndlichkeit, die wir sehr ernst nehmen. In diesem Zusammenhang halten wir es f\u00fcr sehr wichtig, Mitarbeitenden und Gesch\u00e4ftspartnern von NORD Bohr und Brunnenbau GmbH eine einfache wie sichere M\u00f6glichkeit zu geben, uns Hinweise auf etwaige Verst\u00f6\u00dfe zukommen zu lassen. Ein wesentliches Element unseres Hinweisgebersystem ist ein webbasiertes internes Hinweisgeber-Systems. Das Hinweisgebersystem wird technisch von einem unabh\u00e4ngigen Betreiber betreut.<\/p><p>\u00dcber dieses gesch\u00fctzte System k\u00f6nnen Sie konkrete Hinweise auf Verst\u00f6\u00dfe gegen geltende Gesetze sowie interne Richtlinien im Zusammenhang mit oder aus Anlass einer T\u00e4tigkeit der NORD Bohr und Brunnenbau GmbH melden.<\/p><p><b>Hinweise k\u00f6nnen rund um die Uhr und auch anonym abgegeben werden.<\/b><\/p><p>Hier gelangen Sie zu unserem Hinweisgebersystem und haben die M\u00f6glichkeit eine Meldung abzugeben. Wir haben die Daten \u00fcber den nachfolgenden Button verlinkt. Wenn Sie jedoch Bedenken haben, dass dieser Link nachverfolgt werden kann, empfehlen wir Ihnen, die Daten zu kopieren und manuell einzutragen.<span class=\"Apple-converted-space\">\u00a0<\/span><\/p><p><b>Ebenfalls sollten Sie f\u00fcr die Meldung keine dienstlichen Endger\u00e4te benutzen.<\/b><\/p>\t\t\t\t\t\t\t\t<\/div>\n\t\t\t\t<\/div>\n\t\t\t\t<div class=\"elementor-element elementor-element-18be703 elementor-widget elementor-widget-button\" data-id=\"18be703\" data-element_type=\"widget\" data-e-type=\"widget\" data-widget_type=\"button.default\">\n\t\t\t\t<div class=\"elementor-widget-container\">\n\t\t\t\t\t\t\t\t\t<div class=\"elementor-button-wrapper\">\n\t\t\t\t\t<a class=\"elementor-button elementor-button-link elementor-size-sm\" href=\"https:\/\/itcosys.meldung.cloud\/report?area=07fbe6e5-77a7-420d-bc74-d361d01d1f37&#038;form=c83ef117-1ed2-402a-a074-b6ee76194a80\" target=\"_blank\">\n\t\t\t\t\t\t<span class=\"elementor-button-content-wrapper\">\n\t\t\t\t\t\t\t\t\t<span class=\"elementor-button-text\">Click here<\/span>\n\t\t\t\t\t<\/span>\n\t\t\t\t\t<\/a>\n\t\t\t\t<\/div>\n\t\t\t\t\t\t\t\t<\/div>\n\t\t\t\t<\/div>\n\t\t\t\t<div class=\"elementor-element elementor-element-fe7e19b elementor-widget elementor-widget-text-editor\" data-id=\"fe7e19b\" data-element_type=\"widget\" data-e-type=\"widget\" data-widget_type=\"text-editor.default\">\n\t\t\t\t<div class=\"elementor-widget-container\">\n\t\t\t\t\t\t\t\t\t<p><strong>\u00a0LINK:<\/strong><\/p><p>\u00a0https:\/\/itcosys.meldung.cloud\/report?area=07fbe6e5-77a7-420d-bc74-d361d01d1f37&amp;form=c83ef117-1ed2-402a-a074-b6ee76194a80<\/p>\t\t\t\t\t\t\t\t<\/div>\n\t\t\t\t<\/div>\n\t\t\t\t<div class=\"elementor-element elementor-element-a1a2351 elementor-widget elementor-widget-heading\" data-id=\"a1a2351\" data-element_type=\"widget\" data-e-type=\"widget\" data-widget_type=\"heading.default\">\n\t\t\t\t<div class=\"elementor-widget-container\">\n\t\t\t\t\t<h2 class=\"elementor-heading-title elementor-size-default\">DATENSCHUTZHINWEIS:<\/h2>\t\t\t\t<\/div>\n\t\t\t\t<\/div>\n\t\t\t\t<div class=\"elementor-element elementor-element-f5c9c6c elementor-widget elementor-widget-text-editor\" data-id=\"f5c9c6c\" data-element_type=\"widget\" data-e-type=\"widget\" data-widget_type=\"text-editor.default\">\n\t\t\t\t<div class=\"elementor-widget-container\">\n\t\t\t\t\t\t\t\t\t<p>Das Portal und die Meldestelle wird von einem externen Dienstleister verwaltet. Wir haben mit diesem einen Auftragsverarbeitungsvertrag abgeschlossen.<\/p>\t\t\t\t\t\t\t\t<\/div>\n\t\t\t\t<\/div>\n\t\t\t\t\t<\/div>\n\t\t<\/div>\n\t\t\t\t\t<\/div>\n\t\t<\/section>\n\t\t\t\t\t<\/div>\n\t\t<\/div>\n\t\t\t\t\t<\/div>\n\t\t<\/section>\n\t\t\t\t<\/div>","protected":false},"excerpt":{"rendered":"<p>Hinweisgeber. RECHTLICHE AUFKL\u00c4RUNG ZUR NUTZUNG DES HINWEISGEBERSYSTEMS: Ein Hinweisgebersystem, auch bekannt als Whistleblower-System oder Hinweisgeberplattform, ist ein Mechanismus, der es Einzelpersonen erm\u00f6glicht, vertraulich Missst\u00e4nde, Fehlverhalten oder illegale Aktivit\u00e4ten in einem Unternehmen zu melden. Diese Systeme dienen dazu, die Offenlegung von Informationen \u00fcber Unregelm\u00e4\u00dfigkeiten zu erleichtern und eine angemessene Untersuchung und Reaktion seitens des Unternehmens sicherzustellen. [&hellip;]<\/p>\n","protected":false},"author":2,"featured_media":0,"parent":0,"menu_order":6,"comment_status":"closed","ping_status":"closed","template":"elementor_header_footer","meta":{"footnotes":"","_links_to":"","_links_to_target":""},"class_list":["post-3821","page","type-page","status-publish","hentry"],"yoast_head":"<!-- This site is optimized with the Yoast SEO plugin v27.4 - https:\/\/yoast.com\/product\/yoast-seo-wordpress\/ -->\n<title>Hinweisgeber - NORD Bohr und Brunnenbau GmbH<\/title>\n<meta name=\"robots\" content=\"index, follow, max-snippet:-1, max-image-preview:large, max-video-preview:-1\" \/>\n<link rel=\"canonical\" href=\"https:\/\/nord-bb.de\/en\/hinweisgeber\/\" \/>\n<meta property=\"og:locale\" content=\"en_GB\" \/>\n<meta property=\"og:type\" content=\"article\" \/>\n<meta property=\"og:title\" content=\"Hinweisgeber - NORD Bohr und Brunnenbau GmbH\" \/>\n<meta property=\"og:description\" content=\"Hinweisgeber. RECHTLICHE AUFKL\u00c4RUNG ZUR NUTZUNG DES HINWEISGEBERSYSTEMS: Ein Hinweisgebersystem, auch bekannt als Whistleblower-System oder Hinweisgeberplattform, ist ein Mechanismus, der es Einzelpersonen erm\u00f6glicht, vertraulich Missst\u00e4nde, Fehlverhalten oder illegale Aktivit\u00e4ten in einem Unternehmen zu melden. Diese Systeme dienen dazu, die Offenlegung von Informationen \u00fcber Unregelm\u00e4\u00dfigkeiten zu erleichtern und eine angemessene Untersuchung und Reaktion seitens des Unternehmens sicherzustellen. [&hellip;]\" \/>\n<meta property=\"og:url\" content=\"https:\/\/nord-bb.de\/en\/hinweisgeber\/\" \/>\n<meta property=\"og:site_name\" content=\"NORD Bohr und Brunnenbau GmbH\" \/>\n<meta property=\"article:modified_time\" content=\"2025-12-18T12:10:42+00:00\" \/>\n<meta name=\"twitter:card\" content=\"summary_large_image\" \/>\n<meta name=\"twitter:label1\" content=\"Estimated reading time\" \/>\n\t<meta name=\"twitter:data1\" content=\"2 minutes\" \/>\n<script type=\"application\/ld+json\" class=\"yoast-schema-graph\">{\"@context\":\"https:\\\/\\\/schema.org\",\"@graph\":[{\"@type\":\"WebPage\",\"@id\":\"https:\\\/\\\/nord-bb.de\\\/hinweisgeber\\\/\",\"url\":\"https:\\\/\\\/nord-bb.de\\\/hinweisgeber\\\/\",\"name\":\"Hinweisgeber - NORD Bohr und Brunnenbau GmbH\",\"isPartOf\":{\"@id\":\"https:\\\/\\\/nord-bb.de\\\/de\\\/#website\"},\"datePublished\":\"2025-12-16T08:55:37+00:00\",\"dateModified\":\"2025-12-18T12:10:42+00:00\",\"breadcrumb\":{\"@id\":\"https:\\\/\\\/nord-bb.de\\\/hinweisgeber\\\/#breadcrumb\"},\"inLanguage\":\"en-GB\",\"potentialAction\":[{\"@type\":\"ReadAction\",\"target\":[\"https:\\\/\\\/nord-bb.de\\\/hinweisgeber\\\/\"]}]},{\"@type\":\"BreadcrumbList\",\"@id\":\"https:\\\/\\\/nord-bb.de\\\/hinweisgeber\\\/#breadcrumb\",\"itemListElement\":[{\"@type\":\"ListItem\",\"position\":1,\"name\":\"Startseite\",\"item\":\"https:\\\/\\\/nord-bb.de\\\/\"},{\"@type\":\"ListItem\",\"position\":2,\"name\":\"Hinweisgeber\"}]},{\"@type\":\"WebSite\",\"@id\":\"https:\\\/\\\/nord-bb.de\\\/de\\\/#website\",\"url\":\"https:\\\/\\\/nord-bb.de\\\/de\\\/\",\"name\":\"NORD Bohr und Brunnenbau GmbH\",\"description\":\"Die Spezialisten f\u00fcr Bohr- und Brunnenbau-Technologien\",\"potentialAction\":[{\"@type\":\"SearchAction\",\"target\":{\"@type\":\"EntryPoint\",\"urlTemplate\":\"https:\\\/\\\/nord-bb.de\\\/de\\\/?s={search_term_string}\"},\"query-input\":{\"@type\":\"PropertyValueSpecification\",\"valueRequired\":true,\"valueName\":\"search_term_string\"}}],\"inLanguage\":\"en-GB\"}]}<\/script>\n<!-- \/ Yoast SEO plugin. -->","yoast_head_json":{"title":"Hinweisgeber - NORD Bohr und Brunnenbau GmbH","robots":{"index":"index","follow":"follow","max-snippet":"max-snippet:-1","max-image-preview":"max-image-preview:large","max-video-preview":"max-video-preview:-1"},"canonical":"https:\/\/nord-bb.de\/en\/hinweisgeber\/","og_locale":"en_GB","og_type":"article","og_title":"Hinweisgeber - NORD Bohr und Brunnenbau GmbH","og_description":"Hinweisgeber. RECHTLICHE AUFKL\u00c4RUNG ZUR NUTZUNG DES HINWEISGEBERSYSTEMS: Ein Hinweisgebersystem, auch bekannt als Whistleblower-System oder Hinweisgeberplattform, ist ein Mechanismus, der es Einzelpersonen erm\u00f6glicht, vertraulich Missst\u00e4nde, Fehlverhalten oder illegale Aktivit\u00e4ten in einem Unternehmen zu melden. Diese Systeme dienen dazu, die Offenlegung von Informationen \u00fcber Unregelm\u00e4\u00dfigkeiten zu erleichtern und eine angemessene Untersuchung und Reaktion seitens des Unternehmens sicherzustellen. [&hellip;]","og_url":"https:\/\/nord-bb.de\/en\/hinweisgeber\/","og_site_name":"NORD Bohr und Brunnenbau GmbH","article_modified_time":"2025-12-18T12:10:42+00:00","twitter_card":"summary_large_image","twitter_misc":{"Estimated reading time":"2 minutes"},"schema":{"@context":"https:\/\/schema.org","@graph":[{"@type":"WebPage","@id":"https:\/\/nord-bb.de\/hinweisgeber\/","url":"https:\/\/nord-bb.de\/hinweisgeber\/","name":"Hinweisgeber - NORD Bohr und Brunnenbau GmbH","isPartOf":{"@id":"https:\/\/nord-bb.de\/de\/#website"},"datePublished":"2025-12-16T08:55:37+00:00","dateModified":"2025-12-18T12:10:42+00:00","breadcrumb":{"@id":"https:\/\/nord-bb.de\/hinweisgeber\/#breadcrumb"},"inLanguage":"en-GB","potentialAction":[{"@type":"ReadAction","target":["https:\/\/nord-bb.de\/hinweisgeber\/"]}]},{"@type":"BreadcrumbList","@id":"https:\/\/nord-bb.de\/hinweisgeber\/#breadcrumb","itemListElement":[{"@type":"ListItem","position":1,"name":"Startseite","item":"https:\/\/nord-bb.de\/"},{"@type":"ListItem","position":2,"name":"Hinweisgeber"}]},{"@type":"WebSite","@id":"https:\/\/nord-bb.de\/de\/#website","url":"https:\/\/nord-bb.de\/de\/","name":"NORD Bohr und Brunnenbau GmbH","description":"Die Spezialisten f\u00fcr Bohr- und Brunnenbau-Technologien","potentialAction":[{"@type":"SearchAction","target":{"@type":"EntryPoint","urlTemplate":"https:\/\/nord-bb.de\/de\/?s={search_term_string}"},"query-input":{"@type":"PropertyValueSpecification","valueRequired":true,"valueName":"search_term_string"}}],"inLanguage":"en-GB"}]}},"_links":{"self":[{"href":"https:\/\/nord-bb.de\/en\/wp-json\/wp\/v2\/pages\/3821","targetHints":{"allow":["GET"]}}],"collection":[{"href":"https:\/\/nord-bb.de\/en\/wp-json\/wp\/v2\/pages"}],"about":[{"href":"https:\/\/nord-bb.de\/en\/wp-json\/wp\/v2\/types\/page"}],"author":[{"embeddable":true,"href":"https:\/\/nord-bb.de\/en\/wp-json\/wp\/v2\/users\/2"}],"replies":[{"embeddable":true,"href":"https:\/\/nord-bb.de\/en\/wp-json\/wp\/v2\/comments?post=3821"}],"version-history":[{"count":22,"href":"https:\/\/nord-bb.de\/en\/wp-json\/wp\/v2\/pages\/3821\/revisions"}],"predecessor-version":[{"id":3851,"href":"https:\/\/nord-bb.de\/en\/wp-json\/wp\/v2\/pages\/3821\/revisions\/3851"}],"wp:attachment":[{"href":"https:\/\/nord-bb.de\/en\/wp-json\/wp\/v2\/media?parent=3821"}],"curies":[{"name":"wp","href":"https:\/\/api.w.org\/{rel}","templated":true}]}}