{"id":720,"date":"2023-08-01T14:21:04","date_gmt":"2023-08-01T12:21:04","guid":{"rendered":"http:\/\/2024.nord-bb.de\/?page_id=720"},"modified":"2024-04-29T09:25:44","modified_gmt":"2024-04-29T07:25:44","slug":"we-look","status":"publish","type":"page","link":"https:\/\/nord-bb.de\/en\/leistungen\/we-look\/","title":{"rendered":"WE LOOK."},"content":{"rendered":"<div data-elementor-type=\"wp-post\" data-elementor-id=\"720\" class=\"elementor elementor-720\" data-elementor-post-type=\"page\">\n\t\t\t\t<div class=\"elementor-element elementor-element-7df7ceb e-flex e-con-boxed e-con e-parent\" data-id=\"7df7ceb\" data-element_type=\"container\" data-e-type=\"container\">\n\t\t\t\t\t<div class=\"e-con-inner\">\n\t\t<div class=\"elementor-element elementor-element-20eb12d e-con-full e-flex e-con e-child\" data-id=\"20eb12d\" data-element_type=\"container\" data-e-type=\"container\">\n\t\t\t\t<div class=\"elementor-element elementor-element-092043d elementor-widget__width-initial elementor-widget-mobile__width-inherit elementor-widget elementor-widget-image\" data-id=\"092043d\" data-element_type=\"widget\" data-e-type=\"widget\" data-widget_type=\"image.default\">\n\t\t\t\t<div class=\"elementor-widget-container\">\n\t\t\t\t\t\t\t\t\t\t\t\t\t\t\t<img fetchpriority=\"high\" decoding=\"async\" width=\"1319\" height=\"2361\" src=\"https:\/\/nord-bb.de\/wp-content\/uploads\/2023\/08\/WE-LOOK.jpg\" class=\"attachment-full size-full wp-image-2112\" alt=\"\" srcset=\"https:\/\/nord-bb.de\/wp-content\/uploads\/2023\/08\/WE-LOOK.jpg 1319w, https:\/\/nord-bb.de\/wp-content\/uploads\/2023\/08\/WE-LOOK-168x300.jpg 168w, https:\/\/nord-bb.de\/wp-content\/uploads\/2023\/08\/WE-LOOK-572x1024.jpg 572w, https:\/\/nord-bb.de\/wp-content\/uploads\/2023\/08\/WE-LOOK-768x1375.jpg 768w, https:\/\/nord-bb.de\/wp-content\/uploads\/2023\/08\/WE-LOOK-858x1536.jpg 858w, https:\/\/nord-bb.de\/wp-content\/uploads\/2023\/08\/WE-LOOK-1144x2048.jpg 1144w, https:\/\/nord-bb.de\/wp-content\/uploads\/2023\/08\/WE-LOOK-7x12.jpg 7w\" sizes=\"(max-width: 1319px) 100vw, 1319px\" \/>\t\t\t\t\t\t\t\t\t\t\t\t\t\t\t<\/div>\n\t\t\t\t<\/div>\n\t\t<div class=\"elementor-element elementor-element-50ccb92 e-con-full e-flex e-con e-child\" data-id=\"50ccb92\" data-element_type=\"container\" data-e-type=\"container\">\n\t\t<div class=\"elementor-element elementor-element-a0968eb e-flex e-con-boxed e-con e-child\" data-id=\"a0968eb\" data-element_type=\"container\" data-e-type=\"container\">\n\t\t\t\t\t<div class=\"e-con-inner\">\n\t\t<div class=\"elementor-element elementor-element-7d33826 e-con-full e-flex e-con e-child\" data-id=\"7d33826\" data-element_type=\"container\" data-e-type=\"container\">\n\t\t\t\t<div class=\"elementor-element elementor-element-30ff58b elementor-widget__width-auto elementor-widget elementor-widget-heading\" data-id=\"30ff58b\" data-element_type=\"widget\" data-e-type=\"widget\" data-widget_type=\"heading.default\">\n\t\t\t\t<div class=\"elementor-widget-container\">\n\t\t\t\t\t<h2 class=\"elementor-heading-title elementor-size-default\">New energy:<\/h2>\t\t\t\t<\/div>\n\t\t\t\t<\/div>\n\t\t\t\t<div class=\"elementor-element elementor-element-2da6930 elementor-widget__width-auto elementor-widget elementor-widget-heading\" data-id=\"2da6930\" data-element_type=\"widget\" data-e-type=\"widget\" data-widget_type=\"heading.default\">\n\t\t\t\t<div class=\"elementor-widget-container\">\n\t\t\t\t\t<h2 class=\"elementor-heading-title elementor-size-default\">GEOTHERMAL<\/h2>\t\t\t\t<\/div>\n\t\t\t\t<\/div>\n\t\t\t\t<div class=\"elementor-element elementor-element-5f459d2 elementor-widget__width-initial elementor-widget elementor-widget-text-editor\" data-id=\"5f459d2\" data-element_type=\"widget\" data-e-type=\"widget\" data-widget_type=\"text-editor.default\">\n\t\t\t\t<div class=\"elementor-widget-container\">\n\t\t\t\t\t\t\t\t\t<p>Deep beneath all of our feet lies great potential for the energy system: heat \u2013 and thus the prerequisite for using geothermal energy.<\/p><p>With every kilometer underground, the temperature increases by an average of 30 degrees Celsius. The heat slowly but surely rises to the earth's surface, from there into the atmosphere and then escapes into space. On the way out, even a tiny fraction of it could be enough to warm households and power industry. In hydrothermal geothermal energy, boreholes are drilled approximately three to five kilometers deep underground and reservoirs with hot water are tapped. This is pumped to the surface, releases its energy via heat exchangers and is then returned underground. With our knowledge, we can be your partner at your side for preliminary investigations and thus for assessing usability.<\/p>\t\t\t\t\t\t\t\t<\/div>\n\t\t\t\t<\/div>\n\t\t\t\t<\/div>\n\t\t\t\t<div class=\"elementor-element elementor-element-b0cce59 elementor-widget elementor-widget-image\" data-id=\"b0cce59\" data-element_type=\"widget\" data-e-type=\"widget\" data-widget_type=\"image.default\">\n\t\t\t\t<div class=\"elementor-widget-container\">\n\t\t\t\t\t\t\t\t\t\t\t\t\t\t\t\t<a href=\"https:\/\/nord-bb.de\/en\/leistungen\/we-look\/projekte-geothermie\/\">\n\t\t\t\t\t\t\t<img decoding=\"async\" width=\"300\" height=\"300\" src=\"https:\/\/nord-bb.de\/wp-content\/uploads\/2023\/08\/Detail-LOOK1-300x300.jpg\" class=\"attachment-medium size-medium wp-image-2169\" alt=\"\" srcset=\"https:\/\/nord-bb.de\/wp-content\/uploads\/2023\/08\/Detail-LOOK1-300x300.jpg 300w, https:\/\/nord-bb.de\/wp-content\/uploads\/2023\/08\/Detail-LOOK1-150x150.jpg 150w, https:\/\/nord-bb.de\/wp-content\/uploads\/2023\/08\/Detail-LOOK1-768x768.jpg 768w, https:\/\/nord-bb.de\/wp-content\/uploads\/2023\/08\/Detail-LOOK1-12x12.jpg 12w, https:\/\/nord-bb.de\/wp-content\/uploads\/2023\/08\/Detail-LOOK1.jpg 833w\" sizes=\"(max-width: 300px) 100vw, 300px\" \/>\t\t\t\t\t\t\t\t<\/a>\n\t\t\t\t\t\t\t\t\t\t\t\t\t\t\t<\/div>\n\t\t\t\t<\/div>\n\t\t\t\t\t<\/div>\n\t\t\t\t<\/div>\n\t\t<div class=\"elementor-element elementor-element-7e8127b e-flex e-con-boxed e-con e-child\" data-id=\"7e8127b\" data-element_type=\"container\" data-e-type=\"container\">\n\t\t\t\t\t<div class=\"e-con-inner\">\n\t\t<div class=\"elementor-element elementor-element-17001db e-con-full e-flex e-con e-child\" data-id=\"17001db\" data-element_type=\"container\" data-e-type=\"container\">\n\t\t\t\t<div class=\"elementor-element elementor-element-bd5d8cf elementor-widget__width-auto elementor-widget elementor-widget-heading\" data-id=\"bd5d8cf\" data-element_type=\"widget\" data-e-type=\"widget\" data-widget_type=\"heading.default\">\n\t\t\t\t<div class=\"elementor-widget-container\">\n\t\t\t\t\t<h2 class=\"elementor-heading-title elementor-size-default\">New storage:<\/h2>\t\t\t\t<\/div>\n\t\t\t\t<\/div>\n\t\t\t\t<div class=\"elementor-element elementor-element-7cbf82f elementor-widget__width-auto elementor-widget elementor-widget-heading\" data-id=\"7cbf82f\" data-element_type=\"widget\" data-e-type=\"widget\" data-widget_type=\"heading.default\">\n\t\t\t\t<div class=\"elementor-widget-container\">\n\t\t\t\t\t<h2 class=\"elementor-heading-title elementor-size-default\">ENERGY STORAGE<\/h2>\t\t\t\t<\/div>\n\t\t\t\t<\/div>\n\t\t\t\t<div class=\"elementor-element elementor-element-b4acf5d elementor-widget__width-initial elementor-widget elementor-widget-text-editor\" data-id=\"b4acf5d\" data-element_type=\"widget\" data-e-type=\"widget\" data-widget_type=\"text-editor.default\">\n\t\t\t\t<div class=\"elementor-widget-container\">\n\t\t\t\t\t\t\t\t\t<p>Pore \u200b\u200breservoirs can not only release hot water but also absorb it. Some of the energy (heat) generated during production processes or exothermic tasks (sewage treatment plants in summer) could be stored until the time of use (winter).<\/p><p>These charges are possible in a decentralized manner and require very little preliminary investigation, in contrast to geothermal energy. We supported such systems during construction and the necessary drilling and expansion of the borehole were built.<\/p>\t\t\t\t\t\t\t\t<\/div>\n\t\t\t\t<\/div>\n\t\t\t\t<\/div>\n\t\t\t\t<div class=\"elementor-element elementor-element-bcfdd49 elementor-widget elementor-widget-image\" data-id=\"bcfdd49\" data-element_type=\"widget\" data-e-type=\"widget\" data-widget_type=\"image.default\">\n\t\t\t\t<div class=\"elementor-widget-container\">\n\t\t\t\t\t\t\t\t\t\t\t\t\t\t\t\t<a href=\"https:\/\/nord-bb.de\/en\/leistungen\/we-look\/projekte-energiespeicher\/\">\n\t\t\t\t\t\t\t<img decoding=\"async\" width=\"300\" height=\"300\" src=\"https:\/\/nord-bb.de\/wp-content\/uploads\/2023\/08\/Detail-LOOK3-300x300.jpg\" class=\"attachment-medium size-medium wp-image-2171\" alt=\"\" srcset=\"https:\/\/nord-bb.de\/wp-content\/uploads\/2023\/08\/Detail-LOOK3-300x300.jpg 300w, https:\/\/nord-bb.de\/wp-content\/uploads\/2023\/08\/Detail-LOOK3-150x150.jpg 150w, https:\/\/nord-bb.de\/wp-content\/uploads\/2023\/08\/Detail-LOOK3-768x768.jpg 768w, https:\/\/nord-bb.de\/wp-content\/uploads\/2023\/08\/Detail-LOOK3-12x12.jpg 12w, https:\/\/nord-bb.de\/wp-content\/uploads\/2023\/08\/Detail-LOOK3.jpg 833w\" sizes=\"(max-width: 300px) 100vw, 300px\" \/>\t\t\t\t\t\t\t\t<\/a>\n\t\t\t\t\t\t\t\t\t\t\t\t\t\t\t<\/div>\n\t\t\t\t<\/div>\n\t\t\t\t\t<\/div>\n\t\t\t\t<\/div>\n\t\t<div class=\"elementor-element elementor-element-ea01a9d e-flex e-con-boxed e-con e-child\" data-id=\"ea01a9d\" data-element_type=\"container\" data-e-type=\"container\">\n\t\t\t\t\t<div class=\"e-con-inner\">\n\t\t<div class=\"elementor-element elementor-element-2a7495f e-con-full e-flex e-con e-child\" data-id=\"2a7495f\" data-element_type=\"container\" data-e-type=\"container\">\n\t\t\t\t<div class=\"elementor-element elementor-element-5dc8ca4 elementor-widget__width-auto elementor-widget elementor-widget-heading\" data-id=\"5dc8ca4\" data-element_type=\"widget\" data-e-type=\"widget\" data-widget_type=\"heading.default\">\n\t\t\t\t<div class=\"elementor-widget-container\">\n\t\t\t\t\t<h2 class=\"elementor-heading-title elementor-size-default\">New capacities:<\/h2>\t\t\t\t<\/div>\n\t\t\t\t<\/div>\n\t\t\t\t<div class=\"elementor-element elementor-element-02bed71 elementor-widget__width-auto elementor-widget elementor-widget-heading\" data-id=\"02bed71\" data-element_type=\"widget\" data-e-type=\"widget\" data-widget_type=\"heading.default\">\n\t\t\t\t<div class=\"elementor-widget-container\">\n\t\t\t\t\t<h2 class=\"elementor-heading-title elementor-size-default\">FINAL STORAGE<\/h2>\t\t\t\t<\/div>\n\t\t\t\t<\/div>\n\t\t\t\t<div class=\"elementor-element elementor-element-891c0ea elementor-widget__width-initial elementor-widget elementor-widget-text-editor\" data-id=\"891c0ea\" data-element_type=\"widget\" data-e-type=\"widget\" data-widget_type=\"text-editor.default\">\n\t\t\t\t<div class=\"elementor-widget-container\">\n\t\t\t\t\t\t\t\t\t<p>The phase-out of the use of nuclear energy has been politically decided. The putative locations require a detailed preliminary investigation. We were allowed to carry out drilling for NAGRA as part of work in Switzerland. The high level of drilling execution and the accompanying investigations (cores, geophysics, packer tests and pumping tests) are offered by us and can be carried out by NBB employees. Our drilling technology allows the subsurface to be examined at a very high level.<\/p>\t\t\t\t\t\t\t\t<\/div>\n\t\t\t\t<\/div>\n\t\t\t\t<\/div>\n\t\t\t\t<div class=\"elementor-element elementor-element-36e9762 elementor-widget elementor-widget-image\" data-id=\"36e9762\" data-element_type=\"widget\" data-e-type=\"widget\" data-widget_type=\"image.default\">\n\t\t\t\t<div class=\"elementor-widget-container\">\n\t\t\t\t\t\t\t\t\t\t\t\t\t\t\t\t<a href=\"https:\/\/nord-bb.de\/en\/leistungen\/we-look\/projekt-endlager\/\">\n\t\t\t\t\t\t\t<img loading=\"lazy\" decoding=\"async\" width=\"300\" height=\"300\" src=\"https:\/\/nord-bb.de\/wp-content\/uploads\/2023\/08\/Detail-LOOK2-300x300.jpg\" class=\"attachment-medium size-medium wp-image-2170\" alt=\"\" srcset=\"https:\/\/nord-bb.de\/wp-content\/uploads\/2023\/08\/Detail-LOOK2-300x300.jpg 300w, https:\/\/nord-bb.de\/wp-content\/uploads\/2023\/08\/Detail-LOOK2-150x150.jpg 150w, https:\/\/nord-bb.de\/wp-content\/uploads\/2023\/08\/Detail-LOOK2-768x768.jpg 768w, https:\/\/nord-bb.de\/wp-content\/uploads\/2023\/08\/Detail-LOOK2-12x12.jpg 12w, https:\/\/nord-bb.de\/wp-content\/uploads\/2023\/08\/Detail-LOOK2.jpg 833w\" sizes=\"(max-width: 300px) 100vw, 300px\" \/>\t\t\t\t\t\t\t\t<\/a>\n\t\t\t\t\t\t\t\t\t\t\t\t\t\t\t<\/div>\n\t\t\t\t<\/div>\n\t\t\t\t\t<\/div>\n\t\t\t\t<\/div>\n\t\t\t\t<\/div>\n\t\t\t\t<\/div>\n\t\t\t\t\t<\/div>\n\t\t\t\t<\/div>\n\t\t\t\t<\/div>","protected":false},"excerpt":{"rendered":"<p>Neue Energie: GEOTHERMIE Tief unter unser aller F\u00fc\u00dfen schlummert ein gro\u00dfes Potential f\u00fcr das Energiesystem: W\u00e4rme \u2013 und damit die Vorrausetzung zur Nutzung der Geothermie. Mit jedem Kilometer in den Untergrund nimmt die Temperatur im Mittel um 30 Grad Celsius zu. Die W\u00e4rme steigt langsam, aber sicher zur Erdoberfl\u00e4che auf, geht von dort in die [&hellip;]<\/p>\n","protected":false},"author":2,"featured_media":0,"parent":52,"menu_order":312,"comment_status":"closed","ping_status":"closed","template":"elementor_header_footer","meta":{"footnotes":"","_links_to":"","_links_to_target":""},"class_list":["post-720","page","type-page","status-publish","hentry"],"yoast_head":"<!-- This site is optimized with the Yoast SEO plugin v27.4 - https:\/\/yoast.com\/product\/yoast-seo-wordpress\/ -->\n<title>WE LOOK. - NORD Bohr und Brunnenbau GmbH<\/title>\n<meta name=\"robots\" content=\"index, follow, max-snippet:-1, max-image-preview:large, max-video-preview:-1\" \/>\n<link rel=\"canonical\" href=\"https:\/\/nord-bb.de\/en\/leistungen\/we-look\/\" \/>\n<meta property=\"og:locale\" content=\"en_GB\" \/>\n<meta property=\"og:type\" content=\"article\" \/>\n<meta property=\"og:title\" content=\"WE LOOK. - NORD Bohr und Brunnenbau GmbH\" \/>\n<meta property=\"og:description\" content=\"Neue Energie: GEOTHERMIE Tief unter unser aller F\u00fc\u00dfen schlummert ein gro\u00dfes Potential f\u00fcr das Energiesystem: W\u00e4rme \u2013 und damit die Vorrausetzung zur Nutzung der Geothermie. Mit jedem Kilometer in den Untergrund nimmt die Temperatur im Mittel um 30 Grad Celsius zu. Die W\u00e4rme steigt langsam, aber sicher zur Erdoberfl\u00e4che auf, geht von dort in die [&hellip;]\" \/>\n<meta property=\"og:url\" content=\"https:\/\/nord-bb.de\/en\/leistungen\/we-look\/\" \/>\n<meta property=\"og:site_name\" content=\"NORD Bohr und Brunnenbau GmbH\" \/>\n<meta property=\"article:modified_time\" content=\"2024-04-29T07:25:44+00:00\" \/>\n<meta property=\"og:image\" content=\"https:\/\/nord-bb.de\/wp-content\/uploads\/2023\/08\/WE-LOOK.jpg\" \/>\n<meta name=\"twitter:card\" content=\"summary_large_image\" \/>\n<meta name=\"twitter:label1\" content=\"Estimated reading time\" \/>\n\t<meta name=\"twitter:data1\" content=\"3 minutes\" \/>\n<script type=\"application\/ld+json\" class=\"yoast-schema-graph\">{\"@context\":\"https:\\\/\\\/schema.org\",\"@graph\":[{\"@type\":\"WebPage\",\"@id\":\"https:\\\/\\\/nord-bb.de\\\/leistungen\\\/we-look\\\/\",\"url\":\"https:\\\/\\\/nord-bb.de\\\/leistungen\\\/we-look\\\/\",\"name\":\"WE LOOK. - NORD Bohr und Brunnenbau GmbH\",\"isPartOf\":{\"@id\":\"https:\\\/\\\/nord-bb.de\\\/de\\\/#website\"},\"primaryImageOfPage\":{\"@id\":\"https:\\\/\\\/nord-bb.de\\\/leistungen\\\/we-look\\\/#primaryimage\"},\"image\":{\"@id\":\"https:\\\/\\\/nord-bb.de\\\/leistungen\\\/we-look\\\/#primaryimage\"},\"thumbnailUrl\":\"https:\\\/\\\/nord-bb.de\\\/wp-content\\\/uploads\\\/2023\\\/08\\\/WE-LOOK.jpg\",\"datePublished\":\"2023-08-01T12:21:04+00:00\",\"dateModified\":\"2024-04-29T07:25:44+00:00\",\"breadcrumb\":{\"@id\":\"https:\\\/\\\/nord-bb.de\\\/leistungen\\\/we-look\\\/#breadcrumb\"},\"inLanguage\":\"en-GB\",\"potentialAction\":[{\"@type\":\"ReadAction\",\"target\":[\"https:\\\/\\\/nord-bb.de\\\/leistungen\\\/we-look\\\/\"]}]},{\"@type\":\"ImageObject\",\"inLanguage\":\"en-GB\",\"@id\":\"https:\\\/\\\/nord-bb.de\\\/leistungen\\\/we-look\\\/#primaryimage\",\"url\":\"https:\\\/\\\/nord-bb.de\\\/wp-content\\\/uploads\\\/2023\\\/08\\\/WE-LOOK.jpg\",\"contentUrl\":\"https:\\\/\\\/nord-bb.de\\\/wp-content\\\/uploads\\\/2023\\\/08\\\/WE-LOOK.jpg\"},{\"@type\":\"BreadcrumbList\",\"@id\":\"https:\\\/\\\/nord-bb.de\\\/leistungen\\\/we-look\\\/#breadcrumb\",\"itemListElement\":[{\"@type\":\"ListItem\",\"position\":1,\"name\":\"Startseite\",\"item\":\"https:\\\/\\\/nord-bb.de\\\/\"},{\"@type\":\"ListItem\",\"position\":2,\"name\":\"Leistungen\",\"item\":\"https:\\\/\\\/nord-bb.de\\\/leistungen\\\/\"},{\"@type\":\"ListItem\",\"position\":3,\"name\":\"WE LOOK.\"}]},{\"@type\":\"WebSite\",\"@id\":\"https:\\\/\\\/nord-bb.de\\\/de\\\/#website\",\"url\":\"https:\\\/\\\/nord-bb.de\\\/de\\\/\",\"name\":\"NORD Bohr und Brunnenbau GmbH\",\"description\":\"Die Spezialisten f\u00fcr Bohr- und Brunnenbau-Technologien\",\"potentialAction\":[{\"@type\":\"SearchAction\",\"target\":{\"@type\":\"EntryPoint\",\"urlTemplate\":\"https:\\\/\\\/nord-bb.de\\\/de\\\/?s={search_term_string}\"},\"query-input\":{\"@type\":\"PropertyValueSpecification\",\"valueRequired\":true,\"valueName\":\"search_term_string\"}}],\"inLanguage\":\"en-GB\"}]}<\/script>\n<!-- \/ Yoast SEO plugin. -->","yoast_head_json":{"title":"WE LOOK. - NORD Bohr und Brunnenbau GmbH","robots":{"index":"index","follow":"follow","max-snippet":"max-snippet:-1","max-image-preview":"max-image-preview:large","max-video-preview":"max-video-preview:-1"},"canonical":"https:\/\/nord-bb.de\/en\/leistungen\/we-look\/","og_locale":"en_GB","og_type":"article","og_title":"WE LOOK. - NORD Bohr und Brunnenbau GmbH","og_description":"Neue Energie: GEOTHERMIE Tief unter unser aller F\u00fc\u00dfen schlummert ein gro\u00dfes Potential f\u00fcr das Energiesystem: W\u00e4rme \u2013 und damit die Vorrausetzung zur Nutzung der Geothermie. Mit jedem Kilometer in den Untergrund nimmt die Temperatur im Mittel um 30 Grad Celsius zu. Die W\u00e4rme steigt langsam, aber sicher zur Erdoberfl\u00e4che auf, geht von dort in die [&hellip;]","og_url":"https:\/\/nord-bb.de\/en\/leistungen\/we-look\/","og_site_name":"NORD Bohr und Brunnenbau GmbH","article_modified_time":"2024-04-29T07:25:44+00:00","og_image":[{"url":"https:\/\/nord-bb.de\/wp-content\/uploads\/2023\/08\/WE-LOOK.jpg","type":"","width":"","height":""}],"twitter_card":"summary_large_image","twitter_misc":{"Estimated reading time":"3 minutes"},"schema":{"@context":"https:\/\/schema.org","@graph":[{"@type":"WebPage","@id":"https:\/\/nord-bb.de\/leistungen\/we-look\/","url":"https:\/\/nord-bb.de\/leistungen\/we-look\/","name":"WE LOOK. - NORD Bohr und Brunnenbau GmbH","isPartOf":{"@id":"https:\/\/nord-bb.de\/de\/#website"},"primaryImageOfPage":{"@id":"https:\/\/nord-bb.de\/leistungen\/we-look\/#primaryimage"},"image":{"@id":"https:\/\/nord-bb.de\/leistungen\/we-look\/#primaryimage"},"thumbnailUrl":"https:\/\/nord-bb.de\/wp-content\/uploads\/2023\/08\/WE-LOOK.jpg","datePublished":"2023-08-01T12:21:04+00:00","dateModified":"2024-04-29T07:25:44+00:00","breadcrumb":{"@id":"https:\/\/nord-bb.de\/leistungen\/we-look\/#breadcrumb"},"inLanguage":"en-GB","potentialAction":[{"@type":"ReadAction","target":["https:\/\/nord-bb.de\/leistungen\/we-look\/"]}]},{"@type":"ImageObject","inLanguage":"en-GB","@id":"https:\/\/nord-bb.de\/leistungen\/we-look\/#primaryimage","url":"https:\/\/nord-bb.de\/wp-content\/uploads\/2023\/08\/WE-LOOK.jpg","contentUrl":"https:\/\/nord-bb.de\/wp-content\/uploads\/2023\/08\/WE-LOOK.jpg"},{"@type":"BreadcrumbList","@id":"https:\/\/nord-bb.de\/leistungen\/we-look\/#breadcrumb","itemListElement":[{"@type":"ListItem","position":1,"name":"Startseite","item":"https:\/\/nord-bb.de\/"},{"@type":"ListItem","position":2,"name":"Leistungen","item":"https:\/\/nord-bb.de\/leistungen\/"},{"@type":"ListItem","position":3,"name":"WE LOOK."}]},{"@type":"WebSite","@id":"https:\/\/nord-bb.de\/de\/#website","url":"https:\/\/nord-bb.de\/de\/","name":"NORD Bohr und Brunnenbau GmbH","description":"Die Spezialisten f\u00fcr Bohr- und Brunnenbau-Technologien","potentialAction":[{"@type":"SearchAction","target":{"@type":"EntryPoint","urlTemplate":"https:\/\/nord-bb.de\/de\/?s={search_term_string}"},"query-input":{"@type":"PropertyValueSpecification","valueRequired":true,"valueName":"search_term_string"}}],"inLanguage":"en-GB"}]}},"_links":{"self":[{"href":"https:\/\/nord-bb.de\/en\/wp-json\/wp\/v2\/pages\/720","targetHints":{"allow":["GET"]}}],"collection":[{"href":"https:\/\/nord-bb.de\/en\/wp-json\/wp\/v2\/pages"}],"about":[{"href":"https:\/\/nord-bb.de\/en\/wp-json\/wp\/v2\/types\/page"}],"author":[{"embeddable":true,"href":"https:\/\/nord-bb.de\/en\/wp-json\/wp\/v2\/users\/2"}],"replies":[{"embeddable":true,"href":"https:\/\/nord-bb.de\/en\/wp-json\/wp\/v2\/comments?post=720"}],"version-history":[{"count":76,"href":"https:\/\/nord-bb.de\/en\/wp-json\/wp\/v2\/pages\/720\/revisions"}],"predecessor-version":[{"id":3276,"href":"https:\/\/nord-bb.de\/en\/wp-json\/wp\/v2\/pages\/720\/revisions\/3276"}],"up":[{"embeddable":true,"href":"https:\/\/nord-bb.de\/en\/wp-json\/wp\/v2\/pages\/52"}],"wp:attachment":[{"href":"https:\/\/nord-bb.de\/en\/wp-json\/wp\/v2\/media?parent=720"}],"curies":[{"name":"wp","href":"https:\/\/api.w.org\/{rel}","templated":true}]}}