{"id":76,"date":"2020-03-31T17:01:36","date_gmt":"2020-03-31T15:01:36","guid":{"rendered":"http:\/\/2024.nord-bb.de\/?page_id=76"},"modified":"2024-04-24T00:48:14","modified_gmt":"2024-04-23T22:48:14","slug":"unternehmen","status":"publish","type":"page","link":"https:\/\/nord-bb.de\/en\/ueber-uns\/unternehmen\/","title":{"rendered":"Company"},"content":{"rendered":"<div data-elementor-type=\"wp-page\" data-elementor-id=\"76\" class=\"elementor elementor-76\" data-elementor-post-type=\"page\">\n\t\t\t\t<div class=\"elementor-element elementor-element-557dfe59 e-flex e-con-boxed e-con e-parent\" data-id=\"557dfe59\" data-element_type=\"container\" data-e-type=\"container\">\n\t\t\t\t\t<div class=\"e-con-inner\">\n\t\t<div class=\"elementor-element elementor-element-18081d41 e-con-full e-flex e-con e-child\" data-id=\"18081d41\" data-element_type=\"container\" data-e-type=\"container\">\n\t\t\t\t<div class=\"elementor-element elementor-element-eb6658d elementor-widget__width-initial elementor-widget-mobile__width-inherit elementor-widget elementor-widget-image\" data-id=\"eb6658d\" data-element_type=\"widget\" data-e-type=\"widget\" data-widget_type=\"image.default\">\n\t\t\t\t<div class=\"elementor-widget-container\">\n\t\t\t\t\t\t\t\t\t\t\t\t\t\t\t<img fetchpriority=\"high\" decoding=\"async\" width=\"1319\" height=\"2361\" src=\"https:\/\/nord-bb.de\/wp-content\/uploads\/2023\/08\/Unternehmen1.jpg\" class=\"attachment-full size-full wp-image-2220\" alt=\"\" srcset=\"https:\/\/nord-bb.de\/wp-content\/uploads\/2023\/08\/Unternehmen1.jpg 1319w, https:\/\/nord-bb.de\/wp-content\/uploads\/2023\/08\/Unternehmen1-168x300.jpg 168w, https:\/\/nord-bb.de\/wp-content\/uploads\/2023\/08\/Unternehmen1-572x1024.jpg 572w, https:\/\/nord-bb.de\/wp-content\/uploads\/2023\/08\/Unternehmen1-768x1375.jpg 768w, https:\/\/nord-bb.de\/wp-content\/uploads\/2023\/08\/Unternehmen1-858x1536.jpg 858w, https:\/\/nord-bb.de\/wp-content\/uploads\/2023\/08\/Unternehmen1-1144x2048.jpg 1144w, https:\/\/nord-bb.de\/wp-content\/uploads\/2023\/08\/Unternehmen1-7x12.jpg 7w\" sizes=\"(max-width: 1319px) 100vw, 1319px\" \/>\t\t\t\t\t\t\t\t\t\t\t\t\t\t\t<\/div>\n\t\t\t\t<\/div>\n\t\t<div class=\"elementor-element elementor-element-7dfc9410 e-con-full e-flex e-con e-child\" data-id=\"7dfc9410\" data-element_type=\"container\" data-e-type=\"container\">\n\t\t<div class=\"elementor-element elementor-element-5432597e e-con-full e-flex e-con e-child\" data-id=\"5432597e\" data-element_type=\"container\" data-e-type=\"container\">\n\t\t<div class=\"elementor-element elementor-element-5ba7f777 e-con-full e-flex e-con e-child\" data-id=\"5ba7f777\" data-element_type=\"container\" data-e-type=\"container\">\n\t\t\t\t<div class=\"elementor-element elementor-element-70cd5900 elementor-widget__width-auto elementor-widget elementor-widget-heading\" data-id=\"70cd5900\" data-element_type=\"widget\" data-e-type=\"widget\" data-widget_type=\"heading.default\">\n\t\t\t\t<div class=\"elementor-widget-container\">\n\t\t\t\t\t<h2 class=\"elementor-heading-title elementor-size-default\">Competence for complex things.<\/h2>\t\t\t\t<\/div>\n\t\t\t\t<\/div>\n\t\t\t\t<div class=\"elementor-element elementor-element-7f57c365 elementor-widget__width-auto elementor-widget elementor-widget-heading\" data-id=\"7f57c365\" data-element_type=\"widget\" data-e-type=\"widget\" data-widget_type=\"heading.default\">\n\t\t\t\t<div class=\"elementor-widget-container\">\n\t\t\t\t\t<h2 class=\"elementor-heading-title elementor-size-default\">USED \u200b\u200bWORLDWIDE.<\/h2>\t\t\t\t<\/div>\n\t\t\t\t<\/div>\n\t\t\t\t<div class=\"elementor-element elementor-element-3c90152b elementor-widget__width-initial elementor-widget elementor-widget-text-editor\" data-id=\"3c90152b\" data-element_type=\"widget\" data-e-type=\"widget\" data-widget_type=\"text-editor.default\">\n\t\t\t\t<div class=\"elementor-widget-container\">\n\t\t\t\t\t\t\t\t\t<p>NBB \u2013 today one of the most modern and innovative specialists for drilling and well building technologies. Over the years, separate methods and processes have turned into one integrated system that covers a wide range of needs and demands.<\/p><p>Open-mindedness for co-operations for the sake of perfect solutions of complex, sophisticated and extensive projects.<\/p>\t\t\t\t\t\t\t\t<\/div>\n\t\t\t\t<\/div>\n\t\t\t\t<\/div>\n\t\t\t\t<\/div>\n\t\t<div class=\"elementor-element elementor-element-6107ff5 e-con-full e-flex e-con e-child\" data-id=\"6107ff5\" data-element_type=\"container\" data-e-type=\"container\">\n\t\t<div class=\"elementor-element elementor-element-209c834 e-con-full e-flex e-con e-child\" data-id=\"209c834\" data-element_type=\"container\" data-e-type=\"container\">\n\t\t\t\t<div class=\"elementor-element elementor-element-28ce36d elementor-widget__width-auto elementor-widget elementor-widget-heading\" data-id=\"28ce36d\" data-element_type=\"widget\" data-e-type=\"widget\" data-widget_type=\"heading.default\">\n\t\t\t\t<div class=\"elementor-widget-container\">\n\t\t\t\t\t<h2 class=\"elementor-heading-title elementor-size-default\">Tradition and modernity.<\/h2>\t\t\t\t<\/div>\n\t\t\t\t<\/div>\n\t\t\t\t<div class=\"elementor-element elementor-element-2d81124 elementor-widget__width-auto elementor-widget elementor-widget-heading\" data-id=\"2d81124\" data-element_type=\"widget\" data-e-type=\"widget\" data-widget_type=\"heading.default\">\n\t\t\t\t<div class=\"elementor-widget-container\">\n\t\t\t\t\t<h2 class=\"elementor-heading-title elementor-size-default\">Tradition and experience<\/h2>\t\t\t\t<\/div>\n\t\t\t\t<\/div>\n\t\t\t\t<div class=\"elementor-element elementor-element-7ac780f elementor-widget__width-initial elementor-widget elementor-widget-text-editor\" data-id=\"7ac780f\" data-element_type=\"widget\" data-e-type=\"widget\" data-widget_type=\"text-editor.default\">\n\t\t\t\t<div class=\"elementor-widget-container\">\n\t\t\t\t\t\t\t\t\t<p>NORD Bohr und Brunnenbau GmbH established in 2002 has its roots in 1899 when specialist company Hermann Loeck Deutsche Bohr- und Brunnenbau Gesellschaft was founded and then taken over by Preussag AG quite a few years later.<br \/>In the 1990s, this company evolved into Preussag Spezialbau GmbH, which turned into an important player on the German special heavy construction and well building market quickly.<\/p>\t\t\t\t\t\t\t\t<\/div>\n\t\t\t\t<\/div>\n\t\t\t\t<\/div>\n\t\t\t\t<\/div>\n\t\t\t\t<\/div>\n\t\t\t\t<\/div>\n\t\t\t\t\t<\/div>\n\t\t\t\t<\/div>\n\t\t\t\t<section class=\"elementor-section elementor-top-section elementor-element elementor-element-9335557 elementor-hidden-desktop elementor-hidden-tablet elementor-hidden-mobile elementor-section-boxed elementor-section-height-default elementor-section-height-default\" data-id=\"9335557\" data-element_type=\"section\" data-e-type=\"section\">\n\t\t\t\t\t\t<div class=\"elementor-container elementor-column-gap-no\">\n\t\t\t\t\t<div class=\"elementor-column elementor-col-100 elementor-top-column elementor-element elementor-element-0d70d22\" data-id=\"0d70d22\" data-element_type=\"column\" data-e-type=\"column\">\n\t\t\t<div class=\"elementor-widget-wrap elementor-element-populated\">\n\t\t\t\t\t\t<section class=\"elementor-section elementor-inner-section elementor-element elementor-element-4e174d4 elementor-section-content-middle elementor-section-boxed elementor-section-height-default elementor-section-height-default\" data-id=\"4e174d4\" data-element_type=\"section\" data-e-type=\"section\">\n\t\t\t\t\t\t<div class=\"elementor-container elementor-column-gap-default\">\n\t\t\t\t\t<div class=\"elementor-column elementor-col-33 elementor-inner-column elementor-element elementor-element-e770300\" data-id=\"e770300\" data-element_type=\"column\" data-e-type=\"column\">\n\t\t\t<div class=\"elementor-widget-wrap elementor-element-populated\">\n\t\t\t\t\t\t<div class=\"elementor-element elementor-element-a332919 elementor--h-position-center elementor--v-position-middle elementor-pagination-position-inside elementor-widget elementor-widget-slides\" data-id=\"a332919\" data-element_type=\"widget\" data-e-type=\"widget\" data-settings=\"{&quot;navigation&quot;:&quot;dots&quot;,&quot;autoplay_speed&quot;:3200,&quot;transition&quot;:&quot;fade&quot;,&quot;transition_speed&quot;:800,&quot;autoplay&quot;:&quot;yes&quot;,&quot;pause_on_hover&quot;:&quot;yes&quot;,&quot;pause_on_interaction&quot;:&quot;yes&quot;,&quot;infinite&quot;:&quot;yes&quot;}\" data-widget_type=\"slides.default\">\n\t\t\t\t<div class=\"elementor-widget-container\">\n\t\t\t\t\t\t\t\t\t<div class=\"elementor-swiper\">\n\t\t\t\t\t<div class=\"elementor-slides-wrapper elementor-main-swiper swiper\" role=\"region\" aria-roledescription=\"carousel\" aria-label=\"Slides\" dir=\"ltr\" data-animation=\"\">\n\t\t\t\t<div class=\"swiper-wrapper elementor-slides\">\n\t\t\t\t\t\t\t\t\t\t<div class=\"elementor-repeater-item-d901430 swiper-slide\" role=\"group\" aria-roledescription=\"slide\"><div class=\"swiper-slide-bg\" role=\"img\" aria-label=\"Unternehmen1\"><\/div><a class=\"swiper-slide-inner\" href=\"\/en\/brunnenbau\/\"><div class=\"swiper-slide-contents\"><\/div><\/a><\/div>\t\t\t\t<\/div>\n\t\t\t\t\t\t\t<\/div>\n\t\t\t\t<\/div>\n\t\t\t\t\t\t\t\t<\/div>\n\t\t\t\t<\/div>\n\t\t\t\t\t<\/div>\n\t\t<\/div>\n\t\t\t\t<div class=\"elementor-column elementor-col-33 elementor-inner-column elementor-element elementor-element-d2faea5\" data-id=\"d2faea5\" data-element_type=\"column\" data-e-type=\"column\">\n\t\t\t<div class=\"elementor-widget-wrap elementor-element-populated\">\n\t\t\t\t\t\t<div class=\"elementor-element elementor-element-2238f66 elementor-widget__width-initial elementor-absolute elementor-widget elementor-widget-heading\" data-id=\"2238f66\" data-element_type=\"widget\" data-e-type=\"widget\" data-settings=\"{&quot;_position&quot;:&quot;absolute&quot;}\" data-widget_type=\"heading.default\">\n\t\t\t\t<div class=\"elementor-widget-container\">\n\t\t\t\t\t<h2 class=\"elementor-heading-title elementor-size-default\">Competence for complex things.<\/h2>\t\t\t\t<\/div>\n\t\t\t\t<\/div>\n\t\t\t\t<div class=\"elementor-element elementor-element-6420ffa elementor-widget__width-initial elementor-absolute elementor-widget elementor-widget-heading\" data-id=\"6420ffa\" data-element_type=\"widget\" data-e-type=\"widget\" data-settings=\"{&quot;_position&quot;:&quot;absolute&quot;}\" data-widget_type=\"heading.default\">\n\t\t\t\t<div class=\"elementor-widget-container\">\n\t\t\t\t\t<h2 class=\"elementor-heading-title elementor-size-default\">USED \u200b\u200bWORLDWIDE.<\/h2>\t\t\t\t<\/div>\n\t\t\t\t<\/div>\n\t\t\t\t<div class=\"elementor-element elementor-element-05d53c5 elementor-absolute elementor-widget elementor-widget-text-editor\" data-id=\"05d53c5\" data-element_type=\"widget\" data-e-type=\"widget\" data-settings=\"{&quot;_position&quot;:&quot;absolute&quot;}\" data-widget_type=\"text-editor.default\">\n\t\t\t\t<div class=\"elementor-widget-container\">\n\t\t\t\t\t\t\t\t\t<p>NBB \u2013 today one of the most modern and innovative specialists for drilling and well building technologies. Over the years, separate methods and processes have turned into one integrated system that covers a wide range of needs and demands.<\/p><p>Open-mindedness for co-operations for the sake of perfect solutions of complex, sophisticated and extensive projects.<\/p>\t\t\t\t\t\t\t\t<\/div>\n\t\t\t\t<\/div>\n\t\t\t\t<div class=\"elementor-element elementor-element-b17f6c5 elementor-widget__width-initial elementor-absolute elementor-widget elementor-widget-heading\" data-id=\"b17f6c5\" data-element_type=\"widget\" data-e-type=\"widget\" data-settings=\"{&quot;_position&quot;:&quot;absolute&quot;}\" data-widget_type=\"heading.default\">\n\t\t\t\t<div class=\"elementor-widget-container\">\n\t\t\t\t\t<h2 class=\"elementor-heading-title elementor-size-default\">Tradition und Moderne:<\/h2>\t\t\t\t<\/div>\n\t\t\t\t<\/div>\n\t\t\t\t<div class=\"elementor-element elementor-element-7d832a2 elementor-widget__width-initial elementor-absolute elementor-widget elementor-widget-heading\" data-id=\"7d832a2\" data-element_type=\"widget\" data-e-type=\"widget\" data-settings=\"{&quot;_position&quot;:&quot;absolute&quot;}\" data-widget_type=\"heading.default\">\n\t\t\t\t<div class=\"elementor-widget-container\">\n\t\t\t\t\t<h2 class=\"elementor-heading-title elementor-size-default\">TRADITION + ERFAHRUNG<\/h2>\t\t\t\t<\/div>\n\t\t\t\t<\/div>\n\t\t\t\t<div class=\"elementor-element elementor-element-17af403 elementor-absolute elementor-widget elementor-widget-text-editor\" data-id=\"17af403\" data-element_type=\"widget\" data-e-type=\"widget\" data-settings=\"{&quot;_position&quot;:&quot;absolute&quot;}\" data-widget_type=\"text-editor.default\">\n\t\t\t\t<div class=\"elementor-widget-container\">\n\t\t\t\t\t\t\t\t\t<p>NORD Bohr und Brunnenbau GmbH established in 2002 has its roots in 1899 when specialist company Hermann Loeck Deutsche Bohr- und Brunnenbau Gesellschaft was founded and then taken over by Preussag AG quite a few years later.<br \/>In the 1990s, this company evolved into Preussag Spezialbau GmbH, which turned into an important player on the German special heavy construction and well building market quickly.<\/p>\t\t\t\t\t\t\t\t<\/div>\n\t\t\t\t<\/div>\n\t\t\t\t\t<\/div>\n\t\t<\/div>\n\t\t\t\t<div class=\"elementor-column elementor-col-33 elementor-inner-column elementor-element elementor-element-4358975\" data-id=\"4358975\" data-element_type=\"column\" data-e-type=\"column\">\n\t\t\t<div class=\"elementor-widget-wrap\">\n\t\t\t\t\t\t\t<\/div>\n\t\t<\/div>\n\t\t\t\t\t<\/div>\n\t\t<\/section>\n\t\t\t\t\t<\/div>\n\t\t<\/div>\n\t\t\t\t\t<\/div>\n\t\t<\/section>\n\t\t\t\t<\/div>","protected":false},"excerpt":{"rendered":"<p>NBB. Kompetenz f\u00fcr Komplexes. WELTWEIT IM EINSATZ. NBB \u2013 heute einer der modernsten und innovativsten Spezialisten f\u00fcr Bohr- und Brunnenbau-Technologien. Aus den einzelnen Verfahren wurde mittlerweile ein ganzes System, das eine gro\u00dfe Bandbreite an Anforderungen abdeckt. Aufgeschlossenheit f\u00fcr Partnerschaften zur perfekten L\u00f6sung komplexer, anspruchsvoller und weitreichender Projekte. Tradition und Moderne Tradition und Erfahrung Die im [&hellip;]<\/p>\n","protected":false},"author":2,"featured_media":0,"parent":48,"menu_order":1,"comment_status":"closed","ping_status":"closed","template":"elementor_header_footer","meta":{"footnotes":"","_links_to":"","_links_to_target":""},"class_list":["post-76","page","type-page","status-publish","hentry"],"yoast_head":"<!-- This site is optimized with the Yoast SEO plugin v27.4 - https:\/\/yoast.com\/product\/yoast-seo-wordpress\/ -->\n<title>Unternehmen - NORD Bohr und Brunnenbau GmbH<\/title>\n<meta name=\"robots\" content=\"index, follow, max-snippet:-1, max-image-preview:large, max-video-preview:-1\" \/>\n<link rel=\"canonical\" href=\"https:\/\/nord-bb.de\/en\/ueber-uns\/unternehmen\/\" \/>\n<meta property=\"og:locale\" content=\"en_GB\" \/>\n<meta property=\"og:type\" content=\"article\" \/>\n<meta property=\"og:title\" content=\"Unternehmen - NORD Bohr und Brunnenbau GmbH\" \/>\n<meta property=\"og:description\" content=\"NBB. Kompetenz f\u00fcr Komplexes. WELTWEIT IM EINSATZ. NBB \u2013 heute einer der modernsten und innovativsten Spezialisten f\u00fcr Bohr- und Brunnenbau-Technologien. Aus den einzelnen Verfahren wurde mittlerweile ein ganzes System, das eine gro\u00dfe Bandbreite an Anforderungen abdeckt. Aufgeschlossenheit f\u00fcr Partnerschaften zur perfekten L\u00f6sung komplexer, anspruchsvoller und weitreichender Projekte. Tradition und Moderne Tradition und Erfahrung Die im [&hellip;]\" \/>\n<meta property=\"og:url\" content=\"https:\/\/nord-bb.de\/en\/ueber-uns\/unternehmen\/\" \/>\n<meta property=\"og:site_name\" content=\"NORD Bohr und Brunnenbau GmbH\" \/>\n<meta property=\"article:modified_time\" content=\"2024-04-23T22:48:14+00:00\" \/>\n<meta property=\"og:image\" content=\"https:\/\/nord-bb.de\/wp-content\/uploads\/2023\/08\/Unternehmen1.jpg\" \/>\n<meta name=\"twitter:card\" content=\"summary_large_image\" \/>\n<meta name=\"twitter:label1\" content=\"Estimated reading time\" \/>\n\t<meta name=\"twitter:data1\" content=\"2 minutes\" \/>\n<script type=\"application\/ld+json\" class=\"yoast-schema-graph\">{\"@context\":\"https:\\\/\\\/schema.org\",\"@graph\":[{\"@type\":\"WebPage\",\"@id\":\"https:\\\/\\\/nord-bb.de\\\/ueber-uns\\\/unternehmen\\\/\",\"url\":\"https:\\\/\\\/nord-bb.de\\\/ueber-uns\\\/unternehmen\\\/\",\"name\":\"Unternehmen - NORD Bohr und Brunnenbau GmbH\",\"isPartOf\":{\"@id\":\"https:\\\/\\\/nord-bb.de\\\/de\\\/#website\"},\"primaryImageOfPage\":{\"@id\":\"https:\\\/\\\/nord-bb.de\\\/ueber-uns\\\/unternehmen\\\/#primaryimage\"},\"image\":{\"@id\":\"https:\\\/\\\/nord-bb.de\\\/ueber-uns\\\/unternehmen\\\/#primaryimage\"},\"thumbnailUrl\":\"https:\\\/\\\/nord-bb.de\\\/wp-content\\\/uploads\\\/2023\\\/08\\\/Unternehmen1.jpg\",\"datePublished\":\"2020-03-31T15:01:36+00:00\",\"dateModified\":\"2024-04-23T22:48:14+00:00\",\"breadcrumb\":{\"@id\":\"https:\\\/\\\/nord-bb.de\\\/ueber-uns\\\/unternehmen\\\/#breadcrumb\"},\"inLanguage\":\"en-GB\",\"potentialAction\":[{\"@type\":\"ReadAction\",\"target\":[\"https:\\\/\\\/nord-bb.de\\\/ueber-uns\\\/unternehmen\\\/\"]}]},{\"@type\":\"ImageObject\",\"inLanguage\":\"en-GB\",\"@id\":\"https:\\\/\\\/nord-bb.de\\\/ueber-uns\\\/unternehmen\\\/#primaryimage\",\"url\":\"https:\\\/\\\/nord-bb.de\\\/wp-content\\\/uploads\\\/2023\\\/08\\\/Unternehmen1.jpg\",\"contentUrl\":\"https:\\\/\\\/nord-bb.de\\\/wp-content\\\/uploads\\\/2023\\\/08\\\/Unternehmen1.jpg\"},{\"@type\":\"BreadcrumbList\",\"@id\":\"https:\\\/\\\/nord-bb.de\\\/ueber-uns\\\/unternehmen\\\/#breadcrumb\",\"itemListElement\":[{\"@type\":\"ListItem\",\"position\":1,\"name\":\"Startseite\",\"item\":\"https:\\\/\\\/nord-bb.de\\\/\"},{\"@type\":\"ListItem\",\"position\":2,\"name\":\"\u00dcber uns\",\"item\":\"https:\\\/\\\/nord-bb.de\\\/de\\\/ueber-uns\\\/\"},{\"@type\":\"ListItem\",\"position\":3,\"name\":\"Unternehmen\"}]},{\"@type\":\"WebSite\",\"@id\":\"https:\\\/\\\/nord-bb.de\\\/de\\\/#website\",\"url\":\"https:\\\/\\\/nord-bb.de\\\/de\\\/\",\"name\":\"NORD Bohr und Brunnenbau GmbH\",\"description\":\"Die Spezialisten f\u00fcr Bohr- und Brunnenbau-Technologien\",\"potentialAction\":[{\"@type\":\"SearchAction\",\"target\":{\"@type\":\"EntryPoint\",\"urlTemplate\":\"https:\\\/\\\/nord-bb.de\\\/de\\\/?s={search_term_string}\"},\"query-input\":{\"@type\":\"PropertyValueSpecification\",\"valueRequired\":true,\"valueName\":\"search_term_string\"}}],\"inLanguage\":\"en-GB\"}]}<\/script>\n<!-- \/ Yoast SEO plugin. -->","yoast_head_json":{"title":"Unternehmen - NORD Bohr und Brunnenbau GmbH","robots":{"index":"index","follow":"follow","max-snippet":"max-snippet:-1","max-image-preview":"max-image-preview:large","max-video-preview":"max-video-preview:-1"},"canonical":"https:\/\/nord-bb.de\/en\/ueber-uns\/unternehmen\/","og_locale":"en_GB","og_type":"article","og_title":"Unternehmen - NORD Bohr und Brunnenbau GmbH","og_description":"NBB. Kompetenz f\u00fcr Komplexes. WELTWEIT IM EINSATZ. NBB \u2013 heute einer der modernsten und innovativsten Spezialisten f\u00fcr Bohr- und Brunnenbau-Technologien. Aus den einzelnen Verfahren wurde mittlerweile ein ganzes System, das eine gro\u00dfe Bandbreite an Anforderungen abdeckt. Aufgeschlossenheit f\u00fcr Partnerschaften zur perfekten L\u00f6sung komplexer, anspruchsvoller und weitreichender Projekte. Tradition und Moderne Tradition und Erfahrung Die im [&hellip;]","og_url":"https:\/\/nord-bb.de\/en\/ueber-uns\/unternehmen\/","og_site_name":"NORD Bohr und Brunnenbau GmbH","article_modified_time":"2024-04-23T22:48:14+00:00","og_image":[{"url":"https:\/\/nord-bb.de\/wp-content\/uploads\/2023\/08\/Unternehmen1.jpg","type":"","width":"","height":""}],"twitter_card":"summary_large_image","twitter_misc":{"Estimated reading time":"2 minutes"},"schema":{"@context":"https:\/\/schema.org","@graph":[{"@type":"WebPage","@id":"https:\/\/nord-bb.de\/ueber-uns\/unternehmen\/","url":"https:\/\/nord-bb.de\/ueber-uns\/unternehmen\/","name":"Unternehmen - NORD Bohr und Brunnenbau GmbH","isPartOf":{"@id":"https:\/\/nord-bb.de\/de\/#website"},"primaryImageOfPage":{"@id":"https:\/\/nord-bb.de\/ueber-uns\/unternehmen\/#primaryimage"},"image":{"@id":"https:\/\/nord-bb.de\/ueber-uns\/unternehmen\/#primaryimage"},"thumbnailUrl":"https:\/\/nord-bb.de\/wp-content\/uploads\/2023\/08\/Unternehmen1.jpg","datePublished":"2020-03-31T15:01:36+00:00","dateModified":"2024-04-23T22:48:14+00:00","breadcrumb":{"@id":"https:\/\/nord-bb.de\/ueber-uns\/unternehmen\/#breadcrumb"},"inLanguage":"en-GB","potentialAction":[{"@type":"ReadAction","target":["https:\/\/nord-bb.de\/ueber-uns\/unternehmen\/"]}]},{"@type":"ImageObject","inLanguage":"en-GB","@id":"https:\/\/nord-bb.de\/ueber-uns\/unternehmen\/#primaryimage","url":"https:\/\/nord-bb.de\/wp-content\/uploads\/2023\/08\/Unternehmen1.jpg","contentUrl":"https:\/\/nord-bb.de\/wp-content\/uploads\/2023\/08\/Unternehmen1.jpg"},{"@type":"BreadcrumbList","@id":"https:\/\/nord-bb.de\/ueber-uns\/unternehmen\/#breadcrumb","itemListElement":[{"@type":"ListItem","position":1,"name":"Startseite","item":"https:\/\/nord-bb.de\/"},{"@type":"ListItem","position":2,"name":"\u00dcber uns","item":"https:\/\/nord-bb.de\/de\/ueber-uns\/"},{"@type":"ListItem","position":3,"name":"Unternehmen"}]},{"@type":"WebSite","@id":"https:\/\/nord-bb.de\/de\/#website","url":"https:\/\/nord-bb.de\/de\/","name":"NORD Bohr und Brunnenbau GmbH","description":"Die Spezialisten f\u00fcr Bohr- und Brunnenbau-Technologien","potentialAction":[{"@type":"SearchAction","target":{"@type":"EntryPoint","urlTemplate":"https:\/\/nord-bb.de\/de\/?s={search_term_string}"},"query-input":{"@type":"PropertyValueSpecification","valueRequired":true,"valueName":"search_term_string"}}],"inLanguage":"en-GB"}]}},"_links":{"self":[{"href":"https:\/\/nord-bb.de\/en\/wp-json\/wp\/v2\/pages\/76","targetHints":{"allow":["GET"]}}],"collection":[{"href":"https:\/\/nord-bb.de\/en\/wp-json\/wp\/v2\/pages"}],"about":[{"href":"https:\/\/nord-bb.de\/en\/wp-json\/wp\/v2\/types\/page"}],"author":[{"embeddable":true,"href":"https:\/\/nord-bb.de\/en\/wp-json\/wp\/v2\/users\/2"}],"replies":[{"embeddable":true,"href":"https:\/\/nord-bb.de\/en\/wp-json\/wp\/v2\/comments?post=76"}],"version-history":[{"count":52,"href":"https:\/\/nord-bb.de\/en\/wp-json\/wp\/v2\/pages\/76\/revisions"}],"predecessor-version":[{"id":3159,"href":"https:\/\/nord-bb.de\/en\/wp-json\/wp\/v2\/pages\/76\/revisions\/3159"}],"up":[{"embeddable":true,"href":"https:\/\/nord-bb.de\/en\/wp-json\/wp\/v2\/pages\/48"}],"wp:attachment":[{"href":"https:\/\/nord-bb.de\/en\/wp-json\/wp\/v2\/media?parent=76"}],"curies":[{"name":"wp","href":"https:\/\/api.w.org\/{rel}","templated":true}]}}